{"id":29239,"date":"2026-01-29T02:31:46","date_gmt":"2026-01-28T23:31:46","guid":{"rendered":"https:\/\/gold-elephant-732754.hostingersite.com\/?post_type=product&#038;p=29239"},"modified":"2026-02-03T01:31:58","modified_gmt":"2026-02-02T22:31:58","slug":"cati-muhafaza-sistemli-yakit-tanklari","status":"publish","type":"product","link":"https:\/\/esencepetrol.com.tr\/?product=cati-muhafaza-sistemli-yakit-tanklari","title":{"rendered":"\u00c7at\u0131 Muhafaza Sistemli Yak\u0131t Tanklar\u0131"},"content":{"rendered":"\t\t<div data-elementor-type=\"wp-post\" data-elementor-id=\"29239\" class=\"elementor elementor-29239\">\n\t\t\t\t<div class=\"wd-negative-gap elementor-element elementor-element-53eea44 e-flex e-con-boxed e-con e-parent\" data-id=\"53eea44\" data-element_type=\"container\" data-e-type=\"container\">\n\t\t\t\t\t<div class=\"e-con-inner\">\n\t\t<div class=\"elementor-element elementor-element-cc8e042 e-con-full e-flex e-con e-child\" data-id=\"cc8e042\" data-element_type=\"container\" data-e-type=\"container\">\n\t\t\t\t<div class=\"elementor-element elementor-element-4a8a87a elementor-widget elementor-widget-wd_text_block\" data-id=\"4a8a87a\" data-element_type=\"widget\" data-e-type=\"widget\" data-widget_type=\"wd_text_block.default\">\n\t\t\t\t<div class=\"elementor-widget-container\">\n\t\t\t\t\t\t\t<div class=\"wd-text-block reset-last-child text-left\">\n\t\t\t\n\t\t\t<p><strong>TEMEL \u00d6ZELL\u0130KLER ;\u00a0<\/strong><\/p><p>* Menhol kapa\u011f\u0131 (insan giri\u015fi) c\u0131vatal\u0131 ve contal\u0131<\/p><p>* Menhol kapa\u011f\u0131 eri\u015fim merdiveni<\/p><p>* Al\u00fcminyum Adapt\u00f6rl\u00fc Kilitli Dolup Kapa\u011f\u0131,<\/p><p>* Drain Sistemi ( Su, pislik ve periyodik bak\u0131m tahliyesi)<\/p><p>* Alev tutucu ve tank i\u00e7inde s\u0131k\u0131\u015fabilecek buhar\u0131 \u00f6nlemek i\u00e7in tank nefesli\u011fi,<\/p><p>* K\u00fcresel vanal\u0131 emme hatt\u0131 ve s\u00fczge\u00e7<\/p><p>* Seviye g\u00f6stergeli mekanik veya dijital<\/p><p>* Entegre edilebilir tank ve pompa otomasyonu<\/p><p>* Topraklama noktas\u0131<\/p><p>* \u00c7at\u0131lama Sistemi ile imal edilmi\u015f Pompa Ba\u011flant\u0131 Yeri,<\/p><p>* \u0130\u00e7ten kargasl\u0131 dolu a\u011f\u0131rl\u0131\u011f\u0131 ta\u015f\u0131ya bilecek nitelikte ayak sistemli<\/p><p>* Tank\u0131n Bo\u015f a\u011f\u0131rl\u0131\u011f\u0131n\u0131 ta\u015f\u0131yabilecek \u015fekilde imal edilen tank kald\u0131rma mapalar\u0131<\/p>\n\t\t\t\t\t<\/div>\n\t\t\t\t\t\t<\/div>\n\t\t\t\t<\/div>\n\t\t\t\t<\/div>\n\t\t<div class=\"elementor-element elementor-element-2136194 e-con-full e-flex e-con e-child\" data-id=\"2136194\" data-element_type=\"container\" data-e-type=\"container\">\n\t\t\t\t<div class=\"elementor-element elementor-element-0afafa8 elementor-widget elementor-widget-wd_text_block\" data-id=\"0afafa8\" data-element_type=\"widget\" data-e-type=\"widget\" data-widget_type=\"wd_text_block.default\">\n\t\t\t\t<div class=\"elementor-widget-container\">\n\t\t\t\t\t\t\t<div class=\"wd-text-block reset-last-child text-left\">\n\t\t\t\n\t\t\t<table class=\"table table-responsive table-bordered text-center\" style=\"height: 412px;\" width=\"557\"><tbody><tr><td colspan=\"5\" bgcolor=\"e4a82e\"><span style=\"color: #ffffff;\"><strong>TEKN\u0130K \u00d6L\u00c7\u00dcLER<\/strong><\/span><\/td><\/tr><tr><td bgcolor=\"e4a82e\"><span style=\"color: #ffffff;\"><strong>HAC\u0130M<\/strong><\/span><\/td><td bgcolor=\"e4a82e\"><span style=\"color: #ffffff;\"><strong>D<\/strong><\/span><\/td><td bgcolor=\"e4a82e\"><span style=\"color: #ffffff;\"><strong>L<\/strong><\/span><\/td><td bgcolor=\"e4a82e\"><span style=\"color: #ffffff;\"><strong>h<\/strong><\/span><\/td><td bgcolor=\"e4a82e\"><span style=\"color: #ffffff;\"><strong>A\u011eIRLIK<\/strong><\/span><\/td><\/tr><tr><td bgcolor=\"e4a82e\"><span style=\"color: #ffffff;\"><strong>litre<\/strong><\/span><\/td><td bgcolor=\"e4a82e\"><span style=\"color: #ffffff;\"><strong>mm<sup>2<\/sup><\/strong><\/span><\/td><td bgcolor=\"e4a82e\"><span style=\"color: #ffffff;\"><strong>mm<\/strong><\/span><\/td><td bgcolor=\"e4a82e\"><span style=\"color: #ffffff;\"><strong>mm<\/strong><\/span><\/td><td bgcolor=\"e4a82e\"><span style=\"color: #ffffff;\"><strong>kg<\/strong><\/span><\/td><\/tr><tr><td>12.000<\/td><td>2300<\/td><td>4800<\/td><td>220<\/td><td>2100<\/td><\/tr><tr><td>15.000<\/td><td>2150<\/td><td>6300<\/td><td>220<\/td><td>2400<\/td><\/tr><tr><td>20.000<\/td><td>2150<\/td><td>7800<\/td><td>220<\/td><td>3250<\/td><\/tr><tr><td>25.000<\/td><td>2350<\/td><td>7820<\/td><td>220<\/td><td>3650<\/td><\/tr><tr><td>30.000<\/td><td>2300<\/td><td>9320<\/td><td>220<\/td><td>4100<\/td><\/tr><tr><td>35.000<\/td><td>2450<\/td><td>9350<\/td><td>220<\/td><td>4300<\/td><\/tr><tr><td>40.000<\/td><td>2400<\/td><td>10830<\/td><td>220<\/td><td>4850<\/td><\/tr><tr><td>45.000<\/td><td>2500<\/td><td>10850<\/td><td>220<\/td><td>5150<\/td><\/tr><tr><td>50.000<\/td><td>2500<\/td><td>12350<\/td><td>220<\/td><td>6000<\/td><\/tr><tr><td>60.000<\/td><td>2900<\/td><td>11200<\/td><td>220<\/td><td>6500<\/td><\/tr><tr><td>80.000<\/td><td>2900<\/td><td>14200<\/td><td>220<\/td><td>6750<\/td><\/tr><tr><td>100.000<\/td><td>2900<\/td><td>17200<\/td><td>220<\/td><td>8250<\/td><\/tr><\/tbody><\/table>\n\t\t\t\t\t<\/div>\n\t\t\t\t\t\t<\/div>\n\t\t\t\t<\/div>\n\t\t\t\t<\/div>\n\t\t\t\t\t<\/div>\n\t\t\t\t<\/div>\n\t\t\t\t<\/div>\n\t\t","protected":false},"excerpt":{"rendered":"<p>Tanklar yatay eksen tipinde\u00a0 ve silindirik olarak imal edilmekte olup, y\u00fcksek hacimleri ile birlikte S 235 JR (EN 10025) \u00e7elik karbon saclar\u0131n k\u0131vr\u0131lmas\u0131 ile \u00fcretilerek;\u00a0 fabrikalara, \u015fantiyelere, maden ocaklar\u0131na, \u00e7iftliklere, ara\u00e7 filosu sahibi firmalara ve lojistik firmalara pratik,\u00a0 g\u00fcvenilir ve\u00a0 ekonomik \u00e7\u00f6z\u00fcmler sunuyor.<\/p>\n<p>Kullan\u0131lan malzemeler ve t\u00fcm ba\u011flant\u0131 \u00fcr\u00fcnleri diesel yak\u0131ta uyumlu \u015fekilde imal edilmektedir.<\/p>\n<p>\u00dcr\u00fcnler pas \u00f6nleyici astar\u00a0 ve son iki kat boya ile kaplanarak m\u00fc\u015fterilere teslim edilir.<\/p>\n<p>Yak\u0131t Tanklar\u0131 ayr\u0131ca dispanser ile donat\u0131larak yak\u0131t ak\u0131\u015fkanl\u0131\u011f\u0131 sa\u011flan\u0131r. Dispanser \u00c7at\u0131 sistemi ile kapat\u0131lm\u0131\u015f pompa odas\u0131nda yerle\u015ftirilerek montaj\u0131 tamamlan\u0131p m\u00fc\u015fteriye teslim edilir.<\/p>\n<p>Bu tank tipi mobil istasyonlar\u0131n olu\u015fturulmas\u0131nda en uygun ve en kolay yak\u0131t transferi<\/p>\n","protected":false},"featured_media":29244,"template":"","meta":[],"product_brand":[88],"product_cat":[89,86],"product_tag":[],"class_list":{"0":"post-29239","1":"product","2":"type-product","3":"status-publish","4":"has-post-thumbnail","6":"product_brand-ems","7":"product_cat-mobil-yerustu-yakit-tanklari","8":"product_cat-yakit-tanklari","10":"first","11":"instock","12":"shipping-taxable","13":"product-type-simple"},"yoast_head":"<!-- This site is optimized with the Yoast SEO plugin v26.9 - https:\/\/yoast.com\/product\/yoast-seo-wordpress\/ -->\n<title>\u00c7at\u0131 Muhafaza Sistemli Yak\u0131t Tanklar\u0131 - Esence Petrol - Petrol Ofisi<\/title>\n<meta name=\"robots\" content=\"index, follow, max-snippet:-1, max-image-preview:large, max-video-preview:-1\" \/>\n<link rel=\"canonical\" href=\"https:\/\/esencepetrol.com.tr\/?product=cati-muhafaza-sistemli-yakit-tanklari\" \/>\n<meta property=\"og:locale\" content=\"tr_TR\" \/>\n<meta property=\"og:type\" content=\"article\" \/>\n<meta property=\"og:title\" content=\"\u00c7at\u0131 Muhafaza Sistemli Yak\u0131t Tanklar\u0131 - Esence Petrol - Petrol Ofisi\" \/>\n<meta property=\"og:description\" content=\"Tanklar yatay eksen tipinde\u00a0 ve silindirik olarak imal edilmekte olup, y\u00fcksek hacimleri ile birlikte S 235 JR (EN 10025) \u00e7elik karbon saclar\u0131n k\u0131vr\u0131lmas\u0131 ile \u00fcretilerek;\u00a0 fabrikalara, \u015fantiyelere, maden ocaklar\u0131na, \u00e7iftliklere, ara\u00e7 filosu sahibi firmalara ve lojistik firmalara pratik,\u00a0 g\u00fcvenilir ve\u00a0 ekonomik \u00e7\u00f6z\u00fcmler sunuyor.  Kullan\u0131lan malzemeler ve t\u00fcm ba\u011flant\u0131 \u00fcr\u00fcnleri diesel yak\u0131ta uyumlu \u015fekilde imal edilmektedir.  \u00dcr\u00fcnler pas \u00f6nleyici astar\u00a0 ve son iki kat boya ile kaplanarak m\u00fc\u015fterilere teslim edilir.  Yak\u0131t Tanklar\u0131 ayr\u0131ca dispanser ile donat\u0131larak yak\u0131t ak\u0131\u015fkanl\u0131\u011f\u0131 sa\u011flan\u0131r. Dispanser \u00c7at\u0131 sistemi ile kapat\u0131lm\u0131\u015f pompa odas\u0131nda yerle\u015ftirilerek montaj\u0131 tamamlan\u0131p m\u00fc\u015fteriye teslim edilir.  Bu tank tipi mobil istasyonlar\u0131n olu\u015fturulmas\u0131nda en uygun ve en kolay yak\u0131t transferi\" \/>\n<meta property=\"og:url\" content=\"https:\/\/esencepetrol.com.tr\/?product=cati-muhafaza-sistemli-yakit-tanklari\" \/>\n<meta property=\"og:site_name\" content=\"Esence Petrol - Petrol Ofisi\" \/>\n<meta property=\"article:publisher\" content=\"https:\/\/www.facebook.com\/onur16uysal\" \/>\n<meta property=\"article:modified_time\" content=\"2026-02-02T22:31:58+00:00\" \/>\n<meta property=\"og:image\" content=\"https:\/\/esencepetrol.com.tr\/wp-content\/uploads\/2026\/01\/1598469201-5x2gq-ems-endustri.jpg\" \/>\n\t<meta property=\"og:image:width\" content=\"750\" \/>\n\t<meta property=\"og:image:height\" content=\"530\" \/>\n\t<meta property=\"og:image:type\" content=\"image\/jpeg\" \/>\n<meta name=\"twitter:card\" content=\"summary_large_image\" \/>\n<meta name=\"twitter:label1\" content=\"Tahmini okuma s\u00fcresi\" \/>\n\t<meta name=\"twitter:data1\" content=\"1 dakika\" \/>\n<script type=\"application\/ld+json\" class=\"yoast-schema-graph\">{\"@context\":\"https:\/\/schema.org\",\"@graph\":[{\"@type\":\"WebPage\",\"@id\":\"https:\/\/esencepetrol.com.tr\/?product=cati-muhafaza-sistemli-yakit-tanklari\",\"url\":\"https:\/\/esencepetrol.com.tr\/?product=cati-muhafaza-sistemli-yakit-tanklari\",\"name\":\"\u00c7at\u0131 Muhafaza Sistemli Yak\u0131t Tanklar\u0131 - Esence Petrol - Petrol Ofisi\",\"isPartOf\":{\"@id\":\"https:\/\/esencepetrol.com.tr\/#website\"},\"primaryImageOfPage\":{\"@id\":\"https:\/\/esencepetrol.com.tr\/?product=cati-muhafaza-sistemli-yakit-tanklari#primaryimage\"},\"image\":{\"@id\":\"https:\/\/esencepetrol.com.tr\/?product=cati-muhafaza-sistemli-yakit-tanklari#primaryimage\"},\"thumbnailUrl\":\"https:\/\/esencepetrol.com.tr\/wp-content\/uploads\/2026\/01\/1598469201-5x2gq-ems-endustri.jpg\",\"datePublished\":\"2026-01-28T23:31:46+00:00\",\"dateModified\":\"2026-02-02T22:31:58+00:00\",\"breadcrumb\":{\"@id\":\"https:\/\/esencepetrol.com.tr\/?product=cati-muhafaza-sistemli-yakit-tanklari#breadcrumb\"},\"inLanguage\":\"tr\",\"potentialAction\":[{\"@type\":\"ReadAction\",\"target\":[\"https:\/\/esencepetrol.com.tr\/?product=cati-muhafaza-sistemli-yakit-tanklari\"]}]},{\"@type\":\"ImageObject\",\"inLanguage\":\"tr\",\"@id\":\"https:\/\/esencepetrol.com.tr\/?product=cati-muhafaza-sistemli-yakit-tanklari#primaryimage\",\"url\":\"https:\/\/esencepetrol.com.tr\/wp-content\/uploads\/2026\/01\/1598469201-5x2gq-ems-endustri.jpg\",\"contentUrl\":\"https:\/\/esencepetrol.com.tr\/wp-content\/uploads\/2026\/01\/1598469201-5x2gq-ems-endustri.jpg\",\"width\":750,\"height\":530},{\"@type\":\"BreadcrumbList\",\"@id\":\"https:\/\/esencepetrol.com.tr\/?product=cati-muhafaza-sistemli-yakit-tanklari#breadcrumb\",\"itemListElement\":[{\"@type\":\"ListItem\",\"position\":1,\"name\":\"Home\",\"item\":\"https:\/\/esencepetrol.com.tr\/\"},{\"@type\":\"ListItem\",\"position\":2,\"name\":\"Ma\u011faza\",\"item\":\"https:\/\/esencepetrol.com.tr\/?page_id=47\"},{\"@type\":\"ListItem\",\"position\":3,\"name\":\"\u00c7at\u0131 Muhafaza Sistemli Yak\u0131t Tanklar\u0131\"}]},{\"@type\":\"WebSite\",\"@id\":\"https:\/\/esencepetrol.com.tr\/#website\",\"url\":\"https:\/\/esencepetrol.com.tr\/\",\"name\":\"Esence Petrol - Petrol Ofisi\",\"description\":\"Denizden Karaya, Tarladan \u015eantiyeye Kesintisiz Enerji\",\"publisher\":{\"@id\":\"https:\/\/esencepetrol.com.tr\/#organization\"},\"potentialAction\":[{\"@type\":\"SearchAction\",\"target\":{\"@type\":\"EntryPoint\",\"urlTemplate\":\"https:\/\/esencepetrol.com.tr\/?s={search_term_string}\"},\"query-input\":{\"@type\":\"PropertyValueSpecification\",\"valueRequired\":true,\"valueName\":\"search_term_string\"}}],\"inLanguage\":\"tr\"},{\"@type\":\"Organization\",\"@id\":\"https:\/\/esencepetrol.com.tr\/#organization\",\"name\":\"Esence Petrol - Petrol Ofisi\",\"url\":\"https:\/\/esencepetrol.com.tr\/\",\"logo\":{\"@type\":\"ImageObject\",\"inLanguage\":\"tr\",\"@id\":\"https:\/\/esencepetrol.com.tr\/#\/schema\/logo\/image\/\",\"url\":\"https:\/\/esencepetrol.com.tr\/wp-content\/uploads\/2026\/01\/esence-favicon.png\",\"contentUrl\":\"https:\/\/esencepetrol.com.tr\/wp-content\/uploads\/2026\/01\/esence-favicon.png\",\"width\":512,\"height\":512,\"caption\":\"Esence Petrol - Petrol Ofisi\"},\"image\":{\"@id\":\"https:\/\/esencepetrol.com.tr\/#\/schema\/logo\/image\/\"},\"sameAs\":[\"https:\/\/www.facebook.com\/onur16uysal\",\"https:\/\/www.instagram.com\/esence__petrol\"]}]}<\/script>\n<!-- \/ Yoast SEO plugin. -->","yoast_head_json":{"title":"\u00c7at\u0131 Muhafaza Sistemli Yak\u0131t Tanklar\u0131 - Esence Petrol - Petrol Ofisi","robots":{"index":"index","follow":"follow","max-snippet":"max-snippet:-1","max-image-preview":"max-image-preview:large","max-video-preview":"max-video-preview:-1"},"canonical":"https:\/\/esencepetrol.com.tr\/?product=cati-muhafaza-sistemli-yakit-tanklari","og_locale":"tr_TR","og_type":"article","og_title":"\u00c7at\u0131 Muhafaza Sistemli Yak\u0131t Tanklar\u0131 - Esence Petrol - Petrol Ofisi","og_description":"Tanklar yatay eksen tipinde\u00a0 ve silindirik olarak imal edilmekte olup, y\u00fcksek hacimleri ile birlikte S 235 JR (EN 10025) \u00e7elik karbon saclar\u0131n k\u0131vr\u0131lmas\u0131 ile \u00fcretilerek;\u00a0 fabrikalara, \u015fantiyelere, maden ocaklar\u0131na, \u00e7iftliklere, ara\u00e7 filosu sahibi firmalara ve lojistik firmalara pratik,\u00a0 g\u00fcvenilir ve\u00a0 ekonomik \u00e7\u00f6z\u00fcmler sunuyor.  Kullan\u0131lan malzemeler ve t\u00fcm ba\u011flant\u0131 \u00fcr\u00fcnleri diesel yak\u0131ta uyumlu \u015fekilde imal edilmektedir.  \u00dcr\u00fcnler pas \u00f6nleyici astar\u00a0 ve son iki kat boya ile kaplanarak m\u00fc\u015fterilere teslim edilir.  Yak\u0131t Tanklar\u0131 ayr\u0131ca dispanser ile donat\u0131larak yak\u0131t ak\u0131\u015fkanl\u0131\u011f\u0131 sa\u011flan\u0131r. Dispanser \u00c7at\u0131 sistemi ile kapat\u0131lm\u0131\u015f pompa odas\u0131nda yerle\u015ftirilerek montaj\u0131 tamamlan\u0131p m\u00fc\u015fteriye teslim edilir.  Bu tank tipi mobil istasyonlar\u0131n olu\u015fturulmas\u0131nda en uygun ve en kolay yak\u0131t transferi","og_url":"https:\/\/esencepetrol.com.tr\/?product=cati-muhafaza-sistemli-yakit-tanklari","og_site_name":"Esence Petrol - Petrol Ofisi","article_publisher":"https:\/\/www.facebook.com\/onur16uysal","article_modified_time":"2026-02-02T22:31:58+00:00","og_image":[{"width":750,"height":530,"url":"https:\/\/esencepetrol.com.tr\/wp-content\/uploads\/2026\/01\/1598469201-5x2gq-ems-endustri.jpg","type":"image\/jpeg"}],"twitter_card":"summary_large_image","twitter_misc":{"Tahmini okuma s\u00fcresi":"1 dakika"},"schema":{"@context":"https:\/\/schema.org","@graph":[{"@type":"WebPage","@id":"https:\/\/esencepetrol.com.tr\/?product=cati-muhafaza-sistemli-yakit-tanklari","url":"https:\/\/esencepetrol.com.tr\/?product=cati-muhafaza-sistemli-yakit-tanklari","name":"\u00c7at\u0131 Muhafaza Sistemli Yak\u0131t Tanklar\u0131 - Esence Petrol - Petrol Ofisi","isPartOf":{"@id":"https:\/\/esencepetrol.com.tr\/#website"},"primaryImageOfPage":{"@id":"https:\/\/esencepetrol.com.tr\/?product=cati-muhafaza-sistemli-yakit-tanklari#primaryimage"},"image":{"@id":"https:\/\/esencepetrol.com.tr\/?product=cati-muhafaza-sistemli-yakit-tanklari#primaryimage"},"thumbnailUrl":"https:\/\/esencepetrol.com.tr\/wp-content\/uploads\/2026\/01\/1598469201-5x2gq-ems-endustri.jpg","datePublished":"2026-01-28T23:31:46+00:00","dateModified":"2026-02-02T22:31:58+00:00","breadcrumb":{"@id":"https:\/\/esencepetrol.com.tr\/?product=cati-muhafaza-sistemli-yakit-tanklari#breadcrumb"},"inLanguage":"tr","potentialAction":[{"@type":"ReadAction","target":["https:\/\/esencepetrol.com.tr\/?product=cati-muhafaza-sistemli-yakit-tanklari"]}]},{"@type":"ImageObject","inLanguage":"tr","@id":"https:\/\/esencepetrol.com.tr\/?product=cati-muhafaza-sistemli-yakit-tanklari#primaryimage","url":"https:\/\/esencepetrol.com.tr\/wp-content\/uploads\/2026\/01\/1598469201-5x2gq-ems-endustri.jpg","contentUrl":"https:\/\/esencepetrol.com.tr\/wp-content\/uploads\/2026\/01\/1598469201-5x2gq-ems-endustri.jpg","width":750,"height":530},{"@type":"BreadcrumbList","@id":"https:\/\/esencepetrol.com.tr\/?product=cati-muhafaza-sistemli-yakit-tanklari#breadcrumb","itemListElement":[{"@type":"ListItem","position":1,"name":"Home","item":"https:\/\/esencepetrol.com.tr\/"},{"@type":"ListItem","position":2,"name":"Ma\u011faza","item":"https:\/\/esencepetrol.com.tr\/?page_id=47"},{"@type":"ListItem","position":3,"name":"\u00c7at\u0131 Muhafaza Sistemli Yak\u0131t Tanklar\u0131"}]},{"@type":"WebSite","@id":"https:\/\/esencepetrol.com.tr\/#website","url":"https:\/\/esencepetrol.com.tr\/","name":"Esence Petrol - Petrol Ofisi","description":"Denizden Karaya, Tarladan \u015eantiyeye Kesintisiz Enerji","publisher":{"@id":"https:\/\/esencepetrol.com.tr\/#organization"},"potentialAction":[{"@type":"SearchAction","target":{"@type":"EntryPoint","urlTemplate":"https:\/\/esencepetrol.com.tr\/?s={search_term_string}"},"query-input":{"@type":"PropertyValueSpecification","valueRequired":true,"valueName":"search_term_string"}}],"inLanguage":"tr"},{"@type":"Organization","@id":"https:\/\/esencepetrol.com.tr\/#organization","name":"Esence Petrol - Petrol Ofisi","url":"https:\/\/esencepetrol.com.tr\/","logo":{"@type":"ImageObject","inLanguage":"tr","@id":"https:\/\/esencepetrol.com.tr\/#\/schema\/logo\/image\/","url":"https:\/\/esencepetrol.com.tr\/wp-content\/uploads\/2026\/01\/esence-favicon.png","contentUrl":"https:\/\/esencepetrol.com.tr\/wp-content\/uploads\/2026\/01\/esence-favicon.png","width":512,"height":512,"caption":"Esence Petrol - Petrol Ofisi"},"image":{"@id":"https:\/\/esencepetrol.com.tr\/#\/schema\/logo\/image\/"},"sameAs":["https:\/\/www.facebook.com\/onur16uysal","https:\/\/www.instagram.com\/esence__petrol"]}]}},"_links":{"self":[{"href":"https:\/\/esencepetrol.com.tr\/index.php?rest_route=\/wp\/v2\/product\/29239","targetHints":{"allow":["GET"]}}],"collection":[{"href":"https:\/\/esencepetrol.com.tr\/index.php?rest_route=\/wp\/v2\/product"}],"about":[{"href":"https:\/\/esencepetrol.com.tr\/index.php?rest_route=\/wp\/v2\/types\/product"}],"version-history":[{"count":14,"href":"https:\/\/esencepetrol.com.tr\/index.php?rest_route=\/wp\/v2\/product\/29239\/revisions"}],"predecessor-version":[{"id":29260,"href":"https:\/\/esencepetrol.com.tr\/index.php?rest_route=\/wp\/v2\/product\/29239\/revisions\/29260"}],"wp:featuredmedia":[{"embeddable":true,"href":"https:\/\/esencepetrol.com.tr\/index.php?rest_route=\/wp\/v2\/media\/29244"}],"wp:attachment":[{"href":"https:\/\/esencepetrol.com.tr\/index.php?rest_route=%2Fwp%2Fv2%2Fmedia&parent=29239"}],"wp:term":[{"taxonomy":"product_brand","embeddable":true,"href":"https:\/\/esencepetrol.com.tr\/index.php?rest_route=%2Fwp%2Fv2%2Fproduct_brand&post=29239"},{"taxonomy":"product_cat","embeddable":true,"href":"https:\/\/esencepetrol.com.tr\/index.php?rest_route=%2Fwp%2Fv2%2Fproduct_cat&post=29239"},{"taxonomy":"product_tag","embeddable":true,"href":"https:\/\/esencepetrol.com.tr\/index.php?rest_route=%2Fwp%2Fv2%2Fproduct_tag&post=29239"}],"curies":[{"name":"wp","href":"https:\/\/api.w.org\/{rel}","templated":true}]}}