{"id":29261,"date":"2026-01-29T02:43:15","date_gmt":"2026-01-28T23:43:15","guid":{"rendered":"https:\/\/gold-elephant-732754.hostingersite.com\/?post_type=product&#038;p=29261"},"modified":"2026-01-29T03:14:59","modified_gmt":"2026-01-29T00:14:59","slug":"havuzlu-sistem-yakit-tanklari","status":"publish","type":"product","link":"https:\/\/esencepetrol.com.tr\/?product=havuzlu-sistem-yakit-tanklari","title":{"rendered":"Havuzlu Sistem Yak\u0131t Tanklar\u0131"},"content":{"rendered":"\t\t<div data-elementor-type=\"wp-post\" data-elementor-id=\"29261\" class=\"elementor elementor-29261\">\n\t\t\t\t<div class=\"wd-negative-gap elementor-element elementor-element-53eea44 e-flex e-con-boxed e-con e-parent\" data-id=\"53eea44\" data-element_type=\"container\" data-e-type=\"container\">\n\t\t\t\t\t<div class=\"e-con-inner\">\n\t\t<div class=\"elementor-element elementor-element-cc8e042 e-con-full e-flex e-con e-child\" data-id=\"cc8e042\" data-element_type=\"container\" data-e-type=\"container\">\n\t\t\t\t<div class=\"elementor-element elementor-element-4a8a87a elementor-widget elementor-widget-wd_text_block\" data-id=\"4a8a87a\" data-element_type=\"widget\" data-e-type=\"widget\" data-widget_type=\"wd_text_block.default\">\n\t\t\t\t<div class=\"elementor-widget-container\">\n\t\t\t\t\t\t\t<div class=\"wd-text-block reset-last-child text-left\">\n\t\t\t\n\t\t\t<p><strong>TEMEL \u00d6ZELL\u0130KLER ;\u00a0<\/strong><\/p><p>* Menhol kapa\u011f\u0131 (insan giri\u015fi) c\u0131vatal\u0131 ve contal\u0131\u00a0<\/p><p>* Menhol kapa\u011f\u0131 eri\u015fimi i\u00e7in i\u00e7 ve d\u0131\u015f merdiven,<\/p><p>* Al\u00fcminyum Adapt\u00f6rl\u00fc Kilitli Dolup Kapa\u011f\u0131, (\u00fcr\u00fcn giri\u015f)<\/p><p>* Drain Sistemi ( Su, pislik ve periyodik bak\u0131m tahliyesi)<\/p><p>* Alev tutucu ve tank i\u00e7inde s\u0131k\u0131\u015fabilecek buhar\u0131 \u00f6nlemek i\u00e7in tank nefesli\u011fi,<\/p><p>* K\u00fcresel vanal\u0131 emme hatt\u0131 ve s\u00fczge\u00e7<\/p><p>* Seviye g\u00f6stergeli mekanik veya dijital<\/p><p>* Topraklama noktas\u0131<\/p><p>* Kabin ile kapat\u0131lm\u0131\u015f Pompa Odas\u0131<\/p><p>* %40 veya %100 havuz kapasiteli<\/p><p>* \u0130\u00e7ten kargasl\u0131 dolu a\u011f\u0131rl\u0131\u011f\u0131 ta\u015faya bilecek nitelikte ayak sistemli<\/p><p>* Tank\u0131n Bo\u015f a\u011f\u0131rl\u0131\u011f\u0131n\u0131 ta\u015f\u0131yabilecek \u015fekilde imal edilen tank kald\u0131rma mapalar\u0131<\/p><p>* Tank\u0131n Bo\u015f a\u011f\u0131rl\u0131\u011f\u0131n\u0131 ta\u015f\u0131yabilecek \u015fekilde imal edilen tank kald\u0131rma mapalar\u0131<\/p>\n\t\t\t\t\t<\/div>\n\t\t\t\t\t\t<\/div>\n\t\t\t\t<\/div>\n\t\t\t\t<\/div>\n\t\t<div class=\"elementor-element elementor-element-2136194 e-con-full e-flex e-con e-child\" data-id=\"2136194\" data-element_type=\"container\" data-e-type=\"container\">\n\t\t\t\t<div class=\"elementor-element elementor-element-6fc1898 elementor-widget elementor-widget-image\" data-id=\"6fc1898\" data-element_type=\"widget\" data-e-type=\"widget\" data-widget_type=\"image.default\">\n\t\t\t\t\t\t\t\t\t\t\t\t\t\t\t<img loading=\"lazy\" decoding=\"async\" width=\"571\" height=\"442\" src=\"https:\/\/esencepetrol.com.tr\/wp-content\/themes\/woodmart\/images\/lazy.svg\" class=\"attachment-large size-large wp-image-29267\" alt=\"\" srcset=\"\" sizes=\"auto, (max-width: 571px) 100vw, 571px\" data-src=\"https:\/\/esencepetrol.com.tr\/wp-content\/uploads\/2026\/01\/havuzlu-yakit-tanki-teknik-tablo.jpg\" data-srcset=\"https:\/\/esencepetrol.com.tr\/wp-content\/uploads\/2026\/01\/havuzlu-yakit-tanki-teknik-tablo.jpg 571w, https:\/\/esencepetrol.com.tr\/wp-content\/uploads\/2026\/01\/havuzlu-yakit-tanki-teknik-tablo-388x300.jpg 388w, https:\/\/esencepetrol.com.tr\/wp-content\/uploads\/2026\/01\/havuzlu-yakit-tanki-teknik-tablo-430x333.jpg 430w, https:\/\/esencepetrol.com.tr\/wp-content\/uploads\/2026\/01\/havuzlu-yakit-tanki-teknik-tablo-150x116.jpg 150w\" \/>\t\t\t\t\t\t\t\t\t\t\t\t\t\t\t<\/div>\n\t\t\t\t<div class=\"elementor-element elementor-element-0afafa8 elementor-widget elementor-widget-wd_text_block\" data-id=\"0afafa8\" data-element_type=\"widget\" data-e-type=\"widget\" data-widget_type=\"wd_text_block.default\">\n\t\t\t\t<div class=\"elementor-widget-container\">\n\t\t\t\t\t\t\t<div class=\"wd-text-block reset-last-child text-left\">\n\t\t\t\n\t\t\t\n\t\t\t\t\t<\/div>\n\t\t\t\t\t\t<\/div>\n\t\t\t\t<\/div>\n\t\t\t\t<\/div>\n\t\t\t\t\t<\/div>\n\t\t\t\t<\/div>\n\t\t\t\t<\/div>\n\t\t","protected":false},"excerpt":{"rendered":"<p>Tanklar dikey eksen tipinde\u00a0 ve silindirik olarak imal edilmekte olup, tank alt\u0131nda ta\u015fma havuz sitemi bulunmaktad\u0131r. \u00dcr\u00fcn imalat\u0131nda kullan\u0131lan b\u00fct\u00fcn metal malzemeler S 235 JR (EN 10025) \u00e7elik karbon saclar\u0131n birle\u015ftirilmesiyle imal edilir. Tank ile Havuz ba\u011flant\u0131s\u0131 ise tank\u0131n alt g\u00f6vdesinden havuza civatalanarak sabitlenir. Havuz alt\u0131 metal plakalar ile desteklendi\u011finden her t\u00fcrl\u00fc y\u00fczeye konumland\u0131r\u0131labilir. Ta\u015fma havuzu tank\u0131n hacminin %40 \u2018\u0131n\u0131 alacak \u015fekilde tasarlanarak imal edilmektedir. M\u00fc\u015fteri iste\u011fine g\u00f6re bu hacim %100\u2019 a kadar \u00e7\u0131kart\u0131labilir. Kullan\u0131lan malzemeler ve t\u00fcm ba\u011flant\u0131 \u00fcr\u00fcnleri akaryak\u0131t \u00fcr\u00fcnlerine uyumlu \u015fekilde imal edilmektedir. \u00dcr\u00fcnler pas \u00f6nleyici astar\u00a0 ve son iki kat boya ile kaplanarak m\u00fc\u015fterilere teslim edilir.<\/p>\n<p>Yak\u0131t Tanklar\u0131 ayr\u0131ca dispanser ile donat\u0131larak yak\u0131t ak\u0131\u015fkanl\u0131\u011f\u0131 sa\u011flan\u0131r. Dispanser kilitli metal dolap i\u00e7inde veya m\u00fc\u015fteri iste\u011fine g\u00f6re a\u00e7\u0131k halde teslim edilir.<\/p>\n<p>Bu \u00fcr\u00fcn \u00e7iftliklere, i\u015f makinas\u0131 ve benzeri \u00fcr\u00fcn \u00e7al\u0131\u015ft\u0131ran fabrikalara, lojistik firmalara, ara\u00e7 filosu fazla olan \u015firketlere,\u00a0 pratik,\u00a0 g\u00fcvenilir ve\u00a0 ekonomik \u00e7\u00f6z\u00fcmler sunar. \u00dcr\u00fcn\u00fcn b\u00fct\u00fcn tesisat ve elektrik ba\u011flant\u0131lar\u0131 haz\u0131r halde m\u00fc\u015fteriye teslim edilir.<\/p>\n","protected":false},"featured_media":29245,"template":"","meta":[],"product_brand":[88],"product_cat":[89,86],"product_tag":[],"class_list":{"0":"post-29261","1":"product","2":"type-product","3":"status-publish","4":"has-post-thumbnail","6":"product_brand-ems","7":"product_cat-mobil-yerustu-yakit-tanklari","8":"product_cat-yakit-tanklari","10":"first","11":"instock","12":"shipping-taxable","13":"product-type-simple"},"yoast_head":"<!-- This site is optimized with the Yoast SEO plugin v26.9 - https:\/\/yoast.com\/product\/yoast-seo-wordpress\/ -->\n<title>Havuzlu Sistem Yak\u0131t Tanklar\u0131 - Esence Petrol - Petrol Ofisi<\/title>\n<meta name=\"robots\" content=\"index, follow, max-snippet:-1, max-image-preview:large, max-video-preview:-1\" \/>\n<link rel=\"canonical\" href=\"https:\/\/esencepetrol.com.tr\/?product=havuzlu-sistem-yakit-tanklari\" \/>\n<meta property=\"og:locale\" content=\"tr_TR\" \/>\n<meta property=\"og:type\" content=\"article\" \/>\n<meta property=\"og:title\" content=\"Havuzlu Sistem Yak\u0131t Tanklar\u0131 - Esence Petrol - Petrol Ofisi\" \/>\n<meta property=\"og:description\" content=\"Tanklar dikey eksen tipinde\u00a0 ve silindirik olarak imal edilmekte olup, tank alt\u0131nda ta\u015fma havuz sitemi bulunmaktad\u0131r. \u00dcr\u00fcn imalat\u0131nda kullan\u0131lan b\u00fct\u00fcn metal malzemeler S 235 JR (EN 10025) \u00e7elik karbon saclar\u0131n birle\u015ftirilmesiyle imal edilir. Tank ile Havuz ba\u011flant\u0131s\u0131 ise tank\u0131n alt g\u00f6vdesinden havuza civatalanarak sabitlenir. Havuz alt\u0131 metal plakalar ile desteklendi\u011finden her t\u00fcrl\u00fc y\u00fczeye konumland\u0131r\u0131labilir. Ta\u015fma havuzu tank\u0131n hacminin %40 \u2018\u0131n\u0131 alacak \u015fekilde tasarlanarak imal edilmektedir. M\u00fc\u015fteri iste\u011fine g\u00f6re bu hacim %100\u2019 a kadar \u00e7\u0131kart\u0131labilir. Kullan\u0131lan malzemeler ve t\u00fcm ba\u011flant\u0131 \u00fcr\u00fcnleri akaryak\u0131t \u00fcr\u00fcnlerine uyumlu \u015fekilde imal edilmektedir. \u00dcr\u00fcnler pas \u00f6nleyici astar\u00a0 ve son iki kat boya ile kaplanarak m\u00fc\u015fterilere teslim edilir.  Yak\u0131t Tanklar\u0131 ayr\u0131ca dispanser ile donat\u0131larak yak\u0131t ak\u0131\u015fkanl\u0131\u011f\u0131 sa\u011flan\u0131r. Dispanser kilitli metal dolap i\u00e7inde veya m\u00fc\u015fteri iste\u011fine g\u00f6re a\u00e7\u0131k halde teslim edilir.  Bu \u00fcr\u00fcn \u00e7iftliklere, i\u015f makinas\u0131 ve benzeri \u00fcr\u00fcn \u00e7al\u0131\u015ft\u0131ran fabrikalara, lojistik firmalara, ara\u00e7 filosu fazla olan \u015firketlere,\u00a0 pratik,\u00a0 g\u00fcvenilir ve\u00a0 ekonomik \u00e7\u00f6z\u00fcmler sunar. \u00dcr\u00fcn\u00fcn b\u00fct\u00fcn tesisat ve elektrik ba\u011flant\u0131lar\u0131 haz\u0131r halde m\u00fc\u015fteriye teslim edilir.\" \/>\n<meta property=\"og:url\" content=\"https:\/\/esencepetrol.com.tr\/?product=havuzlu-sistem-yakit-tanklari\" \/>\n<meta property=\"og:site_name\" content=\"Esence Petrol - Petrol Ofisi\" \/>\n<meta property=\"article:publisher\" content=\"https:\/\/www.facebook.com\/onur16uysal\" \/>\n<meta property=\"article:modified_time\" content=\"2026-01-29T00:14:59+00:00\" \/>\n<meta property=\"og:image\" content=\"https:\/\/esencepetrol.com.tr\/wp-content\/uploads\/2026\/01\/esence-petrol-havuzlu-sistem-yakit-tanklari-1.png\" \/>\n\t<meta property=\"og:image:width\" content=\"750\" \/>\n\t<meta property=\"og:image:height\" content=\"530\" \/>\n\t<meta property=\"og:image:type\" content=\"image\/png\" \/>\n<meta name=\"twitter:card\" content=\"summary_large_image\" \/>\n<meta name=\"twitter:label1\" content=\"Tahmini okuma s\u00fcresi\" \/>\n\t<meta name=\"twitter:data1\" content=\"1 dakika\" \/>\n<script type=\"application\/ld+json\" class=\"yoast-schema-graph\">{\"@context\":\"https:\/\/schema.org\",\"@graph\":[{\"@type\":\"WebPage\",\"@id\":\"https:\/\/esencepetrol.com.tr\/?product=havuzlu-sistem-yakit-tanklari\",\"url\":\"https:\/\/esencepetrol.com.tr\/?product=havuzlu-sistem-yakit-tanklari\",\"name\":\"Havuzlu Sistem Yak\u0131t Tanklar\u0131 - Esence Petrol - Petrol Ofisi\",\"isPartOf\":{\"@id\":\"https:\/\/esencepetrol.com.tr\/#website\"},\"primaryImageOfPage\":{\"@id\":\"https:\/\/esencepetrol.com.tr\/?product=havuzlu-sistem-yakit-tanklari#primaryimage\"},\"image\":{\"@id\":\"https:\/\/esencepetrol.com.tr\/?product=havuzlu-sistem-yakit-tanklari#primaryimage\"},\"thumbnailUrl\":\"https:\/\/esencepetrol.com.tr\/wp-content\/uploads\/2026\/01\/esence-petrol-havuzlu-sistem-yakit-tanklari-1.png\",\"datePublished\":\"2026-01-28T23:43:15+00:00\",\"dateModified\":\"2026-01-29T00:14:59+00:00\",\"breadcrumb\":{\"@id\":\"https:\/\/esencepetrol.com.tr\/?product=havuzlu-sistem-yakit-tanklari#breadcrumb\"},\"inLanguage\":\"tr\",\"potentialAction\":[{\"@type\":\"ReadAction\",\"target\":[\"https:\/\/esencepetrol.com.tr\/?product=havuzlu-sistem-yakit-tanklari\"]}]},{\"@type\":\"ImageObject\",\"inLanguage\":\"tr\",\"@id\":\"https:\/\/esencepetrol.com.tr\/?product=havuzlu-sistem-yakit-tanklari#primaryimage\",\"url\":\"https:\/\/esencepetrol.com.tr\/wp-content\/uploads\/2026\/01\/esence-petrol-havuzlu-sistem-yakit-tanklari-1.png\",\"contentUrl\":\"https:\/\/esencepetrol.com.tr\/wp-content\/uploads\/2026\/01\/esence-petrol-havuzlu-sistem-yakit-tanklari-1.png\",\"width\":750,\"height\":530},{\"@type\":\"BreadcrumbList\",\"@id\":\"https:\/\/esencepetrol.com.tr\/?product=havuzlu-sistem-yakit-tanklari#breadcrumb\",\"itemListElement\":[{\"@type\":\"ListItem\",\"position\":1,\"name\":\"Home\",\"item\":\"https:\/\/esencepetrol.com.tr\/\"},{\"@type\":\"ListItem\",\"position\":2,\"name\":\"Ma\u011faza\",\"item\":\"https:\/\/esencepetrol.com.tr\/?page_id=47\"},{\"@type\":\"ListItem\",\"position\":3,\"name\":\"Havuzlu Sistem Yak\u0131t Tanklar\u0131\"}]},{\"@type\":\"WebSite\",\"@id\":\"https:\/\/esencepetrol.com.tr\/#website\",\"url\":\"https:\/\/esencepetrol.com.tr\/\",\"name\":\"Esence Petrol - Petrol Ofisi\",\"description\":\"Denizden Karaya, Tarladan \u015eantiyeye Kesintisiz Enerji\",\"publisher\":{\"@id\":\"https:\/\/esencepetrol.com.tr\/#organization\"},\"potentialAction\":[{\"@type\":\"SearchAction\",\"target\":{\"@type\":\"EntryPoint\",\"urlTemplate\":\"https:\/\/esencepetrol.com.tr\/?s={search_term_string}\"},\"query-input\":{\"@type\":\"PropertyValueSpecification\",\"valueRequired\":true,\"valueName\":\"search_term_string\"}}],\"inLanguage\":\"tr\"},{\"@type\":\"Organization\",\"@id\":\"https:\/\/esencepetrol.com.tr\/#organization\",\"name\":\"Esence Petrol - Petrol Ofisi\",\"url\":\"https:\/\/esencepetrol.com.tr\/\",\"logo\":{\"@type\":\"ImageObject\",\"inLanguage\":\"tr\",\"@id\":\"https:\/\/esencepetrol.com.tr\/#\/schema\/logo\/image\/\",\"url\":\"https:\/\/esencepetrol.com.tr\/wp-content\/uploads\/2026\/01\/esence-favicon.png\",\"contentUrl\":\"https:\/\/esencepetrol.com.tr\/wp-content\/uploads\/2026\/01\/esence-favicon.png\",\"width\":512,\"height\":512,\"caption\":\"Esence Petrol - Petrol Ofisi\"},\"image\":{\"@id\":\"https:\/\/esencepetrol.com.tr\/#\/schema\/logo\/image\/\"},\"sameAs\":[\"https:\/\/www.facebook.com\/onur16uysal\",\"https:\/\/www.instagram.com\/esence__petrol\"]}]}<\/script>\n<!-- \/ Yoast SEO plugin. -->","yoast_head_json":{"title":"Havuzlu Sistem Yak\u0131t Tanklar\u0131 - Esence Petrol - Petrol Ofisi","robots":{"index":"index","follow":"follow","max-snippet":"max-snippet:-1","max-image-preview":"max-image-preview:large","max-video-preview":"max-video-preview:-1"},"canonical":"https:\/\/esencepetrol.com.tr\/?product=havuzlu-sistem-yakit-tanklari","og_locale":"tr_TR","og_type":"article","og_title":"Havuzlu Sistem Yak\u0131t Tanklar\u0131 - Esence Petrol - Petrol Ofisi","og_description":"Tanklar dikey eksen tipinde\u00a0 ve silindirik olarak imal edilmekte olup, tank alt\u0131nda ta\u015fma havuz sitemi bulunmaktad\u0131r. \u00dcr\u00fcn imalat\u0131nda kullan\u0131lan b\u00fct\u00fcn metal malzemeler S 235 JR (EN 10025) \u00e7elik karbon saclar\u0131n birle\u015ftirilmesiyle imal edilir. Tank ile Havuz ba\u011flant\u0131s\u0131 ise tank\u0131n alt g\u00f6vdesinden havuza civatalanarak sabitlenir. Havuz alt\u0131 metal plakalar ile desteklendi\u011finden her t\u00fcrl\u00fc y\u00fczeye konumland\u0131r\u0131labilir. Ta\u015fma havuzu tank\u0131n hacminin %40 \u2018\u0131n\u0131 alacak \u015fekilde tasarlanarak imal edilmektedir. M\u00fc\u015fteri iste\u011fine g\u00f6re bu hacim %100\u2019 a kadar \u00e7\u0131kart\u0131labilir. Kullan\u0131lan malzemeler ve t\u00fcm ba\u011flant\u0131 \u00fcr\u00fcnleri akaryak\u0131t \u00fcr\u00fcnlerine uyumlu \u015fekilde imal edilmektedir. \u00dcr\u00fcnler pas \u00f6nleyici astar\u00a0 ve son iki kat boya ile kaplanarak m\u00fc\u015fterilere teslim edilir.  Yak\u0131t Tanklar\u0131 ayr\u0131ca dispanser ile donat\u0131larak yak\u0131t ak\u0131\u015fkanl\u0131\u011f\u0131 sa\u011flan\u0131r. Dispanser kilitli metal dolap i\u00e7inde veya m\u00fc\u015fteri iste\u011fine g\u00f6re a\u00e7\u0131k halde teslim edilir.  Bu \u00fcr\u00fcn \u00e7iftliklere, i\u015f makinas\u0131 ve benzeri \u00fcr\u00fcn \u00e7al\u0131\u015ft\u0131ran fabrikalara, lojistik firmalara, ara\u00e7 filosu fazla olan \u015firketlere,\u00a0 pratik,\u00a0 g\u00fcvenilir ve\u00a0 ekonomik \u00e7\u00f6z\u00fcmler sunar. \u00dcr\u00fcn\u00fcn b\u00fct\u00fcn tesisat ve elektrik ba\u011flant\u0131lar\u0131 haz\u0131r halde m\u00fc\u015fteriye teslim edilir.","og_url":"https:\/\/esencepetrol.com.tr\/?product=havuzlu-sistem-yakit-tanklari","og_site_name":"Esence Petrol - Petrol Ofisi","article_publisher":"https:\/\/www.facebook.com\/onur16uysal","article_modified_time":"2026-01-29T00:14:59+00:00","og_image":[{"width":750,"height":530,"url":"https:\/\/esencepetrol.com.tr\/wp-content\/uploads\/2026\/01\/esence-petrol-havuzlu-sistem-yakit-tanklari-1.png","type":"image\/png"}],"twitter_card":"summary_large_image","twitter_misc":{"Tahmini okuma s\u00fcresi":"1 dakika"},"schema":{"@context":"https:\/\/schema.org","@graph":[{"@type":"WebPage","@id":"https:\/\/esencepetrol.com.tr\/?product=havuzlu-sistem-yakit-tanklari","url":"https:\/\/esencepetrol.com.tr\/?product=havuzlu-sistem-yakit-tanklari","name":"Havuzlu Sistem Yak\u0131t Tanklar\u0131 - Esence Petrol - Petrol Ofisi","isPartOf":{"@id":"https:\/\/esencepetrol.com.tr\/#website"},"primaryImageOfPage":{"@id":"https:\/\/esencepetrol.com.tr\/?product=havuzlu-sistem-yakit-tanklari#primaryimage"},"image":{"@id":"https:\/\/esencepetrol.com.tr\/?product=havuzlu-sistem-yakit-tanklari#primaryimage"},"thumbnailUrl":"https:\/\/esencepetrol.com.tr\/wp-content\/uploads\/2026\/01\/esence-petrol-havuzlu-sistem-yakit-tanklari-1.png","datePublished":"2026-01-28T23:43:15+00:00","dateModified":"2026-01-29T00:14:59+00:00","breadcrumb":{"@id":"https:\/\/esencepetrol.com.tr\/?product=havuzlu-sistem-yakit-tanklari#breadcrumb"},"inLanguage":"tr","potentialAction":[{"@type":"ReadAction","target":["https:\/\/esencepetrol.com.tr\/?product=havuzlu-sistem-yakit-tanklari"]}]},{"@type":"ImageObject","inLanguage":"tr","@id":"https:\/\/esencepetrol.com.tr\/?product=havuzlu-sistem-yakit-tanklari#primaryimage","url":"https:\/\/esencepetrol.com.tr\/wp-content\/uploads\/2026\/01\/esence-petrol-havuzlu-sistem-yakit-tanklari-1.png","contentUrl":"https:\/\/esencepetrol.com.tr\/wp-content\/uploads\/2026\/01\/esence-petrol-havuzlu-sistem-yakit-tanklari-1.png","width":750,"height":530},{"@type":"BreadcrumbList","@id":"https:\/\/esencepetrol.com.tr\/?product=havuzlu-sistem-yakit-tanklari#breadcrumb","itemListElement":[{"@type":"ListItem","position":1,"name":"Home","item":"https:\/\/esencepetrol.com.tr\/"},{"@type":"ListItem","position":2,"name":"Ma\u011faza","item":"https:\/\/esencepetrol.com.tr\/?page_id=47"},{"@type":"ListItem","position":3,"name":"Havuzlu Sistem Yak\u0131t Tanklar\u0131"}]},{"@type":"WebSite","@id":"https:\/\/esencepetrol.com.tr\/#website","url":"https:\/\/esencepetrol.com.tr\/","name":"Esence Petrol - Petrol Ofisi","description":"Denizden Karaya, Tarladan \u015eantiyeye Kesintisiz Enerji","publisher":{"@id":"https:\/\/esencepetrol.com.tr\/#organization"},"potentialAction":[{"@type":"SearchAction","target":{"@type":"EntryPoint","urlTemplate":"https:\/\/esencepetrol.com.tr\/?s={search_term_string}"},"query-input":{"@type":"PropertyValueSpecification","valueRequired":true,"valueName":"search_term_string"}}],"inLanguage":"tr"},{"@type":"Organization","@id":"https:\/\/esencepetrol.com.tr\/#organization","name":"Esence Petrol - Petrol Ofisi","url":"https:\/\/esencepetrol.com.tr\/","logo":{"@type":"ImageObject","inLanguage":"tr","@id":"https:\/\/esencepetrol.com.tr\/#\/schema\/logo\/image\/","url":"https:\/\/esencepetrol.com.tr\/wp-content\/uploads\/2026\/01\/esence-favicon.png","contentUrl":"https:\/\/esencepetrol.com.tr\/wp-content\/uploads\/2026\/01\/esence-favicon.png","width":512,"height":512,"caption":"Esence Petrol - Petrol Ofisi"},"image":{"@id":"https:\/\/esencepetrol.com.tr\/#\/schema\/logo\/image\/"},"sameAs":["https:\/\/www.facebook.com\/onur16uysal","https:\/\/www.instagram.com\/esence__petrol"]}]}},"_links":{"self":[{"href":"https:\/\/esencepetrol.com.tr\/index.php?rest_route=\/wp\/v2\/product\/29261","targetHints":{"allow":["GET"]}}],"collection":[{"href":"https:\/\/esencepetrol.com.tr\/index.php?rest_route=\/wp\/v2\/product"}],"about":[{"href":"https:\/\/esencepetrol.com.tr\/index.php?rest_route=\/wp\/v2\/types\/product"}],"version-history":[{"count":5,"href":"https:\/\/esencepetrol.com.tr\/index.php?rest_route=\/wp\/v2\/product\/29261\/revisions"}],"predecessor-version":[{"id":29271,"href":"https:\/\/esencepetrol.com.tr\/index.php?rest_route=\/wp\/v2\/product\/29261\/revisions\/29271"}],"wp:featuredmedia":[{"embeddable":true,"href":"https:\/\/esencepetrol.com.tr\/index.php?rest_route=\/wp\/v2\/media\/29245"}],"wp:attachment":[{"href":"https:\/\/esencepetrol.com.tr\/index.php?rest_route=%2Fwp%2Fv2%2Fmedia&parent=29261"}],"wp:term":[{"taxonomy":"product_brand","embeddable":true,"href":"https:\/\/esencepetrol.com.tr\/index.php?rest_route=%2Fwp%2Fv2%2Fproduct_brand&post=29261"},{"taxonomy":"product_cat","embeddable":true,"href":"https:\/\/esencepetrol.com.tr\/index.php?rest_route=%2Fwp%2Fv2%2Fproduct_cat&post=29261"},{"taxonomy":"product_tag","embeddable":true,"href":"https:\/\/esencepetrol.com.tr\/index.php?rest_route=%2Fwp%2Fv2%2Fproduct_tag&post=29261"}],"curies":[{"name":"wp","href":"https:\/\/api.w.org\/{rel}","templated":true}]}}