{"id":29272,"date":"2026-01-29T03:23:15","date_gmt":"2026-01-29T00:23:15","guid":{"rendered":"https:\/\/gold-elephant-732754.hostingersite.com\/?post_type=product&#038;p=29272"},"modified":"2026-01-29T03:29:17","modified_gmt":"2026-01-29T00:29:17","slug":"kabinli-sistem-yakit-tanklari","status":"publish","type":"product","link":"https:\/\/esencepetrol.com.tr\/?product=kabinli-sistem-yakit-tanklari","title":{"rendered":"Kabinli Sistem Yak\u0131t Tanklar\u0131"},"content":{"rendered":"\t\t<div data-elementor-type=\"wp-post\" data-elementor-id=\"29272\" class=\"elementor elementor-29272\">\n\t\t\t\t<div class=\"wd-negative-gap elementor-element elementor-element-53eea44 e-flex e-con-boxed e-con e-parent\" data-id=\"53eea44\" data-element_type=\"container\" data-e-type=\"container\">\n\t\t\t\t\t<div class=\"e-con-inner\">\n\t\t<div class=\"elementor-element elementor-element-cc8e042 e-con-full e-flex e-con e-child\" data-id=\"cc8e042\" data-element_type=\"container\" data-e-type=\"container\">\n\t\t\t\t<div class=\"elementor-element elementor-element-4a8a87a elementor-widget elementor-widget-wd_text_block\" data-id=\"4a8a87a\" data-element_type=\"widget\" data-e-type=\"widget\" data-widget_type=\"wd_text_block.default\">\n\t\t\t\t<div class=\"elementor-widget-container\">\n\t\t\t\t\t\t\t<div class=\"wd-text-block reset-last-child text-left\">\n\t\t\t\n\t\t\t<div><strong>TEMEL \u00d6ZELL\u0130KLER ;\u00a0<\/strong><\/div><div>* Menhol kapa\u011f\u0131 (insan giri\u015fi) c\u0131vatal\u0131 ve contal\u0131<\/div><div>* Menhol kapa\u011f\u0131 eri\u015fim merdiveni<\/div><div>* Al\u00fcminyum Adapt\u00f6rl\u00fc Kilitli Dolup Kapa\u011f\u0131,<\/div><div>* Drain Sistemi ( Su, pislik ve periyodik bak\u0131m tahliyesi)<\/div><div>* Alev tutucu ve tank i\u00e7inde s\u0131k\u0131\u015fabilecek buhar\u0131 \u00f6nlemek i\u00e7in tank nefesli\u011fi,<\/div><div>* K\u00fcresel vanal\u0131 emme hatt\u0131 ve s\u00fczge\u00e7<\/div><div>* Seviye g\u00f6stergeli mekanik veya dijital<\/div><div>* Topraklama noktas\u0131<\/div><div>* Kabin ile kapat\u0131lm\u0131\u015f Pompa Odas\u0131<\/div><div>* \u0130\u00e7ten kargasl\u0131 dolu a\u011f\u0131rl\u0131\u011f\u0131 ta\u015faya bilecek nitelikte ayak sistemli<\/div><div>* Tank\u0131n Bo\u015f a\u011f\u0131rl\u0131\u011f\u0131n\u0131 ta\u015f\u0131yabilecek \u015fekilde imal edilen tank kald\u0131rma kulaklar\u0131<\/div>\n\t\t\t\t\t<\/div>\n\t\t\t\t\t\t<\/div>\n\t\t\t\t<\/div>\n\t\t\t\t<\/div>\n\t\t<div class=\"elementor-element elementor-element-2136194 e-con-full e-flex e-con e-child\" data-id=\"2136194\" data-element_type=\"container\" data-e-type=\"container\">\n\t\t\t\t<div class=\"elementor-element elementor-element-6fc1898 elementor-widget elementor-widget-image\" data-id=\"6fc1898\" data-element_type=\"widget\" data-e-type=\"widget\" data-widget_type=\"image.default\">\n\t\t\t\t\t\t\t\t\t\t\t\t\t\t\t<img loading=\"lazy\" decoding=\"async\" width=\"1064\" height=\"537\" src=\"https:\/\/esencepetrol.com.tr\/wp-content\/themes\/woodmart\/images\/lazy.svg\" class=\"attachment-large size-large wp-image-29294\" alt=\"\" srcset=\"\" sizes=\"auto, (max-width: 1064px) 100vw, 1064px\" data-src=\"https:\/\/esencepetrol.com.tr\/wp-content\/uploads\/2026\/01\/esence-petrol-kabinli-yakit-tanki-teknik-tablor.jpg\" data-srcset=\"https:\/\/esencepetrol.com.tr\/wp-content\/uploads\/2026\/01\/esence-petrol-kabinli-yakit-tanki-teknik-tablor.jpg 1064w, https:\/\/esencepetrol.com.tr\/wp-content\/uploads\/2026\/01\/esence-petrol-kabinli-yakit-tanki-teknik-tablor-400x202.jpg 400w, https:\/\/esencepetrol.com.tr\/wp-content\/uploads\/2026\/01\/esence-petrol-kabinli-yakit-tanki-teknik-tablor-768x388.jpg 768w, https:\/\/esencepetrol.com.tr\/wp-content\/uploads\/2026\/01\/esence-petrol-kabinli-yakit-tanki-teknik-tablor-430x217.jpg 430w, https:\/\/esencepetrol.com.tr\/wp-content\/uploads\/2026\/01\/esence-petrol-kabinli-yakit-tanki-teknik-tablor-700x353.jpg 700w, https:\/\/esencepetrol.com.tr\/wp-content\/uploads\/2026\/01\/esence-petrol-kabinli-yakit-tanki-teknik-tablor-150x76.jpg 150w\" \/>\t\t\t\t\t\t\t\t\t\t\t\t\t\t\t<\/div>\n\t\t\t\t<div class=\"elementor-element elementor-element-0afafa8 elementor-widget elementor-widget-wd_text_block\" data-id=\"0afafa8\" data-element_type=\"widget\" data-e-type=\"widget\" data-widget_type=\"wd_text_block.default\">\n\t\t\t\t<div class=\"elementor-widget-container\">\n\t\t\t\t\t\t\t<div class=\"wd-text-block reset-last-child text-left\">\n\t\t\t\n\t\t\t\n\t\t\t\t\t<\/div>\n\t\t\t\t\t\t<\/div>\n\t\t\t\t<\/div>\n\t\t\t\t<\/div>\n\t\t\t\t\t<\/div>\n\t\t\t\t<\/div>\n\t\t\t\t<\/div>\n\t\t","protected":false},"excerpt":{"rendered":"<p>Tanklar yatay eksen tipinde\u00a0 ve silindirik olarak imal edilmekte olup, y\u00fcksek hacimleri ile birlikte S 235 JR (EN 10025) \u00e7elik karbon saclar\u0131n k\u0131vr\u0131lmas\u0131 ile \u00fcretilerek,\u00a0 pas \u00f6nleyici astar\u00a0 ve son iki kat boya ile kaplanarak m\u00fc\u015fterilere teslim edilir.<\/p>\n<p>Kullan\u0131lan malzemeler ve t\u00fcm ba\u011flant\u0131 \u00fcr\u00fcnleri akaryak\u0131t \u00fcr\u00fcnlerine uyumlu \u015fekilde imal edilmekte olup,<\/p>\n<p>Yak\u0131t Tanklar\u0131 ayr\u0131ca dispanser ile donat\u0131larak yak\u0131t ak\u0131\u015fkanl\u0131\u011f\u0131 sa\u011flan\u0131r. Dispanser kilitli metal dolap i\u00e7inde veya m\u00fc\u015fteri iste\u011fine g\u00f6re a\u00e7\u0131k halde teslim edilir.<\/p>\n<p>Fabrikalara, \u015fantiyelere, maden ocaklar\u0131na, \u00e7iftliklere, ara\u00e7 filosu sahibi firmalara ve lojistik firmalara pratik,\u00a0 g\u00fcvenilir ve\u00a0 ekonomik \u00e7\u00f6z\u00fcmler sunar.<\/p>\n","protected":false},"featured_media":29291,"template":"","meta":[],"product_brand":[88],"product_cat":[89,86],"product_tag":[],"class_list":{"0":"post-29272","1":"product","2":"type-product","3":"status-publish","4":"has-post-thumbnail","6":"product_brand-ems","7":"product_cat-mobil-yerustu-yakit-tanklari","8":"product_cat-yakit-tanklari","10":"first","11":"instock","12":"shipping-taxable","13":"product-type-simple"},"yoast_head":"<!-- This site is optimized with the Yoast SEO plugin v26.9 - https:\/\/yoast.com\/product\/yoast-seo-wordpress\/ -->\n<title>Kabinli Sistem Yak\u0131t Tanklar\u0131 - Esence Petrol - Petrol Ofisi<\/title>\n<meta name=\"robots\" content=\"index, follow, max-snippet:-1, max-image-preview:large, max-video-preview:-1\" \/>\n<link rel=\"canonical\" href=\"https:\/\/esencepetrol.com.tr\/?product=kabinli-sistem-yakit-tanklari\" \/>\n<meta property=\"og:locale\" content=\"tr_TR\" \/>\n<meta property=\"og:type\" content=\"article\" \/>\n<meta property=\"og:title\" content=\"Kabinli Sistem Yak\u0131t Tanklar\u0131 - Esence Petrol - Petrol Ofisi\" \/>\n<meta property=\"og:description\" content=\"Tanklar yatay eksen tipinde\u00a0 ve silindirik olarak imal edilmekte olup, y\u00fcksek hacimleri ile birlikte S 235 JR (EN 10025) \u00e7elik karbon saclar\u0131n k\u0131vr\u0131lmas\u0131 ile \u00fcretilerek,\u00a0 pas \u00f6nleyici astar\u00a0 ve son iki kat boya ile kaplanarak m\u00fc\u015fterilere teslim edilir.  Kullan\u0131lan malzemeler ve t\u00fcm ba\u011flant\u0131 \u00fcr\u00fcnleri akaryak\u0131t \u00fcr\u00fcnlerine uyumlu \u015fekilde imal edilmekte olup,  Yak\u0131t Tanklar\u0131 ayr\u0131ca dispanser ile donat\u0131larak yak\u0131t ak\u0131\u015fkanl\u0131\u011f\u0131 sa\u011flan\u0131r. Dispanser kilitli metal dolap i\u00e7inde veya m\u00fc\u015fteri iste\u011fine g\u00f6re a\u00e7\u0131k halde teslim edilir.  Fabrikalara, \u015fantiyelere, maden ocaklar\u0131na, \u00e7iftliklere, ara\u00e7 filosu sahibi firmalara ve lojistik firmalara pratik,\u00a0 g\u00fcvenilir ve\u00a0 ekonomik \u00e7\u00f6z\u00fcmler sunar.\" \/>\n<meta property=\"og:url\" content=\"https:\/\/esencepetrol.com.tr\/?product=kabinli-sistem-yakit-tanklari\" \/>\n<meta property=\"og:site_name\" content=\"Esence Petrol - Petrol Ofisi\" \/>\n<meta property=\"article:publisher\" content=\"https:\/\/www.facebook.com\/onur16uysal\" \/>\n<meta property=\"article:modified_time\" content=\"2026-01-29T00:29:17+00:00\" \/>\n<meta property=\"og:image\" content=\"https:\/\/esencepetrol.com.tr\/wp-content\/uploads\/2026\/01\/esence-petrol-xDqgD-ems-endustri.jpg\" \/>\n\t<meta property=\"og:image:width\" content=\"750\" \/>\n\t<meta property=\"og:image:height\" content=\"530\" \/>\n\t<meta property=\"og:image:type\" content=\"image\/jpeg\" \/>\n<meta name=\"twitter:card\" content=\"summary_large_image\" \/>\n<script type=\"application\/ld+json\" class=\"yoast-schema-graph\">{\"@context\":\"https:\/\/schema.org\",\"@graph\":[{\"@type\":\"WebPage\",\"@id\":\"https:\/\/esencepetrol.com.tr\/?product=kabinli-sistem-yakit-tanklari\",\"url\":\"https:\/\/esencepetrol.com.tr\/?product=kabinli-sistem-yakit-tanklari\",\"name\":\"Kabinli Sistem Yak\u0131t Tanklar\u0131 - Esence Petrol - Petrol Ofisi\",\"isPartOf\":{\"@id\":\"https:\/\/esencepetrol.com.tr\/#website\"},\"primaryImageOfPage\":{\"@id\":\"https:\/\/esencepetrol.com.tr\/?product=kabinli-sistem-yakit-tanklari#primaryimage\"},\"image\":{\"@id\":\"https:\/\/esencepetrol.com.tr\/?product=kabinli-sistem-yakit-tanklari#primaryimage\"},\"thumbnailUrl\":\"https:\/\/esencepetrol.com.tr\/wp-content\/uploads\/2026\/01\/esence-petrol-xDqgD-ems-endustri.jpg\",\"datePublished\":\"2026-01-29T00:23:15+00:00\",\"dateModified\":\"2026-01-29T00:29:17+00:00\",\"breadcrumb\":{\"@id\":\"https:\/\/esencepetrol.com.tr\/?product=kabinli-sistem-yakit-tanklari#breadcrumb\"},\"inLanguage\":\"tr\",\"potentialAction\":[{\"@type\":\"ReadAction\",\"target\":[\"https:\/\/esencepetrol.com.tr\/?product=kabinli-sistem-yakit-tanklari\"]}]},{\"@type\":\"ImageObject\",\"inLanguage\":\"tr\",\"@id\":\"https:\/\/esencepetrol.com.tr\/?product=kabinli-sistem-yakit-tanklari#primaryimage\",\"url\":\"https:\/\/esencepetrol.com.tr\/wp-content\/uploads\/2026\/01\/esence-petrol-xDqgD-ems-endustri.jpg\",\"contentUrl\":\"https:\/\/esencepetrol.com.tr\/wp-content\/uploads\/2026\/01\/esence-petrol-xDqgD-ems-endustri.jpg\",\"width\":750,\"height\":530},{\"@type\":\"BreadcrumbList\",\"@id\":\"https:\/\/esencepetrol.com.tr\/?product=kabinli-sistem-yakit-tanklari#breadcrumb\",\"itemListElement\":[{\"@type\":\"ListItem\",\"position\":1,\"name\":\"Home\",\"item\":\"https:\/\/esencepetrol.com.tr\/\"},{\"@type\":\"ListItem\",\"position\":2,\"name\":\"Ma\u011faza\",\"item\":\"https:\/\/esencepetrol.com.tr\/?page_id=47\"},{\"@type\":\"ListItem\",\"position\":3,\"name\":\"Kabinli Sistem Yak\u0131t Tanklar\u0131\"}]},{\"@type\":\"WebSite\",\"@id\":\"https:\/\/esencepetrol.com.tr\/#website\",\"url\":\"https:\/\/esencepetrol.com.tr\/\",\"name\":\"Esence Petrol - Petrol Ofisi\",\"description\":\"Denizden Karaya, Tarladan \u015eantiyeye Kesintisiz Enerji\",\"publisher\":{\"@id\":\"https:\/\/esencepetrol.com.tr\/#organization\"},\"potentialAction\":[{\"@type\":\"SearchAction\",\"target\":{\"@type\":\"EntryPoint\",\"urlTemplate\":\"https:\/\/esencepetrol.com.tr\/?s={search_term_string}\"},\"query-input\":{\"@type\":\"PropertyValueSpecification\",\"valueRequired\":true,\"valueName\":\"search_term_string\"}}],\"inLanguage\":\"tr\"},{\"@type\":\"Organization\",\"@id\":\"https:\/\/esencepetrol.com.tr\/#organization\",\"name\":\"Esence Petrol - Petrol Ofisi\",\"url\":\"https:\/\/esencepetrol.com.tr\/\",\"logo\":{\"@type\":\"ImageObject\",\"inLanguage\":\"tr\",\"@id\":\"https:\/\/esencepetrol.com.tr\/#\/schema\/logo\/image\/\",\"url\":\"https:\/\/esencepetrol.com.tr\/wp-content\/uploads\/2026\/01\/esence-favicon.png\",\"contentUrl\":\"https:\/\/esencepetrol.com.tr\/wp-content\/uploads\/2026\/01\/esence-favicon.png\",\"width\":512,\"height\":512,\"caption\":\"Esence Petrol - Petrol Ofisi\"},\"image\":{\"@id\":\"https:\/\/esencepetrol.com.tr\/#\/schema\/logo\/image\/\"},\"sameAs\":[\"https:\/\/www.facebook.com\/onur16uysal\",\"https:\/\/www.instagram.com\/esence__petrol\"]}]}<\/script>\n<!-- \/ Yoast SEO plugin. -->","yoast_head_json":{"title":"Kabinli Sistem Yak\u0131t Tanklar\u0131 - Esence Petrol - Petrol Ofisi","robots":{"index":"index","follow":"follow","max-snippet":"max-snippet:-1","max-image-preview":"max-image-preview:large","max-video-preview":"max-video-preview:-1"},"canonical":"https:\/\/esencepetrol.com.tr\/?product=kabinli-sistem-yakit-tanklari","og_locale":"tr_TR","og_type":"article","og_title":"Kabinli Sistem Yak\u0131t Tanklar\u0131 - Esence Petrol - Petrol Ofisi","og_description":"Tanklar yatay eksen tipinde\u00a0 ve silindirik olarak imal edilmekte olup, y\u00fcksek hacimleri ile birlikte S 235 JR (EN 10025) \u00e7elik karbon saclar\u0131n k\u0131vr\u0131lmas\u0131 ile \u00fcretilerek,\u00a0 pas \u00f6nleyici astar\u00a0 ve son iki kat boya ile kaplanarak m\u00fc\u015fterilere teslim edilir.  Kullan\u0131lan malzemeler ve t\u00fcm ba\u011flant\u0131 \u00fcr\u00fcnleri akaryak\u0131t \u00fcr\u00fcnlerine uyumlu \u015fekilde imal edilmekte olup,  Yak\u0131t Tanklar\u0131 ayr\u0131ca dispanser ile donat\u0131larak yak\u0131t ak\u0131\u015fkanl\u0131\u011f\u0131 sa\u011flan\u0131r. Dispanser kilitli metal dolap i\u00e7inde veya m\u00fc\u015fteri iste\u011fine g\u00f6re a\u00e7\u0131k halde teslim edilir.  Fabrikalara, \u015fantiyelere, maden ocaklar\u0131na, \u00e7iftliklere, ara\u00e7 filosu sahibi firmalara ve lojistik firmalara pratik,\u00a0 g\u00fcvenilir ve\u00a0 ekonomik \u00e7\u00f6z\u00fcmler sunar.","og_url":"https:\/\/esencepetrol.com.tr\/?product=kabinli-sistem-yakit-tanklari","og_site_name":"Esence Petrol - Petrol Ofisi","article_publisher":"https:\/\/www.facebook.com\/onur16uysal","article_modified_time":"2026-01-29T00:29:17+00:00","og_image":[{"width":750,"height":530,"url":"https:\/\/esencepetrol.com.tr\/wp-content\/uploads\/2026\/01\/esence-petrol-xDqgD-ems-endustri.jpg","type":"image\/jpeg"}],"twitter_card":"summary_large_image","schema":{"@context":"https:\/\/schema.org","@graph":[{"@type":"WebPage","@id":"https:\/\/esencepetrol.com.tr\/?product=kabinli-sistem-yakit-tanklari","url":"https:\/\/esencepetrol.com.tr\/?product=kabinli-sistem-yakit-tanklari","name":"Kabinli Sistem Yak\u0131t Tanklar\u0131 - Esence Petrol - Petrol Ofisi","isPartOf":{"@id":"https:\/\/esencepetrol.com.tr\/#website"},"primaryImageOfPage":{"@id":"https:\/\/esencepetrol.com.tr\/?product=kabinli-sistem-yakit-tanklari#primaryimage"},"image":{"@id":"https:\/\/esencepetrol.com.tr\/?product=kabinli-sistem-yakit-tanklari#primaryimage"},"thumbnailUrl":"https:\/\/esencepetrol.com.tr\/wp-content\/uploads\/2026\/01\/esence-petrol-xDqgD-ems-endustri.jpg","datePublished":"2026-01-29T00:23:15+00:00","dateModified":"2026-01-29T00:29:17+00:00","breadcrumb":{"@id":"https:\/\/esencepetrol.com.tr\/?product=kabinli-sistem-yakit-tanklari#breadcrumb"},"inLanguage":"tr","potentialAction":[{"@type":"ReadAction","target":["https:\/\/esencepetrol.com.tr\/?product=kabinli-sistem-yakit-tanklari"]}]},{"@type":"ImageObject","inLanguage":"tr","@id":"https:\/\/esencepetrol.com.tr\/?product=kabinli-sistem-yakit-tanklari#primaryimage","url":"https:\/\/esencepetrol.com.tr\/wp-content\/uploads\/2026\/01\/esence-petrol-xDqgD-ems-endustri.jpg","contentUrl":"https:\/\/esencepetrol.com.tr\/wp-content\/uploads\/2026\/01\/esence-petrol-xDqgD-ems-endustri.jpg","width":750,"height":530},{"@type":"BreadcrumbList","@id":"https:\/\/esencepetrol.com.tr\/?product=kabinli-sistem-yakit-tanklari#breadcrumb","itemListElement":[{"@type":"ListItem","position":1,"name":"Home","item":"https:\/\/esencepetrol.com.tr\/"},{"@type":"ListItem","position":2,"name":"Ma\u011faza","item":"https:\/\/esencepetrol.com.tr\/?page_id=47"},{"@type":"ListItem","position":3,"name":"Kabinli Sistem Yak\u0131t Tanklar\u0131"}]},{"@type":"WebSite","@id":"https:\/\/esencepetrol.com.tr\/#website","url":"https:\/\/esencepetrol.com.tr\/","name":"Esence Petrol - Petrol Ofisi","description":"Denizden Karaya, Tarladan \u015eantiyeye Kesintisiz Enerji","publisher":{"@id":"https:\/\/esencepetrol.com.tr\/#organization"},"potentialAction":[{"@type":"SearchAction","target":{"@type":"EntryPoint","urlTemplate":"https:\/\/esencepetrol.com.tr\/?s={search_term_string}"},"query-input":{"@type":"PropertyValueSpecification","valueRequired":true,"valueName":"search_term_string"}}],"inLanguage":"tr"},{"@type":"Organization","@id":"https:\/\/esencepetrol.com.tr\/#organization","name":"Esence Petrol - Petrol Ofisi","url":"https:\/\/esencepetrol.com.tr\/","logo":{"@type":"ImageObject","inLanguage":"tr","@id":"https:\/\/esencepetrol.com.tr\/#\/schema\/logo\/image\/","url":"https:\/\/esencepetrol.com.tr\/wp-content\/uploads\/2026\/01\/esence-favicon.png","contentUrl":"https:\/\/esencepetrol.com.tr\/wp-content\/uploads\/2026\/01\/esence-favicon.png","width":512,"height":512,"caption":"Esence Petrol - Petrol Ofisi"},"image":{"@id":"https:\/\/esencepetrol.com.tr\/#\/schema\/logo\/image\/"},"sameAs":["https:\/\/www.facebook.com\/onur16uysal","https:\/\/www.instagram.com\/esence__petrol"]}]}},"_links":{"self":[{"href":"https:\/\/esencepetrol.com.tr\/index.php?rest_route=\/wp\/v2\/product\/29272","targetHints":{"allow":["GET"]}}],"collection":[{"href":"https:\/\/esencepetrol.com.tr\/index.php?rest_route=\/wp\/v2\/product"}],"about":[{"href":"https:\/\/esencepetrol.com.tr\/index.php?rest_route=\/wp\/v2\/types\/product"}],"version-history":[{"count":4,"href":"https:\/\/esencepetrol.com.tr\/index.php?rest_route=\/wp\/v2\/product\/29272\/revisions"}],"predecessor-version":[{"id":29297,"href":"https:\/\/esencepetrol.com.tr\/index.php?rest_route=\/wp\/v2\/product\/29272\/revisions\/29297"}],"wp:featuredmedia":[{"embeddable":true,"href":"https:\/\/esencepetrol.com.tr\/index.php?rest_route=\/wp\/v2\/media\/29291"}],"wp:attachment":[{"href":"https:\/\/esencepetrol.com.tr\/index.php?rest_route=%2Fwp%2Fv2%2Fmedia&parent=29272"}],"wp:term":[{"taxonomy":"product_brand","embeddable":true,"href":"https:\/\/esencepetrol.com.tr\/index.php?rest_route=%2Fwp%2Fv2%2Fproduct_brand&post=29272"},{"taxonomy":"product_cat","embeddable":true,"href":"https:\/\/esencepetrol.com.tr\/index.php?rest_route=%2Fwp%2Fv2%2Fproduct_cat&post=29272"},{"taxonomy":"product_tag","embeddable":true,"href":"https:\/\/esencepetrol.com.tr\/index.php?rest_route=%2Fwp%2Fv2%2Fproduct_tag&post=29272"}],"curies":[{"name":"wp","href":"https:\/\/api.w.org\/{rel}","templated":true}]}}