{"id":29327,"date":"2026-01-29T03:36:35","date_gmt":"2026-01-29T00:36:35","guid":{"rendered":"https:\/\/gold-elephant-732754.hostingersite.com\/?post_type=product&#038;p=29327"},"modified":"2026-01-29T03:38:18","modified_gmt":"2026-01-29T00:38:18","slug":"makarali-sistem-yakit-tanklari","status":"publish","type":"product","link":"https:\/\/esencepetrol.com.tr\/?product=makarali-sistem-yakit-tanklari","title":{"rendered":"Makaral\u0131 Sistem Yak\u0131t Tanklar\u0131"},"content":{"rendered":"\t\t<div data-elementor-type=\"wp-post\" data-elementor-id=\"29327\" class=\"elementor elementor-29327\">\n\t\t\t\t<div class=\"wd-negative-gap elementor-element elementor-element-53eea44 e-flex e-con-boxed e-con e-parent\" data-id=\"53eea44\" data-element_type=\"container\" data-e-type=\"container\">\n\t\t\t\t\t<div class=\"e-con-inner\">\n\t\t<div class=\"elementor-element elementor-element-cc8e042 e-con-full e-flex e-con e-child\" data-id=\"cc8e042\" data-element_type=\"container\" data-e-type=\"container\">\n\t\t\t\t<div class=\"elementor-element elementor-element-4a8a87a elementor-widget elementor-widget-wd_text_block\" data-id=\"4a8a87a\" data-element_type=\"widget\" data-e-type=\"widget\" data-widget_type=\"wd_text_block.default\">\n\t\t\t\t<div class=\"elementor-widget-container\">\n\t\t\t\t\t\t\t<div class=\"wd-text-block reset-last-child text-left\">\n\t\t\t\n\t\t\t<p>Kullan\u0131lan malzemeler ve t\u00fcm ba\u011flant\u0131 \u00fcr\u00fcnleri akaryak\u0131ta uyumlu \u015fekilde imal edilmektedir.<\/p>\n\t\t\t\t\t<\/div>\n\t\t\t\t\t\t<\/div>\n\t\t\t\t<\/div>\n\t\t\t\t<\/div>\n\t\t<div class=\"elementor-element elementor-element-2136194 e-con-full e-flex e-con e-child\" data-id=\"2136194\" data-element_type=\"container\" data-e-type=\"container\">\n\t\t\t\t<div class=\"elementor-element elementor-element-0afafa8 elementor-widget elementor-widget-wd_text_block\" data-id=\"0afafa8\" data-element_type=\"widget\" data-e-type=\"widget\" data-widget_type=\"wd_text_block.default\">\n\t\t\t\t<div class=\"elementor-widget-container\">\n\t\t\t\t\t\t\t<div class=\"wd-text-block reset-last-child text-left\">\n\t\t\t\n\t\t\t\n\t\t\t\t\t<\/div>\n\t\t\t\t\t\t<\/div>\n\t\t\t\t<\/div>\n\t\t\t\t<\/div>\n\t\t\t\t\t<\/div>\n\t\t\t\t<\/div>\n\t\t<div class=\"wd-negative-gap elementor-element elementor-element-97bbd85 e-flex e-con-boxed e-con e-parent\" data-id=\"97bbd85\" data-element_type=\"container\" data-e-type=\"container\">\n\t\t\t\t\t<div class=\"e-con-inner\">\n\t\t\t\t\t<\/div>\n\t\t\t\t<\/div>\n\t\t\t\t<\/div>\n\t\t","protected":false},"excerpt":{"rendered":"<p>Tanklar yatay eksen tipinde ve silindirik olarak imal edilmekte olup, S 235 JR (EN 10025) \u00e7elik karbon saclar\u0131n k\u0131vr\u0131lmas\u0131 ile birbirine birle\u015ftirilerek \u00fcretilir. \u00dcr\u00fcn alt\u0131 ayak kenarlar\u0131 i\u00e7ten destekli metaller ile yanlar\u0131 komple sac ile kapat\u0131l\u0131r. Ayr\u0131ca tank \u00f6n\u00fcne tank boyutunda sac k\u0131vr\u0131larak pompa odas\u0131 yap\u0131l\u0131r. Pompa odas\u0131 kap\u0131s\u0131 m\u00fc\u015fteri iste\u011fine g\u00f6re kilitlenebilir sac kepenk veya metal kap\u0131dan imal edilir. Bu tank tipi mobil istasyonlar aras\u0131nda en g\u00fcvenlikli ve en kullan\u0131\u015fl\u0131 olma \u00f6zelli\u011fine sahiptir. kullan\u0131lan malzemeler ve t\u00fcm ba\u011flant\u0131 \u00fcr\u00fcnleri akaryak\u0131t \u00fcr\u00fcnlerine uyumlu \u015fekilde imal edilmektedir. \u00dcr\u00fcnler pas \u00f6nleyici astar ve son iki kat boya ile kaplanarak m\u00fc\u015fterilere teslim edilir. Ayr\u0131ca Bu \u00fcr\u00fcn dispanser ile donat\u0131larak yak\u0131t ak\u0131\u015fkanl\u0131\u011f\u0131 sa\u011flan\u0131r. Pompa ba\u011flant\u0131lar\u0131 ve elektrik aksamlar\u0131 haz\u0131r halde m\u00fc\u015fteriye teslim edilir.<\/p>\n<p>Fabrikalara, \u015fantiyelere, maden ocaklar\u0131na, \u00e7iftliklere, ara\u00e7 filosu sahibi firmalara ve lojistik firmalara pratik, g\u00fcvenilir ve kullan\u0131\u015f kolayl\u0131\u011f\u0131 \u00e7\u00f6z\u00fcmleri sunuyor.<\/p>\n","protected":false},"featured_media":29338,"template":"","meta":[],"product_brand":[88],"product_cat":[86,89],"product_tag":[],"class_list":{"0":"post-29327","1":"product","2":"type-product","3":"status-publish","4":"has-post-thumbnail","6":"product_brand-ems","7":"product_cat-yakit-tanklari","8":"product_cat-mobil-yerustu-yakit-tanklari","10":"first","11":"instock","12":"shipping-taxable","13":"product-type-simple"},"yoast_head":"<!-- This site is optimized with the Yoast SEO plugin v26.9 - https:\/\/yoast.com\/product\/yoast-seo-wordpress\/ -->\n<title>Makaral\u0131 Sistem Yak\u0131t Tanklar\u0131 - Esence Petrol - Petrol Ofisi<\/title>\n<meta name=\"robots\" content=\"index, follow, max-snippet:-1, max-image-preview:large, max-video-preview:-1\" \/>\n<link rel=\"canonical\" href=\"https:\/\/esencepetrol.com.tr\/?product=makarali-sistem-yakit-tanklari\" \/>\n<meta property=\"og:locale\" content=\"tr_TR\" \/>\n<meta property=\"og:type\" content=\"article\" \/>\n<meta property=\"og:title\" content=\"Makaral\u0131 Sistem Yak\u0131t Tanklar\u0131 - Esence Petrol - Petrol Ofisi\" \/>\n<meta property=\"og:description\" content=\"Tanklar yatay eksen tipinde ve silindirik olarak imal edilmekte olup, S 235 JR (EN 10025) \u00e7elik karbon saclar\u0131n k\u0131vr\u0131lmas\u0131 ile birbirine birle\u015ftirilerek \u00fcretilir. \u00dcr\u00fcn alt\u0131 ayak kenarlar\u0131 i\u00e7ten destekli metaller ile yanlar\u0131 komple sac ile kapat\u0131l\u0131r. Ayr\u0131ca tank \u00f6n\u00fcne tank boyutunda sac k\u0131vr\u0131larak pompa odas\u0131 yap\u0131l\u0131r. Pompa odas\u0131 kap\u0131s\u0131 m\u00fc\u015fteri iste\u011fine g\u00f6re kilitlenebilir sac kepenk veya metal kap\u0131dan imal edilir. Bu tank tipi mobil istasyonlar aras\u0131nda en g\u00fcvenlikli ve en kullan\u0131\u015fl\u0131 olma \u00f6zelli\u011fine sahiptir. kullan\u0131lan malzemeler ve t\u00fcm ba\u011flant\u0131 \u00fcr\u00fcnleri akaryak\u0131t \u00fcr\u00fcnlerine uyumlu \u015fekilde imal edilmektedir. \u00dcr\u00fcnler pas \u00f6nleyici astar ve son iki kat boya ile kaplanarak m\u00fc\u015fterilere teslim edilir. Ayr\u0131ca Bu \u00fcr\u00fcn dispanser ile donat\u0131larak yak\u0131t ak\u0131\u015fkanl\u0131\u011f\u0131 sa\u011flan\u0131r. Pompa ba\u011flant\u0131lar\u0131 ve elektrik aksamlar\u0131 haz\u0131r halde m\u00fc\u015fteriye teslim edilir.  Fabrikalara, \u015fantiyelere, maden ocaklar\u0131na, \u00e7iftliklere, ara\u00e7 filosu sahibi firmalara ve lojistik firmalara pratik, g\u00fcvenilir ve kullan\u0131\u015f kolayl\u0131\u011f\u0131 \u00e7\u00f6z\u00fcmleri sunuyor.\" \/>\n<meta property=\"og:url\" content=\"https:\/\/esencepetrol.com.tr\/?product=makarali-sistem-yakit-tanklari\" \/>\n<meta property=\"og:site_name\" content=\"Esence Petrol - Petrol Ofisi\" \/>\n<meta property=\"article:publisher\" content=\"https:\/\/www.facebook.com\/onur16uysal\" \/>\n<meta property=\"article:modified_time\" content=\"2026-01-29T00:38:18+00:00\" \/>\n<meta property=\"og:image\" content=\"https:\/\/esencepetrol.com.tr\/wp-content\/uploads\/2026\/01\/1595629510-makarali-sistem-yakit-tanklari.jpg\" \/>\n\t<meta property=\"og:image:width\" content=\"750\" \/>\n\t<meta property=\"og:image:height\" content=\"530\" \/>\n\t<meta property=\"og:image:type\" content=\"image\/jpeg\" \/>\n<meta name=\"twitter:card\" content=\"summary_large_image\" \/>\n<script type=\"application\/ld+json\" class=\"yoast-schema-graph\">{\"@context\":\"https:\/\/schema.org\",\"@graph\":[{\"@type\":\"WebPage\",\"@id\":\"https:\/\/esencepetrol.com.tr\/?product=makarali-sistem-yakit-tanklari\",\"url\":\"https:\/\/esencepetrol.com.tr\/?product=makarali-sistem-yakit-tanklari\",\"name\":\"Makaral\u0131 Sistem Yak\u0131t Tanklar\u0131 - Esence Petrol - Petrol Ofisi\",\"isPartOf\":{\"@id\":\"https:\/\/esencepetrol.com.tr\/#website\"},\"primaryImageOfPage\":{\"@id\":\"https:\/\/esencepetrol.com.tr\/?product=makarali-sistem-yakit-tanklari#primaryimage\"},\"image\":{\"@id\":\"https:\/\/esencepetrol.com.tr\/?product=makarali-sistem-yakit-tanklari#primaryimage\"},\"thumbnailUrl\":\"https:\/\/esencepetrol.com.tr\/wp-content\/uploads\/2026\/01\/1595629510-makarali-sistem-yakit-tanklari.jpg\",\"datePublished\":\"2026-01-29T00:36:35+00:00\",\"dateModified\":\"2026-01-29T00:38:18+00:00\",\"breadcrumb\":{\"@id\":\"https:\/\/esencepetrol.com.tr\/?product=makarali-sistem-yakit-tanklari#breadcrumb\"},\"inLanguage\":\"tr\",\"potentialAction\":[{\"@type\":\"ReadAction\",\"target\":[\"https:\/\/esencepetrol.com.tr\/?product=makarali-sistem-yakit-tanklari\"]}]},{\"@type\":\"ImageObject\",\"inLanguage\":\"tr\",\"@id\":\"https:\/\/esencepetrol.com.tr\/?product=makarali-sistem-yakit-tanklari#primaryimage\",\"url\":\"https:\/\/esencepetrol.com.tr\/wp-content\/uploads\/2026\/01\/1595629510-makarali-sistem-yakit-tanklari.jpg\",\"contentUrl\":\"https:\/\/esencepetrol.com.tr\/wp-content\/uploads\/2026\/01\/1595629510-makarali-sistem-yakit-tanklari.jpg\",\"width\":750,\"height\":530},{\"@type\":\"BreadcrumbList\",\"@id\":\"https:\/\/esencepetrol.com.tr\/?product=makarali-sistem-yakit-tanklari#breadcrumb\",\"itemListElement\":[{\"@type\":\"ListItem\",\"position\":1,\"name\":\"Home\",\"item\":\"https:\/\/esencepetrol.com.tr\/\"},{\"@type\":\"ListItem\",\"position\":2,\"name\":\"Ma\u011faza\",\"item\":\"https:\/\/esencepetrol.com.tr\/?page_id=47\"},{\"@type\":\"ListItem\",\"position\":3,\"name\":\"Makaral\u0131 Sistem Yak\u0131t Tanklar\u0131\"}]},{\"@type\":\"WebSite\",\"@id\":\"https:\/\/esencepetrol.com.tr\/#website\",\"url\":\"https:\/\/esencepetrol.com.tr\/\",\"name\":\"Esence Petrol - Petrol Ofisi\",\"description\":\"Denizden Karaya, Tarladan \u015eantiyeye Kesintisiz Enerji\",\"publisher\":{\"@id\":\"https:\/\/esencepetrol.com.tr\/#organization\"},\"potentialAction\":[{\"@type\":\"SearchAction\",\"target\":{\"@type\":\"EntryPoint\",\"urlTemplate\":\"https:\/\/esencepetrol.com.tr\/?s={search_term_string}\"},\"query-input\":{\"@type\":\"PropertyValueSpecification\",\"valueRequired\":true,\"valueName\":\"search_term_string\"}}],\"inLanguage\":\"tr\"},{\"@type\":\"Organization\",\"@id\":\"https:\/\/esencepetrol.com.tr\/#organization\",\"name\":\"Esence Petrol - Petrol Ofisi\",\"url\":\"https:\/\/esencepetrol.com.tr\/\",\"logo\":{\"@type\":\"ImageObject\",\"inLanguage\":\"tr\",\"@id\":\"https:\/\/esencepetrol.com.tr\/#\/schema\/logo\/image\/\",\"url\":\"https:\/\/esencepetrol.com.tr\/wp-content\/uploads\/2026\/01\/esence-favicon.png\",\"contentUrl\":\"https:\/\/esencepetrol.com.tr\/wp-content\/uploads\/2026\/01\/esence-favicon.png\",\"width\":512,\"height\":512,\"caption\":\"Esence Petrol - Petrol Ofisi\"},\"image\":{\"@id\":\"https:\/\/esencepetrol.com.tr\/#\/schema\/logo\/image\/\"},\"sameAs\":[\"https:\/\/www.facebook.com\/onur16uysal\",\"https:\/\/www.instagram.com\/esence__petrol\"]}]}<\/script>\n<!-- \/ Yoast SEO plugin. -->","yoast_head_json":{"title":"Makaral\u0131 Sistem Yak\u0131t Tanklar\u0131 - Esence Petrol - Petrol Ofisi","robots":{"index":"index","follow":"follow","max-snippet":"max-snippet:-1","max-image-preview":"max-image-preview:large","max-video-preview":"max-video-preview:-1"},"canonical":"https:\/\/esencepetrol.com.tr\/?product=makarali-sistem-yakit-tanklari","og_locale":"tr_TR","og_type":"article","og_title":"Makaral\u0131 Sistem Yak\u0131t Tanklar\u0131 - Esence Petrol - Petrol Ofisi","og_description":"Tanklar yatay eksen tipinde ve silindirik olarak imal edilmekte olup, S 235 JR (EN 10025) \u00e7elik karbon saclar\u0131n k\u0131vr\u0131lmas\u0131 ile birbirine birle\u015ftirilerek \u00fcretilir. \u00dcr\u00fcn alt\u0131 ayak kenarlar\u0131 i\u00e7ten destekli metaller ile yanlar\u0131 komple sac ile kapat\u0131l\u0131r. Ayr\u0131ca tank \u00f6n\u00fcne tank boyutunda sac k\u0131vr\u0131larak pompa odas\u0131 yap\u0131l\u0131r. Pompa odas\u0131 kap\u0131s\u0131 m\u00fc\u015fteri iste\u011fine g\u00f6re kilitlenebilir sac kepenk veya metal kap\u0131dan imal edilir. Bu tank tipi mobil istasyonlar aras\u0131nda en g\u00fcvenlikli ve en kullan\u0131\u015fl\u0131 olma \u00f6zelli\u011fine sahiptir. kullan\u0131lan malzemeler ve t\u00fcm ba\u011flant\u0131 \u00fcr\u00fcnleri akaryak\u0131t \u00fcr\u00fcnlerine uyumlu \u015fekilde imal edilmektedir. \u00dcr\u00fcnler pas \u00f6nleyici astar ve son iki kat boya ile kaplanarak m\u00fc\u015fterilere teslim edilir. Ayr\u0131ca Bu \u00fcr\u00fcn dispanser ile donat\u0131larak yak\u0131t ak\u0131\u015fkanl\u0131\u011f\u0131 sa\u011flan\u0131r. Pompa ba\u011flant\u0131lar\u0131 ve elektrik aksamlar\u0131 haz\u0131r halde m\u00fc\u015fteriye teslim edilir.  Fabrikalara, \u015fantiyelere, maden ocaklar\u0131na, \u00e7iftliklere, ara\u00e7 filosu sahibi firmalara ve lojistik firmalara pratik, g\u00fcvenilir ve kullan\u0131\u015f kolayl\u0131\u011f\u0131 \u00e7\u00f6z\u00fcmleri sunuyor.","og_url":"https:\/\/esencepetrol.com.tr\/?product=makarali-sistem-yakit-tanklari","og_site_name":"Esence Petrol - Petrol Ofisi","article_publisher":"https:\/\/www.facebook.com\/onur16uysal","article_modified_time":"2026-01-29T00:38:18+00:00","og_image":[{"width":750,"height":530,"url":"https:\/\/esencepetrol.com.tr\/wp-content\/uploads\/2026\/01\/1595629510-makarali-sistem-yakit-tanklari.jpg","type":"image\/jpeg"}],"twitter_card":"summary_large_image","schema":{"@context":"https:\/\/schema.org","@graph":[{"@type":"WebPage","@id":"https:\/\/esencepetrol.com.tr\/?product=makarali-sistem-yakit-tanklari","url":"https:\/\/esencepetrol.com.tr\/?product=makarali-sistem-yakit-tanklari","name":"Makaral\u0131 Sistem Yak\u0131t Tanklar\u0131 - Esence Petrol - Petrol Ofisi","isPartOf":{"@id":"https:\/\/esencepetrol.com.tr\/#website"},"primaryImageOfPage":{"@id":"https:\/\/esencepetrol.com.tr\/?product=makarali-sistem-yakit-tanklari#primaryimage"},"image":{"@id":"https:\/\/esencepetrol.com.tr\/?product=makarali-sistem-yakit-tanklari#primaryimage"},"thumbnailUrl":"https:\/\/esencepetrol.com.tr\/wp-content\/uploads\/2026\/01\/1595629510-makarali-sistem-yakit-tanklari.jpg","datePublished":"2026-01-29T00:36:35+00:00","dateModified":"2026-01-29T00:38:18+00:00","breadcrumb":{"@id":"https:\/\/esencepetrol.com.tr\/?product=makarali-sistem-yakit-tanklari#breadcrumb"},"inLanguage":"tr","potentialAction":[{"@type":"ReadAction","target":["https:\/\/esencepetrol.com.tr\/?product=makarali-sistem-yakit-tanklari"]}]},{"@type":"ImageObject","inLanguage":"tr","@id":"https:\/\/esencepetrol.com.tr\/?product=makarali-sistem-yakit-tanklari#primaryimage","url":"https:\/\/esencepetrol.com.tr\/wp-content\/uploads\/2026\/01\/1595629510-makarali-sistem-yakit-tanklari.jpg","contentUrl":"https:\/\/esencepetrol.com.tr\/wp-content\/uploads\/2026\/01\/1595629510-makarali-sistem-yakit-tanklari.jpg","width":750,"height":530},{"@type":"BreadcrumbList","@id":"https:\/\/esencepetrol.com.tr\/?product=makarali-sistem-yakit-tanklari#breadcrumb","itemListElement":[{"@type":"ListItem","position":1,"name":"Home","item":"https:\/\/esencepetrol.com.tr\/"},{"@type":"ListItem","position":2,"name":"Ma\u011faza","item":"https:\/\/esencepetrol.com.tr\/?page_id=47"},{"@type":"ListItem","position":3,"name":"Makaral\u0131 Sistem Yak\u0131t Tanklar\u0131"}]},{"@type":"WebSite","@id":"https:\/\/esencepetrol.com.tr\/#website","url":"https:\/\/esencepetrol.com.tr\/","name":"Esence Petrol - Petrol Ofisi","description":"Denizden Karaya, Tarladan \u015eantiyeye Kesintisiz Enerji","publisher":{"@id":"https:\/\/esencepetrol.com.tr\/#organization"},"potentialAction":[{"@type":"SearchAction","target":{"@type":"EntryPoint","urlTemplate":"https:\/\/esencepetrol.com.tr\/?s={search_term_string}"},"query-input":{"@type":"PropertyValueSpecification","valueRequired":true,"valueName":"search_term_string"}}],"inLanguage":"tr"},{"@type":"Organization","@id":"https:\/\/esencepetrol.com.tr\/#organization","name":"Esence Petrol - Petrol Ofisi","url":"https:\/\/esencepetrol.com.tr\/","logo":{"@type":"ImageObject","inLanguage":"tr","@id":"https:\/\/esencepetrol.com.tr\/#\/schema\/logo\/image\/","url":"https:\/\/esencepetrol.com.tr\/wp-content\/uploads\/2026\/01\/esence-favicon.png","contentUrl":"https:\/\/esencepetrol.com.tr\/wp-content\/uploads\/2026\/01\/esence-favicon.png","width":512,"height":512,"caption":"Esence Petrol - Petrol Ofisi"},"image":{"@id":"https:\/\/esencepetrol.com.tr\/#\/schema\/logo\/image\/"},"sameAs":["https:\/\/www.facebook.com\/onur16uysal","https:\/\/www.instagram.com\/esence__petrol"]}]}},"_links":{"self":[{"href":"https:\/\/esencepetrol.com.tr\/index.php?rest_route=\/wp\/v2\/product\/29327","targetHints":{"allow":["GET"]}}],"collection":[{"href":"https:\/\/esencepetrol.com.tr\/index.php?rest_route=\/wp\/v2\/product"}],"about":[{"href":"https:\/\/esencepetrol.com.tr\/index.php?rest_route=\/wp\/v2\/types\/product"}],"version-history":[{"count":4,"href":"https:\/\/esencepetrol.com.tr\/index.php?rest_route=\/wp\/v2\/product\/29327\/revisions"}],"predecessor-version":[{"id":29342,"href":"https:\/\/esencepetrol.com.tr\/index.php?rest_route=\/wp\/v2\/product\/29327\/revisions\/29342"}],"wp:featuredmedia":[{"embeddable":true,"href":"https:\/\/esencepetrol.com.tr\/index.php?rest_route=\/wp\/v2\/media\/29338"}],"wp:attachment":[{"href":"https:\/\/esencepetrol.com.tr\/index.php?rest_route=%2Fwp%2Fv2%2Fmedia&parent=29327"}],"wp:term":[{"taxonomy":"product_brand","embeddable":true,"href":"https:\/\/esencepetrol.com.tr\/index.php?rest_route=%2Fwp%2Fv2%2Fproduct_brand&post=29327"},{"taxonomy":"product_cat","embeddable":true,"href":"https:\/\/esencepetrol.com.tr\/index.php?rest_route=%2Fwp%2Fv2%2Fproduct_cat&post=29327"},{"taxonomy":"product_tag","embeddable":true,"href":"https:\/\/esencepetrol.com.tr\/index.php?rest_route=%2Fwp%2Fv2%2Fproduct_tag&post=29327"}],"curies":[{"name":"wp","href":"https:\/\/api.w.org\/{rel}","templated":true}]}}