{"id":29343,"date":"2026-01-29T03:38:48","date_gmt":"2026-01-29T00:38:48","guid":{"rendered":"https:\/\/gold-elephant-732754.hostingersite.com\/?post_type=product&#038;p=29343"},"modified":"2026-01-29T03:41:37","modified_gmt":"2026-01-29T00:41:37","slug":"konteyner-sistemli-tanklar","status":"publish","type":"product","link":"https:\/\/esencepetrol.com.tr\/?product=konteyner-sistemli-tanklar","title":{"rendered":"Konteyner Sistemli Tanklar"},"content":{"rendered":"\t\t<div data-elementor-type=\"wp-post\" data-elementor-id=\"29343\" class=\"elementor elementor-29343\">\n\t\t\t\t<div class=\"wd-negative-gap elementor-element elementor-element-53eea44 e-flex e-con-boxed e-con e-parent\" data-id=\"53eea44\" data-element_type=\"container\" data-e-type=\"container\">\n\t\t\t\t\t<div class=\"e-con-inner\">\n\t\t<div class=\"elementor-element elementor-element-cc8e042 e-con-full e-flex e-con e-child\" data-id=\"cc8e042\" data-element_type=\"container\" data-e-type=\"container\">\n\t\t\t\t<div class=\"elementor-element elementor-element-4a8a87a elementor-widget elementor-widget-wd_text_block\" data-id=\"4a8a87a\" data-element_type=\"widget\" data-e-type=\"widget\" data-widget_type=\"wd_text_block.default\">\n\t\t\t\t<div class=\"elementor-widget-container\">\n\t\t\t\t\t\t\t<div class=\"wd-text-block reset-last-child text-left\">\n\t\t\t\n\t\t\t<p><strong>TEMEL \u00d6ZELL\u0130KLER ;\u00a0<\/strong><\/p><p>* \u00dcr\u00fcn karesel olup, tek cidar ve g\u00fc\u00e7lendirilmi\u015f \u015faseden imal edilmektedir.<\/p><p>* Pompa dairesine giri\u015f kepenk sistemli olup \u00e7ift asma kilit\u00a0 anahtarl\u0131d\u0131r.<\/p><p>* Pompa Odas\u0131 b\u00f6l\u00fcm\u00fcnde kaymamazl\u0131\u011f\u0131 sa\u011flayan \u00f6zel malzeme kullan\u0131lmaktad\u0131r.<\/p><p>* Pompa odas\u0131 i\u00e7inde ayd\u0131nlatma Lamba, anahtar, acil stop (EX-PROOF) yer almaktad\u0131r.<\/p><p>* Konteyner \u00fcst kaplamas\u0131na \u0131s\u0131 yal\u0131t\u0131m uygulan\u0131p oluklu sac ile muhafaza edilir.<\/p><p>* 4 veya 8 adet k\u00f6\u015fe kald\u0131rma \u00fcnitesi bulunmaktad\u0131r.<\/p><p>* Menhol kapa\u011f\u0131 (insan giri\u015fi) c\u0131vatal\u0131 ve contal\u0131<\/p><p>* Menhol kapa\u011f\u0131 eri\u015fim merdiveni<\/p><p>* Alttan Basmal\u0131 Al\u00fcminyum Adapt\u00f6rl\u00fc Kilitli Dolup Kapa\u011f\u0131,\u00a0<\/p><p>* Drain Sistemi ( Su, pislik ve periyodik bak\u0131m tahliyesi)<\/p><p>* Alev tutucu ve tank i\u00e7inde s\u0131k\u0131\u015fabilecek buhar\u0131 \u00f6nlemek i\u00e7in tank nefesli\u011fi,<\/p><p>* k\u00fcresel vanal\u0131 emme hatt\u0131 ve s\u00fczge\u00e7<\/p><p>* Seviye g\u00f6stergeli mekanik veya dijital<\/p><p>* Topraklama noktas\u0131<\/p>\n\t\t\t\t\t<\/div>\n\t\t\t\t\t\t<\/div>\n\t\t\t\t<\/div>\n\t\t\t\t<\/div>\n\t\t\t\t<div class=\"elementor-element elementor-element-32c05a1 color-scheme-inherit text-left elementor-widget elementor-widget-text-editor\" data-id=\"32c05a1\" data-element_type=\"widget\" data-e-type=\"widget\" data-widget_type=\"text-editor.default\">\n\t\t\t\t\t\t\t\t\t<table class=\"table table-responsive table-bordered\"><tbody><tr><td colspan=\"2\" bgcolor=\"e4a82e\"><span style=\"color: #ffffff;\"><strong>MODELLER<\/strong><\/span><\/td><\/tr><tr><td>EMS 10&#8242; + 1 FT + 1 PR<\/td><td>10.000 lt kapasiteli + Pompa Odas\u0131<\/td><\/tr><tr><td>EMS 20&#8242; + 1 FT + 1 PR<\/td><td>20.000 lt kapasiteli + Pompa Odas\u0131 + Ofis<\/td><\/tr><tr><td>EMS 20&#8242; + 1 FT + 1 PR + 10<\/td><td>20.000 lt kapasiteli + Pompa Odas\u0131 + Ofis<\/td><\/tr><tr><td>EMS 20&#8242; + 2 FT + 1 PR<\/td><td>12.000 lt kapasiteli \u00e7ift tank + Pompa Odas\u0131<\/td><\/tr><tr><td>EMS 20 + 2 FT + 1 PR + 1 OR<\/td><td>10.000 lt kapasiteli \u00e7ift tank + Pompa Odas\u0131 + Ofis<\/td><\/tr><tr><td colspan=\"2\">\u00a0<\/td><\/tr><tr><td>EMS 40&#8242; + 1 FT + 1 PR<\/td><td>50.000 lt kapasiteli+ Pompa Odas\u0131<\/td><\/tr><tr><td>EMS 40&#8242; + 1 FT + 1 PR + 1 OR<\/td><td>40.000 lt kapasiteli + Pompa Odas\u0131 + Ofis<\/td><\/tr><tr><td>EMS 40&#8242; + 2 FT + 1 PR<\/td><td>25.000 lt kapasiteli \u00e7ift tank + Pompa Odas\u0131<\/td><\/tr><tr><td>EMS 40&#8242; + 2 FT + 1 PR + 1 OR<\/td><td>20.000 lt kapasiteli \u00e7ift tank + Pompa Odas\u0131 + Ofis<\/td><\/tr><tr><td colspan=\"2\">\u00a0<\/td><\/tr><tr><td>EMS 40 H&#8217; + 1 FT + 1 PR<\/td><td>60.000 lt kapasiteli+ Pompa Odas\u0131<\/td><\/tr><tr><td>EMS 40 H&#8217; + 1 FT + 1 PR + 1 OR<\/td><td>50.000 lt kapasiteli + Pompa Odas\u0131 + Ofis<\/td><\/tr><tr><td>EMS 40 H&#8217; + 2 FT + 1 PR<\/td><td>30.000 lt kapasiteli \u00e7ift tank + Pompa Odas\u0131<\/td><\/tr><tr><td>EMS 40 H&#8217; + 2 FT + 1 PR + 1 OR<\/td><td>25.000 lt kapasiteli \u00e7ift tank + Pompa Odas\u0131 + Ofis<\/td><\/tr><\/tbody><\/table>\t\t\t\t\t\t\t\t<\/div>\n\t\t\t\t\t<\/div>\n\t\t\t\t<\/div>\n\t\t<div class=\"wd-negative-gap elementor-element elementor-element-97bbd85 e-flex e-con-boxed e-con e-parent\" data-id=\"97bbd85\" data-element_type=\"container\" data-e-type=\"container\">\n\t\t\t\t\t<div class=\"e-con-inner\">\n\t\t\t\t\t<\/div>\n\t\t\t\t<\/div>\n\t\t\t\t<\/div>\n\t\t","protected":false},"excerpt":{"rendered":"<p>Konteyner\u00a0 Sistemli Tanklar :<\/p>\n<p>\u00dcr\u00fcn kapasiteleri deniz ve kara yolu ta\u015f\u0131mac\u0131l\u0131\u011f\u0131na uygun olarak tasarlanm\u0131\u015f olup , benzin veya motorin\u00a0 depolamas\u0131na uygundur. Tanklar genelde iki ana b\u00f6lmeden olu\u015fur. Bir taraf\u0131 tank di\u011fer taraf\u0131 ise trasfer pompalar\u0131 veya\u00a0 end\u00fcrtiyel ekipmanlar\u0131 yer ald\u0131\u011f\u0131 oda olarak tasarlan\u0131r.<\/p>\n","protected":false},"featured_media":29345,"template":"","meta":[],"product_brand":[88],"product_cat":[89,86],"product_tag":[],"class_list":{"0":"post-29343","1":"product","2":"type-product","3":"status-publish","4":"has-post-thumbnail","6":"product_brand-ems","7":"product_cat-mobil-yerustu-yakit-tanklari","8":"product_cat-yakit-tanklari","10":"first","11":"instock","12":"shipping-taxable","13":"product-type-simple"},"yoast_head":"<!-- This site is optimized with the Yoast SEO plugin v26.9 - https:\/\/yoast.com\/product\/yoast-seo-wordpress\/ -->\n<title>Konteyner Sistemli Tanklar - Esence Petrol - Petrol Ofisi<\/title>\n<meta name=\"robots\" content=\"index, follow, max-snippet:-1, max-image-preview:large, max-video-preview:-1\" \/>\n<link rel=\"canonical\" href=\"https:\/\/esencepetrol.com.tr\/?product=konteyner-sistemli-tanklar\" \/>\n<meta property=\"og:locale\" content=\"tr_TR\" \/>\n<meta property=\"og:type\" content=\"article\" \/>\n<meta property=\"og:title\" content=\"Konteyner Sistemli Tanklar - Esence Petrol - Petrol Ofisi\" \/>\n<meta property=\"og:description\" content=\"Konteyner\u00a0 Sistemli Tanklar :  \u00dcr\u00fcn kapasiteleri deniz ve kara yolu ta\u015f\u0131mac\u0131l\u0131\u011f\u0131na uygun olarak tasarlanm\u0131\u015f olup , benzin veya motorin\u00a0 depolamas\u0131na uygundur. Tanklar genelde iki ana b\u00f6lmeden olu\u015fur. Bir taraf\u0131 tank di\u011fer taraf\u0131 ise trasfer pompalar\u0131 veya\u00a0 end\u00fcrtiyel ekipmanlar\u0131 yer ald\u0131\u011f\u0131 oda olarak tasarlan\u0131r.\" \/>\n<meta property=\"og:url\" content=\"https:\/\/esencepetrol.com.tr\/?product=konteyner-sistemli-tanklar\" \/>\n<meta property=\"og:site_name\" content=\"Esence Petrol - Petrol Ofisi\" \/>\n<meta property=\"article:publisher\" content=\"https:\/\/www.facebook.com\/onur16uysal\" \/>\n<meta property=\"article:modified_time\" content=\"2026-01-29T00:41:37+00:00\" \/>\n<meta property=\"og:image\" content=\"https:\/\/esencepetrol.com.tr\/wp-content\/uploads\/2026\/01\/1591019380-DUAyS-ems-endustri.jpg\" \/>\n\t<meta property=\"og:image:width\" content=\"750\" \/>\n\t<meta property=\"og:image:height\" content=\"530\" \/>\n\t<meta property=\"og:image:type\" content=\"image\/jpeg\" \/>\n<meta name=\"twitter:card\" content=\"summary_large_image\" \/>\n<meta name=\"twitter:label1\" content=\"Tahmini okuma s\u00fcresi\" \/>\n\t<meta name=\"twitter:data1\" content=\"1 dakika\" \/>\n<script type=\"application\/ld+json\" class=\"yoast-schema-graph\">{\"@context\":\"https:\/\/schema.org\",\"@graph\":[{\"@type\":\"WebPage\",\"@id\":\"https:\/\/esencepetrol.com.tr\/?product=konteyner-sistemli-tanklar\",\"url\":\"https:\/\/esencepetrol.com.tr\/?product=konteyner-sistemli-tanklar\",\"name\":\"Konteyner Sistemli Tanklar - Esence Petrol - Petrol Ofisi\",\"isPartOf\":{\"@id\":\"https:\/\/esencepetrol.com.tr\/#website\"},\"primaryImageOfPage\":{\"@id\":\"https:\/\/esencepetrol.com.tr\/?product=konteyner-sistemli-tanklar#primaryimage\"},\"image\":{\"@id\":\"https:\/\/esencepetrol.com.tr\/?product=konteyner-sistemli-tanklar#primaryimage\"},\"thumbnailUrl\":\"https:\/\/esencepetrol.com.tr\/wp-content\/uploads\/2026\/01\/1591019380-DUAyS-ems-endustri.jpg\",\"datePublished\":\"2026-01-29T00:38:48+00:00\",\"dateModified\":\"2026-01-29T00:41:37+00:00\",\"breadcrumb\":{\"@id\":\"https:\/\/esencepetrol.com.tr\/?product=konteyner-sistemli-tanklar#breadcrumb\"},\"inLanguage\":\"tr\",\"potentialAction\":[{\"@type\":\"ReadAction\",\"target\":[\"https:\/\/esencepetrol.com.tr\/?product=konteyner-sistemli-tanklar\"]}]},{\"@type\":\"ImageObject\",\"inLanguage\":\"tr\",\"@id\":\"https:\/\/esencepetrol.com.tr\/?product=konteyner-sistemli-tanklar#primaryimage\",\"url\":\"https:\/\/esencepetrol.com.tr\/wp-content\/uploads\/2026\/01\/1591019380-DUAyS-ems-endustri.jpg\",\"contentUrl\":\"https:\/\/esencepetrol.com.tr\/wp-content\/uploads\/2026\/01\/1591019380-DUAyS-ems-endustri.jpg\",\"width\":750,\"height\":530},{\"@type\":\"BreadcrumbList\",\"@id\":\"https:\/\/esencepetrol.com.tr\/?product=konteyner-sistemli-tanklar#breadcrumb\",\"itemListElement\":[{\"@type\":\"ListItem\",\"position\":1,\"name\":\"Home\",\"item\":\"https:\/\/esencepetrol.com.tr\/\"},{\"@type\":\"ListItem\",\"position\":2,\"name\":\"Ma\u011faza\",\"item\":\"https:\/\/esencepetrol.com.tr\/?page_id=47\"},{\"@type\":\"ListItem\",\"position\":3,\"name\":\"Konteyner Sistemli Tanklar\"}]},{\"@type\":\"WebSite\",\"@id\":\"https:\/\/esencepetrol.com.tr\/#website\",\"url\":\"https:\/\/esencepetrol.com.tr\/\",\"name\":\"Esence Petrol - Petrol Ofisi\",\"description\":\"Denizden Karaya, Tarladan \u015eantiyeye Kesintisiz Enerji\",\"publisher\":{\"@id\":\"https:\/\/esencepetrol.com.tr\/#organization\"},\"potentialAction\":[{\"@type\":\"SearchAction\",\"target\":{\"@type\":\"EntryPoint\",\"urlTemplate\":\"https:\/\/esencepetrol.com.tr\/?s={search_term_string}\"},\"query-input\":{\"@type\":\"PropertyValueSpecification\",\"valueRequired\":true,\"valueName\":\"search_term_string\"}}],\"inLanguage\":\"tr\"},{\"@type\":\"Organization\",\"@id\":\"https:\/\/esencepetrol.com.tr\/#organization\",\"name\":\"Esence Petrol - Petrol Ofisi\",\"url\":\"https:\/\/esencepetrol.com.tr\/\",\"logo\":{\"@type\":\"ImageObject\",\"inLanguage\":\"tr\",\"@id\":\"https:\/\/esencepetrol.com.tr\/#\/schema\/logo\/image\/\",\"url\":\"https:\/\/esencepetrol.com.tr\/wp-content\/uploads\/2026\/01\/esence-favicon.png\",\"contentUrl\":\"https:\/\/esencepetrol.com.tr\/wp-content\/uploads\/2026\/01\/esence-favicon.png\",\"width\":512,\"height\":512,\"caption\":\"Esence Petrol - Petrol Ofisi\"},\"image\":{\"@id\":\"https:\/\/esencepetrol.com.tr\/#\/schema\/logo\/image\/\"},\"sameAs\":[\"https:\/\/www.facebook.com\/onur16uysal\",\"https:\/\/www.instagram.com\/esence__petrol\"]}]}<\/script>\n<!-- \/ Yoast SEO plugin. -->","yoast_head_json":{"title":"Konteyner Sistemli Tanklar - Esence Petrol - Petrol Ofisi","robots":{"index":"index","follow":"follow","max-snippet":"max-snippet:-1","max-image-preview":"max-image-preview:large","max-video-preview":"max-video-preview:-1"},"canonical":"https:\/\/esencepetrol.com.tr\/?product=konteyner-sistemli-tanklar","og_locale":"tr_TR","og_type":"article","og_title":"Konteyner Sistemli Tanklar - Esence Petrol - Petrol Ofisi","og_description":"Konteyner\u00a0 Sistemli Tanklar :  \u00dcr\u00fcn kapasiteleri deniz ve kara yolu ta\u015f\u0131mac\u0131l\u0131\u011f\u0131na uygun olarak tasarlanm\u0131\u015f olup , benzin veya motorin\u00a0 depolamas\u0131na uygundur. Tanklar genelde iki ana b\u00f6lmeden olu\u015fur. Bir taraf\u0131 tank di\u011fer taraf\u0131 ise trasfer pompalar\u0131 veya\u00a0 end\u00fcrtiyel ekipmanlar\u0131 yer ald\u0131\u011f\u0131 oda olarak tasarlan\u0131r.","og_url":"https:\/\/esencepetrol.com.tr\/?product=konteyner-sistemli-tanklar","og_site_name":"Esence Petrol - Petrol Ofisi","article_publisher":"https:\/\/www.facebook.com\/onur16uysal","article_modified_time":"2026-01-29T00:41:37+00:00","og_image":[{"width":750,"height":530,"url":"https:\/\/esencepetrol.com.tr\/wp-content\/uploads\/2026\/01\/1591019380-DUAyS-ems-endustri.jpg","type":"image\/jpeg"}],"twitter_card":"summary_large_image","twitter_misc":{"Tahmini okuma s\u00fcresi":"1 dakika"},"schema":{"@context":"https:\/\/schema.org","@graph":[{"@type":"WebPage","@id":"https:\/\/esencepetrol.com.tr\/?product=konteyner-sistemli-tanklar","url":"https:\/\/esencepetrol.com.tr\/?product=konteyner-sistemli-tanklar","name":"Konteyner Sistemli Tanklar - Esence Petrol - Petrol Ofisi","isPartOf":{"@id":"https:\/\/esencepetrol.com.tr\/#website"},"primaryImageOfPage":{"@id":"https:\/\/esencepetrol.com.tr\/?product=konteyner-sistemli-tanklar#primaryimage"},"image":{"@id":"https:\/\/esencepetrol.com.tr\/?product=konteyner-sistemli-tanklar#primaryimage"},"thumbnailUrl":"https:\/\/esencepetrol.com.tr\/wp-content\/uploads\/2026\/01\/1591019380-DUAyS-ems-endustri.jpg","datePublished":"2026-01-29T00:38:48+00:00","dateModified":"2026-01-29T00:41:37+00:00","breadcrumb":{"@id":"https:\/\/esencepetrol.com.tr\/?product=konteyner-sistemli-tanklar#breadcrumb"},"inLanguage":"tr","potentialAction":[{"@type":"ReadAction","target":["https:\/\/esencepetrol.com.tr\/?product=konteyner-sistemli-tanklar"]}]},{"@type":"ImageObject","inLanguage":"tr","@id":"https:\/\/esencepetrol.com.tr\/?product=konteyner-sistemli-tanklar#primaryimage","url":"https:\/\/esencepetrol.com.tr\/wp-content\/uploads\/2026\/01\/1591019380-DUAyS-ems-endustri.jpg","contentUrl":"https:\/\/esencepetrol.com.tr\/wp-content\/uploads\/2026\/01\/1591019380-DUAyS-ems-endustri.jpg","width":750,"height":530},{"@type":"BreadcrumbList","@id":"https:\/\/esencepetrol.com.tr\/?product=konteyner-sistemli-tanklar#breadcrumb","itemListElement":[{"@type":"ListItem","position":1,"name":"Home","item":"https:\/\/esencepetrol.com.tr\/"},{"@type":"ListItem","position":2,"name":"Ma\u011faza","item":"https:\/\/esencepetrol.com.tr\/?page_id=47"},{"@type":"ListItem","position":3,"name":"Konteyner Sistemli Tanklar"}]},{"@type":"WebSite","@id":"https:\/\/esencepetrol.com.tr\/#website","url":"https:\/\/esencepetrol.com.tr\/","name":"Esence Petrol - Petrol Ofisi","description":"Denizden Karaya, Tarladan \u015eantiyeye Kesintisiz Enerji","publisher":{"@id":"https:\/\/esencepetrol.com.tr\/#organization"},"potentialAction":[{"@type":"SearchAction","target":{"@type":"EntryPoint","urlTemplate":"https:\/\/esencepetrol.com.tr\/?s={search_term_string}"},"query-input":{"@type":"PropertyValueSpecification","valueRequired":true,"valueName":"search_term_string"}}],"inLanguage":"tr"},{"@type":"Organization","@id":"https:\/\/esencepetrol.com.tr\/#organization","name":"Esence Petrol - Petrol Ofisi","url":"https:\/\/esencepetrol.com.tr\/","logo":{"@type":"ImageObject","inLanguage":"tr","@id":"https:\/\/esencepetrol.com.tr\/#\/schema\/logo\/image\/","url":"https:\/\/esencepetrol.com.tr\/wp-content\/uploads\/2026\/01\/esence-favicon.png","contentUrl":"https:\/\/esencepetrol.com.tr\/wp-content\/uploads\/2026\/01\/esence-favicon.png","width":512,"height":512,"caption":"Esence Petrol - Petrol Ofisi"},"image":{"@id":"https:\/\/esencepetrol.com.tr\/#\/schema\/logo\/image\/"},"sameAs":["https:\/\/www.facebook.com\/onur16uysal","https:\/\/www.instagram.com\/esence__petrol"]}]}},"_links":{"self":[{"href":"https:\/\/esencepetrol.com.tr\/index.php?rest_route=\/wp\/v2\/product\/29343","targetHints":{"allow":["GET"]}}],"collection":[{"href":"https:\/\/esencepetrol.com.tr\/index.php?rest_route=\/wp\/v2\/product"}],"about":[{"href":"https:\/\/esencepetrol.com.tr\/index.php?rest_route=\/wp\/v2\/types\/product"}],"version-history":[{"count":4,"href":"https:\/\/esencepetrol.com.tr\/index.php?rest_route=\/wp\/v2\/product\/29343\/revisions"}],"predecessor-version":[{"id":29356,"href":"https:\/\/esencepetrol.com.tr\/index.php?rest_route=\/wp\/v2\/product\/29343\/revisions\/29356"}],"wp:featuredmedia":[{"embeddable":true,"href":"https:\/\/esencepetrol.com.tr\/index.php?rest_route=\/wp\/v2\/media\/29345"}],"wp:attachment":[{"href":"https:\/\/esencepetrol.com.tr\/index.php?rest_route=%2Fwp%2Fv2%2Fmedia&parent=29343"}],"wp:term":[{"taxonomy":"product_brand","embeddable":true,"href":"https:\/\/esencepetrol.com.tr\/index.php?rest_route=%2Fwp%2Fv2%2Fproduct_brand&post=29343"},{"taxonomy":"product_cat","embeddable":true,"href":"https:\/\/esencepetrol.com.tr\/index.php?rest_route=%2Fwp%2Fv2%2Fproduct_cat&post=29343"},{"taxonomy":"product_tag","embeddable":true,"href":"https:\/\/esencepetrol.com.tr\/index.php?rest_route=%2Fwp%2Fv2%2Fproduct_tag&post=29343"}],"curies":[{"name":"wp","href":"https:\/\/api.w.org\/{rel}","templated":true}]}}