{"id":29375,"date":"2026-01-29T03:50:20","date_gmt":"2026-01-29T00:50:20","guid":{"rendered":"https:\/\/gold-elephant-732754.hostingersite.com\/?post_type=product&#038;p=29375"},"modified":"2026-01-29T03:51:26","modified_gmt":"2026-01-29T00:51:26","slug":"transfer-tanklari","status":"publish","type":"product","link":"https:\/\/esencepetrol.com.tr\/?product=transfer-tanklari","title":{"rendered":"Transfer Tanklar\u0131"},"content":{"rendered":"\t\t<div data-elementor-type=\"wp-post\" data-elementor-id=\"29375\" class=\"elementor elementor-29375\">\n\t\t\t\t<div class=\"wd-negative-gap elementor-element elementor-element-97bbd85 e-flex e-con-boxed e-con e-parent\" data-id=\"97bbd85\" data-element_type=\"container\" data-e-type=\"container\">\n\t\t\t\t\t<div class=\"e-con-inner\">\n\t\t\t\t<div class=\"elementor-element elementor-element-79a8b83 elementor-widget elementor-widget-wd_text_block\" data-id=\"79a8b83\" data-element_type=\"widget\" data-e-type=\"widget\" data-widget_type=\"wd_text_block.default\">\n\t\t\t\t<div class=\"elementor-widget-container\">\n\t\t\t\t\t\t\t<div class=\"wd-text-block reset-last-child text-left\">\n\t\t\t\n\t\t\t<p><strong>TEMEL \u00d6ZELL\u0130KLER ;\u00a0<\/strong><\/p><p>* Menhol kapa\u011f\u0131 (insan giri\u015fi) (c\u0131vatal\u0131 ve contal\u0131)<\/p><p>* Menhol kapa\u011f\u0131 eri\u015fimi i\u00e7in i\u00e7 ve d\u0131\u015f merdiven,<\/p><p>* Al\u00fcminyum Adapt\u00f6rl\u00fc Kilitli Dolup Kapa\u011f\u0131 (\u00fcr\u00fcn giri\u015f)<\/p><p>* Drain Sistemi ( Su, pislik ve periyodik bak\u0131m tahliyesi)<\/p><p>* Alev tutucu ve tank i\u00e7inde s\u0131k\u0131\u015fabilecek buhar\u0131 \u00f6nlemek i\u00e7in tank nefesli\u011fi,<\/p><p>* Vanal\u0131 emme hatt\u0131 ve s\u00fczge\u00e7<\/p><p>* Seviye g\u00f6stergeli mekanik veya dijital<\/p><p>* Topraklama noktas\u0131<\/p><p>* Kabin ile kapat\u0131lm\u0131\u015f Pompa Odas\u0131<\/p><p>* %40 veya %100 havuz kapasiteli<\/p><p>* Tank\u0131n Bo\u015f a\u011f\u0131rl\u0131\u011f\u0131n\u0131 ta\u015f\u0131yabilecek \u015fekilde imal edilen tank kald\u0131rma mapalar\u0131<\/p>\n\t\t\t\t\t<\/div>\n\t\t\t\t\t\t<\/div>\n\t\t\t\t<\/div>\n\t\t\t\t<div class=\"elementor-element elementor-element-caecc89 elementor-widget elementor-widget-image\" data-id=\"caecc89\" data-element_type=\"widget\" data-e-type=\"widget\" data-widget_type=\"image.default\">\n\t\t\t\t\t\t\t\t\t\t\t\t\t\t\t<img loading=\"lazy\" decoding=\"async\" width=\"1000\" height=\"488\" src=\"https:\/\/esencepetrol.com.tr\/wp-content\/themes\/woodmart\/images\/lazy.svg\" data-src=\"https:\/\/esencepetrol.com.tr\/wp-content\/uploads\/2026\/01\/1616837266-GBN0v-ems-endustri-tablo.jpg\" class=\"attachment-large size-large wp-image-29371\" alt=\"\" srcset=\"\" data-srcset=\"https:\/\/esencepetrol.com.tr\/wp-content\/uploads\/2026\/01\/1616837266-GBN0v-ems-endustri-tablo.jpg 1000w, https:\/\/esencepetrol.com.tr\/wp-content\/uploads\/2026\/01\/1616837266-GBN0v-ems-endustri-tablo-400x195.jpg 400w, https:\/\/esencepetrol.com.tr\/wp-content\/uploads\/2026\/01\/1616837266-GBN0v-ems-endustri-tablo-768x375.jpg 768w, https:\/\/esencepetrol.com.tr\/wp-content\/uploads\/2026\/01\/1616837266-GBN0v-ems-endustri-tablo-430x210.jpg 430w, https:\/\/esencepetrol.com.tr\/wp-content\/uploads\/2026\/01\/1616837266-GBN0v-ems-endustri-tablo-700x342.jpg 700w, https:\/\/esencepetrol.com.tr\/wp-content\/uploads\/2026\/01\/1616837266-GBN0v-ems-endustri-tablo-150x73.jpg 150w\" sizes=\"auto, (max-width: 1000px) 100vw, 1000px\" \/>\t\t\t\t\t\t\t\t\t\t\t\t\t\t\t<\/div>\n\t\t\t\t\t<\/div>\n\t\t\t\t<\/div>\n\t\t\t\t<\/div>\n\t\t","protected":false},"excerpt":{"rendered":"<p>Tanklar yatay eksen veya dikey eksen tipinde\u00a0 ve silindirik olarak imal edilmekte olup, S 235 JR (EN 10025) \u00e7elik karbon saclar\u0131n k\u0131vr\u0131lmas\u0131 ile \u00fcretilerek m\u00fc\u015fterilerin hizmetine sunulur. Yak\u0131t ta\u015f\u0131ma sisteminde kolayl\u0131k sa\u011flamaktad\u0131r. Tanklar\u0131n i\u00e7inde ta\u015f\u0131may\u0131 kolayla\u015ft\u0131ran dalgak\u0131ran malzeme bulunmaktad\u0131r.<\/p>\n<p>Farkl\u0131 ebat se\u00e7eneklerinde\u00a0 modellerden olu\u015fur.\u00a0 Tank a\u011f\u0131rl\u0131\u011f\u0131n\u0131 ta\u015f\u0131yabilen kald\u0131rma mapalar\u0131 bulunmaktad\u0131r. Ayr\u0131ca dolu iken Forklift \u00e7atallar\u0131 i\u00e7in yan \u00e7atal giri\u015fleri\u00a0 bulunmaktad\u0131r<\/p>\n<p>Kullan\u0131lan pompalar da 12v, 24v ve 220 v se\u00e7enekleri bulunmaktad\u0131r.<\/p>\n","protected":false},"featured_media":29376,"template":"","meta":[],"product_brand":[88],"product_cat":[86,92],"product_tag":[],"class_list":{"0":"post-29375","1":"product","2":"type-product","3":"status-publish","4":"has-post-thumbnail","6":"product_brand-ems","7":"product_cat-yakit-tanklari","8":"product_cat-transfer-tanklari","10":"first","11":"instock","12":"shipping-taxable","13":"product-type-simple"},"yoast_head":"<!-- This site is optimized with the Yoast SEO plugin v26.9 - https:\/\/yoast.com\/product\/yoast-seo-wordpress\/ -->\n<title>Transfer Tanklar\u0131 - Esence Petrol - Petrol Ofisi<\/title>\n<meta name=\"robots\" content=\"index, follow, max-snippet:-1, max-image-preview:large, max-video-preview:-1\" \/>\n<link rel=\"canonical\" href=\"https:\/\/esencepetrol.com.tr\/?product=transfer-tanklari\" \/>\n<meta property=\"og:locale\" content=\"tr_TR\" \/>\n<meta property=\"og:type\" content=\"article\" \/>\n<meta property=\"og:title\" content=\"Transfer Tanklar\u0131 - Esence Petrol - Petrol Ofisi\" \/>\n<meta property=\"og:description\" content=\"Tanklar yatay eksen veya dikey eksen tipinde\u00a0 ve silindirik olarak imal edilmekte olup, S 235 JR (EN 10025) \u00e7elik karbon saclar\u0131n k\u0131vr\u0131lmas\u0131 ile \u00fcretilerek m\u00fc\u015fterilerin hizmetine sunulur. Yak\u0131t ta\u015f\u0131ma sisteminde kolayl\u0131k sa\u011flamaktad\u0131r. Tanklar\u0131n i\u00e7inde ta\u015f\u0131may\u0131 kolayla\u015ft\u0131ran dalgak\u0131ran malzeme bulunmaktad\u0131r.  Farkl\u0131 ebat se\u00e7eneklerinde\u00a0 modellerden olu\u015fur.\u00a0 Tank a\u011f\u0131rl\u0131\u011f\u0131n\u0131 ta\u015f\u0131yabilen kald\u0131rma mapalar\u0131 bulunmaktad\u0131r. Ayr\u0131ca dolu iken Forklift \u00e7atallar\u0131 i\u00e7in yan \u00e7atal giri\u015fleri\u00a0 bulunmaktad\u0131r  Kullan\u0131lan pompalar da 12v, 24v ve 220 v se\u00e7enekleri bulunmaktad\u0131r.\" \/>\n<meta property=\"og:url\" content=\"https:\/\/esencepetrol.com.tr\/?product=transfer-tanklari\" \/>\n<meta property=\"og:site_name\" content=\"Esence Petrol - Petrol Ofisi\" \/>\n<meta property=\"article:publisher\" content=\"https:\/\/www.facebook.com\/onur16uysal\" \/>\n<meta property=\"article:modified_time\" content=\"2026-01-29T00:51:26+00:00\" \/>\n<meta property=\"og:image\" content=\"https:\/\/esencepetrol.com.tr\/wp-content\/uploads\/2026\/01\/1598470877-transfer-tanklari-1.png\" \/>\n\t<meta property=\"og:image:width\" content=\"750\" \/>\n\t<meta property=\"og:image:height\" content=\"530\" \/>\n\t<meta property=\"og:image:type\" content=\"image\/png\" \/>\n<meta name=\"twitter:card\" content=\"summary_large_image\" \/>\n<script type=\"application\/ld+json\" class=\"yoast-schema-graph\">{\"@context\":\"https:\/\/schema.org\",\"@graph\":[{\"@type\":\"WebPage\",\"@id\":\"https:\/\/esencepetrol.com.tr\/?product=transfer-tanklari\",\"url\":\"https:\/\/esencepetrol.com.tr\/?product=transfer-tanklari\",\"name\":\"Transfer Tanklar\u0131 - Esence Petrol - Petrol Ofisi\",\"isPartOf\":{\"@id\":\"https:\/\/esencepetrol.com.tr\/#website\"},\"primaryImageOfPage\":{\"@id\":\"https:\/\/esencepetrol.com.tr\/?product=transfer-tanklari#primaryimage\"},\"image\":{\"@id\":\"https:\/\/esencepetrol.com.tr\/?product=transfer-tanklari#primaryimage\"},\"thumbnailUrl\":\"https:\/\/esencepetrol.com.tr\/wp-content\/uploads\/2026\/01\/1598470877-transfer-tanklari-1.png\",\"datePublished\":\"2026-01-29T00:50:20+00:00\",\"dateModified\":\"2026-01-29T00:51:26+00:00\",\"breadcrumb\":{\"@id\":\"https:\/\/esencepetrol.com.tr\/?product=transfer-tanklari#breadcrumb\"},\"inLanguage\":\"tr\",\"potentialAction\":[{\"@type\":\"ReadAction\",\"target\":[\"https:\/\/esencepetrol.com.tr\/?product=transfer-tanklari\"]}]},{\"@type\":\"ImageObject\",\"inLanguage\":\"tr\",\"@id\":\"https:\/\/esencepetrol.com.tr\/?product=transfer-tanklari#primaryimage\",\"url\":\"https:\/\/esencepetrol.com.tr\/wp-content\/uploads\/2026\/01\/1598470877-transfer-tanklari-1.png\",\"contentUrl\":\"https:\/\/esencepetrol.com.tr\/wp-content\/uploads\/2026\/01\/1598470877-transfer-tanklari-1.png\",\"width\":750,\"height\":530},{\"@type\":\"BreadcrumbList\",\"@id\":\"https:\/\/esencepetrol.com.tr\/?product=transfer-tanklari#breadcrumb\",\"itemListElement\":[{\"@type\":\"ListItem\",\"position\":1,\"name\":\"Home\",\"item\":\"https:\/\/esencepetrol.com.tr\/\"},{\"@type\":\"ListItem\",\"position\":2,\"name\":\"Ma\u011faza\",\"item\":\"https:\/\/esencepetrol.com.tr\/?page_id=47\"},{\"@type\":\"ListItem\",\"position\":3,\"name\":\"Transfer Tanklar\u0131\"}]},{\"@type\":\"WebSite\",\"@id\":\"https:\/\/esencepetrol.com.tr\/#website\",\"url\":\"https:\/\/esencepetrol.com.tr\/\",\"name\":\"Esence Petrol - Petrol Ofisi\",\"description\":\"Denizden Karaya, Tarladan \u015eantiyeye Kesintisiz Enerji\",\"publisher\":{\"@id\":\"https:\/\/esencepetrol.com.tr\/#organization\"},\"potentialAction\":[{\"@type\":\"SearchAction\",\"target\":{\"@type\":\"EntryPoint\",\"urlTemplate\":\"https:\/\/esencepetrol.com.tr\/?s={search_term_string}\"},\"query-input\":{\"@type\":\"PropertyValueSpecification\",\"valueRequired\":true,\"valueName\":\"search_term_string\"}}],\"inLanguage\":\"tr\"},{\"@type\":\"Organization\",\"@id\":\"https:\/\/esencepetrol.com.tr\/#organization\",\"name\":\"Esence Petrol - Petrol Ofisi\",\"url\":\"https:\/\/esencepetrol.com.tr\/\",\"logo\":{\"@type\":\"ImageObject\",\"inLanguage\":\"tr\",\"@id\":\"https:\/\/esencepetrol.com.tr\/#\/schema\/logo\/image\/\",\"url\":\"https:\/\/esencepetrol.com.tr\/wp-content\/uploads\/2026\/01\/esence-favicon.png\",\"contentUrl\":\"https:\/\/esencepetrol.com.tr\/wp-content\/uploads\/2026\/01\/esence-favicon.png\",\"width\":512,\"height\":512,\"caption\":\"Esence Petrol - Petrol Ofisi\"},\"image\":{\"@id\":\"https:\/\/esencepetrol.com.tr\/#\/schema\/logo\/image\/\"},\"sameAs\":[\"https:\/\/www.facebook.com\/onur16uysal\",\"https:\/\/www.instagram.com\/esence__petrol\"]}]}<\/script>\n<!-- \/ Yoast SEO plugin. -->","yoast_head_json":{"title":"Transfer Tanklar\u0131 - Esence Petrol - Petrol Ofisi","robots":{"index":"index","follow":"follow","max-snippet":"max-snippet:-1","max-image-preview":"max-image-preview:large","max-video-preview":"max-video-preview:-1"},"canonical":"https:\/\/esencepetrol.com.tr\/?product=transfer-tanklari","og_locale":"tr_TR","og_type":"article","og_title":"Transfer Tanklar\u0131 - Esence Petrol - Petrol Ofisi","og_description":"Tanklar yatay eksen veya dikey eksen tipinde\u00a0 ve silindirik olarak imal edilmekte olup, S 235 JR (EN 10025) \u00e7elik karbon saclar\u0131n k\u0131vr\u0131lmas\u0131 ile \u00fcretilerek m\u00fc\u015fterilerin hizmetine sunulur. Yak\u0131t ta\u015f\u0131ma sisteminde kolayl\u0131k sa\u011flamaktad\u0131r. Tanklar\u0131n i\u00e7inde ta\u015f\u0131may\u0131 kolayla\u015ft\u0131ran dalgak\u0131ran malzeme bulunmaktad\u0131r.  Farkl\u0131 ebat se\u00e7eneklerinde\u00a0 modellerden olu\u015fur.\u00a0 Tank a\u011f\u0131rl\u0131\u011f\u0131n\u0131 ta\u015f\u0131yabilen kald\u0131rma mapalar\u0131 bulunmaktad\u0131r. Ayr\u0131ca dolu iken Forklift \u00e7atallar\u0131 i\u00e7in yan \u00e7atal giri\u015fleri\u00a0 bulunmaktad\u0131r  Kullan\u0131lan pompalar da 12v, 24v ve 220 v se\u00e7enekleri bulunmaktad\u0131r.","og_url":"https:\/\/esencepetrol.com.tr\/?product=transfer-tanklari","og_site_name":"Esence Petrol - Petrol Ofisi","article_publisher":"https:\/\/www.facebook.com\/onur16uysal","article_modified_time":"2026-01-29T00:51:26+00:00","og_image":[{"width":750,"height":530,"url":"https:\/\/esencepetrol.com.tr\/wp-content\/uploads\/2026\/01\/1598470877-transfer-tanklari-1.png","type":"image\/png"}],"twitter_card":"summary_large_image","schema":{"@context":"https:\/\/schema.org","@graph":[{"@type":"WebPage","@id":"https:\/\/esencepetrol.com.tr\/?product=transfer-tanklari","url":"https:\/\/esencepetrol.com.tr\/?product=transfer-tanklari","name":"Transfer Tanklar\u0131 - Esence Petrol - Petrol Ofisi","isPartOf":{"@id":"https:\/\/esencepetrol.com.tr\/#website"},"primaryImageOfPage":{"@id":"https:\/\/esencepetrol.com.tr\/?product=transfer-tanklari#primaryimage"},"image":{"@id":"https:\/\/esencepetrol.com.tr\/?product=transfer-tanklari#primaryimage"},"thumbnailUrl":"https:\/\/esencepetrol.com.tr\/wp-content\/uploads\/2026\/01\/1598470877-transfer-tanklari-1.png","datePublished":"2026-01-29T00:50:20+00:00","dateModified":"2026-01-29T00:51:26+00:00","breadcrumb":{"@id":"https:\/\/esencepetrol.com.tr\/?product=transfer-tanklari#breadcrumb"},"inLanguage":"tr","potentialAction":[{"@type":"ReadAction","target":["https:\/\/esencepetrol.com.tr\/?product=transfer-tanklari"]}]},{"@type":"ImageObject","inLanguage":"tr","@id":"https:\/\/esencepetrol.com.tr\/?product=transfer-tanklari#primaryimage","url":"https:\/\/esencepetrol.com.tr\/wp-content\/uploads\/2026\/01\/1598470877-transfer-tanklari-1.png","contentUrl":"https:\/\/esencepetrol.com.tr\/wp-content\/uploads\/2026\/01\/1598470877-transfer-tanklari-1.png","width":750,"height":530},{"@type":"BreadcrumbList","@id":"https:\/\/esencepetrol.com.tr\/?product=transfer-tanklari#breadcrumb","itemListElement":[{"@type":"ListItem","position":1,"name":"Home","item":"https:\/\/esencepetrol.com.tr\/"},{"@type":"ListItem","position":2,"name":"Ma\u011faza","item":"https:\/\/esencepetrol.com.tr\/?page_id=47"},{"@type":"ListItem","position":3,"name":"Transfer Tanklar\u0131"}]},{"@type":"WebSite","@id":"https:\/\/esencepetrol.com.tr\/#website","url":"https:\/\/esencepetrol.com.tr\/","name":"Esence Petrol - Petrol Ofisi","description":"Denizden Karaya, Tarladan \u015eantiyeye Kesintisiz Enerji","publisher":{"@id":"https:\/\/esencepetrol.com.tr\/#organization"},"potentialAction":[{"@type":"SearchAction","target":{"@type":"EntryPoint","urlTemplate":"https:\/\/esencepetrol.com.tr\/?s={search_term_string}"},"query-input":{"@type":"PropertyValueSpecification","valueRequired":true,"valueName":"search_term_string"}}],"inLanguage":"tr"},{"@type":"Organization","@id":"https:\/\/esencepetrol.com.tr\/#organization","name":"Esence Petrol - Petrol Ofisi","url":"https:\/\/esencepetrol.com.tr\/","logo":{"@type":"ImageObject","inLanguage":"tr","@id":"https:\/\/esencepetrol.com.tr\/#\/schema\/logo\/image\/","url":"https:\/\/esencepetrol.com.tr\/wp-content\/uploads\/2026\/01\/esence-favicon.png","contentUrl":"https:\/\/esencepetrol.com.tr\/wp-content\/uploads\/2026\/01\/esence-favicon.png","width":512,"height":512,"caption":"Esence Petrol - Petrol Ofisi"},"image":{"@id":"https:\/\/esencepetrol.com.tr\/#\/schema\/logo\/image\/"},"sameAs":["https:\/\/www.facebook.com\/onur16uysal","https:\/\/www.instagram.com\/esence__petrol"]}]}},"_links":{"self":[{"href":"https:\/\/esencepetrol.com.tr\/index.php?rest_route=\/wp\/v2\/product\/29375","targetHints":{"allow":["GET"]}}],"collection":[{"href":"https:\/\/esencepetrol.com.tr\/index.php?rest_route=\/wp\/v2\/product"}],"about":[{"href":"https:\/\/esencepetrol.com.tr\/index.php?rest_route=\/wp\/v2\/types\/product"}],"version-history":[{"count":1,"href":"https:\/\/esencepetrol.com.tr\/index.php?rest_route=\/wp\/v2\/product\/29375\/revisions"}],"predecessor-version":[{"id":29384,"href":"https:\/\/esencepetrol.com.tr\/index.php?rest_route=\/wp\/v2\/product\/29375\/revisions\/29384"}],"wp:featuredmedia":[{"embeddable":true,"href":"https:\/\/esencepetrol.com.tr\/index.php?rest_route=\/wp\/v2\/media\/29376"}],"wp:attachment":[{"href":"https:\/\/esencepetrol.com.tr\/index.php?rest_route=%2Fwp%2Fv2%2Fmedia&parent=29375"}],"wp:term":[{"taxonomy":"product_brand","embeddable":true,"href":"https:\/\/esencepetrol.com.tr\/index.php?rest_route=%2Fwp%2Fv2%2Fproduct_brand&post=29375"},{"taxonomy":"product_cat","embeddable":true,"href":"https:\/\/esencepetrol.com.tr\/index.php?rest_route=%2Fwp%2Fv2%2Fproduct_cat&post=29375"},{"taxonomy":"product_tag","embeddable":true,"href":"https:\/\/esencepetrol.com.tr\/index.php?rest_route=%2Fwp%2Fv2%2Fproduct_tag&post=29375"}],"curies":[{"name":"wp","href":"https:\/\/api.w.org\/{rel}","templated":true}]}}