{"id":29444,"date":"2026-01-31T01:21:06","date_gmt":"2026-01-30T22:21:06","guid":{"rendered":"https:\/\/gold-elephant-732754.hostingersite.com\/?post_type=product&#038;p=29444"},"modified":"2026-01-31T01:27:17","modified_gmt":"2026-01-30T22:27:17","slug":"ozel-uretim-su-tanklari","status":"publish","type":"product","link":"https:\/\/esencepetrol.com.tr\/?product=ozel-uretim-su-tanklari","title":{"rendered":"\u00d6zel \u00dcretim Su Tanklar\u0131"},"content":{"rendered":"\t\t<div data-elementor-type=\"wp-post\" data-elementor-id=\"29444\" class=\"elementor elementor-29444\">\n\t\t\t\t<div class=\"wd-negative-gap elementor-element elementor-element-97bbd85 e-flex e-con-boxed e-con e-parent\" data-id=\"97bbd85\" data-element_type=\"container\" data-e-type=\"container\">\n\t\t\t\t\t<div class=\"e-con-inner\">\n\t\t\t\t<div class=\"elementor-element elementor-element-79a8b83 elementor-widget__width-initial elementor-widget elementor-widget-wd_text_block\" data-id=\"79a8b83\" data-element_type=\"widget\" data-e-type=\"widget\" data-widget_type=\"wd_text_block.default\">\n\t\t\t\t<div class=\"elementor-widget-container\">\n\t\t\t\t\t\t\t<div class=\"wd-text-block reset-last-child text-left\">\n\t\t\t\n\t\t\t<p><strong>TEMEL \u00d6ZELL\u0130KLER ;\u00a0<\/strong><\/p><p>* Farkl\u0131 ebatlarda menhol kapa\u011f\u0131 (insan giri\u015fi) mente\u015feli<\/p><p>* Tank ba\u011flant\u0131lar\u0131 ( seviye g\u00f6sterge giri\u015f \u2013\u00e7\u0131k\u0131\u015f vanalar\u0131 , ani tahliye vanas\u0131 vs.)<\/p><p>* Kald\u0131rma kulaklar\u0131<\/p><p>* \u0130\u00e7ten kargasl\u0131 a\u011f\u0131rl\u0131klara uygun ayaklar,<\/p><p>* Tank \u0130\u00e7 kaplamas\u0131 ;<\/p><p>\u00a0 \u00a0 -\u00a0 \u0130\u00e7ilmeyen su i\u00e7in epoksi boya\u00a0<\/p><p>\u00a0 \u00a0 -\u00a0 \u0130\u00e7me suyu, tuzlu su,\u00a0 petrol ve petrol \u00fcr\u00fcnleri, y\u00fcksek korozyon ve a\u015f\u0131nmaya yol a\u00e7an kimyasal maddeler i\u00e7in solventsiz fenolik epoksi kaplama uygulan\u0131r.<\/p><p><strong>KULLANIM ALANLARI<\/strong><\/p><p>* Sulama sistemleri ve ya\u011fmur suyunun toplanmas\u0131nda depolanmas\u0131\u00a0<\/p><p>* At\u0131k sular\u0131n depolanmas\u0131\u00a0<\/p><p>* Yank\u0131n s\u00f6nd\u00fcrme sisteleri i\u00e7in su depolanmas\u0131<\/p><p>* At\u0131k ya\u011flar\u0131n depolanmas\u0131<\/p><p>* Kimyasal Maddelerin depolanmas\u0131<\/p>\n\t\t\t\t\t<\/div>\n\t\t\t\t\t\t<\/div>\n\t\t\t\t<\/div>\n\t\t\t\t<div class=\"elementor-element elementor-element-c710d9d elementor-widget__width-initial elementor-widget elementor-widget-wd_text_block\" data-id=\"c710d9d\" data-element_type=\"widget\" data-e-type=\"widget\" data-widget_type=\"wd_text_block.default\">\n\t\t\t\t<div class=\"elementor-widget-container\">\n\t\t\t\t\t\t\t<div class=\"wd-text-block reset-last-child text-left\">\n\t\t\t\n\t\t\t<section><div class=\"container\"><div class=\"row\"><div class=\"order-first order-md-9 col-lg-8 col-xl-9\"><div class=\"row project-col\"><div class=\"col-lg-12 mt-3\"><div class=\"col-lg-12 mt-3\"><div id=\"myTabContentJust\" class=\"tab-content\"><div id=\"profile-just\" class=\"tab-pane fade active show\" role=\"tabpanel\" aria-labelledby=\"profile-tab-just\"><table class=\"table table-responsive table-bordered text-center\" style=\"height: 622px;\" width=\"551\"><tbody><tr><td colspan=\"4\" bgcolor=\"e4a82e\"><span style=\"color: #ffffff;\"><strong>TEKN\u0130K \u00d6ZELL\u0130KLER<\/strong><\/span><\/td><\/tr><tr><td bgcolor=\"e4a82e\"><span style=\"color: #ffffff;\"><strong>HAC\u0130M<\/strong><\/span><\/td><td bgcolor=\"e4a82e\"><span style=\"color: #ffffff;\"><strong>D<\/strong><\/span><\/td><td bgcolor=\"e4a82e\"><span style=\"color: #ffffff;\"><strong>L<\/strong><\/span><\/td><td bgcolor=\"e4a82e\"><span style=\"color: #ffffff;\"><strong>A\u011eIRLIK<\/strong><\/span><\/td><\/tr><tr><td bgcolor=\"e4a82e\"><span style=\"color: #ffffff;\"><strong>litre<\/strong><\/span><\/td><td bgcolor=\"e4a82e\"><span style=\"color: #ffffff;\"><strong>mm<sup>2<\/sup><\/strong><\/span><\/td><td bgcolor=\"e4a82e\"><span style=\"color: #ffffff;\"><strong>mm<\/strong><\/span><\/td><td bgcolor=\"e4a82e\"><span style=\"color: #ffffff;\"><strong>kg<\/strong><\/span><\/td><\/tr><tr><td>500<\/td><td>800<\/td><td>1000<\/td><td>180<\/td><\/tr><tr><td>1200<\/td><td>1250<\/td><td>1000<\/td><td>300<\/td><\/tr><tr><td>2400<\/td><td>1435<\/td><td>1500<\/td><td>390<\/td><\/tr><tr><td>3500<\/td><td>1700<\/td><td>1900<\/td><td>650<\/td><\/tr><tr><td>6000<\/td><td>1600<\/td><td>3500<\/td><td>800<\/td><\/tr><tr><td>8000<\/td><td>1850<\/td><td>3500<\/td><td>1000<\/td><\/tr><tr><td>12.000<\/td><td>1850<\/td><td>5100<\/td><td>1500<\/td><\/tr><tr><td>15.000<\/td><td>2100<\/td><td>5100<\/td><td>1900<\/td><\/tr><tr><td>20.000<\/td><td>2100<\/td><td>6600<\/td><td>2750<\/td><\/tr><tr><td>25.000<\/td><td>2350<\/td><td>6600<\/td><td>3050<\/td><\/tr><tr><td>30.000<\/td><td>2300<\/td><td>8100<\/td><td>3500<\/td><\/tr><tr><td>35.000<\/td><td>2450<\/td><td>8100<\/td><td>3700<\/td><\/tr><tr><td>40.000<\/td><td>2400<\/td><td>9600<\/td><td>4150<\/td><\/tr><tr><td>44.000<\/td><td>2500<\/td><td>9600<\/td><td>4400<\/td><\/tr><tr><td>50.000<\/td><td>2500<\/td><td>11.100<\/td><td>5000<\/td><\/tr><tr><td>60.000<\/td><td>2900<\/td><td>10.100<\/td><td>5350<\/td><\/tr><tr><td>80.000<\/td><td>2900<\/td><td>13.100<\/td><td>6750<\/td><\/tr><tr><td>100.000<\/td><td>2900<\/td><td>16.100<\/td><td>9250<\/td><\/tr><\/tbody><\/table><\/div><\/div><\/div><\/div><\/div><\/div><\/div><\/div><\/section><footer><div class=\"container\"><div class=\"footer-bottom\"><div class=\"fb-copyright\">\u00a0<\/div><\/div><\/div><\/footer>\n\t\t\t\t\t<\/div>\n\t\t\t\t\t\t<\/div>\n\t\t\t\t<\/div>\n\t\t\t\t\t<\/div>\n\t\t\t\t<\/div>\n\t\t\t\t<\/div>\n\t\t","protected":false},"excerpt":{"rendered":"<p>Yatay ve dikey Eksen tipinde\u00a0 ve silindirik imal edilen yan\u0131c\u0131 veya yan\u0131c\u0131 olmayan s\u0131v\u0131lar\u0131n depolanmas\u0131 i\u00e7in imal edilmektedir. Tanklar standart \u00f6l\u00e7\u00fcleri haricinde m\u00fc\u015fteri iste\u011fine g\u00f6re \u00f6zel \u00f6l\u00e7\u00fclerle de imal edilmektedir. Uzun \u00f6m\u00fcrl\u00fc, dayan\u0131kl\u0131, darbelere kar\u015f\u0131 korunakl\u0131 olan yer \u00fcst\u00fc s\u0131v\u0131 depolama tanklar\u0131 S 235 JR (EN 10025) \u00e7elik karbon saclar\u0131n k\u0131vr\u0131lmas\u0131 ile \u00fcretilerek,\u00a0 i\u00e7inde depolanan s\u0131v\u0131ya g\u00f6re uygun i\u00e7 kaplamas\u0131 , ve d\u0131\u015f kaplamas\u0131 yap\u0131larak m\u00fc\u015fterilere teslim edilir. T\u00fcm tanklara ka\u00e7ak testi yap\u0131l\u0131r. Kullan\u0131lan ba\u011flant\u0131 elemanlar\u0131 i\u00e7erisine konulacak s\u0131v\u0131ya g\u00f6re standartlara uygun \u015fekilde se\u00e7ilerek \u00fcr\u00fcn giri\u015f \u00e7\u0131k\u0131\u015f ba\u011flant\u0131lar\u0131 yap\u0131l\u0131r.<\/p>\n","protected":false},"featured_media":29449,"template":"","meta":[],"product_brand":[88],"product_cat":[94,86],"product_tag":[],"class_list":{"0":"post-29444","1":"product","2":"type-product","3":"status-publish","4":"has-post-thumbnail","6":"product_brand-ems","7":"product_cat-su-tanklari","8":"product_cat-yakit-tanklari","10":"first","11":"instock","12":"shipping-taxable","13":"product-type-simple"},"yoast_head":"<!-- This site is optimized with the Yoast SEO plugin v26.9 - https:\/\/yoast.com\/product\/yoast-seo-wordpress\/ -->\n<title>\u00d6zel \u00dcretim Su Tanklar\u0131 - Esence Petrol - Petrol Ofisi<\/title>\n<meta name=\"robots\" content=\"index, follow, max-snippet:-1, max-image-preview:large, max-video-preview:-1\" \/>\n<link rel=\"canonical\" href=\"https:\/\/esencepetrol.com.tr\/?product=ozel-uretim-su-tanklari\" \/>\n<meta property=\"og:locale\" content=\"tr_TR\" \/>\n<meta property=\"og:type\" content=\"article\" \/>\n<meta property=\"og:title\" content=\"\u00d6zel \u00dcretim Su Tanklar\u0131 - Esence Petrol - Petrol Ofisi\" \/>\n<meta property=\"og:description\" content=\"Yatay ve dikey Eksen tipinde\u00a0 ve silindirik imal edilen yan\u0131c\u0131 veya yan\u0131c\u0131 olmayan s\u0131v\u0131lar\u0131n depolanmas\u0131 i\u00e7in imal edilmektedir. Tanklar standart \u00f6l\u00e7\u00fcleri haricinde m\u00fc\u015fteri iste\u011fine g\u00f6re \u00f6zel \u00f6l\u00e7\u00fclerle de imal edilmektedir. Uzun \u00f6m\u00fcrl\u00fc, dayan\u0131kl\u0131, darbelere kar\u015f\u0131 korunakl\u0131 olan yer \u00fcst\u00fc s\u0131v\u0131 depolama tanklar\u0131 S 235 JR (EN 10025) \u00e7elik karbon saclar\u0131n k\u0131vr\u0131lmas\u0131 ile \u00fcretilerek,\u00a0 i\u00e7inde depolanan s\u0131v\u0131ya g\u00f6re uygun i\u00e7 kaplamas\u0131 , ve d\u0131\u015f kaplamas\u0131 yap\u0131larak m\u00fc\u015fterilere teslim edilir. T\u00fcm tanklara ka\u00e7ak testi yap\u0131l\u0131r. Kullan\u0131lan ba\u011flant\u0131 elemanlar\u0131 i\u00e7erisine konulacak s\u0131v\u0131ya g\u00f6re standartlara uygun \u015fekilde se\u00e7ilerek \u00fcr\u00fcn giri\u015f \u00e7\u0131k\u0131\u015f ba\u011flant\u0131lar\u0131 yap\u0131l\u0131r.\" \/>\n<meta property=\"og:url\" content=\"https:\/\/esencepetrol.com.tr\/?product=ozel-uretim-su-tanklari\" \/>\n<meta property=\"og:site_name\" content=\"Esence Petrol - Petrol Ofisi\" \/>\n<meta property=\"article:publisher\" content=\"https:\/\/www.facebook.com\/onur16uysal\" \/>\n<meta property=\"article:modified_time\" content=\"2026-01-30T22:27:17+00:00\" \/>\n<meta property=\"og:image\" content=\"https:\/\/esencepetrol.com.tr\/wp-content\/uploads\/2026\/01\/esence-petrol-1598471242-ozel-uretim-su-tanklari.png\" \/>\n\t<meta property=\"og:image:width\" content=\"750\" \/>\n\t<meta property=\"og:image:height\" content=\"530\" \/>\n\t<meta property=\"og:image:type\" content=\"image\/png\" \/>\n<meta name=\"twitter:card\" content=\"summary_large_image\" \/>\n<meta name=\"twitter:label1\" content=\"Tahmini okuma s\u00fcresi\" \/>\n\t<meta name=\"twitter:data1\" content=\"1 dakika\" \/>\n<script type=\"application\/ld+json\" class=\"yoast-schema-graph\">{\"@context\":\"https:\/\/schema.org\",\"@graph\":[{\"@type\":\"WebPage\",\"@id\":\"https:\/\/esencepetrol.com.tr\/?product=ozel-uretim-su-tanklari\",\"url\":\"https:\/\/esencepetrol.com.tr\/?product=ozel-uretim-su-tanklari\",\"name\":\"\u00d6zel \u00dcretim Su Tanklar\u0131 - Esence Petrol - Petrol Ofisi\",\"isPartOf\":{\"@id\":\"https:\/\/esencepetrol.com.tr\/#website\"},\"primaryImageOfPage\":{\"@id\":\"https:\/\/esencepetrol.com.tr\/?product=ozel-uretim-su-tanklari#primaryimage\"},\"image\":{\"@id\":\"https:\/\/esencepetrol.com.tr\/?product=ozel-uretim-su-tanklari#primaryimage\"},\"thumbnailUrl\":\"https:\/\/esencepetrol.com.tr\/wp-content\/uploads\/2026\/01\/esence-petrol-1598471242-ozel-uretim-su-tanklari.png\",\"datePublished\":\"2026-01-30T22:21:06+00:00\",\"dateModified\":\"2026-01-30T22:27:17+00:00\",\"breadcrumb\":{\"@id\":\"https:\/\/esencepetrol.com.tr\/?product=ozel-uretim-su-tanklari#breadcrumb\"},\"inLanguage\":\"tr\",\"potentialAction\":[{\"@type\":\"ReadAction\",\"target\":[\"https:\/\/esencepetrol.com.tr\/?product=ozel-uretim-su-tanklari\"]}]},{\"@type\":\"ImageObject\",\"inLanguage\":\"tr\",\"@id\":\"https:\/\/esencepetrol.com.tr\/?product=ozel-uretim-su-tanklari#primaryimage\",\"url\":\"https:\/\/esencepetrol.com.tr\/wp-content\/uploads\/2026\/01\/esence-petrol-1598471242-ozel-uretim-su-tanklari.png\",\"contentUrl\":\"https:\/\/esencepetrol.com.tr\/wp-content\/uploads\/2026\/01\/esence-petrol-1598471242-ozel-uretim-su-tanklari.png\",\"width\":750,\"height\":530},{\"@type\":\"BreadcrumbList\",\"@id\":\"https:\/\/esencepetrol.com.tr\/?product=ozel-uretim-su-tanklari#breadcrumb\",\"itemListElement\":[{\"@type\":\"ListItem\",\"position\":1,\"name\":\"Home\",\"item\":\"https:\/\/esencepetrol.com.tr\/\"},{\"@type\":\"ListItem\",\"position\":2,\"name\":\"Ma\u011faza\",\"item\":\"https:\/\/esencepetrol.com.tr\/?page_id=47\"},{\"@type\":\"ListItem\",\"position\":3,\"name\":\"\u00d6zel \u00dcretim Su Tanklar\u0131\"}]},{\"@type\":\"WebSite\",\"@id\":\"https:\/\/esencepetrol.com.tr\/#website\",\"url\":\"https:\/\/esencepetrol.com.tr\/\",\"name\":\"Esence Petrol - Petrol Ofisi\",\"description\":\"Denizden Karaya, Tarladan \u015eantiyeye Kesintisiz Enerji\",\"publisher\":{\"@id\":\"https:\/\/esencepetrol.com.tr\/#organization\"},\"potentialAction\":[{\"@type\":\"SearchAction\",\"target\":{\"@type\":\"EntryPoint\",\"urlTemplate\":\"https:\/\/esencepetrol.com.tr\/?s={search_term_string}\"},\"query-input\":{\"@type\":\"PropertyValueSpecification\",\"valueRequired\":true,\"valueName\":\"search_term_string\"}}],\"inLanguage\":\"tr\"},{\"@type\":\"Organization\",\"@id\":\"https:\/\/esencepetrol.com.tr\/#organization\",\"name\":\"Esence Petrol - Petrol Ofisi\",\"url\":\"https:\/\/esencepetrol.com.tr\/\",\"logo\":{\"@type\":\"ImageObject\",\"inLanguage\":\"tr\",\"@id\":\"https:\/\/esencepetrol.com.tr\/#\/schema\/logo\/image\/\",\"url\":\"https:\/\/esencepetrol.com.tr\/wp-content\/uploads\/2026\/01\/esence-favicon.png\",\"contentUrl\":\"https:\/\/esencepetrol.com.tr\/wp-content\/uploads\/2026\/01\/esence-favicon.png\",\"width\":512,\"height\":512,\"caption\":\"Esence Petrol - Petrol Ofisi\"},\"image\":{\"@id\":\"https:\/\/esencepetrol.com.tr\/#\/schema\/logo\/image\/\"},\"sameAs\":[\"https:\/\/www.facebook.com\/onur16uysal\",\"https:\/\/www.instagram.com\/esence__petrol\"]}]}<\/script>\n<!-- \/ Yoast SEO plugin. -->","yoast_head_json":{"title":"\u00d6zel \u00dcretim Su Tanklar\u0131 - Esence Petrol - Petrol Ofisi","robots":{"index":"index","follow":"follow","max-snippet":"max-snippet:-1","max-image-preview":"max-image-preview:large","max-video-preview":"max-video-preview:-1"},"canonical":"https:\/\/esencepetrol.com.tr\/?product=ozel-uretim-su-tanklari","og_locale":"tr_TR","og_type":"article","og_title":"\u00d6zel \u00dcretim Su Tanklar\u0131 - Esence Petrol - Petrol Ofisi","og_description":"Yatay ve dikey Eksen tipinde\u00a0 ve silindirik imal edilen yan\u0131c\u0131 veya yan\u0131c\u0131 olmayan s\u0131v\u0131lar\u0131n depolanmas\u0131 i\u00e7in imal edilmektedir. Tanklar standart \u00f6l\u00e7\u00fcleri haricinde m\u00fc\u015fteri iste\u011fine g\u00f6re \u00f6zel \u00f6l\u00e7\u00fclerle de imal edilmektedir. Uzun \u00f6m\u00fcrl\u00fc, dayan\u0131kl\u0131, darbelere kar\u015f\u0131 korunakl\u0131 olan yer \u00fcst\u00fc s\u0131v\u0131 depolama tanklar\u0131 S 235 JR (EN 10025) \u00e7elik karbon saclar\u0131n k\u0131vr\u0131lmas\u0131 ile \u00fcretilerek,\u00a0 i\u00e7inde depolanan s\u0131v\u0131ya g\u00f6re uygun i\u00e7 kaplamas\u0131 , ve d\u0131\u015f kaplamas\u0131 yap\u0131larak m\u00fc\u015fterilere teslim edilir. T\u00fcm tanklara ka\u00e7ak testi yap\u0131l\u0131r. Kullan\u0131lan ba\u011flant\u0131 elemanlar\u0131 i\u00e7erisine konulacak s\u0131v\u0131ya g\u00f6re standartlara uygun \u015fekilde se\u00e7ilerek \u00fcr\u00fcn giri\u015f \u00e7\u0131k\u0131\u015f ba\u011flant\u0131lar\u0131 yap\u0131l\u0131r.","og_url":"https:\/\/esencepetrol.com.tr\/?product=ozel-uretim-su-tanklari","og_site_name":"Esence Petrol - Petrol Ofisi","article_publisher":"https:\/\/www.facebook.com\/onur16uysal","article_modified_time":"2026-01-30T22:27:17+00:00","og_image":[{"width":750,"height":530,"url":"https:\/\/esencepetrol.com.tr\/wp-content\/uploads\/2026\/01\/esence-petrol-1598471242-ozel-uretim-su-tanklari.png","type":"image\/png"}],"twitter_card":"summary_large_image","twitter_misc":{"Tahmini okuma s\u00fcresi":"1 dakika"},"schema":{"@context":"https:\/\/schema.org","@graph":[{"@type":"WebPage","@id":"https:\/\/esencepetrol.com.tr\/?product=ozel-uretim-su-tanklari","url":"https:\/\/esencepetrol.com.tr\/?product=ozel-uretim-su-tanklari","name":"\u00d6zel \u00dcretim Su Tanklar\u0131 - Esence Petrol - Petrol Ofisi","isPartOf":{"@id":"https:\/\/esencepetrol.com.tr\/#website"},"primaryImageOfPage":{"@id":"https:\/\/esencepetrol.com.tr\/?product=ozel-uretim-su-tanklari#primaryimage"},"image":{"@id":"https:\/\/esencepetrol.com.tr\/?product=ozel-uretim-su-tanklari#primaryimage"},"thumbnailUrl":"https:\/\/esencepetrol.com.tr\/wp-content\/uploads\/2026\/01\/esence-petrol-1598471242-ozel-uretim-su-tanklari.png","datePublished":"2026-01-30T22:21:06+00:00","dateModified":"2026-01-30T22:27:17+00:00","breadcrumb":{"@id":"https:\/\/esencepetrol.com.tr\/?product=ozel-uretim-su-tanklari#breadcrumb"},"inLanguage":"tr","potentialAction":[{"@type":"ReadAction","target":["https:\/\/esencepetrol.com.tr\/?product=ozel-uretim-su-tanklari"]}]},{"@type":"ImageObject","inLanguage":"tr","@id":"https:\/\/esencepetrol.com.tr\/?product=ozel-uretim-su-tanklari#primaryimage","url":"https:\/\/esencepetrol.com.tr\/wp-content\/uploads\/2026\/01\/esence-petrol-1598471242-ozel-uretim-su-tanklari.png","contentUrl":"https:\/\/esencepetrol.com.tr\/wp-content\/uploads\/2026\/01\/esence-petrol-1598471242-ozel-uretim-su-tanklari.png","width":750,"height":530},{"@type":"BreadcrumbList","@id":"https:\/\/esencepetrol.com.tr\/?product=ozel-uretim-su-tanklari#breadcrumb","itemListElement":[{"@type":"ListItem","position":1,"name":"Home","item":"https:\/\/esencepetrol.com.tr\/"},{"@type":"ListItem","position":2,"name":"Ma\u011faza","item":"https:\/\/esencepetrol.com.tr\/?page_id=47"},{"@type":"ListItem","position":3,"name":"\u00d6zel \u00dcretim Su Tanklar\u0131"}]},{"@type":"WebSite","@id":"https:\/\/esencepetrol.com.tr\/#website","url":"https:\/\/esencepetrol.com.tr\/","name":"Esence Petrol - Petrol Ofisi","description":"Denizden Karaya, Tarladan \u015eantiyeye Kesintisiz Enerji","publisher":{"@id":"https:\/\/esencepetrol.com.tr\/#organization"},"potentialAction":[{"@type":"SearchAction","target":{"@type":"EntryPoint","urlTemplate":"https:\/\/esencepetrol.com.tr\/?s={search_term_string}"},"query-input":{"@type":"PropertyValueSpecification","valueRequired":true,"valueName":"search_term_string"}}],"inLanguage":"tr"},{"@type":"Organization","@id":"https:\/\/esencepetrol.com.tr\/#organization","name":"Esence Petrol - Petrol Ofisi","url":"https:\/\/esencepetrol.com.tr\/","logo":{"@type":"ImageObject","inLanguage":"tr","@id":"https:\/\/esencepetrol.com.tr\/#\/schema\/logo\/image\/","url":"https:\/\/esencepetrol.com.tr\/wp-content\/uploads\/2026\/01\/esence-favicon.png","contentUrl":"https:\/\/esencepetrol.com.tr\/wp-content\/uploads\/2026\/01\/esence-favicon.png","width":512,"height":512,"caption":"Esence Petrol - Petrol Ofisi"},"image":{"@id":"https:\/\/esencepetrol.com.tr\/#\/schema\/logo\/image\/"},"sameAs":["https:\/\/www.facebook.com\/onur16uysal","https:\/\/www.instagram.com\/esence__petrol"]}]}},"_links":{"self":[{"href":"https:\/\/esencepetrol.com.tr\/index.php?rest_route=\/wp\/v2\/product\/29444","targetHints":{"allow":["GET"]}}],"collection":[{"href":"https:\/\/esencepetrol.com.tr\/index.php?rest_route=\/wp\/v2\/product"}],"about":[{"href":"https:\/\/esencepetrol.com.tr\/index.php?rest_route=\/wp\/v2\/types\/product"}],"version-history":[{"count":5,"href":"https:\/\/esencepetrol.com.tr\/index.php?rest_route=\/wp\/v2\/product\/29444\/revisions"}],"predecessor-version":[{"id":29467,"href":"https:\/\/esencepetrol.com.tr\/index.php?rest_route=\/wp\/v2\/product\/29444\/revisions\/29467"}],"wp:featuredmedia":[{"embeddable":true,"href":"https:\/\/esencepetrol.com.tr\/index.php?rest_route=\/wp\/v2\/media\/29449"}],"wp:attachment":[{"href":"https:\/\/esencepetrol.com.tr\/index.php?rest_route=%2Fwp%2Fv2%2Fmedia&parent=29444"}],"wp:term":[{"taxonomy":"product_brand","embeddable":true,"href":"https:\/\/esencepetrol.com.tr\/index.php?rest_route=%2Fwp%2Fv2%2Fproduct_brand&post=29444"},{"taxonomy":"product_cat","embeddable":true,"href":"https:\/\/esencepetrol.com.tr\/index.php?rest_route=%2Fwp%2Fv2%2Fproduct_cat&post=29444"},{"taxonomy":"product_tag","embeddable":true,"href":"https:\/\/esencepetrol.com.tr\/index.php?rest_route=%2Fwp%2Fv2%2Fproduct_tag&post=29444"}],"curies":[{"name":"wp","href":"https:\/\/api.w.org\/{rel}","templated":true}]}}