{"id":29468,"date":"2026-01-31T01:29:45","date_gmt":"2026-01-30T22:29:45","guid":{"rendered":"https:\/\/gold-elephant-732754.hostingersite.com\/?post_type=product&#038;p=29468"},"modified":"2026-01-31T01:33:16","modified_gmt":"2026-01-30T22:33:16","slug":"plastik-su-depolari","status":"publish","type":"product","link":"https:\/\/esencepetrol.com.tr\/?product=plastik-su-depolari","title":{"rendered":"Plastik Su Depolar\u0131"},"content":{"rendered":"\t\t<div data-elementor-type=\"wp-post\" data-elementor-id=\"29468\" class=\"elementor elementor-29468\">\n\t\t\t\t<div class=\"wd-negative-gap elementor-element elementor-element-97bbd85 e-flex e-con-boxed e-con e-parent\" data-id=\"97bbd85\" data-element_type=\"container\" data-e-type=\"container\">\n\t\t\t\t\t<div class=\"e-con-inner\">\n\t\t\t\t<div class=\"elementor-element elementor-element-79a8b83 elementor-widget__width-initial elementor-widget elementor-widget-wd_text_block\" data-id=\"79a8b83\" data-element_type=\"widget\" data-e-type=\"widget\" data-widget_type=\"wd_text_block.default\">\n\t\t\t\t<div class=\"elementor-widget-container\">\n\t\t\t\t\t\t\t<div class=\"wd-text-block reset-last-child text-left\">\n\t\t\t\n\t\t\t<p><strong>Di\u011fer avantajlar:<\/strong><\/p><p>Hafif ve kullan\u0131m\u0131 kolayd\u0131r.<\/p><p>Duvarlarda e\u015fit kal\u0131nl\u0131\u011fa sahip monolitik yap\u0131 sayesinde kritik noktalardan, kaynaklardan ve yap\u0131sal gerilimlerden ar\u0131nd\u0131r\u0131lm\u0131\u015flard\u0131r.<\/p><p>M\u00fckemmel p\u00fcr\u00fczs\u00fczl\u00fckteki i\u00e7 y\u00fczeyler sayesinde normal deterjanlar ile kolayca y\u0131kanabilir.<\/p><p>Geni\u015f ba\u011flant\u0131 par\u00e7alar\u0131 yelpazesi mevcuttur<\/p>\n\t\t\t\t\t<\/div>\n\t\t\t\t\t\t<\/div>\n\t\t\t\t<\/div>\n\t\t\t\t<div class=\"elementor-element elementor-element-c710d9d elementor-widget__width-initial elementor-widget elementor-widget-wd_text_block\" data-id=\"c710d9d\" data-element_type=\"widget\" data-e-type=\"widget\" data-widget_type=\"wd_text_block.default\">\n\t\t\t\t<div class=\"elementor-widget-container\">\n\t\t\t\t\t\t\t<div class=\"wd-text-block reset-last-child text-left\">\n\t\t\t\n\t\t\t<p style=\"text-align: left;\"><strong>T\u00fcm G\u00fcncel Teknik Bilgileri ula\u015fmak i\u00e7in Esence Petrol sat\u0131\u015f b\u00f6l\u00fcm\u00fcne ula\u015f\u0131n.<\/strong><\/p>\n\t\t\t\t\t<\/div>\n\t\t\t\t\t\t<\/div>\n\t\t\t\t<\/div>\n\t\t\t\t\t<\/div>\n\t\t\t\t<\/div>\n\t\t\t\t<\/div>\n\t\t","protected":false},"excerpt":{"rendered":"<p>Y\u00fcksek yo\u011funlu\u011fa sahip olan polietilen tanklar\u0131m\u0131z g\u0131da maddelerinde , i\u00e7me sular\u0131nda , ya\u011fmur suyu depolanmas\u0131nda , \u00e7ifcilerimizin ila\u00e7lama sisteminde ve bir \u00e7ok s\u0131v\u0131 depolamada kullan\u0131lmak \u00fcretilmektedir. Yatay , veya dikey eksen tipinde \u00fcretimi yap\u0131lan tanklar ayr\u0131ca prizmatik olarak da farkl\u0131 se\u00e7enekleri vard\u0131r.<\/p>\n<p>Hafi olma \u00f6zelli\u011finin yan\u0131 s\u0131ra , UV \u0131\u015f\u0131nlar\u0131n\u0131n s\u0131cakl\u0131k de\u011fi\u015fikliklerine de ola\u011fan\u00fcst\u00fc diren\u00e7 sa\u011flar.<\/p>\n","protected":false},"featured_media":29472,"template":"","meta":[],"product_brand":[88],"product_cat":[94,86],"product_tag":[],"class_list":{"0":"post-29468","1":"product","2":"type-product","3":"status-publish","4":"has-post-thumbnail","6":"product_brand-ems","7":"product_cat-su-tanklari","8":"product_cat-yakit-tanklari","10":"first","11":"instock","12":"shipping-taxable","13":"product-type-simple"},"yoast_head":"<!-- This site is optimized with the Yoast SEO plugin v26.9 - https:\/\/yoast.com\/product\/yoast-seo-wordpress\/ -->\n<title>Plastik Su Depolar\u0131 - Esence Petrol - Petrol Ofisi<\/title>\n<meta name=\"robots\" content=\"index, follow, max-snippet:-1, max-image-preview:large, max-video-preview:-1\" \/>\n<link rel=\"canonical\" href=\"https:\/\/esencepetrol.com.tr\/?product=plastik-su-depolari\" \/>\n<meta property=\"og:locale\" content=\"tr_TR\" \/>\n<meta property=\"og:type\" content=\"article\" \/>\n<meta property=\"og:title\" content=\"Plastik Su Depolar\u0131 - Esence Petrol - Petrol Ofisi\" \/>\n<meta property=\"og:description\" content=\"Y\u00fcksek yo\u011funlu\u011fa sahip olan polietilen tanklar\u0131m\u0131z g\u0131da maddelerinde , i\u00e7me sular\u0131nda , ya\u011fmur suyu depolanmas\u0131nda , \u00e7ifcilerimizin ila\u00e7lama sisteminde ve bir \u00e7ok s\u0131v\u0131 depolamada kullan\u0131lmak \u00fcretilmektedir. Yatay , veya dikey eksen tipinde \u00fcretimi yap\u0131lan tanklar ayr\u0131ca prizmatik olarak da farkl\u0131 se\u00e7enekleri vard\u0131r.  Hafi olma \u00f6zelli\u011finin yan\u0131 s\u0131ra , UV \u0131\u015f\u0131nlar\u0131n\u0131n s\u0131cakl\u0131k de\u011fi\u015fikliklerine de ola\u011fan\u00fcst\u00fc diren\u00e7 sa\u011flar.\" \/>\n<meta property=\"og:url\" content=\"https:\/\/esencepetrol.com.tr\/?product=plastik-su-depolari\" \/>\n<meta property=\"og:site_name\" content=\"Esence Petrol - Petrol Ofisi\" \/>\n<meta property=\"article:publisher\" content=\"https:\/\/www.facebook.com\/onur16uysal\" \/>\n<meta property=\"article:modified_time\" content=\"2026-01-30T22:33:16+00:00\" \/>\n<meta property=\"og:image\" content=\"https:\/\/esencepetrol.com.tr\/wp-content\/uploads\/2026\/01\/esence-petrol-1595629573-plastik-su-depolari.jpg\" \/>\n\t<meta property=\"og:image:width\" content=\"750\" \/>\n\t<meta property=\"og:image:height\" content=\"530\" \/>\n\t<meta property=\"og:image:type\" content=\"image\/jpeg\" \/>\n<meta name=\"twitter:card\" content=\"summary_large_image\" \/>\n<script type=\"application\/ld+json\" class=\"yoast-schema-graph\">{\"@context\":\"https:\/\/schema.org\",\"@graph\":[{\"@type\":\"WebPage\",\"@id\":\"https:\/\/esencepetrol.com.tr\/?product=plastik-su-depolari\",\"url\":\"https:\/\/esencepetrol.com.tr\/?product=plastik-su-depolari\",\"name\":\"Plastik Su Depolar\u0131 - Esence Petrol - Petrol Ofisi\",\"isPartOf\":{\"@id\":\"https:\/\/esencepetrol.com.tr\/#website\"},\"primaryImageOfPage\":{\"@id\":\"https:\/\/esencepetrol.com.tr\/?product=plastik-su-depolari#primaryimage\"},\"image\":{\"@id\":\"https:\/\/esencepetrol.com.tr\/?product=plastik-su-depolari#primaryimage\"},\"thumbnailUrl\":\"https:\/\/esencepetrol.com.tr\/wp-content\/uploads\/2026\/01\/esence-petrol-1595629573-plastik-su-depolari.jpg\",\"datePublished\":\"2026-01-30T22:29:45+00:00\",\"dateModified\":\"2026-01-30T22:33:16+00:00\",\"breadcrumb\":{\"@id\":\"https:\/\/esencepetrol.com.tr\/?product=plastik-su-depolari#breadcrumb\"},\"inLanguage\":\"tr\",\"potentialAction\":[{\"@type\":\"ReadAction\",\"target\":[\"https:\/\/esencepetrol.com.tr\/?product=plastik-su-depolari\"]}]},{\"@type\":\"ImageObject\",\"inLanguage\":\"tr\",\"@id\":\"https:\/\/esencepetrol.com.tr\/?product=plastik-su-depolari#primaryimage\",\"url\":\"https:\/\/esencepetrol.com.tr\/wp-content\/uploads\/2026\/01\/esence-petrol-1595629573-plastik-su-depolari.jpg\",\"contentUrl\":\"https:\/\/esencepetrol.com.tr\/wp-content\/uploads\/2026\/01\/esence-petrol-1595629573-plastik-su-depolari.jpg\",\"width\":750,\"height\":530},{\"@type\":\"BreadcrumbList\",\"@id\":\"https:\/\/esencepetrol.com.tr\/?product=plastik-su-depolari#breadcrumb\",\"itemListElement\":[{\"@type\":\"ListItem\",\"position\":1,\"name\":\"Home\",\"item\":\"https:\/\/esencepetrol.com.tr\/\"},{\"@type\":\"ListItem\",\"position\":2,\"name\":\"Ma\u011faza\",\"item\":\"https:\/\/esencepetrol.com.tr\/?page_id=47\"},{\"@type\":\"ListItem\",\"position\":3,\"name\":\"Plastik Su Depolar\u0131\"}]},{\"@type\":\"WebSite\",\"@id\":\"https:\/\/esencepetrol.com.tr\/#website\",\"url\":\"https:\/\/esencepetrol.com.tr\/\",\"name\":\"Esence Petrol - Petrol Ofisi\",\"description\":\"Denizden Karaya, Tarladan \u015eantiyeye Kesintisiz Enerji\",\"publisher\":{\"@id\":\"https:\/\/esencepetrol.com.tr\/#organization\"},\"potentialAction\":[{\"@type\":\"SearchAction\",\"target\":{\"@type\":\"EntryPoint\",\"urlTemplate\":\"https:\/\/esencepetrol.com.tr\/?s={search_term_string}\"},\"query-input\":{\"@type\":\"PropertyValueSpecification\",\"valueRequired\":true,\"valueName\":\"search_term_string\"}}],\"inLanguage\":\"tr\"},{\"@type\":\"Organization\",\"@id\":\"https:\/\/esencepetrol.com.tr\/#organization\",\"name\":\"Esence Petrol - Petrol Ofisi\",\"url\":\"https:\/\/esencepetrol.com.tr\/\",\"logo\":{\"@type\":\"ImageObject\",\"inLanguage\":\"tr\",\"@id\":\"https:\/\/esencepetrol.com.tr\/#\/schema\/logo\/image\/\",\"url\":\"https:\/\/esencepetrol.com.tr\/wp-content\/uploads\/2026\/01\/esence-favicon.png\",\"contentUrl\":\"https:\/\/esencepetrol.com.tr\/wp-content\/uploads\/2026\/01\/esence-favicon.png\",\"width\":512,\"height\":512,\"caption\":\"Esence Petrol - Petrol Ofisi\"},\"image\":{\"@id\":\"https:\/\/esencepetrol.com.tr\/#\/schema\/logo\/image\/\"},\"sameAs\":[\"https:\/\/www.facebook.com\/onur16uysal\",\"https:\/\/www.instagram.com\/esence__petrol\"]}]}<\/script>\n<!-- \/ Yoast SEO plugin. -->","yoast_head_json":{"title":"Plastik Su Depolar\u0131 - Esence Petrol - Petrol Ofisi","robots":{"index":"index","follow":"follow","max-snippet":"max-snippet:-1","max-image-preview":"max-image-preview:large","max-video-preview":"max-video-preview:-1"},"canonical":"https:\/\/esencepetrol.com.tr\/?product=plastik-su-depolari","og_locale":"tr_TR","og_type":"article","og_title":"Plastik Su Depolar\u0131 - Esence Petrol - Petrol Ofisi","og_description":"Y\u00fcksek yo\u011funlu\u011fa sahip olan polietilen tanklar\u0131m\u0131z g\u0131da maddelerinde , i\u00e7me sular\u0131nda , ya\u011fmur suyu depolanmas\u0131nda , \u00e7ifcilerimizin ila\u00e7lama sisteminde ve bir \u00e7ok s\u0131v\u0131 depolamada kullan\u0131lmak \u00fcretilmektedir. Yatay , veya dikey eksen tipinde \u00fcretimi yap\u0131lan tanklar ayr\u0131ca prizmatik olarak da farkl\u0131 se\u00e7enekleri vard\u0131r.  Hafi olma \u00f6zelli\u011finin yan\u0131 s\u0131ra , UV \u0131\u015f\u0131nlar\u0131n\u0131n s\u0131cakl\u0131k de\u011fi\u015fikliklerine de ola\u011fan\u00fcst\u00fc diren\u00e7 sa\u011flar.","og_url":"https:\/\/esencepetrol.com.tr\/?product=plastik-su-depolari","og_site_name":"Esence Petrol - Petrol Ofisi","article_publisher":"https:\/\/www.facebook.com\/onur16uysal","article_modified_time":"2026-01-30T22:33:16+00:00","og_image":[{"width":750,"height":530,"url":"https:\/\/esencepetrol.com.tr\/wp-content\/uploads\/2026\/01\/esence-petrol-1595629573-plastik-su-depolari.jpg","type":"image\/jpeg"}],"twitter_card":"summary_large_image","schema":{"@context":"https:\/\/schema.org","@graph":[{"@type":"WebPage","@id":"https:\/\/esencepetrol.com.tr\/?product=plastik-su-depolari","url":"https:\/\/esencepetrol.com.tr\/?product=plastik-su-depolari","name":"Plastik Su Depolar\u0131 - Esence Petrol - Petrol Ofisi","isPartOf":{"@id":"https:\/\/esencepetrol.com.tr\/#website"},"primaryImageOfPage":{"@id":"https:\/\/esencepetrol.com.tr\/?product=plastik-su-depolari#primaryimage"},"image":{"@id":"https:\/\/esencepetrol.com.tr\/?product=plastik-su-depolari#primaryimage"},"thumbnailUrl":"https:\/\/esencepetrol.com.tr\/wp-content\/uploads\/2026\/01\/esence-petrol-1595629573-plastik-su-depolari.jpg","datePublished":"2026-01-30T22:29:45+00:00","dateModified":"2026-01-30T22:33:16+00:00","breadcrumb":{"@id":"https:\/\/esencepetrol.com.tr\/?product=plastik-su-depolari#breadcrumb"},"inLanguage":"tr","potentialAction":[{"@type":"ReadAction","target":["https:\/\/esencepetrol.com.tr\/?product=plastik-su-depolari"]}]},{"@type":"ImageObject","inLanguage":"tr","@id":"https:\/\/esencepetrol.com.tr\/?product=plastik-su-depolari#primaryimage","url":"https:\/\/esencepetrol.com.tr\/wp-content\/uploads\/2026\/01\/esence-petrol-1595629573-plastik-su-depolari.jpg","contentUrl":"https:\/\/esencepetrol.com.tr\/wp-content\/uploads\/2026\/01\/esence-petrol-1595629573-plastik-su-depolari.jpg","width":750,"height":530},{"@type":"BreadcrumbList","@id":"https:\/\/esencepetrol.com.tr\/?product=plastik-su-depolari#breadcrumb","itemListElement":[{"@type":"ListItem","position":1,"name":"Home","item":"https:\/\/esencepetrol.com.tr\/"},{"@type":"ListItem","position":2,"name":"Ma\u011faza","item":"https:\/\/esencepetrol.com.tr\/?page_id=47"},{"@type":"ListItem","position":3,"name":"Plastik Su Depolar\u0131"}]},{"@type":"WebSite","@id":"https:\/\/esencepetrol.com.tr\/#website","url":"https:\/\/esencepetrol.com.tr\/","name":"Esence Petrol - Petrol Ofisi","description":"Denizden Karaya, Tarladan \u015eantiyeye Kesintisiz Enerji","publisher":{"@id":"https:\/\/esencepetrol.com.tr\/#organization"},"potentialAction":[{"@type":"SearchAction","target":{"@type":"EntryPoint","urlTemplate":"https:\/\/esencepetrol.com.tr\/?s={search_term_string}"},"query-input":{"@type":"PropertyValueSpecification","valueRequired":true,"valueName":"search_term_string"}}],"inLanguage":"tr"},{"@type":"Organization","@id":"https:\/\/esencepetrol.com.tr\/#organization","name":"Esence Petrol - Petrol Ofisi","url":"https:\/\/esencepetrol.com.tr\/","logo":{"@type":"ImageObject","inLanguage":"tr","@id":"https:\/\/esencepetrol.com.tr\/#\/schema\/logo\/image\/","url":"https:\/\/esencepetrol.com.tr\/wp-content\/uploads\/2026\/01\/esence-favicon.png","contentUrl":"https:\/\/esencepetrol.com.tr\/wp-content\/uploads\/2026\/01\/esence-favicon.png","width":512,"height":512,"caption":"Esence Petrol - Petrol Ofisi"},"image":{"@id":"https:\/\/esencepetrol.com.tr\/#\/schema\/logo\/image\/"},"sameAs":["https:\/\/www.facebook.com\/onur16uysal","https:\/\/www.instagram.com\/esence__petrol"]}]}},"_links":{"self":[{"href":"https:\/\/esencepetrol.com.tr\/index.php?rest_route=\/wp\/v2\/product\/29468","targetHints":{"allow":["GET"]}}],"collection":[{"href":"https:\/\/esencepetrol.com.tr\/index.php?rest_route=\/wp\/v2\/product"}],"about":[{"href":"https:\/\/esencepetrol.com.tr\/index.php?rest_route=\/wp\/v2\/types\/product"}],"version-history":[{"count":7,"href":"https:\/\/esencepetrol.com.tr\/index.php?rest_route=\/wp\/v2\/product\/29468\/revisions"}],"predecessor-version":[{"id":29479,"href":"https:\/\/esencepetrol.com.tr\/index.php?rest_route=\/wp\/v2\/product\/29468\/revisions\/29479"}],"wp:featuredmedia":[{"embeddable":true,"href":"https:\/\/esencepetrol.com.tr\/index.php?rest_route=\/wp\/v2\/media\/29472"}],"wp:attachment":[{"href":"https:\/\/esencepetrol.com.tr\/index.php?rest_route=%2Fwp%2Fv2%2Fmedia&parent=29468"}],"wp:term":[{"taxonomy":"product_brand","embeddable":true,"href":"https:\/\/esencepetrol.com.tr\/index.php?rest_route=%2Fwp%2Fv2%2Fproduct_brand&post=29468"},{"taxonomy":"product_cat","embeddable":true,"href":"https:\/\/esencepetrol.com.tr\/index.php?rest_route=%2Fwp%2Fv2%2Fproduct_cat&post=29468"},{"taxonomy":"product_tag","embeddable":true,"href":"https:\/\/esencepetrol.com.tr\/index.php?rest_route=%2Fwp%2Fv2%2Fproduct_tag&post=29468"}],"curies":[{"name":"wp","href":"https:\/\/api.w.org\/{rel}","templated":true}]}}