{"id":29480,"date":"2026-01-31T01:34:04","date_gmt":"2026-01-30T22:34:04","guid":{"rendered":"https:\/\/gold-elephant-732754.hostingersite.com\/?post_type=product&#038;p=29480"},"modified":"2026-01-31T01:38:14","modified_gmt":"2026-01-30T22:38:14","slug":"yeralti-akaryakit-tanklari","status":"publish","type":"product","link":"https:\/\/esencepetrol.com.tr\/?product=yeralti-akaryakit-tanklari","title":{"rendered":"Yeralt\u0131 Akaryak\u0131t Tanklar\u0131"},"content":{"rendered":"\t\t<div data-elementor-type=\"wp-post\" data-elementor-id=\"29480\" class=\"elementor elementor-29480\">\n\t\t\t\t<div class=\"wd-negative-gap elementor-element elementor-element-97bbd85 e-flex e-con-boxed e-con e-parent\" data-id=\"97bbd85\" data-element_type=\"container\" data-e-type=\"container\">\n\t\t\t\t\t<div class=\"e-con-inner\">\n\t\t\t\t<div class=\"elementor-element elementor-element-79a8b83 elementor-widget elementor-widget-wd_text_block\" data-id=\"79a8b83\" data-element_type=\"widget\" data-e-type=\"widget\" data-widget_type=\"wd_text_block.default\">\n\t\t\t\t<div class=\"elementor-widget-container\">\n\t\t\t\t\t\t\t<div class=\"wd-text-block reset-last-child text-left\">\n\t\t\t\n\t\t\t<p><strong>TEMEL \u00d6ZELL\u0130KLER ;\u00a0<\/strong><\/p><p>*Farkl\u0131 ebatlarda menhol kapa\u011f\u0131 (insan giri\u015fi) c\u0131vatal\u0131 ve contal\u0131<\/p><p>*Menhol \u00fcst\u00fc Sump Ba\u011flant\u0131s\u0131 (iste\u011fe ba\u011fl\u0131)<\/p><p>*Tank ba\u011flant\u0131 Ma\u015fonlar\u0131\u00a0<\/p><p>* kald\u0131rma kulaklar\u0131<\/p><p>*Topraklama noktas\u0131<\/p><p><strong>KAPLAMA<\/strong><\/p><p>Tank i\u00e7i kapalama\u00a0;<\/p><p>\u00a0 \u00a0 - i\u00e7ilmeyen su i\u00e7in epoksi boya\u00a0<\/p><p>\u00a0 \u00a0 - i\u00e7me suyu, tuzlu su,\u00a0 petrol ve petrol \u00fcr\u00fcnleri, y\u00fcksek korozyon ve a\u015f\u0131nmaya yol a\u00e7an kimyasal maddeler i\u00e7in solventsiz fenolik epoksi kaplama uygulan\u0131r.<\/p><p>Tank d\u0131\u015f\u0131 kapalama\u00a0;<\/p><p>- pas \u00f6nleyici epoksi boya ve ya LM500 kalitesinde Mebran\u00a0 kaplama uygulan\u0131r<\/p>\n\t\t\t\t\t<\/div>\n\t\t\t\t\t\t<\/div>\n\t\t\t\t<\/div>\n\t\t\t\t<div class=\"elementor-element elementor-element-caecc89 elementor-widget elementor-widget-image\" data-id=\"caecc89\" data-element_type=\"widget\" data-e-type=\"widget\" data-widget_type=\"image.default\">\n\t\t\t\t\t\t\t\t\t\t\t\t\t\t\t<img loading=\"lazy\" decoding=\"async\" width=\"741\" height=\"455\" src=\"https:\/\/esencepetrol.com.tr\/wp-content\/themes\/woodmart\/images\/lazy.svg\" data-src=\"https:\/\/esencepetrol.com.tr\/wp-content\/uploads\/2026\/01\/esence-petrol-yeralti-tanklari-tablo-tcG73i.jpg\" class=\"attachment-large size-large wp-image-29493\" alt=\"\" srcset=\"\" data-srcset=\"https:\/\/esencepetrol.com.tr\/wp-content\/uploads\/2026\/01\/esence-petrol-yeralti-tanklari-tablo-tcG73i.jpg 741w, https:\/\/esencepetrol.com.tr\/wp-content\/uploads\/2026\/01\/esence-petrol-yeralti-tanklari-tablo-tcG73i-400x246.jpg 400w, https:\/\/esencepetrol.com.tr\/wp-content\/uploads\/2026\/01\/esence-petrol-yeralti-tanklari-tablo-tcG73i-430x264.jpg 430w, https:\/\/esencepetrol.com.tr\/wp-content\/uploads\/2026\/01\/esence-petrol-yeralti-tanklari-tablo-tcG73i-700x430.jpg 700w, https:\/\/esencepetrol.com.tr\/wp-content\/uploads\/2026\/01\/esence-petrol-yeralti-tanklari-tablo-tcG73i-150x92.jpg 150w\" sizes=\"auto, (max-width: 741px) 100vw, 741px\" \/>\t\t\t\t\t\t\t\t\t\t\t\t\t\t\t<\/div>\n\t\t\t\t\t<\/div>\n\t\t\t\t<\/div>\n\t\t\t\t<\/div>\n\t\t","protected":false},"excerpt":{"rendered":"<p>Yan\u0131c\u0131 veya yan\u0131c\u0131 olmayan s\u0131v\u0131lar\u0131n depolanmas\u0131nda kullan\u0131lan Yeralt\u0131 Tanklar\u0131 \u2018\u2019 tek cidarl\u0131 ve \u00e7ift cidarl\u0131 \u2018\u2019 olmak \u00fczere iki farkl\u0131 se\u00e7enek ile m\u00fc\u015fterilere sunulur. Tanklar TS EN 12285 standarlar\u0131na uygun,\u00a0 yatay eksen tipinde\u00a0 ve silindirik olarak imal edilmekte olup, y\u00fcksek hacimleri ile birlikte S 235 JR (EN 10025) \u00e7elik karbon saclar\u0131n k\u0131vr\u0131lmas\u0131 ile \u00fcretilir. T\u00fcm tanklara ka\u00e7ak testi yap\u0131l\u0131r.<\/p>\n<p>Tek cidarl\u0131 tanklar\u0131n g\u00f6vdesi tek sacdan olu\u015fmaktad\u0131r.<\/p>\n<p>\u00c7ift cidarl\u0131 tanklar\u0131n G\u00f6vde sac\u0131 haricinde d\u0131\u015f\u0131na ikincil bir sac kaynat\u0131l\u0131r. Bu tanklar olas\u0131 ka\u00e7ak tesbiti i\u00e7in\u00a0 otomasyon sistemine ba\u011flanarak izlenebilir.<\/p>\n<p><strong>KULLANIM ALANLARI<\/strong><\/p>\n<p>* Akaryak\u0131t \u0130stasyonlar\u0131<\/p>\n<p>* At\u0131k ya\u011flar\u0131n depolanmas\u0131<\/p>\n<p>* Kimyasal Maddelerin depolanmas\u0131<\/p>\n<p>* At\u0131k sular\u0131n depolanmas\u0131<\/p>\n<p>*\u00a0 Ara\u00e7 filosuna sahip firmalar\u0131n yak\u0131t depolamas\u0131<\/p>\n<p>* Yank\u0131n s\u00f6nd\u00fcrme sisteleri i\u00e7in su depolanmas\u0131<\/p>\n<p>* Sulama sistemleri ve ya\u011fmur suyunun toplanmas\u0131nda depolanmas\u0131<\/p>\n","protected":false},"featured_media":29481,"template":"","meta":[],"product_brand":[88],"product_cat":[86,95],"product_tag":[],"class_list":{"0":"post-29480","1":"product","2":"type-product","3":"status-publish","4":"has-post-thumbnail","6":"product_brand-ems","7":"product_cat-yakit-tanklari","8":"product_cat-yeralti-akaryakit-tanklari","10":"first","11":"instock","12":"shipping-taxable","13":"product-type-simple"},"yoast_head":"<!-- This site is optimized with the Yoast SEO plugin v26.9 - https:\/\/yoast.com\/product\/yoast-seo-wordpress\/ -->\n<title>Yeralt\u0131 Akaryak\u0131t Tanklar\u0131 - Esence Petrol - Petrol Ofisi<\/title>\n<meta name=\"robots\" content=\"index, follow, max-snippet:-1, max-image-preview:large, max-video-preview:-1\" \/>\n<link rel=\"canonical\" href=\"https:\/\/esencepetrol.com.tr\/?product=yeralti-akaryakit-tanklari\" \/>\n<meta property=\"og:locale\" content=\"tr_TR\" \/>\n<meta property=\"og:type\" content=\"article\" \/>\n<meta property=\"og:title\" content=\"Yeralt\u0131 Akaryak\u0131t Tanklar\u0131 - Esence Petrol - Petrol Ofisi\" \/>\n<meta property=\"og:description\" content=\"Yan\u0131c\u0131 veya yan\u0131c\u0131 olmayan s\u0131v\u0131lar\u0131n depolanmas\u0131nda kullan\u0131lan Yeralt\u0131 Tanklar\u0131 \u2018\u2019 tek cidarl\u0131 ve \u00e7ift cidarl\u0131 \u2018\u2019 olmak \u00fczere iki farkl\u0131 se\u00e7enek ile m\u00fc\u015fterilere sunulur. Tanklar TS EN 12285 standarlar\u0131na uygun,\u00a0 yatay eksen tipinde\u00a0 ve silindirik olarak imal edilmekte olup, y\u00fcksek hacimleri ile birlikte S 235 JR (EN 10025) \u00e7elik karbon saclar\u0131n k\u0131vr\u0131lmas\u0131 ile \u00fcretilir. T\u00fcm tanklara ka\u00e7ak testi yap\u0131l\u0131r.  Tek cidarl\u0131 tanklar\u0131n g\u00f6vdesi tek sacdan olu\u015fmaktad\u0131r.  \u00c7ift cidarl\u0131 tanklar\u0131n G\u00f6vde sac\u0131 haricinde d\u0131\u015f\u0131na ikincil bir sac kaynat\u0131l\u0131r. Bu tanklar olas\u0131 ka\u00e7ak tesbiti i\u00e7in\u00a0 otomasyon sistemine ba\u011flanarak izlenebilir.  KULLANIM ALANLARI  * Akaryak\u0131t \u0130stasyonlar\u0131  * At\u0131k ya\u011flar\u0131n depolanmas\u0131  * Kimyasal Maddelerin depolanmas\u0131  * At\u0131k sular\u0131n depolanmas\u0131  *\u00a0 Ara\u00e7 filosuna sahip firmalar\u0131n yak\u0131t depolamas\u0131  * Yank\u0131n s\u00f6nd\u00fcrme sisteleri i\u00e7in su depolanmas\u0131  * Sulama sistemleri ve ya\u011fmur suyunun toplanmas\u0131nda depolanmas\u0131\" \/>\n<meta property=\"og:url\" content=\"https:\/\/esencepetrol.com.tr\/?product=yeralti-akaryakit-tanklari\" \/>\n<meta property=\"og:site_name\" content=\"Esence Petrol - Petrol Ofisi\" \/>\n<meta property=\"article:publisher\" content=\"https:\/\/www.facebook.com\/onur16uysal\" \/>\n<meta property=\"article:modified_time\" content=\"2026-01-30T22:38:14+00:00\" \/>\n<meta property=\"og:image\" content=\"https:\/\/esencepetrol.com.tr\/wp-content\/uploads\/2026\/01\/1598471064-yeralti-akaryakit-tanklari.png\" \/>\n\t<meta property=\"og:image:width\" content=\"750\" \/>\n\t<meta property=\"og:image:height\" content=\"530\" \/>\n\t<meta property=\"og:image:type\" content=\"image\/png\" \/>\n<meta name=\"twitter:card\" content=\"summary_large_image\" \/>\n<script type=\"application\/ld+json\" class=\"yoast-schema-graph\">{\"@context\":\"https:\/\/schema.org\",\"@graph\":[{\"@type\":\"WebPage\",\"@id\":\"https:\/\/esencepetrol.com.tr\/?product=yeralti-akaryakit-tanklari\",\"url\":\"https:\/\/esencepetrol.com.tr\/?product=yeralti-akaryakit-tanklari\",\"name\":\"Yeralt\u0131 Akaryak\u0131t Tanklar\u0131 - Esence Petrol - Petrol Ofisi\",\"isPartOf\":{\"@id\":\"https:\/\/esencepetrol.com.tr\/#website\"},\"primaryImageOfPage\":{\"@id\":\"https:\/\/esencepetrol.com.tr\/?product=yeralti-akaryakit-tanklari#primaryimage\"},\"image\":{\"@id\":\"https:\/\/esencepetrol.com.tr\/?product=yeralti-akaryakit-tanklari#primaryimage\"},\"thumbnailUrl\":\"https:\/\/esencepetrol.com.tr\/wp-content\/uploads\/2026\/01\/1598471064-yeralti-akaryakit-tanklari.png\",\"datePublished\":\"2026-01-30T22:34:04+00:00\",\"dateModified\":\"2026-01-30T22:38:14+00:00\",\"breadcrumb\":{\"@id\":\"https:\/\/esencepetrol.com.tr\/?product=yeralti-akaryakit-tanklari#breadcrumb\"},\"inLanguage\":\"tr\",\"potentialAction\":[{\"@type\":\"ReadAction\",\"target\":[\"https:\/\/esencepetrol.com.tr\/?product=yeralti-akaryakit-tanklari\"]}]},{\"@type\":\"ImageObject\",\"inLanguage\":\"tr\",\"@id\":\"https:\/\/esencepetrol.com.tr\/?product=yeralti-akaryakit-tanklari#primaryimage\",\"url\":\"https:\/\/esencepetrol.com.tr\/wp-content\/uploads\/2026\/01\/1598471064-yeralti-akaryakit-tanklari.png\",\"contentUrl\":\"https:\/\/esencepetrol.com.tr\/wp-content\/uploads\/2026\/01\/1598471064-yeralti-akaryakit-tanklari.png\",\"width\":750,\"height\":530},{\"@type\":\"BreadcrumbList\",\"@id\":\"https:\/\/esencepetrol.com.tr\/?product=yeralti-akaryakit-tanklari#breadcrumb\",\"itemListElement\":[{\"@type\":\"ListItem\",\"position\":1,\"name\":\"Home\",\"item\":\"https:\/\/esencepetrol.com.tr\/\"},{\"@type\":\"ListItem\",\"position\":2,\"name\":\"Ma\u011faza\",\"item\":\"https:\/\/esencepetrol.com.tr\/?page_id=47\"},{\"@type\":\"ListItem\",\"position\":3,\"name\":\"Yeralt\u0131 Akaryak\u0131t Tanklar\u0131\"}]},{\"@type\":\"WebSite\",\"@id\":\"https:\/\/esencepetrol.com.tr\/#website\",\"url\":\"https:\/\/esencepetrol.com.tr\/\",\"name\":\"Esence Petrol - Petrol Ofisi\",\"description\":\"Denizden Karaya, Tarladan \u015eantiyeye Kesintisiz Enerji\",\"publisher\":{\"@id\":\"https:\/\/esencepetrol.com.tr\/#organization\"},\"potentialAction\":[{\"@type\":\"SearchAction\",\"target\":{\"@type\":\"EntryPoint\",\"urlTemplate\":\"https:\/\/esencepetrol.com.tr\/?s={search_term_string}\"},\"query-input\":{\"@type\":\"PropertyValueSpecification\",\"valueRequired\":true,\"valueName\":\"search_term_string\"}}],\"inLanguage\":\"tr\"},{\"@type\":\"Organization\",\"@id\":\"https:\/\/esencepetrol.com.tr\/#organization\",\"name\":\"Esence Petrol - Petrol Ofisi\",\"url\":\"https:\/\/esencepetrol.com.tr\/\",\"logo\":{\"@type\":\"ImageObject\",\"inLanguage\":\"tr\",\"@id\":\"https:\/\/esencepetrol.com.tr\/#\/schema\/logo\/image\/\",\"url\":\"https:\/\/esencepetrol.com.tr\/wp-content\/uploads\/2026\/01\/esence-favicon.png\",\"contentUrl\":\"https:\/\/esencepetrol.com.tr\/wp-content\/uploads\/2026\/01\/esence-favicon.png\",\"width\":512,\"height\":512,\"caption\":\"Esence Petrol - Petrol Ofisi\"},\"image\":{\"@id\":\"https:\/\/esencepetrol.com.tr\/#\/schema\/logo\/image\/\"},\"sameAs\":[\"https:\/\/www.facebook.com\/onur16uysal\",\"https:\/\/www.instagram.com\/esence__petrol\"]}]}<\/script>\n<!-- \/ Yoast SEO plugin. -->","yoast_head_json":{"title":"Yeralt\u0131 Akaryak\u0131t Tanklar\u0131 - Esence Petrol - Petrol Ofisi","robots":{"index":"index","follow":"follow","max-snippet":"max-snippet:-1","max-image-preview":"max-image-preview:large","max-video-preview":"max-video-preview:-1"},"canonical":"https:\/\/esencepetrol.com.tr\/?product=yeralti-akaryakit-tanklari","og_locale":"tr_TR","og_type":"article","og_title":"Yeralt\u0131 Akaryak\u0131t Tanklar\u0131 - Esence Petrol - Petrol Ofisi","og_description":"Yan\u0131c\u0131 veya yan\u0131c\u0131 olmayan s\u0131v\u0131lar\u0131n depolanmas\u0131nda kullan\u0131lan Yeralt\u0131 Tanklar\u0131 \u2018\u2019 tek cidarl\u0131 ve \u00e7ift cidarl\u0131 \u2018\u2019 olmak \u00fczere iki farkl\u0131 se\u00e7enek ile m\u00fc\u015fterilere sunulur. Tanklar TS EN 12285 standarlar\u0131na uygun,\u00a0 yatay eksen tipinde\u00a0 ve silindirik olarak imal edilmekte olup, y\u00fcksek hacimleri ile birlikte S 235 JR (EN 10025) \u00e7elik karbon saclar\u0131n k\u0131vr\u0131lmas\u0131 ile \u00fcretilir. T\u00fcm tanklara ka\u00e7ak testi yap\u0131l\u0131r.  Tek cidarl\u0131 tanklar\u0131n g\u00f6vdesi tek sacdan olu\u015fmaktad\u0131r.  \u00c7ift cidarl\u0131 tanklar\u0131n G\u00f6vde sac\u0131 haricinde d\u0131\u015f\u0131na ikincil bir sac kaynat\u0131l\u0131r. Bu tanklar olas\u0131 ka\u00e7ak tesbiti i\u00e7in\u00a0 otomasyon sistemine ba\u011flanarak izlenebilir.  KULLANIM ALANLARI  * Akaryak\u0131t \u0130stasyonlar\u0131  * At\u0131k ya\u011flar\u0131n depolanmas\u0131  * Kimyasal Maddelerin depolanmas\u0131  * At\u0131k sular\u0131n depolanmas\u0131  *\u00a0 Ara\u00e7 filosuna sahip firmalar\u0131n yak\u0131t depolamas\u0131  * Yank\u0131n s\u00f6nd\u00fcrme sisteleri i\u00e7in su depolanmas\u0131  * Sulama sistemleri ve ya\u011fmur suyunun toplanmas\u0131nda depolanmas\u0131","og_url":"https:\/\/esencepetrol.com.tr\/?product=yeralti-akaryakit-tanklari","og_site_name":"Esence Petrol - Petrol Ofisi","article_publisher":"https:\/\/www.facebook.com\/onur16uysal","article_modified_time":"2026-01-30T22:38:14+00:00","og_image":[{"width":750,"height":530,"url":"https:\/\/esencepetrol.com.tr\/wp-content\/uploads\/2026\/01\/1598471064-yeralti-akaryakit-tanklari.png","type":"image\/png"}],"twitter_card":"summary_large_image","schema":{"@context":"https:\/\/schema.org","@graph":[{"@type":"WebPage","@id":"https:\/\/esencepetrol.com.tr\/?product=yeralti-akaryakit-tanklari","url":"https:\/\/esencepetrol.com.tr\/?product=yeralti-akaryakit-tanklari","name":"Yeralt\u0131 Akaryak\u0131t Tanklar\u0131 - Esence Petrol - Petrol Ofisi","isPartOf":{"@id":"https:\/\/esencepetrol.com.tr\/#website"},"primaryImageOfPage":{"@id":"https:\/\/esencepetrol.com.tr\/?product=yeralti-akaryakit-tanklari#primaryimage"},"image":{"@id":"https:\/\/esencepetrol.com.tr\/?product=yeralti-akaryakit-tanklari#primaryimage"},"thumbnailUrl":"https:\/\/esencepetrol.com.tr\/wp-content\/uploads\/2026\/01\/1598471064-yeralti-akaryakit-tanklari.png","datePublished":"2026-01-30T22:34:04+00:00","dateModified":"2026-01-30T22:38:14+00:00","breadcrumb":{"@id":"https:\/\/esencepetrol.com.tr\/?product=yeralti-akaryakit-tanklari#breadcrumb"},"inLanguage":"tr","potentialAction":[{"@type":"ReadAction","target":["https:\/\/esencepetrol.com.tr\/?product=yeralti-akaryakit-tanklari"]}]},{"@type":"ImageObject","inLanguage":"tr","@id":"https:\/\/esencepetrol.com.tr\/?product=yeralti-akaryakit-tanklari#primaryimage","url":"https:\/\/esencepetrol.com.tr\/wp-content\/uploads\/2026\/01\/1598471064-yeralti-akaryakit-tanklari.png","contentUrl":"https:\/\/esencepetrol.com.tr\/wp-content\/uploads\/2026\/01\/1598471064-yeralti-akaryakit-tanklari.png","width":750,"height":530},{"@type":"BreadcrumbList","@id":"https:\/\/esencepetrol.com.tr\/?product=yeralti-akaryakit-tanklari#breadcrumb","itemListElement":[{"@type":"ListItem","position":1,"name":"Home","item":"https:\/\/esencepetrol.com.tr\/"},{"@type":"ListItem","position":2,"name":"Ma\u011faza","item":"https:\/\/esencepetrol.com.tr\/?page_id=47"},{"@type":"ListItem","position":3,"name":"Yeralt\u0131 Akaryak\u0131t Tanklar\u0131"}]},{"@type":"WebSite","@id":"https:\/\/esencepetrol.com.tr\/#website","url":"https:\/\/esencepetrol.com.tr\/","name":"Esence Petrol - Petrol Ofisi","description":"Denizden Karaya, Tarladan \u015eantiyeye Kesintisiz Enerji","publisher":{"@id":"https:\/\/esencepetrol.com.tr\/#organization"},"potentialAction":[{"@type":"SearchAction","target":{"@type":"EntryPoint","urlTemplate":"https:\/\/esencepetrol.com.tr\/?s={search_term_string}"},"query-input":{"@type":"PropertyValueSpecification","valueRequired":true,"valueName":"search_term_string"}}],"inLanguage":"tr"},{"@type":"Organization","@id":"https:\/\/esencepetrol.com.tr\/#organization","name":"Esence Petrol - Petrol Ofisi","url":"https:\/\/esencepetrol.com.tr\/","logo":{"@type":"ImageObject","inLanguage":"tr","@id":"https:\/\/esencepetrol.com.tr\/#\/schema\/logo\/image\/","url":"https:\/\/esencepetrol.com.tr\/wp-content\/uploads\/2026\/01\/esence-favicon.png","contentUrl":"https:\/\/esencepetrol.com.tr\/wp-content\/uploads\/2026\/01\/esence-favicon.png","width":512,"height":512,"caption":"Esence Petrol - Petrol Ofisi"},"image":{"@id":"https:\/\/esencepetrol.com.tr\/#\/schema\/logo\/image\/"},"sameAs":["https:\/\/www.facebook.com\/onur16uysal","https:\/\/www.instagram.com\/esence__petrol"]}]}},"_links":{"self":[{"href":"https:\/\/esencepetrol.com.tr\/index.php?rest_route=\/wp\/v2\/product\/29480","targetHints":{"allow":["GET"]}}],"collection":[{"href":"https:\/\/esencepetrol.com.tr\/index.php?rest_route=\/wp\/v2\/product"}],"about":[{"href":"https:\/\/esencepetrol.com.tr\/index.php?rest_route=\/wp\/v2\/types\/product"}],"version-history":[{"count":4,"href":"https:\/\/esencepetrol.com.tr\/index.php?rest_route=\/wp\/v2\/product\/29480\/revisions"}],"predecessor-version":[{"id":29496,"href":"https:\/\/esencepetrol.com.tr\/index.php?rest_route=\/wp\/v2\/product\/29480\/revisions\/29496"}],"wp:featuredmedia":[{"embeddable":true,"href":"https:\/\/esencepetrol.com.tr\/index.php?rest_route=\/wp\/v2\/media\/29481"}],"wp:attachment":[{"href":"https:\/\/esencepetrol.com.tr\/index.php?rest_route=%2Fwp%2Fv2%2Fmedia&parent=29480"}],"wp:term":[{"taxonomy":"product_brand","embeddable":true,"href":"https:\/\/esencepetrol.com.tr\/index.php?rest_route=%2Fwp%2Fv2%2Fproduct_brand&post=29480"},{"taxonomy":"product_cat","embeddable":true,"href":"https:\/\/esencepetrol.com.tr\/index.php?rest_route=%2Fwp%2Fv2%2Fproduct_cat&post=29480"},{"taxonomy":"product_tag","embeddable":true,"href":"https:\/\/esencepetrol.com.tr\/index.php?rest_route=%2Fwp%2Fv2%2Fproduct_tag&post=29480"}],"curies":[{"name":"wp","href":"https:\/\/api.w.org\/{rel}","templated":true}]}}