{"id":29519,"date":"2026-01-31T01:45:00","date_gmt":"2026-01-30T22:45:00","guid":{"rendered":"https:\/\/gold-elephant-732754.hostingersite.com\/?post_type=product&#038;p=29519"},"modified":"2026-01-31T01:47:02","modified_gmt":"2026-01-30T22:47:02","slug":"ems-tog-6b","status":"publish","type":"product","link":"https:\/\/esencepetrol.com.tr\/?product=ems-tog-6b","title":{"rendered":"EMS TOG -6B"},"content":{"rendered":"\t\t<div data-elementor-type=\"wp-post\" data-elementor-id=\"29519\" class=\"elementor elementor-29519\">\n\t\t\t\t<div class=\"wd-negative-gap elementor-element elementor-element-97bbd85 e-flex e-con-boxed e-con e-parent\" data-id=\"97bbd85\" data-element_type=\"container\" data-e-type=\"container\">\n\t\t\t\t\t<div class=\"e-con-inner\">\n\t\t\t\t<div class=\"elementor-element elementor-element-79a8b83 elementor-widget elementor-widget-wd_text_block\" data-id=\"79a8b83\" data-element_type=\"widget\" data-e-type=\"widget\" data-widget_type=\"wd_text_block.default\">\n\t\t\t\t<div class=\"elementor-widget-container\">\n\t\t\t\t\t\t\t<div class=\"wd-text-block reset-last-child text-left\">\n\t\t\t\n\t\t\t<p>\u2022 Kendinden emi\u015fli pompa (by-pass akupleli)<\/p><p>\u2022 Yak\u0131t giri\u015fi filtresi<\/p><p>\u2022 Dispenseri otomatik a\u00e7\u0131p kapayan tabanca yuvas\u0131<\/p><p>\u2022 Anl\u0131k verilen yak\u0131t miktar\u0131n\u0131 (4+1 hane) ve toplam\u0131 (6+1 hane) g\u00f6steren mekanik numarat\u00f6r<\/p><p>\u2022 Yeni ve modern d\u0131\u015f yap\u0131<\/p><p>\u2022 Kullan\u0131\u015fl\u0131 ve h\u0131zl\u0131 dolum<\/p>\n\t\t\t\t\t<\/div>\n\t\t\t\t\t\t<\/div>\n\t\t\t\t<\/div>\n\t\t\t\t<div class=\"elementor-element elementor-element-e1a18fe elementor-widget elementor-widget-wd_text_block\" data-id=\"e1a18fe\" data-element_type=\"widget\" data-e-type=\"widget\" data-widget_type=\"wd_text_block.default\">\n\t\t\t\t<div class=\"elementor-widget-container\">\n\t\t\t\t\t\t\t<div class=\"wd-text-block reset-last-child text-left\">\n\t\t\t\n\t\t\t<section><div class=\"container\"><div class=\"row\"><div class=\"order-first order-md-9 col-lg-8 col-xl-9\"><div class=\"row project-col\"><div class=\"col-lg-12 mt-3\"><div class=\"col-lg-12 mt-3\"><div id=\"myTabContentJust\" class=\"tab-content\"><div id=\"profile-just\" class=\"tab-pane fade active show\" role=\"tabpanel\" aria-labelledby=\"profile-tab-just\"><p><strong>TEKN\u0130K \u00d6ZELL\u0130KLER<\/strong><\/p><p>\u2022 \u00c7\u0131k\u0131\u015f: Tek<\/p><p>\u2022 Tabanca: 3\/4\"<\/p><p>\u2022 Kasa: Sac metal (ST52)<\/p><p>\u2022 Boya: Elektrostatik toz boya<\/p><p>\u2022 Raflar: Galvaniz kaplamal\u0131 Sac metal (ST52)<\/p><p>\u2022 Azami Kapasite: 55 lt\/dk (max)<\/p><p>\u2022 Hortum: 4 m (3\/4\")<\/p><p>\u2022 \u00c7al\u0131\u015fma S\u0131cakl\u0131\u011f\u0131: -20\u00b0C \/ +60\u00b0C<\/p><p>\u2022 Voltaj: 380 vAC<\/p><p>\u2022 Motor G\u00fcc\u00fc: 0.75 kw<\/p><p>\u2022 A\u011f\u0131rl\u0131k: 108 kg<\/p><p>\u2022 \u00d6l\u00e7\u00fcler (EBY): 52\u00d761\u00d780 cm<\/p><p>\u2022 Toz toprak ya\u011fmur ve d\u0131\u015f etkenlere kar\u015f\u0131 koruma kabini<\/p><p>\u2022 \u00a0Pompa, nihai kullan\u0131c\u0131lar i\u00e7in tasarlanm\u0131\u015f ticari maksatla kullan\u0131lmayan, dizel aktar\u0131m pompalard\u0131r.<\/p><p>\u2022 Saya\u00e7 Hata Pay\u0131: \u00b11000\/<\/p><\/div><\/div><\/div><\/div><\/div><\/div><\/div><\/div><\/section><footer><div class=\"container\"><div class=\"footer-bottom\"><div class=\"fb-copyright\">\u00a0<\/div><\/div><\/div><\/footer>\n\t\t\t\t\t<\/div>\n\t\t\t\t\t\t<\/div>\n\t\t\t\t<\/div>\n\t\t\t\t\t<\/div>\n\t\t\t\t<\/div>\n\t\t\t\t<\/div>\n\t\t","protected":false},"excerpt":{"rendered":"<section>\n<div class=\"container\">\n<div class=\"row\">\n<div class=\"order-first order-md-9 col-lg-8 col-xl-9\">\n<div class=\"row project-col\">\n<div class=\"col-lg-12 mt-3\">\n<div class=\"col-lg-12 mt-3\">\n<div id=\"myTabContentJust\" class=\"tab-content\">\n<div id=\"home-just\" class=\"tab-pane fade active show\" role=\"tabpanel\" aria-labelledby=\"home-tab-just\">\n<p>Pompa, giri\u015f seviyesinde tek \u00fcr\u00fcn ve tek tabancal\u0131, mekanik numarat\u00f6rl\u00fc dispenserdir. \u015eantiye\/filo dolum uygulamalar\u0131na uygundur.<\/p>\n<\/div>\n<\/div>\n<\/div>\n<\/div>\n<\/div>\n<\/div>\n<\/div>\n<\/div>\n<\/section>\n","protected":false},"featured_media":29523,"template":"","meta":[],"product_brand":[88],"product_cat":[97,86],"product_tag":[],"class_list":{"0":"post-29519","1":"product","2":"type-product","3":"status-publish","4":"has-post-thumbnail","6":"product_brand-ems","7":"product_cat-akaryakit-pompalari","8":"product_cat-yakit-tanklari","10":"first","11":"instock","12":"shipping-taxable","13":"product-type-simple"},"yoast_head":"<!-- This site is optimized with the Yoast SEO plugin v26.9 - https:\/\/yoast.com\/product\/yoast-seo-wordpress\/ -->\n<title>EMS TOG -6B - Esence Petrol - Petrol Ofisi<\/title>\n<meta name=\"robots\" content=\"index, follow, max-snippet:-1, max-image-preview:large, max-video-preview:-1\" \/>\n<link rel=\"canonical\" href=\"https:\/\/esencepetrol.com.tr\/?product=ems-tog-6b\" \/>\n<meta property=\"og:locale\" content=\"tr_TR\" \/>\n<meta property=\"og:type\" content=\"article\" \/>\n<meta property=\"og:title\" content=\"EMS TOG -6B - Esence Petrol - Petrol Ofisi\" \/>\n<meta property=\"og:description\" content=\"Pompa, giri\u015f seviyesinde tek \u00fcr\u00fcn ve tek tabancal\u0131, mekanik numarat\u00f6rl\u00fc dispenserdir. \u015eantiye\/filo dolum uygulamalar\u0131na uygundur.\" \/>\n<meta property=\"og:url\" content=\"https:\/\/esencepetrol.com.tr\/?product=ems-tog-6b\" \/>\n<meta property=\"og:site_name\" content=\"Esence Petrol - Petrol Ofisi\" \/>\n<meta property=\"article:publisher\" content=\"https:\/\/www.facebook.com\/onur16uysal\" \/>\n<meta property=\"article:modified_time\" content=\"2026-01-30T22:47:02+00:00\" \/>\n<meta property=\"og:image\" content=\"https:\/\/esencepetrol.com.tr\/wp-content\/uploads\/2026\/01\/esence-petrol-akaryakir-pompasi-1599818792-ems-tog-6b.jpg\" \/>\n\t<meta property=\"og:image:width\" content=\"750\" \/>\n\t<meta property=\"og:image:height\" content=\"530\" \/>\n\t<meta property=\"og:image:type\" content=\"image\/jpeg\" \/>\n<meta name=\"twitter:card\" content=\"summary_large_image\" \/>\n<meta name=\"twitter:label1\" content=\"Tahmini okuma s\u00fcresi\" \/>\n\t<meta name=\"twitter:data1\" content=\"1 dakika\" \/>\n<script type=\"application\/ld+json\" class=\"yoast-schema-graph\">{\"@context\":\"https:\/\/schema.org\",\"@graph\":[{\"@type\":\"WebPage\",\"@id\":\"https:\/\/esencepetrol.com.tr\/?product=ems-tog-6b\",\"url\":\"https:\/\/esencepetrol.com.tr\/?product=ems-tog-6b\",\"name\":\"EMS TOG -6B - Esence Petrol - Petrol Ofisi\",\"isPartOf\":{\"@id\":\"https:\/\/esencepetrol.com.tr\/#website\"},\"primaryImageOfPage\":{\"@id\":\"https:\/\/esencepetrol.com.tr\/?product=ems-tog-6b#primaryimage\"},\"image\":{\"@id\":\"https:\/\/esencepetrol.com.tr\/?product=ems-tog-6b#primaryimage\"},\"thumbnailUrl\":\"https:\/\/esencepetrol.com.tr\/wp-content\/uploads\/2026\/01\/esence-petrol-akaryakir-pompasi-1599818792-ems-tog-6b.jpg\",\"datePublished\":\"2026-01-30T22:45:00+00:00\",\"dateModified\":\"2026-01-30T22:47:02+00:00\",\"breadcrumb\":{\"@id\":\"https:\/\/esencepetrol.com.tr\/?product=ems-tog-6b#breadcrumb\"},\"inLanguage\":\"tr\",\"potentialAction\":[{\"@type\":\"ReadAction\",\"target\":[\"https:\/\/esencepetrol.com.tr\/?product=ems-tog-6b\"]}]},{\"@type\":\"ImageObject\",\"inLanguage\":\"tr\",\"@id\":\"https:\/\/esencepetrol.com.tr\/?product=ems-tog-6b#primaryimage\",\"url\":\"https:\/\/esencepetrol.com.tr\/wp-content\/uploads\/2026\/01\/esence-petrol-akaryakir-pompasi-1599818792-ems-tog-6b.jpg\",\"contentUrl\":\"https:\/\/esencepetrol.com.tr\/wp-content\/uploads\/2026\/01\/esence-petrol-akaryakir-pompasi-1599818792-ems-tog-6b.jpg\",\"width\":750,\"height\":530},{\"@type\":\"BreadcrumbList\",\"@id\":\"https:\/\/esencepetrol.com.tr\/?product=ems-tog-6b#breadcrumb\",\"itemListElement\":[{\"@type\":\"ListItem\",\"position\":1,\"name\":\"Home\",\"item\":\"https:\/\/esencepetrol.com.tr\/\"},{\"@type\":\"ListItem\",\"position\":2,\"name\":\"Ma\u011faza\",\"item\":\"https:\/\/esencepetrol.com.tr\/?page_id=47\"},{\"@type\":\"ListItem\",\"position\":3,\"name\":\"EMS TOG -6B\"}]},{\"@type\":\"WebSite\",\"@id\":\"https:\/\/esencepetrol.com.tr\/#website\",\"url\":\"https:\/\/esencepetrol.com.tr\/\",\"name\":\"Esence Petrol - Petrol Ofisi\",\"description\":\"Denizden Karaya, Tarladan \u015eantiyeye Kesintisiz Enerji\",\"publisher\":{\"@id\":\"https:\/\/esencepetrol.com.tr\/#organization\"},\"potentialAction\":[{\"@type\":\"SearchAction\",\"target\":{\"@type\":\"EntryPoint\",\"urlTemplate\":\"https:\/\/esencepetrol.com.tr\/?s={search_term_string}\"},\"query-input\":{\"@type\":\"PropertyValueSpecification\",\"valueRequired\":true,\"valueName\":\"search_term_string\"}}],\"inLanguage\":\"tr\"},{\"@type\":\"Organization\",\"@id\":\"https:\/\/esencepetrol.com.tr\/#organization\",\"name\":\"Esence Petrol - Petrol Ofisi\",\"url\":\"https:\/\/esencepetrol.com.tr\/\",\"logo\":{\"@type\":\"ImageObject\",\"inLanguage\":\"tr\",\"@id\":\"https:\/\/esencepetrol.com.tr\/#\/schema\/logo\/image\/\",\"url\":\"https:\/\/esencepetrol.com.tr\/wp-content\/uploads\/2026\/01\/esence-favicon.png\",\"contentUrl\":\"https:\/\/esencepetrol.com.tr\/wp-content\/uploads\/2026\/01\/esence-favicon.png\",\"width\":512,\"height\":512,\"caption\":\"Esence Petrol - Petrol Ofisi\"},\"image\":{\"@id\":\"https:\/\/esencepetrol.com.tr\/#\/schema\/logo\/image\/\"},\"sameAs\":[\"https:\/\/www.facebook.com\/onur16uysal\",\"https:\/\/www.instagram.com\/esence__petrol\"]}]}<\/script>\n<!-- \/ Yoast SEO plugin. -->","yoast_head_json":{"title":"EMS TOG -6B - Esence Petrol - Petrol Ofisi","robots":{"index":"index","follow":"follow","max-snippet":"max-snippet:-1","max-image-preview":"max-image-preview:large","max-video-preview":"max-video-preview:-1"},"canonical":"https:\/\/esencepetrol.com.tr\/?product=ems-tog-6b","og_locale":"tr_TR","og_type":"article","og_title":"EMS TOG -6B - Esence Petrol - Petrol Ofisi","og_description":"Pompa, giri\u015f seviyesinde tek \u00fcr\u00fcn ve tek tabancal\u0131, mekanik numarat\u00f6rl\u00fc dispenserdir. \u015eantiye\/filo dolum uygulamalar\u0131na uygundur.","og_url":"https:\/\/esencepetrol.com.tr\/?product=ems-tog-6b","og_site_name":"Esence Petrol - Petrol Ofisi","article_publisher":"https:\/\/www.facebook.com\/onur16uysal","article_modified_time":"2026-01-30T22:47:02+00:00","og_image":[{"width":750,"height":530,"url":"https:\/\/esencepetrol.com.tr\/wp-content\/uploads\/2026\/01\/esence-petrol-akaryakir-pompasi-1599818792-ems-tog-6b.jpg","type":"image\/jpeg"}],"twitter_card":"summary_large_image","twitter_misc":{"Tahmini okuma s\u00fcresi":"1 dakika"},"schema":{"@context":"https:\/\/schema.org","@graph":[{"@type":"WebPage","@id":"https:\/\/esencepetrol.com.tr\/?product=ems-tog-6b","url":"https:\/\/esencepetrol.com.tr\/?product=ems-tog-6b","name":"EMS TOG -6B - Esence Petrol - Petrol Ofisi","isPartOf":{"@id":"https:\/\/esencepetrol.com.tr\/#website"},"primaryImageOfPage":{"@id":"https:\/\/esencepetrol.com.tr\/?product=ems-tog-6b#primaryimage"},"image":{"@id":"https:\/\/esencepetrol.com.tr\/?product=ems-tog-6b#primaryimage"},"thumbnailUrl":"https:\/\/esencepetrol.com.tr\/wp-content\/uploads\/2026\/01\/esence-petrol-akaryakir-pompasi-1599818792-ems-tog-6b.jpg","datePublished":"2026-01-30T22:45:00+00:00","dateModified":"2026-01-30T22:47:02+00:00","breadcrumb":{"@id":"https:\/\/esencepetrol.com.tr\/?product=ems-tog-6b#breadcrumb"},"inLanguage":"tr","potentialAction":[{"@type":"ReadAction","target":["https:\/\/esencepetrol.com.tr\/?product=ems-tog-6b"]}]},{"@type":"ImageObject","inLanguage":"tr","@id":"https:\/\/esencepetrol.com.tr\/?product=ems-tog-6b#primaryimage","url":"https:\/\/esencepetrol.com.tr\/wp-content\/uploads\/2026\/01\/esence-petrol-akaryakir-pompasi-1599818792-ems-tog-6b.jpg","contentUrl":"https:\/\/esencepetrol.com.tr\/wp-content\/uploads\/2026\/01\/esence-petrol-akaryakir-pompasi-1599818792-ems-tog-6b.jpg","width":750,"height":530},{"@type":"BreadcrumbList","@id":"https:\/\/esencepetrol.com.tr\/?product=ems-tog-6b#breadcrumb","itemListElement":[{"@type":"ListItem","position":1,"name":"Home","item":"https:\/\/esencepetrol.com.tr\/"},{"@type":"ListItem","position":2,"name":"Ma\u011faza","item":"https:\/\/esencepetrol.com.tr\/?page_id=47"},{"@type":"ListItem","position":3,"name":"EMS TOG -6B"}]},{"@type":"WebSite","@id":"https:\/\/esencepetrol.com.tr\/#website","url":"https:\/\/esencepetrol.com.tr\/","name":"Esence Petrol - Petrol Ofisi","description":"Denizden Karaya, Tarladan \u015eantiyeye Kesintisiz Enerji","publisher":{"@id":"https:\/\/esencepetrol.com.tr\/#organization"},"potentialAction":[{"@type":"SearchAction","target":{"@type":"EntryPoint","urlTemplate":"https:\/\/esencepetrol.com.tr\/?s={search_term_string}"},"query-input":{"@type":"PropertyValueSpecification","valueRequired":true,"valueName":"search_term_string"}}],"inLanguage":"tr"},{"@type":"Organization","@id":"https:\/\/esencepetrol.com.tr\/#organization","name":"Esence Petrol - Petrol Ofisi","url":"https:\/\/esencepetrol.com.tr\/","logo":{"@type":"ImageObject","inLanguage":"tr","@id":"https:\/\/esencepetrol.com.tr\/#\/schema\/logo\/image\/","url":"https:\/\/esencepetrol.com.tr\/wp-content\/uploads\/2026\/01\/esence-favicon.png","contentUrl":"https:\/\/esencepetrol.com.tr\/wp-content\/uploads\/2026\/01\/esence-favicon.png","width":512,"height":512,"caption":"Esence Petrol - Petrol Ofisi"},"image":{"@id":"https:\/\/esencepetrol.com.tr\/#\/schema\/logo\/image\/"},"sameAs":["https:\/\/www.facebook.com\/onur16uysal","https:\/\/www.instagram.com\/esence__petrol"]}]}},"_links":{"self":[{"href":"https:\/\/esencepetrol.com.tr\/index.php?rest_route=\/wp\/v2\/product\/29519","targetHints":{"allow":["GET"]}}],"collection":[{"href":"https:\/\/esencepetrol.com.tr\/index.php?rest_route=\/wp\/v2\/product"}],"about":[{"href":"https:\/\/esencepetrol.com.tr\/index.php?rest_route=\/wp\/v2\/types\/product"}],"version-history":[{"count":4,"href":"https:\/\/esencepetrol.com.tr\/index.php?rest_route=\/wp\/v2\/product\/29519\/revisions"}],"predecessor-version":[{"id":29527,"href":"https:\/\/esencepetrol.com.tr\/index.php?rest_route=\/wp\/v2\/product\/29519\/revisions\/29527"}],"wp:featuredmedia":[{"embeddable":true,"href":"https:\/\/esencepetrol.com.tr\/index.php?rest_route=\/wp\/v2\/media\/29523"}],"wp:attachment":[{"href":"https:\/\/esencepetrol.com.tr\/index.php?rest_route=%2Fwp%2Fv2%2Fmedia&parent=29519"}],"wp:term":[{"taxonomy":"product_brand","embeddable":true,"href":"https:\/\/esencepetrol.com.tr\/index.php?rest_route=%2Fwp%2Fv2%2Fproduct_brand&post=29519"},{"taxonomy":"product_cat","embeddable":true,"href":"https:\/\/esencepetrol.com.tr\/index.php?rest_route=%2Fwp%2Fv2%2Fproduct_cat&post=29519"},{"taxonomy":"product_tag","embeddable":true,"href":"https:\/\/esencepetrol.com.tr\/index.php?rest_route=%2Fwp%2Fv2%2Fproduct_tag&post=29519"}],"curies":[{"name":"wp","href":"https:\/\/api.w.org\/{rel}","templated":true}]}}