{"id":29528,"date":"2026-01-31T01:47:23","date_gmt":"2026-01-30T22:47:23","guid":{"rendered":"https:\/\/gold-elephant-732754.hostingersite.com\/?post_type=product&#038;p=29528"},"modified":"2026-01-31T01:49:17","modified_gmt":"2026-01-30T22:49:17","slug":"ems-agr-8","status":"publish","type":"product","link":"https:\/\/esencepetrol.com.tr\/?product=ems-agr-8","title":{"rendered":"EMS AGR -8"},"content":{"rendered":"\t\t<div data-elementor-type=\"wp-post\" data-elementor-id=\"29528\" class=\"elementor elementor-29528\">\n\t\t\t\t<div class=\"wd-negative-gap elementor-element elementor-element-97bbd85 e-flex e-con-boxed e-con e-parent\" data-id=\"97bbd85\" data-element_type=\"container\" data-e-type=\"container\">\n\t\t\t\t\t<div class=\"e-con-inner\">\n\t\t\t\t<div class=\"elementor-element elementor-element-79a8b83 elementor-widget elementor-widget-wd_text_block\" data-id=\"79a8b83\" data-element_type=\"widget\" data-e-type=\"widget\" data-widget_type=\"wd_text_block.default\">\n\t\t\t\t<div class=\"elementor-widget-container\">\n\t\t\t\t\t\t\t<div class=\"wd-text-block reset-last-child text-left\">\n\t\t\t\n\t\t\t<p>\u2022 A\u011f\u0131r hizmet tipi olup, uzun s\u00fcre durmaks\u0131z\u0131n kullanabilir.<\/p><p>\u2022 \u0130\u015f makinas\u0131 deposuna uygun manual tabanca.<\/p><p>\u2022 Tabanca yuvas\u0131 yan paneldedir. Pompa a\u00e7\/kapa d\u00fc\u011fmesine komut verir.<\/p><p>\u2022 Otomatik tabanca tak\u0131labilir (opsiyon).<\/p><p>\u2022 Mekanik numarat\u00f6r basit ve g\u00fcvenilir i\u015flev sa\u011flar.<\/p><p>\u2022 Mekanik g\u00f6sterge (anl\u0131k 5 hane, toplam 6 hane)<\/p><p>\u2022 De\u011fi\u015fik ebatlarda hortum takabilme<\/p><p>\u2022 %0.25 hassasiyetle \u00f6l\u00e7\u00fcm<\/p><p>\u2022 Kendinden kalk\u0131\u015fl\u0131 pompa, g\u00f6vdesine akuple by-pass valfi ile birlikte gelir.<\/p><p>\u2022 Emi\u015f taraf\u0131nda 45 me\u00e7 koruyucu filtre bulunur.<\/p><p>\u2022 Opsiyonel \u00e7\u0131k\u0131\u015f taraf\u0131 solenoid valfi (elektronik numarat\u00f6rl\u00fc modeller).<\/p><p>\u2022 Otomatik pompa \u00e7al\u0131\u015ft\u0131ran ve kapatan tabanca yuvas\u0131 d\u00fc\u011fmesi.<\/p><p>\u2022 Bak\u0131m ve tamir i\u00e7in rahatl\u0131k sa\u011flayan kilitlenebilir \u00f6n kapak.<\/p><p>\u2022 Otomasyona uygun elektronik numarat\u00f6r (g\u00f6sterge: anl\u0131k 8 hane, toplam 9 hane) tak\u0131labilir.<\/p><p>\u2022 B\u00fcy\u00fck likit kristal g\u00f6sterge (elektronik numarat\u00f6rl\u00fc modeller).<\/p><p>\u2022 Tan\u0131mlay\u0131c\u0131 kartl\u0131 makineler ile birlikte kullan\u0131m, ofis bilgisayar\u0131 ile do\u011frudan ileti\u015fim (elektronik numarat\u00f6rl\u00fc modeller).<\/p><p>\u2022 Elektromanyetik uyumlulu\u011fu y\u00fcksektir ve parazit \u00f6nleme \u00f6zelli\u011fi vard\u0131r.<\/p><p>\u2022 Kendinden destekli kal\u0131planm\u0131\u015f sac iskelet, korozyona dayan\u0131kl\u0131 elektrostatik toz kaplama.<\/p><p>\u2022 Ya\u011fmur, nem, kum ve patlama dayan\u0131m\u0131 y\u00fcksektir.<\/p><p>\u2022 T\u00fcm saya\u00e7lar hava ay\u0131r\u0131c\u0131s\u0131 ile birlikte montajlan\u0131rlar.<\/p><p>\u2022 Ba\u011flant\u0131lar, numarat\u00f6r ve saya\u00e7 IPT imalat\u0131d\u0131r, y\u0131llar boyu g\u00fcvenli ve sorunsuz i\u015fletim sa\u011flar.<\/p><p>\u2022 Yeni g\u00f6vde tasar\u0131m\u0131 sayesinde sa\u011flam, i\u015flevsel, h\u0131zl\u0131 ve basit kurulum.<\/p><p>\u2022 Kolay ve rahat bak\u0131m.<\/p>\n\t\t\t\t\t<\/div>\n\t\t\t\t\t\t<\/div>\n\t\t\t\t<\/div>\n\t\t\t\t<div class=\"elementor-element elementor-element-e1a18fe elementor-widget elementor-widget-wd_text_block\" data-id=\"e1a18fe\" data-element_type=\"widget\" data-e-type=\"widget\" data-widget_type=\"wd_text_block.default\">\n\t\t\t\t<div class=\"elementor-widget-container\">\n\t\t\t\t\t\t\t<div class=\"wd-text-block reset-last-child text-left\">\n\t\t\t\n\t\t\t<section><div class=\"container\"><div class=\"row\"><div class=\"order-first order-md-9 col-lg-8 col-xl-9\"><div class=\"row project-col\"><div class=\"col-lg-12 mt-3\"><div class=\"col-lg-12 mt-3\"><div id=\"myTabContentJust\" class=\"tab-content\"><div id=\"profile-just\" class=\"tab-pane fade active show\" role=\"tabpanel\" aria-labelledby=\"profile-tab-just\"><p><strong>Teknik \u00d6zellikler<\/strong><\/p><p>\u2022 \u00c7\u0131k\u0131\u015f: Tek<\/p><p>\u2022 Tabanca: 1\u00bd\"<\/p><p>\u2022 Azami Kapasite: 200 lt\/dk<\/p><p>\u2022 Hortum: 5 m (1\u00bd\")<\/p><p>\u2022 \u00c7al\u0131\u015fma S\u0131cakl\u0131\u011f\u0131: -20\u00b0C \/ +60\u00b0C<\/p><p>\u2022 Voltaj: 380 vAC<\/p><p>\u2022 Motor G\u00fcc\u00fc: 4 kw<\/p><p>\u2022 A\u011f\u0131rl\u0131k: 190 kg<\/p><p>\u2022 \u00d6l\u00e7\u00fcler (EBY): 53\u00d775\u00d7120 cm<\/p><p>\u2022 Di\u011fer: Hortum ask\u0131s\u0131<\/p><p>\u2022 Kasa: Sac metal (ST52)<\/p><p>\u2022 Boya: Elektrostatik toz boya<\/p><p>\u2022 Raf: Galvaniz kaplamal\u0131 Sac metal (ST52)<\/p><\/div><\/div><\/div><\/div><\/div><\/div><\/div><\/div><\/section>\n\t\t\t\t\t<\/div>\n\t\t\t\t\t\t<\/div>\n\t\t\t\t<\/div>\n\t\t\t\t\t<\/div>\n\t\t\t\t<\/div>\n\t\t\t\t<\/div>\n\t\t","protected":false},"excerpt":{"rendered":"<section>\n<div class=\"container\">\n<div class=\"row\">\n<div class=\"order-first order-md-9 col-lg-8 col-xl-9\">\n<div class=\"row project-col\">\n<div class=\"col-lg-12 mt-3\">\n<div class=\"col-lg-12 mt-3\">\n<div id=\"myTabContentJust\" class=\"tab-content\">\n<div id=\"home-just\" class=\"tab-pane fade active show\" role=\"tabpanel\" aria-labelledby=\"home-tab-just\">\n<p>MT-8 serisi dispenserler perakende yak\u0131t verme ihtiya\u00e7lar\u0131n\u0131za g\u00f6re yap\u0131land\u0131r\u0131labilen dispenserlerdir. Bu esneklik farkl\u0131 \u00f6l\u00e7\u00fclerdeki hortumlar aras\u0131ndan 7.5 metre boya kadar se\u00e7me imkan\u0131 sa\u011flar. MT-8, 200 lt\/dak.&#8217;ya kadar \u00e7\u0131kabilen modelleriyle filo tarz\u0131 yak\u0131t verme i\u015flemlerinde h\u0131z sa\u011flar. \u00c7ok hassas PD saya\u00e7, yak\u0131t ak\u0131\u015f\u0131n\u0131 y\u00fcksek do\u011frulukla \u00f6l\u00e7er.<\/p>\n<\/div>\n<\/div>\n<\/div>\n<\/div>\n<\/div>\n<\/div>\n<\/div>\n<\/div>\n<\/section>\n","protected":false},"featured_media":29529,"template":"","meta":[],"product_brand":[88],"product_cat":[86,97],"product_tag":[],"class_list":{"0":"post-29528","1":"product","2":"type-product","3":"status-publish","4":"has-post-thumbnail","6":"product_brand-ems","7":"product_cat-yakit-tanklari","8":"product_cat-akaryakit-pompalari","10":"first","11":"instock","12":"shipping-taxable","13":"product-type-simple"},"yoast_head":"<!-- This site is optimized with the Yoast SEO plugin v26.9 - https:\/\/yoast.com\/product\/yoast-seo-wordpress\/ -->\n<title>EMS AGR -8 - Esence Petrol - Petrol Ofisi<\/title>\n<meta name=\"robots\" content=\"index, follow, max-snippet:-1, max-image-preview:large, max-video-preview:-1\" \/>\n<link rel=\"canonical\" href=\"https:\/\/esencepetrol.com.tr\/?product=ems-agr-8\" \/>\n<meta property=\"og:locale\" content=\"tr_TR\" \/>\n<meta property=\"og:type\" content=\"article\" \/>\n<meta property=\"og:title\" content=\"EMS AGR -8 - Esence Petrol - Petrol Ofisi\" \/>\n<meta property=\"og:description\" content=\"MT-8 serisi dispenserler perakende yak\u0131t verme ihtiya\u00e7lar\u0131n\u0131za g\u00f6re yap\u0131land\u0131r\u0131labilen dispenserlerdir. Bu esneklik farkl\u0131 \u00f6l\u00e7\u00fclerdeki hortumlar aras\u0131ndan 7.5 metre boya kadar se\u00e7me imkan\u0131 sa\u011flar. MT-8, 200 lt\/dak.&#039;ya kadar \u00e7\u0131kabilen modelleriyle filo tarz\u0131 yak\u0131t verme i\u015flemlerinde h\u0131z sa\u011flar. \u00c7ok hassas PD saya\u00e7, yak\u0131t ak\u0131\u015f\u0131n\u0131 y\u00fcksek do\u011frulukla \u00f6l\u00e7er.\" \/>\n<meta property=\"og:url\" content=\"https:\/\/esencepetrol.com.tr\/?product=ems-agr-8\" \/>\n<meta property=\"og:site_name\" content=\"Esence Petrol - Petrol Ofisi\" \/>\n<meta property=\"article:publisher\" content=\"https:\/\/www.facebook.com\/onur16uysal\" \/>\n<meta property=\"article:modified_time\" content=\"2026-01-30T22:49:17+00:00\" \/>\n<meta property=\"og:image\" content=\"https:\/\/esencepetrol.com.tr\/wp-content\/uploads\/2026\/01\/esence-petrol-akaryakit-pompasi-1599821551-ems-agr-8.jpg\" \/>\n\t<meta property=\"og:image:width\" content=\"750\" \/>\n\t<meta property=\"og:image:height\" content=\"530\" \/>\n\t<meta property=\"og:image:type\" content=\"image\/jpeg\" \/>\n<meta name=\"twitter:card\" content=\"summary_large_image\" \/>\n<meta name=\"twitter:label1\" content=\"Tahmini okuma s\u00fcresi\" \/>\n\t<meta name=\"twitter:data1\" content=\"1 dakika\" \/>\n<script type=\"application\/ld+json\" class=\"yoast-schema-graph\">{\"@context\":\"https:\/\/schema.org\",\"@graph\":[{\"@type\":\"WebPage\",\"@id\":\"https:\/\/esencepetrol.com.tr\/?product=ems-agr-8\",\"url\":\"https:\/\/esencepetrol.com.tr\/?product=ems-agr-8\",\"name\":\"EMS AGR -8 - Esence Petrol - Petrol Ofisi\",\"isPartOf\":{\"@id\":\"https:\/\/esencepetrol.com.tr\/#website\"},\"primaryImageOfPage\":{\"@id\":\"https:\/\/esencepetrol.com.tr\/?product=ems-agr-8#primaryimage\"},\"image\":{\"@id\":\"https:\/\/esencepetrol.com.tr\/?product=ems-agr-8#primaryimage\"},\"thumbnailUrl\":\"https:\/\/esencepetrol.com.tr\/wp-content\/uploads\/2026\/01\/esence-petrol-akaryakit-pompasi-1599821551-ems-agr-8.jpg\",\"datePublished\":\"2026-01-30T22:47:23+00:00\",\"dateModified\":\"2026-01-30T22:49:17+00:00\",\"breadcrumb\":{\"@id\":\"https:\/\/esencepetrol.com.tr\/?product=ems-agr-8#breadcrumb\"},\"inLanguage\":\"tr\",\"potentialAction\":[{\"@type\":\"ReadAction\",\"target\":[\"https:\/\/esencepetrol.com.tr\/?product=ems-agr-8\"]}]},{\"@type\":\"ImageObject\",\"inLanguage\":\"tr\",\"@id\":\"https:\/\/esencepetrol.com.tr\/?product=ems-agr-8#primaryimage\",\"url\":\"https:\/\/esencepetrol.com.tr\/wp-content\/uploads\/2026\/01\/esence-petrol-akaryakit-pompasi-1599821551-ems-agr-8.jpg\",\"contentUrl\":\"https:\/\/esencepetrol.com.tr\/wp-content\/uploads\/2026\/01\/esence-petrol-akaryakit-pompasi-1599821551-ems-agr-8.jpg\",\"width\":750,\"height\":530},{\"@type\":\"BreadcrumbList\",\"@id\":\"https:\/\/esencepetrol.com.tr\/?product=ems-agr-8#breadcrumb\",\"itemListElement\":[{\"@type\":\"ListItem\",\"position\":1,\"name\":\"Home\",\"item\":\"https:\/\/esencepetrol.com.tr\/\"},{\"@type\":\"ListItem\",\"position\":2,\"name\":\"Ma\u011faza\",\"item\":\"https:\/\/esencepetrol.com.tr\/?page_id=47\"},{\"@type\":\"ListItem\",\"position\":3,\"name\":\"EMS AGR -8\"}]},{\"@type\":\"WebSite\",\"@id\":\"https:\/\/esencepetrol.com.tr\/#website\",\"url\":\"https:\/\/esencepetrol.com.tr\/\",\"name\":\"Esence Petrol - Petrol Ofisi\",\"description\":\"Denizden Karaya, Tarladan \u015eantiyeye Kesintisiz Enerji\",\"publisher\":{\"@id\":\"https:\/\/esencepetrol.com.tr\/#organization\"},\"potentialAction\":[{\"@type\":\"SearchAction\",\"target\":{\"@type\":\"EntryPoint\",\"urlTemplate\":\"https:\/\/esencepetrol.com.tr\/?s={search_term_string}\"},\"query-input\":{\"@type\":\"PropertyValueSpecification\",\"valueRequired\":true,\"valueName\":\"search_term_string\"}}],\"inLanguage\":\"tr\"},{\"@type\":\"Organization\",\"@id\":\"https:\/\/esencepetrol.com.tr\/#organization\",\"name\":\"Esence Petrol - Petrol Ofisi\",\"url\":\"https:\/\/esencepetrol.com.tr\/\",\"logo\":{\"@type\":\"ImageObject\",\"inLanguage\":\"tr\",\"@id\":\"https:\/\/esencepetrol.com.tr\/#\/schema\/logo\/image\/\",\"url\":\"https:\/\/esencepetrol.com.tr\/wp-content\/uploads\/2026\/01\/esence-favicon.png\",\"contentUrl\":\"https:\/\/esencepetrol.com.tr\/wp-content\/uploads\/2026\/01\/esence-favicon.png\",\"width\":512,\"height\":512,\"caption\":\"Esence Petrol - Petrol Ofisi\"},\"image\":{\"@id\":\"https:\/\/esencepetrol.com.tr\/#\/schema\/logo\/image\/\"},\"sameAs\":[\"https:\/\/www.facebook.com\/onur16uysal\",\"https:\/\/www.instagram.com\/esence__petrol\"]}]}<\/script>\n<!-- \/ Yoast SEO plugin. -->","yoast_head_json":{"title":"EMS AGR -8 - Esence Petrol - Petrol Ofisi","robots":{"index":"index","follow":"follow","max-snippet":"max-snippet:-1","max-image-preview":"max-image-preview:large","max-video-preview":"max-video-preview:-1"},"canonical":"https:\/\/esencepetrol.com.tr\/?product=ems-agr-8","og_locale":"tr_TR","og_type":"article","og_title":"EMS AGR -8 - Esence Petrol - Petrol Ofisi","og_description":"MT-8 serisi dispenserler perakende yak\u0131t verme ihtiya\u00e7lar\u0131n\u0131za g\u00f6re yap\u0131land\u0131r\u0131labilen dispenserlerdir. Bu esneklik farkl\u0131 \u00f6l\u00e7\u00fclerdeki hortumlar aras\u0131ndan 7.5 metre boya kadar se\u00e7me imkan\u0131 sa\u011flar. MT-8, 200 lt\/dak.'ya kadar \u00e7\u0131kabilen modelleriyle filo tarz\u0131 yak\u0131t verme i\u015flemlerinde h\u0131z sa\u011flar. \u00c7ok hassas PD saya\u00e7, yak\u0131t ak\u0131\u015f\u0131n\u0131 y\u00fcksek do\u011frulukla \u00f6l\u00e7er.","og_url":"https:\/\/esencepetrol.com.tr\/?product=ems-agr-8","og_site_name":"Esence Petrol - Petrol Ofisi","article_publisher":"https:\/\/www.facebook.com\/onur16uysal","article_modified_time":"2026-01-30T22:49:17+00:00","og_image":[{"width":750,"height":530,"url":"https:\/\/esencepetrol.com.tr\/wp-content\/uploads\/2026\/01\/esence-petrol-akaryakit-pompasi-1599821551-ems-agr-8.jpg","type":"image\/jpeg"}],"twitter_card":"summary_large_image","twitter_misc":{"Tahmini okuma s\u00fcresi":"1 dakika"},"schema":{"@context":"https:\/\/schema.org","@graph":[{"@type":"WebPage","@id":"https:\/\/esencepetrol.com.tr\/?product=ems-agr-8","url":"https:\/\/esencepetrol.com.tr\/?product=ems-agr-8","name":"EMS AGR -8 - Esence Petrol - Petrol Ofisi","isPartOf":{"@id":"https:\/\/esencepetrol.com.tr\/#website"},"primaryImageOfPage":{"@id":"https:\/\/esencepetrol.com.tr\/?product=ems-agr-8#primaryimage"},"image":{"@id":"https:\/\/esencepetrol.com.tr\/?product=ems-agr-8#primaryimage"},"thumbnailUrl":"https:\/\/esencepetrol.com.tr\/wp-content\/uploads\/2026\/01\/esence-petrol-akaryakit-pompasi-1599821551-ems-agr-8.jpg","datePublished":"2026-01-30T22:47:23+00:00","dateModified":"2026-01-30T22:49:17+00:00","breadcrumb":{"@id":"https:\/\/esencepetrol.com.tr\/?product=ems-agr-8#breadcrumb"},"inLanguage":"tr","potentialAction":[{"@type":"ReadAction","target":["https:\/\/esencepetrol.com.tr\/?product=ems-agr-8"]}]},{"@type":"ImageObject","inLanguage":"tr","@id":"https:\/\/esencepetrol.com.tr\/?product=ems-agr-8#primaryimage","url":"https:\/\/esencepetrol.com.tr\/wp-content\/uploads\/2026\/01\/esence-petrol-akaryakit-pompasi-1599821551-ems-agr-8.jpg","contentUrl":"https:\/\/esencepetrol.com.tr\/wp-content\/uploads\/2026\/01\/esence-petrol-akaryakit-pompasi-1599821551-ems-agr-8.jpg","width":750,"height":530},{"@type":"BreadcrumbList","@id":"https:\/\/esencepetrol.com.tr\/?product=ems-agr-8#breadcrumb","itemListElement":[{"@type":"ListItem","position":1,"name":"Home","item":"https:\/\/esencepetrol.com.tr\/"},{"@type":"ListItem","position":2,"name":"Ma\u011faza","item":"https:\/\/esencepetrol.com.tr\/?page_id=47"},{"@type":"ListItem","position":3,"name":"EMS AGR -8"}]},{"@type":"WebSite","@id":"https:\/\/esencepetrol.com.tr\/#website","url":"https:\/\/esencepetrol.com.tr\/","name":"Esence Petrol - Petrol Ofisi","description":"Denizden Karaya, Tarladan \u015eantiyeye Kesintisiz Enerji","publisher":{"@id":"https:\/\/esencepetrol.com.tr\/#organization"},"potentialAction":[{"@type":"SearchAction","target":{"@type":"EntryPoint","urlTemplate":"https:\/\/esencepetrol.com.tr\/?s={search_term_string}"},"query-input":{"@type":"PropertyValueSpecification","valueRequired":true,"valueName":"search_term_string"}}],"inLanguage":"tr"},{"@type":"Organization","@id":"https:\/\/esencepetrol.com.tr\/#organization","name":"Esence Petrol - Petrol Ofisi","url":"https:\/\/esencepetrol.com.tr\/","logo":{"@type":"ImageObject","inLanguage":"tr","@id":"https:\/\/esencepetrol.com.tr\/#\/schema\/logo\/image\/","url":"https:\/\/esencepetrol.com.tr\/wp-content\/uploads\/2026\/01\/esence-favicon.png","contentUrl":"https:\/\/esencepetrol.com.tr\/wp-content\/uploads\/2026\/01\/esence-favicon.png","width":512,"height":512,"caption":"Esence Petrol - Petrol Ofisi"},"image":{"@id":"https:\/\/esencepetrol.com.tr\/#\/schema\/logo\/image\/"},"sameAs":["https:\/\/www.facebook.com\/onur16uysal","https:\/\/www.instagram.com\/esence__petrol"]}]}},"_links":{"self":[{"href":"https:\/\/esencepetrol.com.tr\/index.php?rest_route=\/wp\/v2\/product\/29528","targetHints":{"allow":["GET"]}}],"collection":[{"href":"https:\/\/esencepetrol.com.tr\/index.php?rest_route=\/wp\/v2\/product"}],"about":[{"href":"https:\/\/esencepetrol.com.tr\/index.php?rest_route=\/wp\/v2\/types\/product"}],"version-history":[{"count":4,"href":"https:\/\/esencepetrol.com.tr\/index.php?rest_route=\/wp\/v2\/product\/29528\/revisions"}],"predecessor-version":[{"id":29535,"href":"https:\/\/esencepetrol.com.tr\/index.php?rest_route=\/wp\/v2\/product\/29528\/revisions\/29535"}],"wp:featuredmedia":[{"embeddable":true,"href":"https:\/\/esencepetrol.com.tr\/index.php?rest_route=\/wp\/v2\/media\/29529"}],"wp:attachment":[{"href":"https:\/\/esencepetrol.com.tr\/index.php?rest_route=%2Fwp%2Fv2%2Fmedia&parent=29528"}],"wp:term":[{"taxonomy":"product_brand","embeddable":true,"href":"https:\/\/esencepetrol.com.tr\/index.php?rest_route=%2Fwp%2Fv2%2Fproduct_brand&post=29528"},{"taxonomy":"product_cat","embeddable":true,"href":"https:\/\/esencepetrol.com.tr\/index.php?rest_route=%2Fwp%2Fv2%2Fproduct_cat&post=29528"},{"taxonomy":"product_tag","embeddable":true,"href":"https:\/\/esencepetrol.com.tr\/index.php?rest_route=%2Fwp%2Fv2%2Fproduct_tag&post=29528"}],"curies":[{"name":"wp","href":"https:\/\/api.w.org\/{rel}","templated":true}]}}