{"id":29536,"date":"2026-01-31T01:51:03","date_gmt":"2026-01-30T22:51:03","guid":{"rendered":"https:\/\/gold-elephant-732754.hostingersite.com\/?post_type=product&#038;p=29536"},"modified":"2026-01-31T02:00:09","modified_gmt":"2026-01-30T23:00:09","slug":"ems-cift-7","status":"publish","type":"product","link":"https:\/\/esencepetrol.com.tr\/?product=ems-cift-7","title":{"rendered":"EMS \u00c7\u0130FT-7"},"content":{"rendered":"\t\t<div data-elementor-type=\"wp-post\" data-elementor-id=\"29536\" class=\"elementor elementor-29536\">\n\t\t\t\t<div class=\"wd-negative-gap elementor-element elementor-element-97bbd85 e-flex e-con-boxed e-con e-parent\" data-id=\"97bbd85\" data-element_type=\"container\" data-e-type=\"container\">\n\t\t\t\t\t<div class=\"e-con-inner\">\n\t\t\t\t<div class=\"elementor-element elementor-element-79a8b83 elementor-widget__width-initial elementor-widget elementor-widget-wd_text_block\" data-id=\"79a8b83\" data-element_type=\"widget\" data-e-type=\"widget\" data-widget_type=\"wd_text_block.default\">\n\t\t\t\t<div class=\"elementor-widget-container\">\n\t\t\t\t\t\t\t<div class=\"wd-text-block reset-last-child text-left\">\n\t\t\t\n\t\t\t<p style=\"font-weight: 400;\"><b><span style=\"font-style: inherit;\">Teknik \u00d6zellikler<\/span><\/b><\/p><table width=\"0\"><tbody><tr><td><p style=\"font-weight: 400;\"><strong><span style=\"font-style: inherit;\">MT-7 Model<\/span><\/strong><\/p><\/td><td><p style=\"font-weight: 400;\"><strong><span style=\"font-style: inherit;\">SM<\/span><\/strong><\/p><\/td><td><p style=\"font-weight: 400;\"><strong><span style=\"font-style: inherit;\">DM<\/span><\/strong><\/p><\/td><td><p style=\"font-weight: 400;\"><strong><span style=\"font-style: inherit;\">SE-M<\/span><\/strong><\/p><\/td><\/tr><tr><td><p style=\"font-weight: 400;\"><span style=\"font-style: inherit; font-weight: inherit;\">Giri\u015f\/\u00c7\u0131k\u0131\u015f<\/span><\/p><\/td><td><p style=\"font-weight: 400;\"><span style=\"font-style: inherit; font-weight: inherit;\">Tek<\/span><\/p><\/td><td><p style=\"font-weight: 400;\"><span style=\"font-style: inherit; font-weight: inherit;\">\u00c7ift<\/span><\/p><\/td><td><p style=\"font-weight: 400;\"><span style=\"font-style: inherit; font-weight: inherit;\">Tek<\/span><\/p><\/td><\/tr><tr><td><p style=\"font-weight: 400;\"><span style=\"font-style: inherit; font-weight: inherit;\">Tabanca \u00d6l\u00e7\u00fcs\u00fc<\/span><\/p><\/td><td colspan=\"3\"><p style=\"font-weight: 400;\"><span style=\"font-style: inherit; font-weight: inherit;\">\u00be\" veya 1\"<\/span><\/p><\/td><\/tr><tr><td><p style=\"font-weight: 400;\"><span style=\"font-style: inherit; font-weight: inherit;\">Azami Kapasite<\/span><\/p><\/td><td colspan=\"3\"><p style=\"font-weight: 400;\"><span style=\"font-style: inherit; font-weight: inherit;\">50 lt\/dk \u2013 85 lt\/dk<\/span><\/p><\/td><\/tr><tr><td><p style=\"font-weight: 400;\"><span style=\"font-style: inherit; font-weight: inherit;\">Asgari Kapasite<\/span><\/p><\/td><td colspan=\"3\"><p style=\"font-weight: 400;\"><span style=\"font-style: inherit; font-weight: inherit;\">5 lt\/dk<\/span><\/p><\/td><\/tr><tr><td><p style=\"font-weight: 400;\"><span style=\"font-style: inherit; font-weight: inherit;\">Hortum<\/span><\/p><\/td><td colspan=\"3\"><p style=\"font-weight: 400;\"><span style=\"font-style: inherit; font-weight: inherit;\">3.6 m\u00a0 (\u00be\" veya 1\")<\/span><\/p><\/td><\/tr><tr><td><p style=\"font-weight: 400;\"><span style=\"font-style: inherit; font-weight: inherit;\">\u00c7al\u0131\u015fma S\u0131cakl\u0131\u011f\u0131<\/span><\/p><\/td><td colspan=\"3\"><p style=\"font-weight: 400;\"><span style=\"font-style: inherit; font-weight: inherit;\">-20\u00b0C \/ +60\u00b0C<\/span><\/p><\/td><\/tr><tr><td><p style=\"font-weight: 400;\"><span style=\"font-style: inherit; font-weight: inherit;\">Voltaj<\/span><\/p><\/td><td colspan=\"3\"><p style=\"font-weight: 400;\"><span style=\"font-style: inherit; font-weight: inherit;\">380 vAC<\/span><\/p><\/td><\/tr><tr><td><p style=\"font-weight: 400;\"><span style=\"font-style: inherit; font-weight: inherit;\">Motor G\u00fcc\u00fc<\/span><\/p><\/td><td colspan=\"3\"><p style=\"font-weight: 400;\"><span style=\"font-style: inherit; font-weight: inherit;\">0.75 kW (1 BG)<\/span><\/p><\/td><\/tr><tr><td><p style=\"font-weight: 400;\"><span style=\"font-style: inherit; font-weight: inherit;\">A\u011f\u0131rl\u0131k<\/span><\/p><\/td><td><p style=\"font-weight: 400;\"><span style=\"font-style: inherit; font-weight: inherit;\">128 kg<\/span><\/p><\/td><td><p style=\"font-weight: 400;\"><span style=\"font-style: inherit; font-weight: inherit;\">228 kg<\/span><\/p><\/td><td><p style=\"font-weight: 400;\"><span style=\"font-style: inherit; font-weight: inherit;\">128 kg<\/span><\/p><\/td><\/tr><tr><td><p style=\"font-weight: 400;\"><span style=\"font-style: inherit; font-weight: inherit;\">G\u00f6sterge<\/span><\/p><\/td><td><p style=\"font-weight: 400;\"><span style=\"font-style: inherit; font-weight: inherit;\">Mekanik (tek)<\/span><\/p><\/td><td><p style=\"font-weight: 400;\"><span style=\"font-style: inherit; font-weight: inherit;\">Mekanik (\u00e7ift)<\/span><\/p><\/td><td><p style=\"font-weight: 400;\"><span style=\"font-style: inherit; font-weight: inherit;\">Elektronik<\/span><\/p><\/td><\/tr><tr><td><p style=\"font-weight: 400;\"><span style=\"font-style: inherit; font-weight: inherit;\">\u00d6l\u00e7\u00fcler (EBY)<\/span><\/p><\/td><td><p style=\"font-weight: 400;\"><span style=\"font-style: inherit; font-weight: inherit;\">53\u00d775\u00d7120 cm<\/span><\/p><\/td><td><p style=\"font-weight: 400;\"><span style=\"font-style: inherit; font-weight: inherit;\">53\u00d775\u00d7146 cm<\/span><\/p><\/td><td><p style=\"font-weight: 400;\"><span style=\"font-style: inherit; font-weight: inherit;\">53\u00d775\u00d7120 cm<\/span><\/p><\/td><\/tr><tr><td><p style=\"font-weight: 400;\"><span style=\"font-style: inherit; font-weight: inherit;\">Kasa<\/span><\/p><\/td><td colspan=\"3\"><p style=\"font-weight: 400;\"><span style=\"font-style: inherit; font-weight: inherit;\">Sac metal (ST52)<\/span><\/p><\/td><\/tr><tr><td><p style=\"font-weight: 400;\"><span style=\"font-style: inherit; font-weight: inherit;\">Boya<\/span><\/p><\/td><td colspan=\"3\"><p style=\"font-weight: 400;\"><span style=\"font-style: inherit; font-weight: inherit;\">Elektrostatik toz boya<\/span><\/p><\/td><\/tr><tr><td><p style=\"font-weight: 400;\"><span style=\"font-style: inherit; font-weight: inherit;\">Raf(lar)<\/span><\/p><\/td><td colspan=\"3\"><p style=\"font-weight: 400;\"><span style=\"font-style: inherit; font-weight: inherit;\">Galvaniz kaplama sac metal (ST52)<\/span><\/p><\/td><\/tr><tr><td rowspan=\"3\"><p style=\"font-weight: 400;\"><span style=\"font-style: inherit; font-weight: inherit;\">Standart \u00f6zellikler<\/span><\/p><\/td><td colspan=\"3\"><p style=\"font-weight: 400;\"><span style=\"font-style: inherit; font-weight: inherit;\">Ak\u0131\u015f g\u00f6stergesi<\/span><\/p><\/td><\/tr><tr><td colspan=\"3\"><p style=\"font-weight: 400;\"><span style=\"font-style: inherit; font-weight: inherit;\">Hortum ask\u0131s\u0131<\/span><\/p><\/td><\/tr><tr><td colspan=\"3\"><p style=\"font-weight: 400;\"><span style=\"font-style: inherit; font-weight: inherit;\">Sisteme entegre hava ay\u0131r\u0131c\u0131<\/span><\/p><\/td><\/tr><tr><td rowspan=\"2\"><p style=\"font-weight: 400;\"><span style=\"font-style: inherit; font-weight: inherit;\">Elektronik modeller i\u00e7in<\/span><\/p><\/td><td colspan=\"3\"><p style=\"font-weight: 400;\"><span style=\"font-style: inherit; font-weight: inherit;\">Tan\u0131mlay\u0131c\u0131 kart okuyucu cihazlar ile uyumlu kullan\u0131m opsiyonu<\/span><\/p><\/td><\/tr><tr><td colspan=\"3\"><p style=\"font-weight: 400;\"><span style=\"font-style: inherit; font-weight: inherit;\">Otomasyon sistemine entegrasyon opsiyonu<\/span><\/p><\/td><\/tr><\/tbody><\/table>\n\t\t\t\t\t<\/div>\n\t\t\t\t\t\t<\/div>\n\t\t\t\t<\/div>\n\t\t\t\t\t<\/div>\n\t\t\t\t<\/div>\n\t\t\t\t<\/div>\n\t\t","protected":false},"excerpt":{"rendered":"<section>\n<div class=\"container\">\n<div class=\"row\">\n<div class=\"order-first order-md-9 col-lg-8 col-xl-9\">\n<div class=\"row project-col\">\n<div class=\"col-lg-12 mt-3\">\n<div class=\"col-lg-12 mt-3\">\n<div id=\"myTabContentJust\" class=\"tab-content\">\n<div id=\"home-just\" class=\"tab-pane fade active show\" role=\"tabpanel\" aria-labelledby=\"home-tab-just\">\n<p>MT-7, tek veya \u00e7ift \u00fcr\u00fcn i\u00e7in se\u00e7ilmi\u015f, tek veya \u00e7ift tabancal\u0131 dispenserlerdir. \u015eantiye tipi olup, al\u0131m\/sat\u0131m i\u015flerinde kullan\u0131lmaz. Mekanik veya elektronik hacim g\u00f6steren modellere sahiptir. G\u00fcvenilir par\u00e7alar ve alt elemanlar kullan\u0131larak \u00fcretilen MT-7 ergonomi ve y\u00fcksek performans\u0131n bile\u015fimidir.<\/p>\n<\/div>\n<\/div>\n<\/div>\n<\/div>\n<\/div>\n<\/div>\n<\/div>\n<\/div>\n<\/section>\n","protected":false},"featured_media":29538,"template":"","meta":[],"product_brand":[88],"product_cat":[97,86],"product_tag":[],"class_list":{"0":"post-29536","1":"product","2":"type-product","3":"status-publish","4":"has-post-thumbnail","6":"product_brand-ems","7":"product_cat-akaryakit-pompalari","8":"product_cat-yakit-tanklari","10":"first","11":"instock","12":"shipping-taxable","13":"product-type-simple"},"yoast_head":"<!-- This site is optimized with the Yoast SEO plugin v26.9 - https:\/\/yoast.com\/product\/yoast-seo-wordpress\/ -->\n<title>EMS \u00c7\u0130FT-7 - Esence Petrol - Petrol Ofisi<\/title>\n<meta name=\"robots\" content=\"index, follow, max-snippet:-1, max-image-preview:large, max-video-preview:-1\" \/>\n<link rel=\"canonical\" href=\"https:\/\/esencepetrol.com.tr\/?product=ems-cift-7\" \/>\n<meta property=\"og:locale\" content=\"tr_TR\" \/>\n<meta property=\"og:type\" content=\"article\" \/>\n<meta property=\"og:title\" content=\"EMS \u00c7\u0130FT-7 - Esence Petrol - Petrol Ofisi\" \/>\n<meta property=\"og:description\" content=\"MT-7, tek veya \u00e7ift \u00fcr\u00fcn i\u00e7in se\u00e7ilmi\u015f, tek veya \u00e7ift tabancal\u0131 dispenserlerdir. \u015eantiye tipi olup, al\u0131m\/sat\u0131m i\u015flerinde kullan\u0131lmaz. Mekanik veya elektronik hacim g\u00f6steren modellere sahiptir. G\u00fcvenilir par\u00e7alar ve alt elemanlar kullan\u0131larak \u00fcretilen MT-7 ergonomi ve y\u00fcksek performans\u0131n bile\u015fimidir.\" \/>\n<meta property=\"og:url\" content=\"https:\/\/esencepetrol.com.tr\/?product=ems-cift-7\" \/>\n<meta property=\"og:site_name\" content=\"Esence Petrol - Petrol Ofisi\" \/>\n<meta property=\"article:publisher\" content=\"https:\/\/www.facebook.com\/onur16uysal\" \/>\n<meta property=\"article:modified_time\" content=\"2026-01-30T23:00:09+00:00\" \/>\n<meta property=\"og:image\" content=\"https:\/\/esencepetrol.com.tr\/wp-content\/uploads\/2026\/01\/esence-petrol-yakit-tanklari-1599822218-LCR5Z-ems-endustri.jpg\" \/>\n\t<meta property=\"og:image:width\" content=\"750\" \/>\n\t<meta property=\"og:image:height\" content=\"530\" \/>\n\t<meta property=\"og:image:type\" content=\"image\/jpeg\" \/>\n<meta name=\"twitter:card\" content=\"summary_large_image\" \/>\n<meta name=\"twitter:label1\" content=\"Tahmini okuma s\u00fcresi\" \/>\n\t<meta name=\"twitter:data1\" content=\"1 dakika\" \/>\n<script type=\"application\/ld+json\" class=\"yoast-schema-graph\">{\"@context\":\"https:\/\/schema.org\",\"@graph\":[{\"@type\":\"WebPage\",\"@id\":\"https:\/\/esencepetrol.com.tr\/?product=ems-cift-7\",\"url\":\"https:\/\/esencepetrol.com.tr\/?product=ems-cift-7\",\"name\":\"EMS \u00c7\u0130FT-7 - Esence Petrol - Petrol Ofisi\",\"isPartOf\":{\"@id\":\"https:\/\/esencepetrol.com.tr\/#website\"},\"primaryImageOfPage\":{\"@id\":\"https:\/\/esencepetrol.com.tr\/?product=ems-cift-7#primaryimage\"},\"image\":{\"@id\":\"https:\/\/esencepetrol.com.tr\/?product=ems-cift-7#primaryimage\"},\"thumbnailUrl\":\"https:\/\/esencepetrol.com.tr\/wp-content\/uploads\/2026\/01\/esence-petrol-yakit-tanklari-1599822218-LCR5Z-ems-endustri.jpg\",\"datePublished\":\"2026-01-30T22:51:03+00:00\",\"dateModified\":\"2026-01-30T23:00:09+00:00\",\"breadcrumb\":{\"@id\":\"https:\/\/esencepetrol.com.tr\/?product=ems-cift-7#breadcrumb\"},\"inLanguage\":\"tr\",\"potentialAction\":[{\"@type\":\"ReadAction\",\"target\":[\"https:\/\/esencepetrol.com.tr\/?product=ems-cift-7\"]}]},{\"@type\":\"ImageObject\",\"inLanguage\":\"tr\",\"@id\":\"https:\/\/esencepetrol.com.tr\/?product=ems-cift-7#primaryimage\",\"url\":\"https:\/\/esencepetrol.com.tr\/wp-content\/uploads\/2026\/01\/esence-petrol-yakit-tanklari-1599822218-LCR5Z-ems-endustri.jpg\",\"contentUrl\":\"https:\/\/esencepetrol.com.tr\/wp-content\/uploads\/2026\/01\/esence-petrol-yakit-tanklari-1599822218-LCR5Z-ems-endustri.jpg\",\"width\":750,\"height\":530},{\"@type\":\"BreadcrumbList\",\"@id\":\"https:\/\/esencepetrol.com.tr\/?product=ems-cift-7#breadcrumb\",\"itemListElement\":[{\"@type\":\"ListItem\",\"position\":1,\"name\":\"Home\",\"item\":\"https:\/\/esencepetrol.com.tr\/\"},{\"@type\":\"ListItem\",\"position\":2,\"name\":\"Ma\u011faza\",\"item\":\"https:\/\/esencepetrol.com.tr\/?page_id=47\"},{\"@type\":\"ListItem\",\"position\":3,\"name\":\"EMS \u00c7\u0130FT-7\"}]},{\"@type\":\"WebSite\",\"@id\":\"https:\/\/esencepetrol.com.tr\/#website\",\"url\":\"https:\/\/esencepetrol.com.tr\/\",\"name\":\"Esence Petrol - Petrol Ofisi\",\"description\":\"Denizden Karaya, Tarladan \u015eantiyeye Kesintisiz Enerji\",\"publisher\":{\"@id\":\"https:\/\/esencepetrol.com.tr\/#organization\"},\"potentialAction\":[{\"@type\":\"SearchAction\",\"target\":{\"@type\":\"EntryPoint\",\"urlTemplate\":\"https:\/\/esencepetrol.com.tr\/?s={search_term_string}\"},\"query-input\":{\"@type\":\"PropertyValueSpecification\",\"valueRequired\":true,\"valueName\":\"search_term_string\"}}],\"inLanguage\":\"tr\"},{\"@type\":\"Organization\",\"@id\":\"https:\/\/esencepetrol.com.tr\/#organization\",\"name\":\"Esence Petrol - Petrol Ofisi\",\"url\":\"https:\/\/esencepetrol.com.tr\/\",\"logo\":{\"@type\":\"ImageObject\",\"inLanguage\":\"tr\",\"@id\":\"https:\/\/esencepetrol.com.tr\/#\/schema\/logo\/image\/\",\"url\":\"https:\/\/esencepetrol.com.tr\/wp-content\/uploads\/2026\/01\/esence-favicon.png\",\"contentUrl\":\"https:\/\/esencepetrol.com.tr\/wp-content\/uploads\/2026\/01\/esence-favicon.png\",\"width\":512,\"height\":512,\"caption\":\"Esence Petrol - Petrol Ofisi\"},\"image\":{\"@id\":\"https:\/\/esencepetrol.com.tr\/#\/schema\/logo\/image\/\"},\"sameAs\":[\"https:\/\/www.facebook.com\/onur16uysal\",\"https:\/\/www.instagram.com\/esence__petrol\"]}]}<\/script>\n<!-- \/ Yoast SEO plugin. -->","yoast_head_json":{"title":"EMS \u00c7\u0130FT-7 - Esence Petrol - Petrol Ofisi","robots":{"index":"index","follow":"follow","max-snippet":"max-snippet:-1","max-image-preview":"max-image-preview:large","max-video-preview":"max-video-preview:-1"},"canonical":"https:\/\/esencepetrol.com.tr\/?product=ems-cift-7","og_locale":"tr_TR","og_type":"article","og_title":"EMS \u00c7\u0130FT-7 - Esence Petrol - Petrol Ofisi","og_description":"MT-7, tek veya \u00e7ift \u00fcr\u00fcn i\u00e7in se\u00e7ilmi\u015f, tek veya \u00e7ift tabancal\u0131 dispenserlerdir. \u015eantiye tipi olup, al\u0131m\/sat\u0131m i\u015flerinde kullan\u0131lmaz. Mekanik veya elektronik hacim g\u00f6steren modellere sahiptir. G\u00fcvenilir par\u00e7alar ve alt elemanlar kullan\u0131larak \u00fcretilen MT-7 ergonomi ve y\u00fcksek performans\u0131n bile\u015fimidir.","og_url":"https:\/\/esencepetrol.com.tr\/?product=ems-cift-7","og_site_name":"Esence Petrol - Petrol Ofisi","article_publisher":"https:\/\/www.facebook.com\/onur16uysal","article_modified_time":"2026-01-30T23:00:09+00:00","og_image":[{"width":750,"height":530,"url":"https:\/\/esencepetrol.com.tr\/wp-content\/uploads\/2026\/01\/esence-petrol-yakit-tanklari-1599822218-LCR5Z-ems-endustri.jpg","type":"image\/jpeg"}],"twitter_card":"summary_large_image","twitter_misc":{"Tahmini okuma s\u00fcresi":"1 dakika"},"schema":{"@context":"https:\/\/schema.org","@graph":[{"@type":"WebPage","@id":"https:\/\/esencepetrol.com.tr\/?product=ems-cift-7","url":"https:\/\/esencepetrol.com.tr\/?product=ems-cift-7","name":"EMS \u00c7\u0130FT-7 - Esence Petrol - Petrol Ofisi","isPartOf":{"@id":"https:\/\/esencepetrol.com.tr\/#website"},"primaryImageOfPage":{"@id":"https:\/\/esencepetrol.com.tr\/?product=ems-cift-7#primaryimage"},"image":{"@id":"https:\/\/esencepetrol.com.tr\/?product=ems-cift-7#primaryimage"},"thumbnailUrl":"https:\/\/esencepetrol.com.tr\/wp-content\/uploads\/2026\/01\/esence-petrol-yakit-tanklari-1599822218-LCR5Z-ems-endustri.jpg","datePublished":"2026-01-30T22:51:03+00:00","dateModified":"2026-01-30T23:00:09+00:00","breadcrumb":{"@id":"https:\/\/esencepetrol.com.tr\/?product=ems-cift-7#breadcrumb"},"inLanguage":"tr","potentialAction":[{"@type":"ReadAction","target":["https:\/\/esencepetrol.com.tr\/?product=ems-cift-7"]}]},{"@type":"ImageObject","inLanguage":"tr","@id":"https:\/\/esencepetrol.com.tr\/?product=ems-cift-7#primaryimage","url":"https:\/\/esencepetrol.com.tr\/wp-content\/uploads\/2026\/01\/esence-petrol-yakit-tanklari-1599822218-LCR5Z-ems-endustri.jpg","contentUrl":"https:\/\/esencepetrol.com.tr\/wp-content\/uploads\/2026\/01\/esence-petrol-yakit-tanklari-1599822218-LCR5Z-ems-endustri.jpg","width":750,"height":530},{"@type":"BreadcrumbList","@id":"https:\/\/esencepetrol.com.tr\/?product=ems-cift-7#breadcrumb","itemListElement":[{"@type":"ListItem","position":1,"name":"Home","item":"https:\/\/esencepetrol.com.tr\/"},{"@type":"ListItem","position":2,"name":"Ma\u011faza","item":"https:\/\/esencepetrol.com.tr\/?page_id=47"},{"@type":"ListItem","position":3,"name":"EMS \u00c7\u0130FT-7"}]},{"@type":"WebSite","@id":"https:\/\/esencepetrol.com.tr\/#website","url":"https:\/\/esencepetrol.com.tr\/","name":"Esence Petrol - Petrol Ofisi","description":"Denizden Karaya, Tarladan \u015eantiyeye Kesintisiz Enerji","publisher":{"@id":"https:\/\/esencepetrol.com.tr\/#organization"},"potentialAction":[{"@type":"SearchAction","target":{"@type":"EntryPoint","urlTemplate":"https:\/\/esencepetrol.com.tr\/?s={search_term_string}"},"query-input":{"@type":"PropertyValueSpecification","valueRequired":true,"valueName":"search_term_string"}}],"inLanguage":"tr"},{"@type":"Organization","@id":"https:\/\/esencepetrol.com.tr\/#organization","name":"Esence Petrol - Petrol Ofisi","url":"https:\/\/esencepetrol.com.tr\/","logo":{"@type":"ImageObject","inLanguage":"tr","@id":"https:\/\/esencepetrol.com.tr\/#\/schema\/logo\/image\/","url":"https:\/\/esencepetrol.com.tr\/wp-content\/uploads\/2026\/01\/esence-favicon.png","contentUrl":"https:\/\/esencepetrol.com.tr\/wp-content\/uploads\/2026\/01\/esence-favicon.png","width":512,"height":512,"caption":"Esence Petrol - Petrol Ofisi"},"image":{"@id":"https:\/\/esencepetrol.com.tr\/#\/schema\/logo\/image\/"},"sameAs":["https:\/\/www.facebook.com\/onur16uysal","https:\/\/www.instagram.com\/esence__petrol"]}]}},"_links":{"self":[{"href":"https:\/\/esencepetrol.com.tr\/index.php?rest_route=\/wp\/v2\/product\/29536","targetHints":{"allow":["GET"]}}],"collection":[{"href":"https:\/\/esencepetrol.com.tr\/index.php?rest_route=\/wp\/v2\/product"}],"about":[{"href":"https:\/\/esencepetrol.com.tr\/index.php?rest_route=\/wp\/v2\/types\/product"}],"version-history":[{"count":11,"href":"https:\/\/esencepetrol.com.tr\/index.php?rest_route=\/wp\/v2\/product\/29536\/revisions"}],"predecessor-version":[{"id":29558,"href":"https:\/\/esencepetrol.com.tr\/index.php?rest_route=\/wp\/v2\/product\/29536\/revisions\/29558"}],"wp:featuredmedia":[{"embeddable":true,"href":"https:\/\/esencepetrol.com.tr\/index.php?rest_route=\/wp\/v2\/media\/29538"}],"wp:attachment":[{"href":"https:\/\/esencepetrol.com.tr\/index.php?rest_route=%2Fwp%2Fv2%2Fmedia&parent=29536"}],"wp:term":[{"taxonomy":"product_brand","embeddable":true,"href":"https:\/\/esencepetrol.com.tr\/index.php?rest_route=%2Fwp%2Fv2%2Fproduct_brand&post=29536"},{"taxonomy":"product_cat","embeddable":true,"href":"https:\/\/esencepetrol.com.tr\/index.php?rest_route=%2Fwp%2Fv2%2Fproduct_cat&post=29536"},{"taxonomy":"product_tag","embeddable":true,"href":"https:\/\/esencepetrol.com.tr\/index.php?rest_route=%2Fwp%2Fv2%2Fproduct_tag&post=29536"}],"curies":[{"name":"wp","href":"https:\/\/api.w.org\/{rel}","templated":true}]}}