{"id":29564,"date":"2026-01-31T01:57:39","date_gmt":"2026-01-30T22:57:39","guid":{"rendered":"https:\/\/gold-elephant-732754.hostingersite.com\/?post_type=product&#038;p=29564"},"modified":"2026-01-31T01:59:04","modified_gmt":"2026-01-30T22:59:04","slug":"ems-mts-222","status":"publish","type":"product","link":"https:\/\/esencepetrol.com.tr\/?product=ems-mts-222","title":{"rendered":"EMS MTS-222"},"content":{"rendered":"\t\t<div data-elementor-type=\"wp-post\" data-elementor-id=\"29564\" class=\"elementor elementor-29564\">\n\t\t\t\t<div class=\"elementor-element elementor-element-97bbd85 e-con-full e-flex e-con e-parent\" data-id=\"97bbd85\" data-element_type=\"container\" data-e-type=\"container\">\n\t\t\t\t<div class=\"elementor-element elementor-element-79a8b83 elementor-widget__width-initial elementor-widget elementor-widget-wd_text_block\" data-id=\"79a8b83\" data-element_type=\"widget\" data-e-type=\"widget\" data-widget_type=\"wd_text_block.default\">\n\t\t\t\t<div class=\"elementor-widget-container\">\n\t\t\t\t\t\t\t<div class=\"wd-text-block reset-last-child text-left\">\n\t\t\t\n\t\t\t<p><strong>TEMEL B\u0130LG\u0130LER:<\/strong><\/p><p>Dakikada 50 Litre ak\u0131\u015f h\u0131z\u0131 sa\u011flayabilen pompa,<\/p><p>220 volt AC beslemeli, IP55 koruma s\u0131n\u0131f\u0131na uygun elektrik motoru,<\/p><p>7 hane g\u00f6stergeli, otomasyon uyumlu elektronik saya\u00e7,<\/p><p>4 metre , 3\/4\u201d rekorlu akaryak\u0131t hortumu ve<\/p><p>3\/4\u201d Mites akaryak\u0131t tabancas\u0131 bile\u015fenlerinden olu\u015fmaktad\u0131r<\/p>\n\t\t\t\t\t<\/div>\n\t\t\t\t\t\t<\/div>\n\t\t\t\t<\/div>\n\t\t\t\t<div class=\"elementor-element elementor-element-d9baff7 elementor-widget elementor-widget-wd_text_block\" data-id=\"d9baff7\" data-element_type=\"widget\" data-e-type=\"widget\" data-widget_type=\"wd_text_block.default\">\n\t\t\t\t<div class=\"elementor-widget-container\">\n\t\t\t\t\t\t\t<div class=\"wd-text-block reset-last-child text-left\">\n\t\t\t\n\t\t\t<table style=\"font-weight: 100;\" width=\"0\"><tbody><tr><td><p style=\"font-weight: 400;\"><strong><span style=\"font-style: inherit; font-weight: inherit;\">A\u011f\u0131rl\u0131k<\/span><\/strong><\/p><\/td><td><p style=\"font-weight: 400;\"><span style=\"font-style: inherit; font-weight: inherit;\">95 kg<\/span><\/p><\/td><\/tr><tr><td><p style=\"font-weight: 400;\"><strong><span style=\"font-style: inherit; font-weight: inherit;\">Boyutlar<\/span><\/strong><\/p><\/td><td><p style=\"font-weight: 400;\"><span style=\"font-style: inherit; font-weight: inherit;\">50 \u00d7 55 \u00d7 160 cm<\/span><\/p><\/td><\/tr><tr><td><p style=\"font-weight: 400;\"><strong><span style=\"font-style: inherit; font-weight: inherit;\">Debi (L\/Dk.)<\/span><\/strong><\/p><\/td><td><p style=\"font-weight: 400;\"><span style=\"font-style: inherit; font-weight: inherit;\">50lt\/dk<\/span><\/p><\/td><\/tr><tr><td><p style=\"font-weight: 400;\"><strong><span style=\"font-style: inherit; font-weight: inherit;\">Voltaj (V\/Hz)<\/span><\/strong><\/p><\/td><td><p style=\"font-weight: 400;\"><span style=\"font-style: inherit; font-weight: inherit;\">230 V\/Hz<\/span><\/p><\/td><\/tr><tr><td><p style=\"font-weight: 400;\"><strong><span style=\"font-style: inherit; font-weight: inherit;\">Ekran<\/span><\/strong><\/p><\/td><td><p style=\"font-weight: 400;\"><span style=\"font-style: inherit; font-weight: inherit;\">2 Adet \u2013 10 Dijit<\/span><\/p><\/td><\/tr><tr><td><p style=\"font-weight: 400;\"><strong><span style=\"font-style: inherit; font-weight: inherit;\">Tu\u015f Tak\u0131m\u0131<\/span><\/strong><\/p><\/td><td><p style=\"font-weight: 400;\"><span style=\"font-style: inherit; font-weight: inherit;\">Alfan\u00fcmerik Keyboard (Membran)<\/span><\/p><\/td><\/tr><tr><td><p style=\"font-weight: 400;\"><strong><span style=\"font-style: inherit; font-weight: inherit;\">\u00dcr\u00fcn Adedi<\/span><\/strong><\/p><\/td><td><p style=\"font-weight: 400;\"><span style=\"font-style: inherit; font-weight: inherit;\">2 \u00dcr\u00fcn<\/span><\/p><\/td><\/tr><tr><td><p style=\"font-weight: 400;\"><strong><span style=\"font-style: inherit; font-weight: inherit;\">Kontrol (Saya\u00e7) \u00dcnitesi<\/span><\/strong><\/p><\/td><td><p style=\"font-weight: 400;\"><span style=\"font-style: inherit; font-weight: inherit;\">Mites Ak\u0131ll\u0131 Metre<\/span><\/p><\/td><\/tr><tr><td><p style=\"font-weight: 400;\"><strong><span style=\"font-style: inherit; font-weight: inherit;\">Totaliz\u00f6r<\/span><\/strong><\/p><\/td><td><p style=\"font-weight: 400;\"><span style=\"font-style: inherit; font-weight: inherit;\">Elektronik ( S\u0131f\u0131rlanamaz )<\/span><\/p><\/td><\/tr><tr><td><p style=\"font-weight: 400;\"><strong><span style=\"font-style: inherit; font-weight: inherit;\">Ak\u0131\u015f Kontrol\u00fc<\/span><\/strong><\/p><\/td><td><p style=\"font-weight: 400;\"><span style=\"font-style: inherit; font-weight: inherit;\">Oransal Valf<\/span><\/p><\/td><\/tr><tr><td><p style=\"font-weight: 400;\"><strong><span style=\"font-style: inherit; font-weight: inherit;\">Pompa Tipi<\/span><\/strong><\/p><\/td><td><p style=\"font-weight: 400;\"><span style=\"font-style: inherit; font-weight: inherit;\">Emi\u015fli<\/span><\/p><\/td><\/tr><tr><td><p style=\"font-weight: 400;\"><strong><span style=\"font-style: inherit; font-weight: inherit;\">Tabanca Adedi<\/span><\/strong><\/p><\/td><td><p style=\"font-weight: 400;\"><span style=\"font-style: inherit; font-weight: inherit;\">2 Adet<\/span><\/p><\/td><\/tr><tr><td><p style=\"font-weight: 400;\"><strong><span style=\"font-style: inherit; font-weight: inherit;\">Kalibrasyon<\/span><\/strong><\/p><\/td><td><p style=\"font-weight: 400;\"><span style=\"font-style: inherit; font-weight: inherit;\">Elektronik Kalibrasyon<\/span><\/p><\/td><\/tr><tr><td><p style=\"font-weight: 400;\"><strong><span style=\"font-style: inherit; font-weight: inherit;\">\u00c7\u0131k\u0131\u015f (Tabanca) \u00c7ap\u0131 (Inch)<\/span><\/strong><\/p><\/td><td><p style=\"font-weight: 400;\"><span style=\"font-style: inherit; font-weight: inherit;\">3\/4 Inch<\/span><\/p><\/td><\/tr><tr><td><p style=\"font-weight: 400;\"><strong><span style=\"font-style: inherit; font-weight: inherit;\">Fi\u015f \u00dcnitesi (Yazar Kasa)<\/span><\/strong><\/p><\/td><td><p style=\"font-weight: 400;\"><span style=\"font-style: inherit; font-weight: inherit;\">Uyumlu \u2013 Opsiyonel<\/span><\/p><\/td><\/tr><tr><td><p style=\"font-weight: 400;\"><strong><span style=\"font-style: inherit; font-weight: inherit;\">Otomasyon Sistemi<\/span><\/strong><\/p><\/td><td><p style=\"font-weight: 400;\"><span style=\"font-style: inherit; font-weight: inherit;\">Uyumlu (Opsiyonel)<\/span><\/p><\/td><\/tr><\/tbody><\/table>\n\t\t\t\t\t<\/div>\n\t\t\t\t\t\t<\/div>\n\t\t\t\t<\/div>\n\t\t\t\t<\/div>\n\t\t\t\t<\/div>\n\t\t","protected":false},"excerpt":{"rendered":"<section>\n<div class=\"container\">\n<div class=\"row\">\n<div class=\"order-first order-md-9 col-lg-8 col-xl-9\">\n<div class=\"row project-col\">\n<div class=\"col-lg-12 mt-3\">\n<div class=\"col-lg-12 mt-3\">\n<div id=\"myTabContentJust\" class=\"tab-content\">\n<div id=\"home-just\" class=\"tab-pane fade active show\" role=\"tabpanel\" aria-labelledby=\"home-tab-just\">\n<p>MTS 100 222 50LT\/DK LPY. EMIS. POMPA<\/p>\n<p>\u0130stasyonlarda veya \u015fantiyelerde rahatl\u0131kla ve g\u00fcvenle kullanabilmeniz i\u00e7in y\u00fcksek verimli motor, tamamen elektronik kontroll\u00fc saya\u00e7 ve kontrol sistemlerini kullanarak tasarlad\u0131\u011f\u0131m\u0131z pompam\u0131z\u0131 dilerseniz yazarkasa sistemi ile yada otomasyon sisteminiz ile birlikte kullanabilirsiniz. Mod\u00fcler tasar\u0131m\u0131 ve m\u00fcmk\u00fcn oldu\u011funca minimalize edilmi\u015f taban oturma alan\u0131 ile fazla yer kaplamaz. Kullan\u0131m\u0131 olduk\u00e7a kolay ve pratiktir.<\/p>\n<\/div>\n<\/div>\n<\/div>\n<\/div>\n<\/div>\n<\/div>\n<\/div>\n<\/div>\n<\/section>\n","protected":false},"featured_media":29565,"template":"","meta":[],"product_brand":[88],"product_cat":[97,86],"product_tag":[],"class_list":{"0":"post-29564","1":"product","2":"type-product","3":"status-publish","4":"has-post-thumbnail","6":"product_brand-ems","7":"product_cat-akaryakit-pompalari","8":"product_cat-yakit-tanklari","10":"first","11":"instock","12":"shipping-taxable","13":"product-type-simple"},"yoast_head":"<!-- This site is optimized with the Yoast SEO plugin v26.9 - https:\/\/yoast.com\/product\/yoast-seo-wordpress\/ -->\n<title>EMS MTS-222 - Esence Petrol - Petrol Ofisi<\/title>\n<meta name=\"robots\" content=\"index, follow, max-snippet:-1, max-image-preview:large, max-video-preview:-1\" \/>\n<link rel=\"canonical\" href=\"https:\/\/esencepetrol.com.tr\/?product=ems-mts-222\" \/>\n<meta property=\"og:locale\" content=\"tr_TR\" \/>\n<meta property=\"og:type\" content=\"article\" \/>\n<meta property=\"og:title\" content=\"EMS MTS-222 - Esence Petrol - Petrol Ofisi\" \/>\n<meta property=\"og:description\" content=\"MTS 100 222 50LT\/DK LPY. EMIS. POMPA  \u0130stasyonlarda veya \u015fantiyelerde rahatl\u0131kla ve g\u00fcvenle kullanabilmeniz i\u00e7in y\u00fcksek verimli motor, tamamen elektronik kontroll\u00fc saya\u00e7 ve kontrol sistemlerini kullanarak tasarlad\u0131\u011f\u0131m\u0131z pompam\u0131z\u0131 dilerseniz yazarkasa sistemi ile yada otomasyon sisteminiz ile birlikte kullanabilirsiniz. Mod\u00fcler tasar\u0131m\u0131 ve m\u00fcmk\u00fcn oldu\u011funca minimalize edilmi\u015f taban oturma alan\u0131 ile fazla yer kaplamaz. Kullan\u0131m\u0131 olduk\u00e7a kolay ve pratiktir.\" \/>\n<meta property=\"og:url\" content=\"https:\/\/esencepetrol.com.tr\/?product=ems-mts-222\" \/>\n<meta property=\"og:site_name\" content=\"Esence Petrol - Petrol Ofisi\" \/>\n<meta property=\"article:publisher\" content=\"https:\/\/www.facebook.com\/onur16uysal\" \/>\n<meta property=\"article:modified_time\" content=\"2026-01-30T22:59:04+00:00\" \/>\n<meta property=\"og:image\" content=\"https:\/\/esencepetrol.com.tr\/wp-content\/uploads\/2026\/01\/esence-petrol-yakit-pompalari-1599823210-ems-mts222.jpg\" \/>\n\t<meta property=\"og:image:width\" content=\"750\" \/>\n\t<meta property=\"og:image:height\" content=\"530\" \/>\n\t<meta property=\"og:image:type\" content=\"image\/jpeg\" \/>\n<meta name=\"twitter:card\" content=\"summary_large_image\" \/>\n<meta name=\"twitter:label1\" content=\"Tahmini okuma s\u00fcresi\" \/>\n\t<meta name=\"twitter:data1\" content=\"1 dakika\" \/>\n<script type=\"application\/ld+json\" class=\"yoast-schema-graph\">{\"@context\":\"https:\/\/schema.org\",\"@graph\":[{\"@type\":\"WebPage\",\"@id\":\"https:\/\/esencepetrol.com.tr\/?product=ems-mts-222\",\"url\":\"https:\/\/esencepetrol.com.tr\/?product=ems-mts-222\",\"name\":\"EMS MTS-222 - Esence Petrol - Petrol Ofisi\",\"isPartOf\":{\"@id\":\"https:\/\/esencepetrol.com.tr\/#website\"},\"primaryImageOfPage\":{\"@id\":\"https:\/\/esencepetrol.com.tr\/?product=ems-mts-222#primaryimage\"},\"image\":{\"@id\":\"https:\/\/esencepetrol.com.tr\/?product=ems-mts-222#primaryimage\"},\"thumbnailUrl\":\"https:\/\/esencepetrol.com.tr\/wp-content\/uploads\/2026\/01\/esence-petrol-yakit-pompalari-1599823210-ems-mts222.jpg\",\"datePublished\":\"2026-01-30T22:57:39+00:00\",\"dateModified\":\"2026-01-30T22:59:04+00:00\",\"breadcrumb\":{\"@id\":\"https:\/\/esencepetrol.com.tr\/?product=ems-mts-222#breadcrumb\"},\"inLanguage\":\"tr\",\"potentialAction\":[{\"@type\":\"ReadAction\",\"target\":[\"https:\/\/esencepetrol.com.tr\/?product=ems-mts-222\"]}]},{\"@type\":\"ImageObject\",\"inLanguage\":\"tr\",\"@id\":\"https:\/\/esencepetrol.com.tr\/?product=ems-mts-222#primaryimage\",\"url\":\"https:\/\/esencepetrol.com.tr\/wp-content\/uploads\/2026\/01\/esence-petrol-yakit-pompalari-1599823210-ems-mts222.jpg\",\"contentUrl\":\"https:\/\/esencepetrol.com.tr\/wp-content\/uploads\/2026\/01\/esence-petrol-yakit-pompalari-1599823210-ems-mts222.jpg\",\"width\":750,\"height\":530},{\"@type\":\"BreadcrumbList\",\"@id\":\"https:\/\/esencepetrol.com.tr\/?product=ems-mts-222#breadcrumb\",\"itemListElement\":[{\"@type\":\"ListItem\",\"position\":1,\"name\":\"Home\",\"item\":\"https:\/\/esencepetrol.com.tr\/\"},{\"@type\":\"ListItem\",\"position\":2,\"name\":\"Ma\u011faza\",\"item\":\"https:\/\/esencepetrol.com.tr\/?page_id=47\"},{\"@type\":\"ListItem\",\"position\":3,\"name\":\"EMS MTS-222\"}]},{\"@type\":\"WebSite\",\"@id\":\"https:\/\/esencepetrol.com.tr\/#website\",\"url\":\"https:\/\/esencepetrol.com.tr\/\",\"name\":\"Esence Petrol - Petrol Ofisi\",\"description\":\"Denizden Karaya, Tarladan \u015eantiyeye Kesintisiz Enerji\",\"publisher\":{\"@id\":\"https:\/\/esencepetrol.com.tr\/#organization\"},\"potentialAction\":[{\"@type\":\"SearchAction\",\"target\":{\"@type\":\"EntryPoint\",\"urlTemplate\":\"https:\/\/esencepetrol.com.tr\/?s={search_term_string}\"},\"query-input\":{\"@type\":\"PropertyValueSpecification\",\"valueRequired\":true,\"valueName\":\"search_term_string\"}}],\"inLanguage\":\"tr\"},{\"@type\":\"Organization\",\"@id\":\"https:\/\/esencepetrol.com.tr\/#organization\",\"name\":\"Esence Petrol - Petrol Ofisi\",\"url\":\"https:\/\/esencepetrol.com.tr\/\",\"logo\":{\"@type\":\"ImageObject\",\"inLanguage\":\"tr\",\"@id\":\"https:\/\/esencepetrol.com.tr\/#\/schema\/logo\/image\/\",\"url\":\"https:\/\/esencepetrol.com.tr\/wp-content\/uploads\/2026\/01\/esence-favicon.png\",\"contentUrl\":\"https:\/\/esencepetrol.com.tr\/wp-content\/uploads\/2026\/01\/esence-favicon.png\",\"width\":512,\"height\":512,\"caption\":\"Esence Petrol - Petrol Ofisi\"},\"image\":{\"@id\":\"https:\/\/esencepetrol.com.tr\/#\/schema\/logo\/image\/\"},\"sameAs\":[\"https:\/\/www.facebook.com\/onur16uysal\",\"https:\/\/www.instagram.com\/esence__petrol\"]}]}<\/script>\n<!-- \/ Yoast SEO plugin. -->","yoast_head_json":{"title":"EMS MTS-222 - Esence Petrol - Petrol Ofisi","robots":{"index":"index","follow":"follow","max-snippet":"max-snippet:-1","max-image-preview":"max-image-preview:large","max-video-preview":"max-video-preview:-1"},"canonical":"https:\/\/esencepetrol.com.tr\/?product=ems-mts-222","og_locale":"tr_TR","og_type":"article","og_title":"EMS MTS-222 - Esence Petrol - Petrol Ofisi","og_description":"MTS 100 222 50LT\/DK LPY. EMIS. POMPA  \u0130stasyonlarda veya \u015fantiyelerde rahatl\u0131kla ve g\u00fcvenle kullanabilmeniz i\u00e7in y\u00fcksek verimli motor, tamamen elektronik kontroll\u00fc saya\u00e7 ve kontrol sistemlerini kullanarak tasarlad\u0131\u011f\u0131m\u0131z pompam\u0131z\u0131 dilerseniz yazarkasa sistemi ile yada otomasyon sisteminiz ile birlikte kullanabilirsiniz. Mod\u00fcler tasar\u0131m\u0131 ve m\u00fcmk\u00fcn oldu\u011funca minimalize edilmi\u015f taban oturma alan\u0131 ile fazla yer kaplamaz. Kullan\u0131m\u0131 olduk\u00e7a kolay ve pratiktir.","og_url":"https:\/\/esencepetrol.com.tr\/?product=ems-mts-222","og_site_name":"Esence Petrol - Petrol Ofisi","article_publisher":"https:\/\/www.facebook.com\/onur16uysal","article_modified_time":"2026-01-30T22:59:04+00:00","og_image":[{"width":750,"height":530,"url":"https:\/\/esencepetrol.com.tr\/wp-content\/uploads\/2026\/01\/esence-petrol-yakit-pompalari-1599823210-ems-mts222.jpg","type":"image\/jpeg"}],"twitter_card":"summary_large_image","twitter_misc":{"Tahmini okuma s\u00fcresi":"1 dakika"},"schema":{"@context":"https:\/\/schema.org","@graph":[{"@type":"WebPage","@id":"https:\/\/esencepetrol.com.tr\/?product=ems-mts-222","url":"https:\/\/esencepetrol.com.tr\/?product=ems-mts-222","name":"EMS MTS-222 - Esence Petrol - Petrol Ofisi","isPartOf":{"@id":"https:\/\/esencepetrol.com.tr\/#website"},"primaryImageOfPage":{"@id":"https:\/\/esencepetrol.com.tr\/?product=ems-mts-222#primaryimage"},"image":{"@id":"https:\/\/esencepetrol.com.tr\/?product=ems-mts-222#primaryimage"},"thumbnailUrl":"https:\/\/esencepetrol.com.tr\/wp-content\/uploads\/2026\/01\/esence-petrol-yakit-pompalari-1599823210-ems-mts222.jpg","datePublished":"2026-01-30T22:57:39+00:00","dateModified":"2026-01-30T22:59:04+00:00","breadcrumb":{"@id":"https:\/\/esencepetrol.com.tr\/?product=ems-mts-222#breadcrumb"},"inLanguage":"tr","potentialAction":[{"@type":"ReadAction","target":["https:\/\/esencepetrol.com.tr\/?product=ems-mts-222"]}]},{"@type":"ImageObject","inLanguage":"tr","@id":"https:\/\/esencepetrol.com.tr\/?product=ems-mts-222#primaryimage","url":"https:\/\/esencepetrol.com.tr\/wp-content\/uploads\/2026\/01\/esence-petrol-yakit-pompalari-1599823210-ems-mts222.jpg","contentUrl":"https:\/\/esencepetrol.com.tr\/wp-content\/uploads\/2026\/01\/esence-petrol-yakit-pompalari-1599823210-ems-mts222.jpg","width":750,"height":530},{"@type":"BreadcrumbList","@id":"https:\/\/esencepetrol.com.tr\/?product=ems-mts-222#breadcrumb","itemListElement":[{"@type":"ListItem","position":1,"name":"Home","item":"https:\/\/esencepetrol.com.tr\/"},{"@type":"ListItem","position":2,"name":"Ma\u011faza","item":"https:\/\/esencepetrol.com.tr\/?page_id=47"},{"@type":"ListItem","position":3,"name":"EMS MTS-222"}]},{"@type":"WebSite","@id":"https:\/\/esencepetrol.com.tr\/#website","url":"https:\/\/esencepetrol.com.tr\/","name":"Esence Petrol - Petrol Ofisi","description":"Denizden Karaya, Tarladan \u015eantiyeye Kesintisiz Enerji","publisher":{"@id":"https:\/\/esencepetrol.com.tr\/#organization"},"potentialAction":[{"@type":"SearchAction","target":{"@type":"EntryPoint","urlTemplate":"https:\/\/esencepetrol.com.tr\/?s={search_term_string}"},"query-input":{"@type":"PropertyValueSpecification","valueRequired":true,"valueName":"search_term_string"}}],"inLanguage":"tr"},{"@type":"Organization","@id":"https:\/\/esencepetrol.com.tr\/#organization","name":"Esence Petrol - Petrol Ofisi","url":"https:\/\/esencepetrol.com.tr\/","logo":{"@type":"ImageObject","inLanguage":"tr","@id":"https:\/\/esencepetrol.com.tr\/#\/schema\/logo\/image\/","url":"https:\/\/esencepetrol.com.tr\/wp-content\/uploads\/2026\/01\/esence-favicon.png","contentUrl":"https:\/\/esencepetrol.com.tr\/wp-content\/uploads\/2026\/01\/esence-favicon.png","width":512,"height":512,"caption":"Esence Petrol - Petrol Ofisi"},"image":{"@id":"https:\/\/esencepetrol.com.tr\/#\/schema\/logo\/image\/"},"sameAs":["https:\/\/www.facebook.com\/onur16uysal","https:\/\/www.instagram.com\/esence__petrol"]}]}},"_links":{"self":[{"href":"https:\/\/esencepetrol.com.tr\/index.php?rest_route=\/wp\/v2\/product\/29564","targetHints":{"allow":["GET"]}}],"collection":[{"href":"https:\/\/esencepetrol.com.tr\/index.php?rest_route=\/wp\/v2\/product"}],"about":[{"href":"https:\/\/esencepetrol.com.tr\/index.php?rest_route=\/wp\/v2\/types\/product"}],"version-history":[{"count":4,"href":"https:\/\/esencepetrol.com.tr\/index.php?rest_route=\/wp\/v2\/product\/29564\/revisions"}],"predecessor-version":[{"id":29569,"href":"https:\/\/esencepetrol.com.tr\/index.php?rest_route=\/wp\/v2\/product\/29564\/revisions\/29569"}],"wp:featuredmedia":[{"embeddable":true,"href":"https:\/\/esencepetrol.com.tr\/index.php?rest_route=\/wp\/v2\/media\/29565"}],"wp:attachment":[{"href":"https:\/\/esencepetrol.com.tr\/index.php?rest_route=%2Fwp%2Fv2%2Fmedia&parent=29564"}],"wp:term":[{"taxonomy":"product_brand","embeddable":true,"href":"https:\/\/esencepetrol.com.tr\/index.php?rest_route=%2Fwp%2Fv2%2Fproduct_brand&post=29564"},{"taxonomy":"product_cat","embeddable":true,"href":"https:\/\/esencepetrol.com.tr\/index.php?rest_route=%2Fwp%2Fv2%2Fproduct_cat&post=29564"},{"taxonomy":"product_tag","embeddable":true,"href":"https:\/\/esencepetrol.com.tr\/index.php?rest_route=%2Fwp%2Fv2%2Fproduct_tag&post=29564"}],"curies":[{"name":"wp","href":"https:\/\/api.w.org\/{rel}","templated":true}]}}