{"id":29575,"date":"2026-02-03T00:12:19","date_gmt":"2026-02-02T21:12:19","guid":{"rendered":"https:\/\/gold-elephant-732754.hostingersite.com\/?post_type=product&#038;p=29575"},"modified":"2026-02-03T00:12:19","modified_gmt":"2026-02-02T21:12:19","slug":"maxima-cx-0w-20-plus","status":"publish","type":"product","link":"https:\/\/esencepetrol.com.tr\/?product=maxima-cx-0w-20-plus","title":{"rendered":"Maxima CX 0W-20 Plus"},"content":{"rendered":"<div class=\"cp_item col-12 col-lg-auto offset-lg-0 col-lg-12 mt-0 pex-0   \">\n<h2 id=\"kullanildigi-yerler\" class=\"\">Kullan\u0131ld\u0131\u011f\u0131 Yerler<\/h2>\n<\/div>\n<div class=\"cp_item col-12 col-lg-auto offset-lg-0 col-lg-12 mt-0 pex-0   \">\n<div class=\"content justify\">\n<p>Yeni nesil binek ara\u00e7 motorlar\u0131n\u0131n gerektirdi\u011fi en son standartlar\u0131 kar\u015f\u0131lamak \u00fczere geli\u015ftirilmi\u015ftir. \u00d6zellikle turbo\u015farjl\u0131 k\u00fc\u00e7\u00fck motorlar\u0131n (TGDI) ihtiya\u00e7 duydu\u011fu ek gereksinimleri kar\u015f\u0131layacak \u015fekilde form\u00fcle edilmi\u015ftir. API SP, ACEA C5 ve FIAT 9.55535-DM1 performans seviyesinde motor ya\u011f\u0131 isteyen ara\u00e7lar i\u00e7in geli\u015ftirilmi\u015ftir.<\/p>\n<\/div>\n<\/div>\n<div class=\"cp_item col-12 col-lg-auto offset-lg-0 col-lg-12 mt-0 pex-0   \">\n<h2 id=\"ozellikleri-ve-faydalari\" class=\"\">\u00d6zellikleri ve Faydalar\u0131<\/h2>\n<\/div>\n<div class=\"cp_item col-12 col-lg-auto offset-lg-0 col-lg-12 mt-0 pex-0   \">\n<div class=\"content justify\">\n<p>\u2022 Farkl\u0131 markalardan olu\u015fan geni\u015f ara\u00e7 filolar\u0131nda \u00fcr\u00fcn optimizasyonu sa\u011flar. \u2022 \u00dcst\u00fcn teknolojisi ile s\u00fcrt\u00fcnmeyi azaltarak motor performans\u0131n\u0131 art\u0131r\u0131r ve yak\u0131t ekonomisi sa\u011flar \u2022 Geli\u015ftirilmi\u015f oksidasyon stabilitesi sayesinde 10 kata* kadar daha ge\u00e7 okside olur. \u2022 So\u011fukta ilk \u00e7al\u0131\u015fma a\u015f\u0131nmalar\u0131n\u0131 en aza indirerek motor \u00f6mr\u00fcn\u00fc uzat\u0131r. \u2022 Tortu olu\u015fturmaz, motoru temiz tutar. \u2022 D\u00fc\u015f\u00fck emisyon \u00fcretilmesine katk\u0131 sa\u011flayarak \u00e7evreyi korur.<\/p>\n<ul>\n<li>API SP limitlerine g\u00f6re<\/li>\n<\/ul>\n<\/div>\n<\/div>\n","protected":false},"excerpt":{"rendered":"<p>Sentetik baz ya\u011flar ve \u00f6zel kat\u0131klarla form\u00fcle edilmi\u015f, DPF ve SCR i\u00e7eren emisyon d\u00fc\u015f\u00fcr\u00fcc\u00fc sistemlere sahip ara\u00e7lar i\u00e7in \u00fcretilmi\u015f yeni nesil motor ya\u011f\u0131d\u0131r.<\/p>\n","protected":false},"featured_media":29577,"template":"","meta":[],"product_brand":[],"product_cat":[99],"product_tag":[],"class_list":{"0":"post-29575","1":"product","2":"type-product","3":"status-publish","4":"has-post-thumbnail","6":"product_cat-madeni-yaglar","8":"first","9":"instock","10":"shipping-taxable","11":"product-type-simple"},"yoast_head":"<!-- This site is optimized with the Yoast SEO plugin v26.9 - https:\/\/yoast.com\/product\/yoast-seo-wordpress\/ -->\n<title>Maxima CX 0W-20 Plus - Esence Petrol - Petrol Ofisi<\/title>\n<meta name=\"robots\" content=\"index, follow, max-snippet:-1, max-image-preview:large, max-video-preview:-1\" \/>\n<link rel=\"canonical\" href=\"https:\/\/esencepetrol.com.tr\/?product=maxima-cx-0w-20-plus\" \/>\n<meta property=\"og:locale\" content=\"tr_TR\" \/>\n<meta property=\"og:type\" content=\"article\" \/>\n<meta property=\"og:title\" content=\"Maxima CX 0W-20 Plus - Esence Petrol - Petrol Ofisi\" \/>\n<meta property=\"og:description\" content=\"Sentetik baz ya\u011flar ve \u00f6zel kat\u0131klarla form\u00fcle edilmi\u015f, DPF ve SCR i\u00e7eren emisyon d\u00fc\u015f\u00fcr\u00fcc\u00fc sistemlere sahip ara\u00e7lar i\u00e7in \u00fcretilmi\u015f yeni nesil motor ya\u011f\u0131d\u0131r.\" \/>\n<meta property=\"og:url\" content=\"https:\/\/esencepetrol.com.tr\/?product=maxima-cx-0w-20-plus\" \/>\n<meta property=\"og:site_name\" content=\"Esence Petrol - Petrol Ofisi\" \/>\n<meta property=\"article:publisher\" content=\"https:\/\/www.facebook.com\/onur16uysal\" \/>\n<meta property=\"og:image\" content=\"https:\/\/esencepetrol.com.tr\/wp-content\/uploads\/2026\/02\/maxima-cx-0w-20-plus.webp\" \/>\n\t<meta property=\"og:image:width\" content=\"285\" \/>\n\t<meta property=\"og:image:height\" content=\"251\" \/>\n\t<meta property=\"og:image:type\" content=\"image\/webp\" \/>\n<meta name=\"twitter:card\" content=\"summary_large_image\" \/>\n<meta name=\"twitter:label1\" content=\"Tahmini okuma s\u00fcresi\" \/>\n\t<meta name=\"twitter:data1\" content=\"1 dakika\" \/>\n<script type=\"application\/ld+json\" class=\"yoast-schema-graph\">{\"@context\":\"https:\/\/schema.org\",\"@graph\":[{\"@type\":\"WebPage\",\"@id\":\"https:\/\/esencepetrol.com.tr\/?product=maxima-cx-0w-20-plus\",\"url\":\"https:\/\/esencepetrol.com.tr\/?product=maxima-cx-0w-20-plus\",\"name\":\"Maxima CX 0W-20 Plus - Esence Petrol - Petrol Ofisi\",\"isPartOf\":{\"@id\":\"https:\/\/esencepetrol.com.tr\/#website\"},\"primaryImageOfPage\":{\"@id\":\"https:\/\/esencepetrol.com.tr\/?product=maxima-cx-0w-20-plus#primaryimage\"},\"image\":{\"@id\":\"https:\/\/esencepetrol.com.tr\/?product=maxima-cx-0w-20-plus#primaryimage\"},\"thumbnailUrl\":\"https:\/\/esencepetrol.com.tr\/wp-content\/uploads\/2026\/02\/maxima-cx-0w-20-plus.webp\",\"datePublished\":\"2026-02-02T21:12:19+00:00\",\"breadcrumb\":{\"@id\":\"https:\/\/esencepetrol.com.tr\/?product=maxima-cx-0w-20-plus#breadcrumb\"},\"inLanguage\":\"tr\",\"potentialAction\":[{\"@type\":\"ReadAction\",\"target\":[\"https:\/\/esencepetrol.com.tr\/?product=maxima-cx-0w-20-plus\"]}]},{\"@type\":\"ImageObject\",\"inLanguage\":\"tr\",\"@id\":\"https:\/\/esencepetrol.com.tr\/?product=maxima-cx-0w-20-plus#primaryimage\",\"url\":\"https:\/\/esencepetrol.com.tr\/wp-content\/uploads\/2026\/02\/maxima-cx-0w-20-plus.webp\",\"contentUrl\":\"https:\/\/esencepetrol.com.tr\/wp-content\/uploads\/2026\/02\/maxima-cx-0w-20-plus.webp\",\"width\":285,\"height\":251},{\"@type\":\"BreadcrumbList\",\"@id\":\"https:\/\/esencepetrol.com.tr\/?product=maxima-cx-0w-20-plus#breadcrumb\",\"itemListElement\":[{\"@type\":\"ListItem\",\"position\":1,\"name\":\"Home\",\"item\":\"https:\/\/esencepetrol.com.tr\/\"},{\"@type\":\"ListItem\",\"position\":2,\"name\":\"Ma\u011faza\",\"item\":\"https:\/\/esencepetrol.com.tr\/?page_id=47\"},{\"@type\":\"ListItem\",\"position\":3,\"name\":\"Maxima CX 0W-20 Plus\"}]},{\"@type\":\"WebSite\",\"@id\":\"https:\/\/esencepetrol.com.tr\/#website\",\"url\":\"https:\/\/esencepetrol.com.tr\/\",\"name\":\"Esence Petrol - Petrol Ofisi\",\"description\":\"Denizden Karaya, Tarladan \u015eantiyeye Kesintisiz Enerji\",\"publisher\":{\"@id\":\"https:\/\/esencepetrol.com.tr\/#organization\"},\"potentialAction\":[{\"@type\":\"SearchAction\",\"target\":{\"@type\":\"EntryPoint\",\"urlTemplate\":\"https:\/\/esencepetrol.com.tr\/?s={search_term_string}\"},\"query-input\":{\"@type\":\"PropertyValueSpecification\",\"valueRequired\":true,\"valueName\":\"search_term_string\"}}],\"inLanguage\":\"tr\"},{\"@type\":\"Organization\",\"@id\":\"https:\/\/esencepetrol.com.tr\/#organization\",\"name\":\"Esence Petrol - Petrol Ofisi\",\"url\":\"https:\/\/esencepetrol.com.tr\/\",\"logo\":{\"@type\":\"ImageObject\",\"inLanguage\":\"tr\",\"@id\":\"https:\/\/esencepetrol.com.tr\/#\/schema\/logo\/image\/\",\"url\":\"https:\/\/esencepetrol.com.tr\/wp-content\/uploads\/2026\/01\/esence-favicon.png\",\"contentUrl\":\"https:\/\/esencepetrol.com.tr\/wp-content\/uploads\/2026\/01\/esence-favicon.png\",\"width\":512,\"height\":512,\"caption\":\"Esence Petrol - Petrol Ofisi\"},\"image\":{\"@id\":\"https:\/\/esencepetrol.com.tr\/#\/schema\/logo\/image\/\"},\"sameAs\":[\"https:\/\/www.facebook.com\/onur16uysal\",\"https:\/\/www.instagram.com\/esence__petrol\"]}]}<\/script>\n<!-- \/ Yoast SEO plugin. -->","yoast_head_json":{"title":"Maxima CX 0W-20 Plus - Esence Petrol - Petrol Ofisi","robots":{"index":"index","follow":"follow","max-snippet":"max-snippet:-1","max-image-preview":"max-image-preview:large","max-video-preview":"max-video-preview:-1"},"canonical":"https:\/\/esencepetrol.com.tr\/?product=maxima-cx-0w-20-plus","og_locale":"tr_TR","og_type":"article","og_title":"Maxima CX 0W-20 Plus - Esence Petrol - Petrol Ofisi","og_description":"Sentetik baz ya\u011flar ve \u00f6zel kat\u0131klarla form\u00fcle edilmi\u015f, DPF ve SCR i\u00e7eren emisyon d\u00fc\u015f\u00fcr\u00fcc\u00fc sistemlere sahip ara\u00e7lar i\u00e7in \u00fcretilmi\u015f yeni nesil motor ya\u011f\u0131d\u0131r.","og_url":"https:\/\/esencepetrol.com.tr\/?product=maxima-cx-0w-20-plus","og_site_name":"Esence Petrol - Petrol Ofisi","article_publisher":"https:\/\/www.facebook.com\/onur16uysal","og_image":[{"width":285,"height":251,"url":"https:\/\/esencepetrol.com.tr\/wp-content\/uploads\/2026\/02\/maxima-cx-0w-20-plus.webp","type":"image\/webp"}],"twitter_card":"summary_large_image","twitter_misc":{"Tahmini okuma s\u00fcresi":"1 dakika"},"schema":{"@context":"https:\/\/schema.org","@graph":[{"@type":"WebPage","@id":"https:\/\/esencepetrol.com.tr\/?product=maxima-cx-0w-20-plus","url":"https:\/\/esencepetrol.com.tr\/?product=maxima-cx-0w-20-plus","name":"Maxima CX 0W-20 Plus - Esence Petrol - Petrol Ofisi","isPartOf":{"@id":"https:\/\/esencepetrol.com.tr\/#website"},"primaryImageOfPage":{"@id":"https:\/\/esencepetrol.com.tr\/?product=maxima-cx-0w-20-plus#primaryimage"},"image":{"@id":"https:\/\/esencepetrol.com.tr\/?product=maxima-cx-0w-20-plus#primaryimage"},"thumbnailUrl":"https:\/\/esencepetrol.com.tr\/wp-content\/uploads\/2026\/02\/maxima-cx-0w-20-plus.webp","datePublished":"2026-02-02T21:12:19+00:00","breadcrumb":{"@id":"https:\/\/esencepetrol.com.tr\/?product=maxima-cx-0w-20-plus#breadcrumb"},"inLanguage":"tr","potentialAction":[{"@type":"ReadAction","target":["https:\/\/esencepetrol.com.tr\/?product=maxima-cx-0w-20-plus"]}]},{"@type":"ImageObject","inLanguage":"tr","@id":"https:\/\/esencepetrol.com.tr\/?product=maxima-cx-0w-20-plus#primaryimage","url":"https:\/\/esencepetrol.com.tr\/wp-content\/uploads\/2026\/02\/maxima-cx-0w-20-plus.webp","contentUrl":"https:\/\/esencepetrol.com.tr\/wp-content\/uploads\/2026\/02\/maxima-cx-0w-20-plus.webp","width":285,"height":251},{"@type":"BreadcrumbList","@id":"https:\/\/esencepetrol.com.tr\/?product=maxima-cx-0w-20-plus#breadcrumb","itemListElement":[{"@type":"ListItem","position":1,"name":"Home","item":"https:\/\/esencepetrol.com.tr\/"},{"@type":"ListItem","position":2,"name":"Ma\u011faza","item":"https:\/\/esencepetrol.com.tr\/?page_id=47"},{"@type":"ListItem","position":3,"name":"Maxima CX 0W-20 Plus"}]},{"@type":"WebSite","@id":"https:\/\/esencepetrol.com.tr\/#website","url":"https:\/\/esencepetrol.com.tr\/","name":"Esence Petrol - Petrol Ofisi","description":"Denizden Karaya, Tarladan \u015eantiyeye Kesintisiz Enerji","publisher":{"@id":"https:\/\/esencepetrol.com.tr\/#organization"},"potentialAction":[{"@type":"SearchAction","target":{"@type":"EntryPoint","urlTemplate":"https:\/\/esencepetrol.com.tr\/?s={search_term_string}"},"query-input":{"@type":"PropertyValueSpecification","valueRequired":true,"valueName":"search_term_string"}}],"inLanguage":"tr"},{"@type":"Organization","@id":"https:\/\/esencepetrol.com.tr\/#organization","name":"Esence Petrol - Petrol Ofisi","url":"https:\/\/esencepetrol.com.tr\/","logo":{"@type":"ImageObject","inLanguage":"tr","@id":"https:\/\/esencepetrol.com.tr\/#\/schema\/logo\/image\/","url":"https:\/\/esencepetrol.com.tr\/wp-content\/uploads\/2026\/01\/esence-favicon.png","contentUrl":"https:\/\/esencepetrol.com.tr\/wp-content\/uploads\/2026\/01\/esence-favicon.png","width":512,"height":512,"caption":"Esence Petrol - Petrol Ofisi"},"image":{"@id":"https:\/\/esencepetrol.com.tr\/#\/schema\/logo\/image\/"},"sameAs":["https:\/\/www.facebook.com\/onur16uysal","https:\/\/www.instagram.com\/esence__petrol"]}]}},"_links":{"self":[{"href":"https:\/\/esencepetrol.com.tr\/index.php?rest_route=\/wp\/v2\/product\/29575","targetHints":{"allow":["GET"]}}],"collection":[{"href":"https:\/\/esencepetrol.com.tr\/index.php?rest_route=\/wp\/v2\/product"}],"about":[{"href":"https:\/\/esencepetrol.com.tr\/index.php?rest_route=\/wp\/v2\/types\/product"}],"version-history":[{"count":1,"href":"https:\/\/esencepetrol.com.tr\/index.php?rest_route=\/wp\/v2\/product\/29575\/revisions"}],"predecessor-version":[{"id":29578,"href":"https:\/\/esencepetrol.com.tr\/index.php?rest_route=\/wp\/v2\/product\/29575\/revisions\/29578"}],"wp:featuredmedia":[{"embeddable":true,"href":"https:\/\/esencepetrol.com.tr\/index.php?rest_route=\/wp\/v2\/media\/29577"}],"wp:attachment":[{"href":"https:\/\/esencepetrol.com.tr\/index.php?rest_route=%2Fwp%2Fv2%2Fmedia&parent=29575"}],"wp:term":[{"taxonomy":"product_brand","embeddable":true,"href":"https:\/\/esencepetrol.com.tr\/index.php?rest_route=%2Fwp%2Fv2%2Fproduct_brand&post=29575"},{"taxonomy":"product_cat","embeddable":true,"href":"https:\/\/esencepetrol.com.tr\/index.php?rest_route=%2Fwp%2Fv2%2Fproduct_cat&post=29575"},{"taxonomy":"product_tag","embeddable":true,"href":"https:\/\/esencepetrol.com.tr\/index.php?rest_route=%2Fwp%2Fv2%2Fproduct_tag&post=29575"}],"curies":[{"name":"wp","href":"https:\/\/api.w.org\/{rel}","templated":true}]}}