{"id":29585,"date":"2026-02-03T00:15:08","date_gmt":"2026-02-02T21:15:08","guid":{"rendered":"https:\/\/gold-elephant-732754.hostingersite.com\/?post_type=product&#038;p=29585"},"modified":"2026-02-03T00:16:11","modified_gmt":"2026-02-02T21:16:11","slug":"maximoto-10w-40","status":"publish","type":"product","link":"https:\/\/esencepetrol.com.tr\/?product=maximoto-10w-40","title":{"rendered":"Maximoto 10W-40"},"content":{"rendered":"<div class=\"cp_item col-12 col-lg-auto offset-lg-0 col-lg-12 mt-0 pex-0 \">\n<div class=\"cp_item col-12 col-lg-auto offset-lg-0 col-lg-12 mt-0 pex-0 \">\n<div class=\"cp_item col-12 col-lg-auto offset-lg-0 col-lg-12 mt-0 pex-0   \">\n<h2 id=\"kullanildigi-yerler\" class=\"\">Kullan\u0131ld\u0131\u011f\u0131 Yerler<\/h2>\n<\/div>\n<div class=\"cp_item col-12 col-lg-auto offset-lg-0 col-lg-12 mt-0 pex-0   \">\n<div class=\"content justify\">\n<p>D\u00f6rt zamanl\u0131 ve y\u00fcksek performansl\u0131, katalitik konvert\u00f6rl\u00fc motosikletlerin de dahil oldu\u011fu hava veya su so\u011futmal\u0131 motosikletlerde d\u00f6rt mevsim g\u00fcvenle kullan\u0131l\u0131r. Ayr\u0131ca, API SN, JASO MA2 spesifikasyonlar\u0131n\u0131n tavsiye edildi\u011fi Avrupa ve Japon \u00fcretimi motosikletler i\u00e7in de uygundur.<\/p>\n<\/div>\n<\/div>\n<div class=\"cp_item col-12 col-lg-auto offset-lg-0 col-lg-12 mt-0 pex-0   \">\n<h2 id=\"ozellikleri-ve-faydalari\" class=\"\">\u00d6zellikleri ve Faydalar\u0131<\/h2>\n<\/div>\n<div class=\"cp_item col-12 col-lg-auto offset-lg-0 col-lg-12 mt-0 pex-0   \">\n<div class=\"content justify\">\n<p>\u2022 Y\u00fcksek devir ve y\u00fcksek s\u0131cakl\u0131klarda etkin ya\u011flama ile s\u00fcrt\u00fcnme kay\u0131plar\u0131n\u0131 en aza indirerek motoru korur. \u2022 M\u00fckemmel \u0131slak kavrama performans\u0131 sa\u011flar. \u2022 \u00d6zel form\u00fcl\u00fc sayesinde daha h\u0131zl\u0131 kavrama ve vitesler aras\u0131 daha yumu\u015fak ge\u00e7i\u015f sa\u011flayarak motosikletin performans\u0131n\u0131 artt\u0131r\u0131r.<\/p>\n<\/div>\n<\/div>\n<\/div>\n<\/div>\n","protected":false},"excerpt":{"rendered":"<p>Maximoto 10W-40, sentetik teknoloji ile geli\u015ftirilmi\u015f \u00fcst\u00fcn koruma ve performans sa\u011flayan, sentetik motor ya\u011f\u0131d\u0131r.<\/p>\n","protected":false},"featured_media":29586,"template":"","meta":[],"product_brand":[],"product_cat":[99],"product_tag":[],"class_list":{"0":"post-29585","1":"product","2":"type-product","3":"status-publish","4":"has-post-thumbnail","6":"product_cat-madeni-yaglar","8":"first","9":"instock","10":"shipping-taxable","11":"product-type-simple"},"yoast_head":"<!-- This site is optimized with the Yoast SEO plugin v26.9 - https:\/\/yoast.com\/product\/yoast-seo-wordpress\/ -->\n<title>Maximoto 10W-40 - Esence Petrol - Petrol Ofisi<\/title>\n<meta name=\"robots\" content=\"index, follow, max-snippet:-1, max-image-preview:large, max-video-preview:-1\" \/>\n<link rel=\"canonical\" href=\"https:\/\/esencepetrol.com.tr\/?product=maximoto-10w-40\" \/>\n<meta property=\"og:locale\" content=\"tr_TR\" \/>\n<meta property=\"og:type\" content=\"article\" \/>\n<meta property=\"og:title\" content=\"Maximoto 10W-40 - Esence Petrol - Petrol Ofisi\" \/>\n<meta property=\"og:description\" content=\"Maximoto 10W-40, sentetik teknoloji ile geli\u015ftirilmi\u015f \u00fcst\u00fcn koruma ve performans sa\u011flayan, sentetik motor ya\u011f\u0131d\u0131r.\" \/>\n<meta property=\"og:url\" content=\"https:\/\/esencepetrol.com.tr\/?product=maximoto-10w-40\" \/>\n<meta property=\"og:site_name\" content=\"Esence Petrol - Petrol Ofisi\" \/>\n<meta property=\"article:publisher\" content=\"https:\/\/www.facebook.com\/onur16uysal\" \/>\n<meta property=\"article:modified_time\" content=\"2026-02-02T21:16:11+00:00\" \/>\n<meta property=\"og:image\" content=\"https:\/\/esencepetrol.com.tr\/wp-content\/uploads\/2026\/02\/maxi-moto-10w-40.webp\" \/>\n\t<meta property=\"og:image:width\" content=\"285\" \/>\n\t<meta property=\"og:image:height\" content=\"251\" \/>\n\t<meta property=\"og:image:type\" content=\"image\/webp\" \/>\n<meta name=\"twitter:card\" content=\"summary_large_image\" \/>\n<meta name=\"twitter:label1\" content=\"Tahmini okuma s\u00fcresi\" \/>\n\t<meta name=\"twitter:data1\" content=\"1 dakika\" \/>\n<script type=\"application\/ld+json\" class=\"yoast-schema-graph\">{\"@context\":\"https:\/\/schema.org\",\"@graph\":[{\"@type\":\"WebPage\",\"@id\":\"https:\/\/esencepetrol.com.tr\/?product=maximoto-10w-40\",\"url\":\"https:\/\/esencepetrol.com.tr\/?product=maximoto-10w-40\",\"name\":\"Maximoto 10W-40 - Esence Petrol - Petrol Ofisi\",\"isPartOf\":{\"@id\":\"https:\/\/esencepetrol.com.tr\/#website\"},\"primaryImageOfPage\":{\"@id\":\"https:\/\/esencepetrol.com.tr\/?product=maximoto-10w-40#primaryimage\"},\"image\":{\"@id\":\"https:\/\/esencepetrol.com.tr\/?product=maximoto-10w-40#primaryimage\"},\"thumbnailUrl\":\"https:\/\/esencepetrol.com.tr\/wp-content\/uploads\/2026\/02\/maxi-moto-10w-40.webp\",\"datePublished\":\"2026-02-02T21:15:08+00:00\",\"dateModified\":\"2026-02-02T21:16:11+00:00\",\"breadcrumb\":{\"@id\":\"https:\/\/esencepetrol.com.tr\/?product=maximoto-10w-40#breadcrumb\"},\"inLanguage\":\"tr\",\"potentialAction\":[{\"@type\":\"ReadAction\",\"target\":[\"https:\/\/esencepetrol.com.tr\/?product=maximoto-10w-40\"]}]},{\"@type\":\"ImageObject\",\"inLanguage\":\"tr\",\"@id\":\"https:\/\/esencepetrol.com.tr\/?product=maximoto-10w-40#primaryimage\",\"url\":\"https:\/\/esencepetrol.com.tr\/wp-content\/uploads\/2026\/02\/maxi-moto-10w-40.webp\",\"contentUrl\":\"https:\/\/esencepetrol.com.tr\/wp-content\/uploads\/2026\/02\/maxi-moto-10w-40.webp\",\"width\":285,\"height\":251},{\"@type\":\"BreadcrumbList\",\"@id\":\"https:\/\/esencepetrol.com.tr\/?product=maximoto-10w-40#breadcrumb\",\"itemListElement\":[{\"@type\":\"ListItem\",\"position\":1,\"name\":\"Home\",\"item\":\"https:\/\/esencepetrol.com.tr\/\"},{\"@type\":\"ListItem\",\"position\":2,\"name\":\"Ma\u011faza\",\"item\":\"https:\/\/esencepetrol.com.tr\/?page_id=47\"},{\"@type\":\"ListItem\",\"position\":3,\"name\":\"Maximoto 10W-40\"}]},{\"@type\":\"WebSite\",\"@id\":\"https:\/\/esencepetrol.com.tr\/#website\",\"url\":\"https:\/\/esencepetrol.com.tr\/\",\"name\":\"Esence Petrol - Petrol Ofisi\",\"description\":\"Denizden Karaya, Tarladan \u015eantiyeye Kesintisiz Enerji\",\"publisher\":{\"@id\":\"https:\/\/esencepetrol.com.tr\/#organization\"},\"potentialAction\":[{\"@type\":\"SearchAction\",\"target\":{\"@type\":\"EntryPoint\",\"urlTemplate\":\"https:\/\/esencepetrol.com.tr\/?s={search_term_string}\"},\"query-input\":{\"@type\":\"PropertyValueSpecification\",\"valueRequired\":true,\"valueName\":\"search_term_string\"}}],\"inLanguage\":\"tr\"},{\"@type\":\"Organization\",\"@id\":\"https:\/\/esencepetrol.com.tr\/#organization\",\"name\":\"Esence Petrol - Petrol Ofisi\",\"url\":\"https:\/\/esencepetrol.com.tr\/\",\"logo\":{\"@type\":\"ImageObject\",\"inLanguage\":\"tr\",\"@id\":\"https:\/\/esencepetrol.com.tr\/#\/schema\/logo\/image\/\",\"url\":\"https:\/\/esencepetrol.com.tr\/wp-content\/uploads\/2026\/01\/esence-favicon.png\",\"contentUrl\":\"https:\/\/esencepetrol.com.tr\/wp-content\/uploads\/2026\/01\/esence-favicon.png\",\"width\":512,\"height\":512,\"caption\":\"Esence Petrol - Petrol Ofisi\"},\"image\":{\"@id\":\"https:\/\/esencepetrol.com.tr\/#\/schema\/logo\/image\/\"},\"sameAs\":[\"https:\/\/www.facebook.com\/onur16uysal\",\"https:\/\/www.instagram.com\/esence__petrol\"]}]}<\/script>\n<!-- \/ Yoast SEO plugin. -->","yoast_head_json":{"title":"Maximoto 10W-40 - Esence Petrol - Petrol Ofisi","robots":{"index":"index","follow":"follow","max-snippet":"max-snippet:-1","max-image-preview":"max-image-preview:large","max-video-preview":"max-video-preview:-1"},"canonical":"https:\/\/esencepetrol.com.tr\/?product=maximoto-10w-40","og_locale":"tr_TR","og_type":"article","og_title":"Maximoto 10W-40 - Esence Petrol - Petrol Ofisi","og_description":"Maximoto 10W-40, sentetik teknoloji ile geli\u015ftirilmi\u015f \u00fcst\u00fcn koruma ve performans sa\u011flayan, sentetik motor ya\u011f\u0131d\u0131r.","og_url":"https:\/\/esencepetrol.com.tr\/?product=maximoto-10w-40","og_site_name":"Esence Petrol - Petrol Ofisi","article_publisher":"https:\/\/www.facebook.com\/onur16uysal","article_modified_time":"2026-02-02T21:16:11+00:00","og_image":[{"width":285,"height":251,"url":"https:\/\/esencepetrol.com.tr\/wp-content\/uploads\/2026\/02\/maxi-moto-10w-40.webp","type":"image\/webp"}],"twitter_card":"summary_large_image","twitter_misc":{"Tahmini okuma s\u00fcresi":"1 dakika"},"schema":{"@context":"https:\/\/schema.org","@graph":[{"@type":"WebPage","@id":"https:\/\/esencepetrol.com.tr\/?product=maximoto-10w-40","url":"https:\/\/esencepetrol.com.tr\/?product=maximoto-10w-40","name":"Maximoto 10W-40 - Esence Petrol - Petrol Ofisi","isPartOf":{"@id":"https:\/\/esencepetrol.com.tr\/#website"},"primaryImageOfPage":{"@id":"https:\/\/esencepetrol.com.tr\/?product=maximoto-10w-40#primaryimage"},"image":{"@id":"https:\/\/esencepetrol.com.tr\/?product=maximoto-10w-40#primaryimage"},"thumbnailUrl":"https:\/\/esencepetrol.com.tr\/wp-content\/uploads\/2026\/02\/maxi-moto-10w-40.webp","datePublished":"2026-02-02T21:15:08+00:00","dateModified":"2026-02-02T21:16:11+00:00","breadcrumb":{"@id":"https:\/\/esencepetrol.com.tr\/?product=maximoto-10w-40#breadcrumb"},"inLanguage":"tr","potentialAction":[{"@type":"ReadAction","target":["https:\/\/esencepetrol.com.tr\/?product=maximoto-10w-40"]}]},{"@type":"ImageObject","inLanguage":"tr","@id":"https:\/\/esencepetrol.com.tr\/?product=maximoto-10w-40#primaryimage","url":"https:\/\/esencepetrol.com.tr\/wp-content\/uploads\/2026\/02\/maxi-moto-10w-40.webp","contentUrl":"https:\/\/esencepetrol.com.tr\/wp-content\/uploads\/2026\/02\/maxi-moto-10w-40.webp","width":285,"height":251},{"@type":"BreadcrumbList","@id":"https:\/\/esencepetrol.com.tr\/?product=maximoto-10w-40#breadcrumb","itemListElement":[{"@type":"ListItem","position":1,"name":"Home","item":"https:\/\/esencepetrol.com.tr\/"},{"@type":"ListItem","position":2,"name":"Ma\u011faza","item":"https:\/\/esencepetrol.com.tr\/?page_id=47"},{"@type":"ListItem","position":3,"name":"Maximoto 10W-40"}]},{"@type":"WebSite","@id":"https:\/\/esencepetrol.com.tr\/#website","url":"https:\/\/esencepetrol.com.tr\/","name":"Esence Petrol - Petrol Ofisi","description":"Denizden Karaya, Tarladan \u015eantiyeye Kesintisiz Enerji","publisher":{"@id":"https:\/\/esencepetrol.com.tr\/#organization"},"potentialAction":[{"@type":"SearchAction","target":{"@type":"EntryPoint","urlTemplate":"https:\/\/esencepetrol.com.tr\/?s={search_term_string}"},"query-input":{"@type":"PropertyValueSpecification","valueRequired":true,"valueName":"search_term_string"}}],"inLanguage":"tr"},{"@type":"Organization","@id":"https:\/\/esencepetrol.com.tr\/#organization","name":"Esence Petrol - Petrol Ofisi","url":"https:\/\/esencepetrol.com.tr\/","logo":{"@type":"ImageObject","inLanguage":"tr","@id":"https:\/\/esencepetrol.com.tr\/#\/schema\/logo\/image\/","url":"https:\/\/esencepetrol.com.tr\/wp-content\/uploads\/2026\/01\/esence-favicon.png","contentUrl":"https:\/\/esencepetrol.com.tr\/wp-content\/uploads\/2026\/01\/esence-favicon.png","width":512,"height":512,"caption":"Esence Petrol - Petrol Ofisi"},"image":{"@id":"https:\/\/esencepetrol.com.tr\/#\/schema\/logo\/image\/"},"sameAs":["https:\/\/www.facebook.com\/onur16uysal","https:\/\/www.instagram.com\/esence__petrol"]}]}},"_links":{"self":[{"href":"https:\/\/esencepetrol.com.tr\/index.php?rest_route=\/wp\/v2\/product\/29585","targetHints":{"allow":["GET"]}}],"collection":[{"href":"https:\/\/esencepetrol.com.tr\/index.php?rest_route=\/wp\/v2\/product"}],"about":[{"href":"https:\/\/esencepetrol.com.tr\/index.php?rest_route=\/wp\/v2\/types\/product"}],"version-history":[{"count":1,"href":"https:\/\/esencepetrol.com.tr\/index.php?rest_route=\/wp\/v2\/product\/29585\/revisions"}],"predecessor-version":[{"id":29587,"href":"https:\/\/esencepetrol.com.tr\/index.php?rest_route=\/wp\/v2\/product\/29585\/revisions\/29587"}],"wp:featuredmedia":[{"embeddable":true,"href":"https:\/\/esencepetrol.com.tr\/index.php?rest_route=\/wp\/v2\/media\/29586"}],"wp:attachment":[{"href":"https:\/\/esencepetrol.com.tr\/index.php?rest_route=%2Fwp%2Fv2%2Fmedia&parent=29585"}],"wp:term":[{"taxonomy":"product_brand","embeddable":true,"href":"https:\/\/esencepetrol.com.tr\/index.php?rest_route=%2Fwp%2Fv2%2Fproduct_brand&post=29585"},{"taxonomy":"product_cat","embeddable":true,"href":"https:\/\/esencepetrol.com.tr\/index.php?rest_route=%2Fwp%2Fv2%2Fproduct_cat&post=29585"},{"taxonomy":"product_tag","embeddable":true,"href":"https:\/\/esencepetrol.com.tr\/index.php?rest_route=%2Fwp%2Fv2%2Fproduct_tag&post=29585"}],"curies":[{"name":"wp","href":"https:\/\/api.w.org\/{rel}","templated":true}]}}