{"id":29588,"date":"2026-02-03T00:17:09","date_gmt":"2026-02-02T21:17:09","guid":{"rendered":"https:\/\/gold-elephant-732754.hostingersite.com\/?post_type=product&#038;p=29588"},"modified":"2026-02-03T00:17:37","modified_gmt":"2026-02-02T21:17:37","slug":"maxitrak-traktor-yagi-15w-40","status":"publish","type":"product","link":"https:\/\/esencepetrol.com.tr\/?product=maxitrak-traktor-yagi-15w-40","title":{"rendered":"Maxitrak Trakt\u00f6r Ya\u011f\u0131 15W-40"},"content":{"rendered":"<div class=\"cp_item col-12 col-lg-auto offset-lg-0 col-lg-12 mt-0 pex-0 \">\n<div class=\"cp_item col-12 col-lg-auto offset-lg-0 col-lg-12 mt-0 pex-0 \">\n<div class=\"cp_item col-12 col-lg-auto offset-lg-0 col-lg-12 mt-0 pex-0 \">\n<div class=\"cp_item col-12 col-lg-auto offset-lg-0 col-lg-12 mt-0 pex-0   \">\n<h2 id=\"kullanildigi-yerler\" class=\"\">Kullan\u0131ld\u0131\u011f\u0131 Yerler<\/h2>\n<\/div>\n<div class=\"cp_item col-12 col-lg-auto offset-lg-0 col-lg-12 mt-0 pex-0   \">\n<div class=\"content \">\n<p>En son modellerin de dahil oldu\u011fu tar\u0131m makinelerinin turbo dizel motorlar\u0131nda kullan\u0131l\u0131r.<\/p>\n<\/div>\n<\/div>\n<div class=\"cp_item col-12 col-lg-auto offset-lg-0 col-lg-12 mt-0 pex-0   \">\n<h2 id=\"ozellikleri-ve-faydalari\" class=\"\">\u00d6zellikleri ve Faydalar\u0131<\/h2>\n<\/div>\n<div class=\"cp_item col-12 col-lg-auto offset-lg-0 col-lg-12 mt-0 pex-0   \">\n<div class=\"content justify\">\n<p>\u2022 Deterjan-dispersan kat\u0131klar yard\u0131m\u0131yla s\u0131cak ve so\u011fukta tortu olu\u015fumunu ve birikintiyi \u00f6nleyerek motorun temiz kalmas\u0131n\u0131 sa\u011flar. \u2022 So\u011fukta ilk \u00e7al\u0131\u015fmay\u0131 kolayla\u015ft\u0131r\u0131r, s\u0131cakta ise etkili ya\u011flama sa\u011flar. \u2022 En a\u011f\u0131r \u00e7al\u0131\u015fma \u015fartlar\u0131nda dahi eksilmez, bas\u0131nc\u0131 d\u00fc\u015fmez, k\u00f6p\u00fcrmez. \u2022 Yanma art\u0131\u011f\u0131 asitlerini n\u00f6tralize ederek korozyonu \u00f6nler. \u2022 Y\u00fcksek viskozite indeksleri ve a\u015f\u0131nma \u00f6nleyici kat\u0131klar sayesinde y\u00fcksek s\u0131cakl\u0131klarda kal\u0131n ya\u011f filmi olu\u015fturur. \u2022 Motor a\u015f\u0131nmalar\u0131n\u0131 en aza indirir. \u2022 Depozit olu\u015fumunu azalt\u0131r, motoru temiz tutarak yanma verimini art\u0131r\u0131r. \u2022 Egzoz emisyonunu azaltarak \u00e7evre korumas\u0131na yard\u0131mc\u0131 olur. \u2022 Ya\u011f de\u011fi\u015fim periyotlar\u0131 aras\u0131ndaki s\u00fcreyi uzat\u0131r. \u2022 Geni\u015f uygulama alan\u0131 sayesinde filolarda \u00fcr\u00fcn \u00e7e\u015fitlili\u011fini azalt\u0131r.<\/p>\n<\/div>\n<\/div>\n<\/div>\n<\/div>\n<\/div>\n","protected":false},"excerpt":{"rendered":"<p>\u00d6zellikle trakt\u00f6r ve bi\u00e7erd\u00f6ver makinelerin turbo dizel motorlar\u0131 i\u00e7in geli\u015ftirilmi\u015f, y\u00fcksek performansl\u0131 ve \u00fcst\u00fcn kaliteli dizel motor ya\u011f\u0131d\u0131r.<\/p>\n","protected":false},"featured_media":29589,"template":"","meta":[],"product_brand":[],"product_cat":[99],"product_tag":[],"class_list":{"0":"post-29588","1":"product","2":"type-product","3":"status-publish","4":"has-post-thumbnail","6":"product_cat-madeni-yaglar","8":"first","9":"instock","10":"shipping-taxable","11":"product-type-simple"},"yoast_head":"<!-- This site is optimized with the Yoast SEO plugin v26.9 - https:\/\/yoast.com\/product\/yoast-seo-wordpress\/ -->\n<title>Maxitrak Trakt\u00f6r Ya\u011f\u0131 15W-40 - Esence Petrol - Petrol Ofisi<\/title>\n<meta name=\"robots\" content=\"index, follow, max-snippet:-1, max-image-preview:large, max-video-preview:-1\" \/>\n<link rel=\"canonical\" href=\"https:\/\/esencepetrol.com.tr\/?product=maxitrak-traktor-yagi-15w-40\" \/>\n<meta property=\"og:locale\" content=\"tr_TR\" \/>\n<meta property=\"og:type\" content=\"article\" \/>\n<meta property=\"og:title\" content=\"Maxitrak Trakt\u00f6r Ya\u011f\u0131 15W-40 - Esence Petrol - Petrol Ofisi\" \/>\n<meta property=\"og:description\" content=\"\u00d6zellikle trakt\u00f6r ve bi\u00e7erd\u00f6ver makinelerin turbo dizel motorlar\u0131 i\u00e7in geli\u015ftirilmi\u015f, y\u00fcksek performansl\u0131 ve \u00fcst\u00fcn kaliteli dizel motor ya\u011f\u0131d\u0131r.\" \/>\n<meta property=\"og:url\" content=\"https:\/\/esencepetrol.com.tr\/?product=maxitrak-traktor-yagi-15w-40\" \/>\n<meta property=\"og:site_name\" content=\"Esence Petrol - Petrol Ofisi\" \/>\n<meta property=\"article:publisher\" content=\"https:\/\/www.facebook.com\/onur16uysal\" \/>\n<meta property=\"article:modified_time\" content=\"2026-02-02T21:17:37+00:00\" \/>\n<meta property=\"og:image\" content=\"https:\/\/esencepetrol.com.tr\/wp-content\/uploads\/2026\/02\/Maxitrak-Traktor-Yagi-15W-40.webp\" \/>\n\t<meta property=\"og:image:width\" content=\"260\" \/>\n\t<meta property=\"og:image:height\" content=\"260\" \/>\n\t<meta property=\"og:image:type\" content=\"image\/webp\" \/>\n<meta name=\"twitter:card\" content=\"summary_large_image\" \/>\n<meta name=\"twitter:label1\" content=\"Tahmini okuma s\u00fcresi\" \/>\n\t<meta name=\"twitter:data1\" content=\"1 dakika\" \/>\n<script type=\"application\/ld+json\" class=\"yoast-schema-graph\">{\"@context\":\"https:\/\/schema.org\",\"@graph\":[{\"@type\":\"WebPage\",\"@id\":\"https:\/\/esencepetrol.com.tr\/?product=maxitrak-traktor-yagi-15w-40\",\"url\":\"https:\/\/esencepetrol.com.tr\/?product=maxitrak-traktor-yagi-15w-40\",\"name\":\"Maxitrak Trakt\u00f6r Ya\u011f\u0131 15W-40 - Esence Petrol - Petrol Ofisi\",\"isPartOf\":{\"@id\":\"https:\/\/esencepetrol.com.tr\/#website\"},\"primaryImageOfPage\":{\"@id\":\"https:\/\/esencepetrol.com.tr\/?product=maxitrak-traktor-yagi-15w-40#primaryimage\"},\"image\":{\"@id\":\"https:\/\/esencepetrol.com.tr\/?product=maxitrak-traktor-yagi-15w-40#primaryimage\"},\"thumbnailUrl\":\"https:\/\/esencepetrol.com.tr\/wp-content\/uploads\/2026\/02\/Maxitrak-Traktor-Yagi-15W-40.webp\",\"datePublished\":\"2026-02-02T21:17:09+00:00\",\"dateModified\":\"2026-02-02T21:17:37+00:00\",\"breadcrumb\":{\"@id\":\"https:\/\/esencepetrol.com.tr\/?product=maxitrak-traktor-yagi-15w-40#breadcrumb\"},\"inLanguage\":\"tr\",\"potentialAction\":[{\"@type\":\"ReadAction\",\"target\":[\"https:\/\/esencepetrol.com.tr\/?product=maxitrak-traktor-yagi-15w-40\"]}]},{\"@type\":\"ImageObject\",\"inLanguage\":\"tr\",\"@id\":\"https:\/\/esencepetrol.com.tr\/?product=maxitrak-traktor-yagi-15w-40#primaryimage\",\"url\":\"https:\/\/esencepetrol.com.tr\/wp-content\/uploads\/2026\/02\/Maxitrak-Traktor-Yagi-15W-40.webp\",\"contentUrl\":\"https:\/\/esencepetrol.com.tr\/wp-content\/uploads\/2026\/02\/Maxitrak-Traktor-Yagi-15W-40.webp\",\"width\":260,\"height\":260},{\"@type\":\"BreadcrumbList\",\"@id\":\"https:\/\/esencepetrol.com.tr\/?product=maxitrak-traktor-yagi-15w-40#breadcrumb\",\"itemListElement\":[{\"@type\":\"ListItem\",\"position\":1,\"name\":\"Home\",\"item\":\"https:\/\/esencepetrol.com.tr\/\"},{\"@type\":\"ListItem\",\"position\":2,\"name\":\"Ma\u011faza\",\"item\":\"https:\/\/esencepetrol.com.tr\/?page_id=47\"},{\"@type\":\"ListItem\",\"position\":3,\"name\":\"Maxitrak Trakt\u00f6r Ya\u011f\u0131 15W-40\"}]},{\"@type\":\"WebSite\",\"@id\":\"https:\/\/esencepetrol.com.tr\/#website\",\"url\":\"https:\/\/esencepetrol.com.tr\/\",\"name\":\"Esence Petrol - Petrol Ofisi\",\"description\":\"Denizden Karaya, Tarladan \u015eantiyeye Kesintisiz Enerji\",\"publisher\":{\"@id\":\"https:\/\/esencepetrol.com.tr\/#organization\"},\"potentialAction\":[{\"@type\":\"SearchAction\",\"target\":{\"@type\":\"EntryPoint\",\"urlTemplate\":\"https:\/\/esencepetrol.com.tr\/?s={search_term_string}\"},\"query-input\":{\"@type\":\"PropertyValueSpecification\",\"valueRequired\":true,\"valueName\":\"search_term_string\"}}],\"inLanguage\":\"tr\"},{\"@type\":\"Organization\",\"@id\":\"https:\/\/esencepetrol.com.tr\/#organization\",\"name\":\"Esence Petrol - Petrol Ofisi\",\"url\":\"https:\/\/esencepetrol.com.tr\/\",\"logo\":{\"@type\":\"ImageObject\",\"inLanguage\":\"tr\",\"@id\":\"https:\/\/esencepetrol.com.tr\/#\/schema\/logo\/image\/\",\"url\":\"https:\/\/esencepetrol.com.tr\/wp-content\/uploads\/2026\/01\/esence-favicon.png\",\"contentUrl\":\"https:\/\/esencepetrol.com.tr\/wp-content\/uploads\/2026\/01\/esence-favicon.png\",\"width\":512,\"height\":512,\"caption\":\"Esence Petrol - Petrol Ofisi\"},\"image\":{\"@id\":\"https:\/\/esencepetrol.com.tr\/#\/schema\/logo\/image\/\"},\"sameAs\":[\"https:\/\/www.facebook.com\/onur16uysal\",\"https:\/\/www.instagram.com\/esence__petrol\"]}]}<\/script>\n<!-- \/ Yoast SEO plugin. -->","yoast_head_json":{"title":"Maxitrak Trakt\u00f6r Ya\u011f\u0131 15W-40 - Esence Petrol - Petrol Ofisi","robots":{"index":"index","follow":"follow","max-snippet":"max-snippet:-1","max-image-preview":"max-image-preview:large","max-video-preview":"max-video-preview:-1"},"canonical":"https:\/\/esencepetrol.com.tr\/?product=maxitrak-traktor-yagi-15w-40","og_locale":"tr_TR","og_type":"article","og_title":"Maxitrak Trakt\u00f6r Ya\u011f\u0131 15W-40 - Esence Petrol - Petrol Ofisi","og_description":"\u00d6zellikle trakt\u00f6r ve bi\u00e7erd\u00f6ver makinelerin turbo dizel motorlar\u0131 i\u00e7in geli\u015ftirilmi\u015f, y\u00fcksek performansl\u0131 ve \u00fcst\u00fcn kaliteli dizel motor ya\u011f\u0131d\u0131r.","og_url":"https:\/\/esencepetrol.com.tr\/?product=maxitrak-traktor-yagi-15w-40","og_site_name":"Esence Petrol - Petrol Ofisi","article_publisher":"https:\/\/www.facebook.com\/onur16uysal","article_modified_time":"2026-02-02T21:17:37+00:00","og_image":[{"width":260,"height":260,"url":"https:\/\/esencepetrol.com.tr\/wp-content\/uploads\/2026\/02\/Maxitrak-Traktor-Yagi-15W-40.webp","type":"image\/webp"}],"twitter_card":"summary_large_image","twitter_misc":{"Tahmini okuma s\u00fcresi":"1 dakika"},"schema":{"@context":"https:\/\/schema.org","@graph":[{"@type":"WebPage","@id":"https:\/\/esencepetrol.com.tr\/?product=maxitrak-traktor-yagi-15w-40","url":"https:\/\/esencepetrol.com.tr\/?product=maxitrak-traktor-yagi-15w-40","name":"Maxitrak Trakt\u00f6r Ya\u011f\u0131 15W-40 - Esence Petrol - Petrol Ofisi","isPartOf":{"@id":"https:\/\/esencepetrol.com.tr\/#website"},"primaryImageOfPage":{"@id":"https:\/\/esencepetrol.com.tr\/?product=maxitrak-traktor-yagi-15w-40#primaryimage"},"image":{"@id":"https:\/\/esencepetrol.com.tr\/?product=maxitrak-traktor-yagi-15w-40#primaryimage"},"thumbnailUrl":"https:\/\/esencepetrol.com.tr\/wp-content\/uploads\/2026\/02\/Maxitrak-Traktor-Yagi-15W-40.webp","datePublished":"2026-02-02T21:17:09+00:00","dateModified":"2026-02-02T21:17:37+00:00","breadcrumb":{"@id":"https:\/\/esencepetrol.com.tr\/?product=maxitrak-traktor-yagi-15w-40#breadcrumb"},"inLanguage":"tr","potentialAction":[{"@type":"ReadAction","target":["https:\/\/esencepetrol.com.tr\/?product=maxitrak-traktor-yagi-15w-40"]}]},{"@type":"ImageObject","inLanguage":"tr","@id":"https:\/\/esencepetrol.com.tr\/?product=maxitrak-traktor-yagi-15w-40#primaryimage","url":"https:\/\/esencepetrol.com.tr\/wp-content\/uploads\/2026\/02\/Maxitrak-Traktor-Yagi-15W-40.webp","contentUrl":"https:\/\/esencepetrol.com.tr\/wp-content\/uploads\/2026\/02\/Maxitrak-Traktor-Yagi-15W-40.webp","width":260,"height":260},{"@type":"BreadcrumbList","@id":"https:\/\/esencepetrol.com.tr\/?product=maxitrak-traktor-yagi-15w-40#breadcrumb","itemListElement":[{"@type":"ListItem","position":1,"name":"Home","item":"https:\/\/esencepetrol.com.tr\/"},{"@type":"ListItem","position":2,"name":"Ma\u011faza","item":"https:\/\/esencepetrol.com.tr\/?page_id=47"},{"@type":"ListItem","position":3,"name":"Maxitrak Trakt\u00f6r Ya\u011f\u0131 15W-40"}]},{"@type":"WebSite","@id":"https:\/\/esencepetrol.com.tr\/#website","url":"https:\/\/esencepetrol.com.tr\/","name":"Esence Petrol - Petrol Ofisi","description":"Denizden Karaya, Tarladan \u015eantiyeye Kesintisiz Enerji","publisher":{"@id":"https:\/\/esencepetrol.com.tr\/#organization"},"potentialAction":[{"@type":"SearchAction","target":{"@type":"EntryPoint","urlTemplate":"https:\/\/esencepetrol.com.tr\/?s={search_term_string}"},"query-input":{"@type":"PropertyValueSpecification","valueRequired":true,"valueName":"search_term_string"}}],"inLanguage":"tr"},{"@type":"Organization","@id":"https:\/\/esencepetrol.com.tr\/#organization","name":"Esence Petrol - Petrol Ofisi","url":"https:\/\/esencepetrol.com.tr\/","logo":{"@type":"ImageObject","inLanguage":"tr","@id":"https:\/\/esencepetrol.com.tr\/#\/schema\/logo\/image\/","url":"https:\/\/esencepetrol.com.tr\/wp-content\/uploads\/2026\/01\/esence-favicon.png","contentUrl":"https:\/\/esencepetrol.com.tr\/wp-content\/uploads\/2026\/01\/esence-favicon.png","width":512,"height":512,"caption":"Esence Petrol - Petrol Ofisi"},"image":{"@id":"https:\/\/esencepetrol.com.tr\/#\/schema\/logo\/image\/"},"sameAs":["https:\/\/www.facebook.com\/onur16uysal","https:\/\/www.instagram.com\/esence__petrol"]}]}},"_links":{"self":[{"href":"https:\/\/esencepetrol.com.tr\/index.php?rest_route=\/wp\/v2\/product\/29588","targetHints":{"allow":["GET"]}}],"collection":[{"href":"https:\/\/esencepetrol.com.tr\/index.php?rest_route=\/wp\/v2\/product"}],"about":[{"href":"https:\/\/esencepetrol.com.tr\/index.php?rest_route=\/wp\/v2\/types\/product"}],"version-history":[{"count":1,"href":"https:\/\/esencepetrol.com.tr\/index.php?rest_route=\/wp\/v2\/product\/29588\/revisions"}],"predecessor-version":[{"id":29590,"href":"https:\/\/esencepetrol.com.tr\/index.php?rest_route=\/wp\/v2\/product\/29588\/revisions\/29590"}],"wp:featuredmedia":[{"embeddable":true,"href":"https:\/\/esencepetrol.com.tr\/index.php?rest_route=\/wp\/v2\/media\/29589"}],"wp:attachment":[{"href":"https:\/\/esencepetrol.com.tr\/index.php?rest_route=%2Fwp%2Fv2%2Fmedia&parent=29588"}],"wp:term":[{"taxonomy":"product_brand","embeddable":true,"href":"https:\/\/esencepetrol.com.tr\/index.php?rest_route=%2Fwp%2Fv2%2Fproduct_brand&post=29588"},{"taxonomy":"product_cat","embeddable":true,"href":"https:\/\/esencepetrol.com.tr\/index.php?rest_route=%2Fwp%2Fv2%2Fproduct_cat&post=29588"},{"taxonomy":"product_tag","embeddable":true,"href":"https:\/\/esencepetrol.com.tr\/index.php?rest_route=%2Fwp%2Fv2%2Fproduct_tag&post=29588"}],"curies":[{"name":"wp","href":"https:\/\/api.w.org\/{rel}","templated":true}]}}