{"id":29599,"date":"2026-02-03T00:24:08","date_gmt":"2026-02-02T21:24:08","guid":{"rendered":"https:\/\/gold-elephant-732754.hostingersite.com\/?post_type=product&#038;p=29599"},"modified":"2026-02-03T00:27:38","modified_gmt":"2026-02-02T21:27:38","slug":"maximus-la-10w-40","status":"publish","type":"product","link":"https:\/\/esencepetrol.com.tr\/?product=maximus-la-10w-40","title":{"rendered":"Maximus-LA-10W-40"},"content":{"rendered":"<div class=\"cp_item col-12 col-lg-auto offset-lg-0 col-lg-12 mt-0 pex-0 \">\n<div class=\"cp_item col-12 col-lg-auto offset-lg-0 col-lg-12 mt-0 pex-0 \">\n<div class=\"cp_item col-12 col-lg-auto offset-lg-0 col-lg-12 mt-0 pex-0 \">\n<h2 id=\"kullanildigi-yerler\" class=\"\">Kullan\u0131ld\u0131\u011f\u0131 Yerler<\/h2>\n<\/div>\n<div class=\"cp_item col-12 col-lg-auto offset-lg-0 col-lg-12 mt-0 pex-0 \">\n<div class=\"content justify\">\n<p>EURO III ve \u00fczeri normlar\u0131na sahip a\u011f\u0131r hizmet motorlarda kullan\u0131lmakta olup binek ara\u00e7lar\u0131 i\u00e7in uygun de\u011fildir. Sahip oldu\u011fu d\u00fc\u015f\u00fck k\u00fcl yap\u0131s\u0131 sayesinde geleneksel EURO III motorlarda; SCR veya partik\u00fcl filtre sistemine sahip yeni teknoloji motorlarda kullan\u0131l\u0131r. Partik\u00fcl filtreli motorlarda d\u00fc\u015f\u00fck k\u00fck\u00fcrtl\u00fc yeni nesil dizel yak\u0131tlar\u0131n kullan\u0131lmas\u0131 tavsiye edilir. Maximus LA 10W-40 kullan\u0131lan partik\u00fcl filtreli motorlara farkl\u0131 bir ya\u011f ilave edilmemelidir.<\/p>\n<\/div>\n<\/div>\n<div class=\"cp_item col-12 col-lg-auto offset-lg-0 col-lg-12 mt-0 pex-0 \">\n<h2 id=\"ozellikleri-ve-faydalari\" class=\"\">\u00d6zellikleri ve Faydalar\u0131<\/h2>\n<\/div>\n<div class=\"cp_item col-12 col-lg-auto offset-lg-0 col-lg-12 mt-0 pex-0 \">\n<div class=\"content justify\">\n<p>\u2022 Eksilmeye kar\u015f\u0131 \u00f6zel form\u00fclasyonu ile end\u00fcstriyel standartlara g\u00f6re eksilmeyi %50&#8217;ye varan oranda azalt\u0131r. \u2022 Sahip oldu\u011fu d\u00fc\u015f\u00fck k\u00fcl kat\u0131\u011f\u0131 sayesinde partik\u00fcl filtresinin \u00f6mr\u00fcn\u00fc uzat\u0131r, uzun ya\u011f de\u011fi\u015fim aral\u0131\u011f\u0131 sa\u011flar. \u2022 Y\u00fcksek egzoz emisyon kontrol\u00fc sayesinde \u00e7evre korumas\u0131 sa\u011flar. \u2022 Silindir ve piston temizli\u011finin normal limitlerin \u00e7ok \u00fczerinde kalmas\u0131n\u0131 sa\u011flar. \u2022 A\u011f\u0131r yol ve iklim \u015fartlar\u0131nda bile motorda \u00fcst\u00fcn koruma sa\u011flar. \u2022 A\u015f\u0131r\u0131 k\u00fck\u00fcrt i\u00e7eren yak\u0131t kullan\u0131m\u0131nda dahi y\u00fcksek korozyon \u00f6nleme \u00f6zelli\u011fine sahiptir.<\/p>\n<\/div>\n<\/div>\n<\/div>\n<\/div>\n","protected":false},"excerpt":{"rendered":"<p>\u00d6zellikle partik\u00fcl filtreli EURO IV, EURO V, EURO VI ve SCR sistemli modern a\u011f\u0131r hizmet dizel motorlar\u0131n\u0131n m\u00fckemmel ya\u011flanmas\u0131n\u0131 sa\u011flamak amac\u0131yla \u00fcretilmi\u015ftir. Sahip oldu\u011fu low-ash (d\u00fc\u015f\u00fck k\u00fcl) kat\u0131klar\u0131 sayesinde egzoz sistemlerinde, motorda \u00fcst\u00fcn koruma ve daha uzun ya\u011f de\u011fi\u015fim aral\u0131\u011f\u0131 sa\u011flar.<\/p>\n","protected":false},"featured_media":29601,"template":"","meta":[],"product_brand":[],"product_cat":[99],"product_tag":[],"class_list":{"0":"post-29599","1":"product","2":"type-product","3":"status-publish","4":"has-post-thumbnail","6":"product_cat-madeni-yaglar","8":"first","9":"instock","10":"shipping-taxable","11":"product-type-simple"},"yoast_head":"<!-- This site is optimized with the Yoast SEO plugin v26.9 - https:\/\/yoast.com\/product\/yoast-seo-wordpress\/ -->\n<title>Maximus-LA-10W-40 - Esence Petrol - Petrol Ofisi<\/title>\n<meta name=\"robots\" content=\"index, follow, max-snippet:-1, max-image-preview:large, max-video-preview:-1\" \/>\n<link rel=\"canonical\" href=\"https:\/\/esencepetrol.com.tr\/?product=maximus-la-10w-40\" \/>\n<meta property=\"og:locale\" content=\"tr_TR\" \/>\n<meta property=\"og:type\" content=\"article\" \/>\n<meta property=\"og:title\" content=\"Maximus-LA-10W-40 - Esence Petrol - Petrol Ofisi\" \/>\n<meta property=\"og:description\" content=\"\u00d6zellikle partik\u00fcl filtreli EURO IV, EURO V, EURO VI ve SCR sistemli modern a\u011f\u0131r hizmet dizel motorlar\u0131n\u0131n m\u00fckemmel ya\u011flanmas\u0131n\u0131 sa\u011flamak amac\u0131yla \u00fcretilmi\u015ftir. Sahip oldu\u011fu low-ash (d\u00fc\u015f\u00fck k\u00fcl) kat\u0131klar\u0131 sayesinde egzoz sistemlerinde, motorda \u00fcst\u00fcn koruma ve daha uzun ya\u011f de\u011fi\u015fim aral\u0131\u011f\u0131 sa\u011flar.\" \/>\n<meta property=\"og:url\" content=\"https:\/\/esencepetrol.com.tr\/?product=maximus-la-10w-40\" \/>\n<meta property=\"og:site_name\" content=\"Esence Petrol - Petrol Ofisi\" \/>\n<meta property=\"article:publisher\" content=\"https:\/\/www.facebook.com\/onur16uysal\" \/>\n<meta property=\"article:modified_time\" content=\"2026-02-02T21:27:38+00:00\" \/>\n<meta property=\"og:image\" content=\"https:\/\/esencepetrol.com.tr\/wp-content\/uploads\/2026\/02\/Maximus-LA-10W-40.webp\" \/>\n\t<meta property=\"og:image:width\" content=\"260\" \/>\n\t<meta property=\"og:image:height\" content=\"260\" \/>\n\t<meta property=\"og:image:type\" content=\"image\/webp\" \/>\n<meta name=\"twitter:card\" content=\"summary_large_image\" \/>\n<meta name=\"twitter:label1\" content=\"Tahmini okuma s\u00fcresi\" \/>\n\t<meta name=\"twitter:data1\" content=\"1 dakika\" \/>\n<script type=\"application\/ld+json\" class=\"yoast-schema-graph\">{\"@context\":\"https:\/\/schema.org\",\"@graph\":[{\"@type\":\"WebPage\",\"@id\":\"https:\/\/esencepetrol.com.tr\/?product=maximus-la-10w-40\",\"url\":\"https:\/\/esencepetrol.com.tr\/?product=maximus-la-10w-40\",\"name\":\"Maximus-LA-10W-40 - Esence Petrol - Petrol Ofisi\",\"isPartOf\":{\"@id\":\"https:\/\/esencepetrol.com.tr\/#website\"},\"primaryImageOfPage\":{\"@id\":\"https:\/\/esencepetrol.com.tr\/?product=maximus-la-10w-40#primaryimage\"},\"image\":{\"@id\":\"https:\/\/esencepetrol.com.tr\/?product=maximus-la-10w-40#primaryimage\"},\"thumbnailUrl\":\"https:\/\/esencepetrol.com.tr\/wp-content\/uploads\/2026\/02\/Maximus-LA-10W-40.webp\",\"datePublished\":\"2026-02-02T21:24:08+00:00\",\"dateModified\":\"2026-02-02T21:27:38+00:00\",\"breadcrumb\":{\"@id\":\"https:\/\/esencepetrol.com.tr\/?product=maximus-la-10w-40#breadcrumb\"},\"inLanguage\":\"tr\",\"potentialAction\":[{\"@type\":\"ReadAction\",\"target\":[\"https:\/\/esencepetrol.com.tr\/?product=maximus-la-10w-40\"]}]},{\"@type\":\"ImageObject\",\"inLanguage\":\"tr\",\"@id\":\"https:\/\/esencepetrol.com.tr\/?product=maximus-la-10w-40#primaryimage\",\"url\":\"https:\/\/esencepetrol.com.tr\/wp-content\/uploads\/2026\/02\/Maximus-LA-10W-40.webp\",\"contentUrl\":\"https:\/\/esencepetrol.com.tr\/wp-content\/uploads\/2026\/02\/Maximus-LA-10W-40.webp\",\"width\":260,\"height\":260},{\"@type\":\"BreadcrumbList\",\"@id\":\"https:\/\/esencepetrol.com.tr\/?product=maximus-la-10w-40#breadcrumb\",\"itemListElement\":[{\"@type\":\"ListItem\",\"position\":1,\"name\":\"Home\",\"item\":\"https:\/\/esencepetrol.com.tr\/\"},{\"@type\":\"ListItem\",\"position\":2,\"name\":\"Ma\u011faza\",\"item\":\"https:\/\/esencepetrol.com.tr\/?page_id=47\"},{\"@type\":\"ListItem\",\"position\":3,\"name\":\"Maximus-LA-10W-40\"}]},{\"@type\":\"WebSite\",\"@id\":\"https:\/\/esencepetrol.com.tr\/#website\",\"url\":\"https:\/\/esencepetrol.com.tr\/\",\"name\":\"Esence Petrol - Petrol Ofisi\",\"description\":\"Denizden Karaya, Tarladan \u015eantiyeye Kesintisiz Enerji\",\"publisher\":{\"@id\":\"https:\/\/esencepetrol.com.tr\/#organization\"},\"potentialAction\":[{\"@type\":\"SearchAction\",\"target\":{\"@type\":\"EntryPoint\",\"urlTemplate\":\"https:\/\/esencepetrol.com.tr\/?s={search_term_string}\"},\"query-input\":{\"@type\":\"PropertyValueSpecification\",\"valueRequired\":true,\"valueName\":\"search_term_string\"}}],\"inLanguage\":\"tr\"},{\"@type\":\"Organization\",\"@id\":\"https:\/\/esencepetrol.com.tr\/#organization\",\"name\":\"Esence Petrol - Petrol Ofisi\",\"url\":\"https:\/\/esencepetrol.com.tr\/\",\"logo\":{\"@type\":\"ImageObject\",\"inLanguage\":\"tr\",\"@id\":\"https:\/\/esencepetrol.com.tr\/#\/schema\/logo\/image\/\",\"url\":\"https:\/\/esencepetrol.com.tr\/wp-content\/uploads\/2026\/01\/esence-favicon.png\",\"contentUrl\":\"https:\/\/esencepetrol.com.tr\/wp-content\/uploads\/2026\/01\/esence-favicon.png\",\"width\":512,\"height\":512,\"caption\":\"Esence Petrol - Petrol Ofisi\"},\"image\":{\"@id\":\"https:\/\/esencepetrol.com.tr\/#\/schema\/logo\/image\/\"},\"sameAs\":[\"https:\/\/www.facebook.com\/onur16uysal\",\"https:\/\/www.instagram.com\/esence__petrol\"]}]}<\/script>\n<!-- \/ Yoast SEO plugin. -->","yoast_head_json":{"title":"Maximus-LA-10W-40 - Esence Petrol - Petrol Ofisi","robots":{"index":"index","follow":"follow","max-snippet":"max-snippet:-1","max-image-preview":"max-image-preview:large","max-video-preview":"max-video-preview:-1"},"canonical":"https:\/\/esencepetrol.com.tr\/?product=maximus-la-10w-40","og_locale":"tr_TR","og_type":"article","og_title":"Maximus-LA-10W-40 - Esence Petrol - Petrol Ofisi","og_description":"\u00d6zellikle partik\u00fcl filtreli EURO IV, EURO V, EURO VI ve SCR sistemli modern a\u011f\u0131r hizmet dizel motorlar\u0131n\u0131n m\u00fckemmel ya\u011flanmas\u0131n\u0131 sa\u011flamak amac\u0131yla \u00fcretilmi\u015ftir. Sahip oldu\u011fu low-ash (d\u00fc\u015f\u00fck k\u00fcl) kat\u0131klar\u0131 sayesinde egzoz sistemlerinde, motorda \u00fcst\u00fcn koruma ve daha uzun ya\u011f de\u011fi\u015fim aral\u0131\u011f\u0131 sa\u011flar.","og_url":"https:\/\/esencepetrol.com.tr\/?product=maximus-la-10w-40","og_site_name":"Esence Petrol - Petrol Ofisi","article_publisher":"https:\/\/www.facebook.com\/onur16uysal","article_modified_time":"2026-02-02T21:27:38+00:00","og_image":[{"width":260,"height":260,"url":"https:\/\/esencepetrol.com.tr\/wp-content\/uploads\/2026\/02\/Maximus-LA-10W-40.webp","type":"image\/webp"}],"twitter_card":"summary_large_image","twitter_misc":{"Tahmini okuma s\u00fcresi":"1 dakika"},"schema":{"@context":"https:\/\/schema.org","@graph":[{"@type":"WebPage","@id":"https:\/\/esencepetrol.com.tr\/?product=maximus-la-10w-40","url":"https:\/\/esencepetrol.com.tr\/?product=maximus-la-10w-40","name":"Maximus-LA-10W-40 - Esence Petrol - Petrol Ofisi","isPartOf":{"@id":"https:\/\/esencepetrol.com.tr\/#website"},"primaryImageOfPage":{"@id":"https:\/\/esencepetrol.com.tr\/?product=maximus-la-10w-40#primaryimage"},"image":{"@id":"https:\/\/esencepetrol.com.tr\/?product=maximus-la-10w-40#primaryimage"},"thumbnailUrl":"https:\/\/esencepetrol.com.tr\/wp-content\/uploads\/2026\/02\/Maximus-LA-10W-40.webp","datePublished":"2026-02-02T21:24:08+00:00","dateModified":"2026-02-02T21:27:38+00:00","breadcrumb":{"@id":"https:\/\/esencepetrol.com.tr\/?product=maximus-la-10w-40#breadcrumb"},"inLanguage":"tr","potentialAction":[{"@type":"ReadAction","target":["https:\/\/esencepetrol.com.tr\/?product=maximus-la-10w-40"]}]},{"@type":"ImageObject","inLanguage":"tr","@id":"https:\/\/esencepetrol.com.tr\/?product=maximus-la-10w-40#primaryimage","url":"https:\/\/esencepetrol.com.tr\/wp-content\/uploads\/2026\/02\/Maximus-LA-10W-40.webp","contentUrl":"https:\/\/esencepetrol.com.tr\/wp-content\/uploads\/2026\/02\/Maximus-LA-10W-40.webp","width":260,"height":260},{"@type":"BreadcrumbList","@id":"https:\/\/esencepetrol.com.tr\/?product=maximus-la-10w-40#breadcrumb","itemListElement":[{"@type":"ListItem","position":1,"name":"Home","item":"https:\/\/esencepetrol.com.tr\/"},{"@type":"ListItem","position":2,"name":"Ma\u011faza","item":"https:\/\/esencepetrol.com.tr\/?page_id=47"},{"@type":"ListItem","position":3,"name":"Maximus-LA-10W-40"}]},{"@type":"WebSite","@id":"https:\/\/esencepetrol.com.tr\/#website","url":"https:\/\/esencepetrol.com.tr\/","name":"Esence Petrol - Petrol Ofisi","description":"Denizden Karaya, Tarladan \u015eantiyeye Kesintisiz Enerji","publisher":{"@id":"https:\/\/esencepetrol.com.tr\/#organization"},"potentialAction":[{"@type":"SearchAction","target":{"@type":"EntryPoint","urlTemplate":"https:\/\/esencepetrol.com.tr\/?s={search_term_string}"},"query-input":{"@type":"PropertyValueSpecification","valueRequired":true,"valueName":"search_term_string"}}],"inLanguage":"tr"},{"@type":"Organization","@id":"https:\/\/esencepetrol.com.tr\/#organization","name":"Esence Petrol - Petrol Ofisi","url":"https:\/\/esencepetrol.com.tr\/","logo":{"@type":"ImageObject","inLanguage":"tr","@id":"https:\/\/esencepetrol.com.tr\/#\/schema\/logo\/image\/","url":"https:\/\/esencepetrol.com.tr\/wp-content\/uploads\/2026\/01\/esence-favicon.png","contentUrl":"https:\/\/esencepetrol.com.tr\/wp-content\/uploads\/2026\/01\/esence-favicon.png","width":512,"height":512,"caption":"Esence Petrol - Petrol Ofisi"},"image":{"@id":"https:\/\/esencepetrol.com.tr\/#\/schema\/logo\/image\/"},"sameAs":["https:\/\/www.facebook.com\/onur16uysal","https:\/\/www.instagram.com\/esence__petrol"]}]}},"_links":{"self":[{"href":"https:\/\/esencepetrol.com.tr\/index.php?rest_route=\/wp\/v2\/product\/29599","targetHints":{"allow":["GET"]}}],"collection":[{"href":"https:\/\/esencepetrol.com.tr\/index.php?rest_route=\/wp\/v2\/product"}],"about":[{"href":"https:\/\/esencepetrol.com.tr\/index.php?rest_route=\/wp\/v2\/types\/product"}],"version-history":[{"count":1,"href":"https:\/\/esencepetrol.com.tr\/index.php?rest_route=\/wp\/v2\/product\/29599\/revisions"}],"predecessor-version":[{"id":29600,"href":"https:\/\/esencepetrol.com.tr\/index.php?rest_route=\/wp\/v2\/product\/29599\/revisions\/29600"}],"wp:featuredmedia":[{"embeddable":true,"href":"https:\/\/esencepetrol.com.tr\/index.php?rest_route=\/wp\/v2\/media\/29601"}],"wp:attachment":[{"href":"https:\/\/esencepetrol.com.tr\/index.php?rest_route=%2Fwp%2Fv2%2Fmedia&parent=29599"}],"wp:term":[{"taxonomy":"product_brand","embeddable":true,"href":"https:\/\/esencepetrol.com.tr\/index.php?rest_route=%2Fwp%2Fv2%2Fproduct_brand&post=29599"},{"taxonomy":"product_cat","embeddable":true,"href":"https:\/\/esencepetrol.com.tr\/index.php?rest_route=%2Fwp%2Fv2%2Fproduct_cat&post=29599"},{"taxonomy":"product_tag","embeddable":true,"href":"https:\/\/esencepetrol.com.tr\/index.php?rest_route=%2Fwp%2Fv2%2Fproduct_tag&post=29599"}],"curies":[{"name":"wp","href":"https:\/\/api.w.org\/{rel}","templated":true}]}}