{"id":29606,"date":"2026-02-03T00:29:41","date_gmt":"2026-02-02T21:29:41","guid":{"rendered":"https:\/\/gold-elephant-732754.hostingersite.com\/?post_type=product&#038;p=29606"},"modified":"2026-02-03T00:30:40","modified_gmt":"2026-02-02T21:30:40","slug":"hazir-antifriz-40c","status":"publish","type":"product","link":"https:\/\/esencepetrol.com.tr\/?product=hazir-antifriz-40c","title":{"rendered":"Haz\u0131r Antifriz -40\u00b0C"},"content":{"rendered":"<div class=\"cp_item col-12 col-lg-auto offset-lg-0 col-lg-12 mt-0 pex-0 \">\n<div class=\"cp_item col-12 col-lg-auto offset-lg-0 col-lg-12 mt-0 pex-0 \">\n<div class=\"cp_item col-12 col-lg-auto offset-lg-0 col-lg-12 mt-0 pex-0   \">\n<h2 id=\"kullanildigi-yerler\" class=\"\">Kullan\u0131ld\u0131\u011f\u0131 Yerler<\/h2>\n<\/div>\n<div class=\"cp_item col-12 col-lg-auto offset-lg-0 col-lg-12 mt-0 pex-0   \">\n<div class=\"content \">\n<p>Al\u00fcminyum ve di\u011fer tip radyat\u00f6rlerde radyat\u00f6r suyunun so\u011fuk havalarda donmas\u0131n\u0131, s\u0131cak havalarda ise kaynamas\u0131n\u0131 \u00f6nledi\u011finden yaz k\u0131\u015f kullan\u0131l\u0131r. Kullan\u0131ma haz\u0131rd\u0131r, su eklenmesine gerek yoktur<\/p>\n<\/div>\n<\/div>\n<div class=\"cp_item col-12 col-lg-auto offset-lg-0 col-lg-12 mt-0 pex-0   \">\n<h2 id=\"ozellikleri-ve-faydalari\" class=\"\">\u00d6zellikleri ve Faydalar\u0131<\/h2>\n<\/div>\n<div class=\"cp_item col-12 col-lg-auto offset-lg-0 col-lg-12 mt-0 pex-0   \">\n<div class=\"content \">\n<p>\u2022 So\u011futma suyunun donma noktas\u0131n\u0131 d\u00fc\u015f\u00fcr\u00fcr. \u2022 Suyun kaynama noktas\u0131n\u0131 y\u00fckselterek yaz mevsiminde radyat\u00f6r suyunun kaynamas\u0131n\u0131 \u00f6nler. \u2022 So\u011futma sisteminde pas ve korozyonu \u00f6nler.<\/p>\n<\/div>\n<\/div>\n<\/div>\n<\/div>\n","protected":false},"excerpt":{"rendered":"<p>Motorlar\u0131n radyat\u00f6rlerinde kullan\u0131lmak \u00fczere, pas, korozyon, a\u015f\u0131nma ve k\u00f6p\u00fck \u00f6nleyici kat\u0131klar i\u00e7eren etilen glikol esasl\u0131 \u00fcr\u00fcnd\u00fcr. \u00c7evre sa\u011fl\u0131\u011f\u0131 d\u00fczenlemelerine uygun olarak nitrit, amin, fosfat ve borat i\u00e7ermez.<\/p>\n","protected":false},"featured_media":29607,"template":"","meta":[],"product_brand":[101],"product_cat":[100],"product_tag":[],"class_list":{"0":"post-29606","1":"product","2":"type-product","3":"status-publish","4":"has-post-thumbnail","6":"product_brand-petrol-ofisi","7":"product_cat-yedek-parca-ve-aksesuarlar","9":"first","10":"instock","11":"shipping-taxable","12":"product-type-simple"},"yoast_head":"<!-- This site is optimized with the Yoast SEO plugin v26.9 - https:\/\/yoast.com\/product\/yoast-seo-wordpress\/ -->\n<title>Haz\u0131r Antifriz -40\u00b0C - Esence Petrol - Petrol Ofisi<\/title>\n<meta name=\"robots\" content=\"index, follow, max-snippet:-1, max-image-preview:large, max-video-preview:-1\" \/>\n<link rel=\"canonical\" href=\"https:\/\/esencepetrol.com.tr\/?product=hazir-antifriz-40c\" \/>\n<meta property=\"og:locale\" content=\"tr_TR\" \/>\n<meta property=\"og:type\" content=\"article\" \/>\n<meta property=\"og:title\" content=\"Haz\u0131r Antifriz -40\u00b0C - Esence Petrol - Petrol Ofisi\" \/>\n<meta property=\"og:description\" content=\"Motorlar\u0131n radyat\u00f6rlerinde kullan\u0131lmak \u00fczere, pas, korozyon, a\u015f\u0131nma ve k\u00f6p\u00fck \u00f6nleyici kat\u0131klar i\u00e7eren etilen glikol esasl\u0131 \u00fcr\u00fcnd\u00fcr. \u00c7evre sa\u011fl\u0131\u011f\u0131 d\u00fczenlemelerine uygun olarak nitrit, amin, fosfat ve borat i\u00e7ermez.\" \/>\n<meta property=\"og:url\" content=\"https:\/\/esencepetrol.com.tr\/?product=hazir-antifriz-40c\" \/>\n<meta property=\"og:site_name\" content=\"Esence Petrol - Petrol Ofisi\" \/>\n<meta property=\"article:publisher\" content=\"https:\/\/www.facebook.com\/onur16uysal\" \/>\n<meta property=\"article:modified_time\" content=\"2026-02-02T21:30:40+00:00\" \/>\n<meta property=\"og:image\" content=\"https:\/\/esencepetrol.com.tr\/wp-content\/uploads\/2026\/02\/Hazir-Antifriz-40\u00b0C.webp\" \/>\n\t<meta property=\"og:image:width\" content=\"285\" \/>\n\t<meta property=\"og:image:height\" content=\"251\" \/>\n\t<meta property=\"og:image:type\" content=\"image\/webp\" \/>\n<meta name=\"twitter:card\" content=\"summary_large_image\" \/>\n<script type=\"application\/ld+json\" class=\"yoast-schema-graph\">{\"@context\":\"https:\/\/schema.org\",\"@graph\":[{\"@type\":\"WebPage\",\"@id\":\"https:\/\/esencepetrol.com.tr\/?product=hazir-antifriz-40c\",\"url\":\"https:\/\/esencepetrol.com.tr\/?product=hazir-antifriz-40c\",\"name\":\"Haz\u0131r Antifriz -40\u00b0C - Esence Petrol - Petrol Ofisi\",\"isPartOf\":{\"@id\":\"https:\/\/esencepetrol.com.tr\/#website\"},\"primaryImageOfPage\":{\"@id\":\"https:\/\/esencepetrol.com.tr\/?product=hazir-antifriz-40c#primaryimage\"},\"image\":{\"@id\":\"https:\/\/esencepetrol.com.tr\/?product=hazir-antifriz-40c#primaryimage\"},\"thumbnailUrl\":\"https:\/\/esencepetrol.com.tr\/wp-content\/uploads\/2026\/02\/Hazir-Antifriz-40\u00b0C.webp\",\"datePublished\":\"2026-02-02T21:29:41+00:00\",\"dateModified\":\"2026-02-02T21:30:40+00:00\",\"breadcrumb\":{\"@id\":\"https:\/\/esencepetrol.com.tr\/?product=hazir-antifriz-40c#breadcrumb\"},\"inLanguage\":\"tr\",\"potentialAction\":[{\"@type\":\"ReadAction\",\"target\":[\"https:\/\/esencepetrol.com.tr\/?product=hazir-antifriz-40c\"]}]},{\"@type\":\"ImageObject\",\"inLanguage\":\"tr\",\"@id\":\"https:\/\/esencepetrol.com.tr\/?product=hazir-antifriz-40c#primaryimage\",\"url\":\"https:\/\/esencepetrol.com.tr\/wp-content\/uploads\/2026\/02\/Hazir-Antifriz-40\u00b0C.webp\",\"contentUrl\":\"https:\/\/esencepetrol.com.tr\/wp-content\/uploads\/2026\/02\/Hazir-Antifriz-40\u00b0C.webp\",\"width\":285,\"height\":251},{\"@type\":\"BreadcrumbList\",\"@id\":\"https:\/\/esencepetrol.com.tr\/?product=hazir-antifriz-40c#breadcrumb\",\"itemListElement\":[{\"@type\":\"ListItem\",\"position\":1,\"name\":\"Home\",\"item\":\"https:\/\/esencepetrol.com.tr\/\"},{\"@type\":\"ListItem\",\"position\":2,\"name\":\"Ma\u011faza\",\"item\":\"https:\/\/esencepetrol.com.tr\/?page_id=47\"},{\"@type\":\"ListItem\",\"position\":3,\"name\":\"Haz\u0131r Antifriz -40\u00b0C\"}]},{\"@type\":\"WebSite\",\"@id\":\"https:\/\/esencepetrol.com.tr\/#website\",\"url\":\"https:\/\/esencepetrol.com.tr\/\",\"name\":\"Esence Petrol - Petrol Ofisi\",\"description\":\"Denizden Karaya, Tarladan \u015eantiyeye Kesintisiz Enerji\",\"publisher\":{\"@id\":\"https:\/\/esencepetrol.com.tr\/#organization\"},\"potentialAction\":[{\"@type\":\"SearchAction\",\"target\":{\"@type\":\"EntryPoint\",\"urlTemplate\":\"https:\/\/esencepetrol.com.tr\/?s={search_term_string}\"},\"query-input\":{\"@type\":\"PropertyValueSpecification\",\"valueRequired\":true,\"valueName\":\"search_term_string\"}}],\"inLanguage\":\"tr\"},{\"@type\":\"Organization\",\"@id\":\"https:\/\/esencepetrol.com.tr\/#organization\",\"name\":\"Esence Petrol - Petrol Ofisi\",\"url\":\"https:\/\/esencepetrol.com.tr\/\",\"logo\":{\"@type\":\"ImageObject\",\"inLanguage\":\"tr\",\"@id\":\"https:\/\/esencepetrol.com.tr\/#\/schema\/logo\/image\/\",\"url\":\"https:\/\/esencepetrol.com.tr\/wp-content\/uploads\/2026\/01\/esence-favicon.png\",\"contentUrl\":\"https:\/\/esencepetrol.com.tr\/wp-content\/uploads\/2026\/01\/esence-favicon.png\",\"width\":512,\"height\":512,\"caption\":\"Esence Petrol - Petrol Ofisi\"},\"image\":{\"@id\":\"https:\/\/esencepetrol.com.tr\/#\/schema\/logo\/image\/\"},\"sameAs\":[\"https:\/\/www.facebook.com\/onur16uysal\",\"https:\/\/www.instagram.com\/esence__petrol\"]}]}<\/script>\n<!-- \/ Yoast SEO plugin. -->","yoast_head_json":{"title":"Haz\u0131r Antifriz -40\u00b0C - Esence Petrol - Petrol Ofisi","robots":{"index":"index","follow":"follow","max-snippet":"max-snippet:-1","max-image-preview":"max-image-preview:large","max-video-preview":"max-video-preview:-1"},"canonical":"https:\/\/esencepetrol.com.tr\/?product=hazir-antifriz-40c","og_locale":"tr_TR","og_type":"article","og_title":"Haz\u0131r Antifriz -40\u00b0C - Esence Petrol - Petrol Ofisi","og_description":"Motorlar\u0131n radyat\u00f6rlerinde kullan\u0131lmak \u00fczere, pas, korozyon, a\u015f\u0131nma ve k\u00f6p\u00fck \u00f6nleyici kat\u0131klar i\u00e7eren etilen glikol esasl\u0131 \u00fcr\u00fcnd\u00fcr. \u00c7evre sa\u011fl\u0131\u011f\u0131 d\u00fczenlemelerine uygun olarak nitrit, amin, fosfat ve borat i\u00e7ermez.","og_url":"https:\/\/esencepetrol.com.tr\/?product=hazir-antifriz-40c","og_site_name":"Esence Petrol - Petrol Ofisi","article_publisher":"https:\/\/www.facebook.com\/onur16uysal","article_modified_time":"2026-02-02T21:30:40+00:00","og_image":[{"width":285,"height":251,"url":"https:\/\/esencepetrol.com.tr\/wp-content\/uploads\/2026\/02\/Hazir-Antifriz-40\u00b0C.webp","type":"image\/webp"}],"twitter_card":"summary_large_image","schema":{"@context":"https:\/\/schema.org","@graph":[{"@type":"WebPage","@id":"https:\/\/esencepetrol.com.tr\/?product=hazir-antifriz-40c","url":"https:\/\/esencepetrol.com.tr\/?product=hazir-antifriz-40c","name":"Haz\u0131r Antifriz -40\u00b0C - Esence Petrol - Petrol Ofisi","isPartOf":{"@id":"https:\/\/esencepetrol.com.tr\/#website"},"primaryImageOfPage":{"@id":"https:\/\/esencepetrol.com.tr\/?product=hazir-antifriz-40c#primaryimage"},"image":{"@id":"https:\/\/esencepetrol.com.tr\/?product=hazir-antifriz-40c#primaryimage"},"thumbnailUrl":"https:\/\/esencepetrol.com.tr\/wp-content\/uploads\/2026\/02\/Hazir-Antifriz-40\u00b0C.webp","datePublished":"2026-02-02T21:29:41+00:00","dateModified":"2026-02-02T21:30:40+00:00","breadcrumb":{"@id":"https:\/\/esencepetrol.com.tr\/?product=hazir-antifriz-40c#breadcrumb"},"inLanguage":"tr","potentialAction":[{"@type":"ReadAction","target":["https:\/\/esencepetrol.com.tr\/?product=hazir-antifriz-40c"]}]},{"@type":"ImageObject","inLanguage":"tr","@id":"https:\/\/esencepetrol.com.tr\/?product=hazir-antifriz-40c#primaryimage","url":"https:\/\/esencepetrol.com.tr\/wp-content\/uploads\/2026\/02\/Hazir-Antifriz-40\u00b0C.webp","contentUrl":"https:\/\/esencepetrol.com.tr\/wp-content\/uploads\/2026\/02\/Hazir-Antifriz-40\u00b0C.webp","width":285,"height":251},{"@type":"BreadcrumbList","@id":"https:\/\/esencepetrol.com.tr\/?product=hazir-antifriz-40c#breadcrumb","itemListElement":[{"@type":"ListItem","position":1,"name":"Home","item":"https:\/\/esencepetrol.com.tr\/"},{"@type":"ListItem","position":2,"name":"Ma\u011faza","item":"https:\/\/esencepetrol.com.tr\/?page_id=47"},{"@type":"ListItem","position":3,"name":"Haz\u0131r Antifriz -40\u00b0C"}]},{"@type":"WebSite","@id":"https:\/\/esencepetrol.com.tr\/#website","url":"https:\/\/esencepetrol.com.tr\/","name":"Esence Petrol - Petrol Ofisi","description":"Denizden Karaya, Tarladan \u015eantiyeye Kesintisiz Enerji","publisher":{"@id":"https:\/\/esencepetrol.com.tr\/#organization"},"potentialAction":[{"@type":"SearchAction","target":{"@type":"EntryPoint","urlTemplate":"https:\/\/esencepetrol.com.tr\/?s={search_term_string}"},"query-input":{"@type":"PropertyValueSpecification","valueRequired":true,"valueName":"search_term_string"}}],"inLanguage":"tr"},{"@type":"Organization","@id":"https:\/\/esencepetrol.com.tr\/#organization","name":"Esence Petrol - Petrol Ofisi","url":"https:\/\/esencepetrol.com.tr\/","logo":{"@type":"ImageObject","inLanguage":"tr","@id":"https:\/\/esencepetrol.com.tr\/#\/schema\/logo\/image\/","url":"https:\/\/esencepetrol.com.tr\/wp-content\/uploads\/2026\/01\/esence-favicon.png","contentUrl":"https:\/\/esencepetrol.com.tr\/wp-content\/uploads\/2026\/01\/esence-favicon.png","width":512,"height":512,"caption":"Esence Petrol - Petrol Ofisi"},"image":{"@id":"https:\/\/esencepetrol.com.tr\/#\/schema\/logo\/image\/"},"sameAs":["https:\/\/www.facebook.com\/onur16uysal","https:\/\/www.instagram.com\/esence__petrol"]}]}},"_links":{"self":[{"href":"https:\/\/esencepetrol.com.tr\/index.php?rest_route=\/wp\/v2\/product\/29606","targetHints":{"allow":["GET"]}}],"collection":[{"href":"https:\/\/esencepetrol.com.tr\/index.php?rest_route=\/wp\/v2\/product"}],"about":[{"href":"https:\/\/esencepetrol.com.tr\/index.php?rest_route=\/wp\/v2\/types\/product"}],"version-history":[{"count":1,"href":"https:\/\/esencepetrol.com.tr\/index.php?rest_route=\/wp\/v2\/product\/29606\/revisions"}],"predecessor-version":[{"id":29608,"href":"https:\/\/esencepetrol.com.tr\/index.php?rest_route=\/wp\/v2\/product\/29606\/revisions\/29608"}],"wp:featuredmedia":[{"embeddable":true,"href":"https:\/\/esencepetrol.com.tr\/index.php?rest_route=\/wp\/v2\/media\/29607"}],"wp:attachment":[{"href":"https:\/\/esencepetrol.com.tr\/index.php?rest_route=%2Fwp%2Fv2%2Fmedia&parent=29606"}],"wp:term":[{"taxonomy":"product_brand","embeddable":true,"href":"https:\/\/esencepetrol.com.tr\/index.php?rest_route=%2Fwp%2Fv2%2Fproduct_brand&post=29606"},{"taxonomy":"product_cat","embeddable":true,"href":"https:\/\/esencepetrol.com.tr\/index.php?rest_route=%2Fwp%2Fv2%2Fproduct_cat&post=29606"},{"taxonomy":"product_tag","embeddable":true,"href":"https:\/\/esencepetrol.com.tr\/index.php?rest_route=%2Fwp%2Fv2%2Fproduct_tag&post=29606"}],"curies":[{"name":"wp","href":"https:\/\/api.w.org\/{rel}","templated":true}]}}