{"id":29609,"date":"2026-02-03T00:31:21","date_gmt":"2026-02-02T21:31:21","guid":{"rendered":"https:\/\/gold-elephant-732754.hostingersite.com\/?post_type=product&#038;p=29609"},"modified":"2026-02-03T00:31:53","modified_gmt":"2026-02-02T21:31:53","slug":"hidrolik-fren-yagi-dot-3","status":"publish","type":"product","link":"https:\/\/esencepetrol.com.tr\/?product=hidrolik-fren-yagi-dot-3","title":{"rendered":"Hidrolik Fren Ya\u011f\u0131 Dot 3"},"content":{"rendered":"<div class=\"cp_item col-12 col-lg-auto offset-lg-0 col-lg-12 mt-0 pex-0 \">\n<div class=\"cp_item col-12 col-lg-auto offset-lg-0 col-lg-12 mt-0 pex-0 \">\n<div class=\"cp_item col-12 col-lg-auto offset-lg-0 col-lg-12 mt-0 pex-0 \">\n<div class=\"cp_item col-12 col-lg-auto offset-lg-0 col-lg-12 mt-0 pex-0   \">\n<h2 id=\"kullanildigi-yerler\" class=\"\">Kullan\u0131ld\u0131\u011f\u0131 Yerler<\/h2>\n<\/div>\n<div class=\"cp_item col-12 col-lg-auto offset-lg-0 col-lg-12 mt-0 pex-0   \">\n<div class=\"content \">\n<p>Motorlu ara\u00e7lar\u0131n hidrolik fren sistemlerinde kullan\u0131l\u0131r.<\/p>\n<\/div>\n<\/div>\n<\/div>\n<\/div>\n<\/div>\n","protected":false},"excerpt":{"rendered":"<p>Petrol Ofisi hidrolik fren ya\u011flar\u0131, sentetik esasl\u0131 olup motorlu ara\u00e7lar\u0131n hidrolik fren tertibat\u0131nda kullan\u0131lmaktad\u0131r.<\/p>\n","protected":false},"featured_media":29610,"template":"","meta":[],"product_brand":[101],"product_cat":[100],"product_tag":[],"class_list":{"0":"post-29609","1":"product","2":"type-product","3":"status-publish","4":"has-post-thumbnail","6":"product_brand-petrol-ofisi","7":"product_cat-yedek-parca-ve-aksesuarlar","9":"first","10":"instock","11":"shipping-taxable","12":"product-type-simple"},"yoast_head":"<!-- This site is optimized with the Yoast SEO plugin v26.9 - https:\/\/yoast.com\/product\/yoast-seo-wordpress\/ -->\n<title>Hidrolik Fren Ya\u011f\u0131 Dot 3 - Esence Petrol - Petrol Ofisi<\/title>\n<meta name=\"robots\" content=\"index, follow, max-snippet:-1, max-image-preview:large, max-video-preview:-1\" \/>\n<link rel=\"canonical\" href=\"https:\/\/esencepetrol.com.tr\/?product=hidrolik-fren-yagi-dot-3\" \/>\n<meta property=\"og:locale\" content=\"tr_TR\" \/>\n<meta property=\"og:type\" content=\"article\" \/>\n<meta property=\"og:title\" content=\"Hidrolik Fren Ya\u011f\u0131 Dot 3 - Esence Petrol - Petrol Ofisi\" \/>\n<meta property=\"og:description\" content=\"Petrol Ofisi hidrolik fren ya\u011flar\u0131, sentetik esasl\u0131 olup motorlu ara\u00e7lar\u0131n hidrolik fren tertibat\u0131nda kullan\u0131lmaktad\u0131r.\" \/>\n<meta property=\"og:url\" content=\"https:\/\/esencepetrol.com.tr\/?product=hidrolik-fren-yagi-dot-3\" \/>\n<meta property=\"og:site_name\" content=\"Esence Petrol - Petrol Ofisi\" \/>\n<meta property=\"article:publisher\" content=\"https:\/\/www.facebook.com\/onur16uysal\" \/>\n<meta property=\"article:modified_time\" content=\"2026-02-02T21:31:53+00:00\" \/>\n<meta property=\"og:image\" content=\"https:\/\/esencepetrol.com.tr\/wp-content\/uploads\/2026\/02\/Hidrolik-Fren-Yagi-Dot-3.webp\" \/>\n\t<meta property=\"og:image:width\" content=\"285\" \/>\n\t<meta property=\"og:image:height\" content=\"251\" \/>\n\t<meta property=\"og:image:type\" content=\"image\/webp\" \/>\n<meta name=\"twitter:card\" content=\"summary_large_image\" \/>\n<script type=\"application\/ld+json\" class=\"yoast-schema-graph\">{\"@context\":\"https:\/\/schema.org\",\"@graph\":[{\"@type\":\"WebPage\",\"@id\":\"https:\/\/esencepetrol.com.tr\/?product=hidrolik-fren-yagi-dot-3\",\"url\":\"https:\/\/esencepetrol.com.tr\/?product=hidrolik-fren-yagi-dot-3\",\"name\":\"Hidrolik Fren Ya\u011f\u0131 Dot 3 - Esence Petrol - Petrol Ofisi\",\"isPartOf\":{\"@id\":\"https:\/\/esencepetrol.com.tr\/#website\"},\"primaryImageOfPage\":{\"@id\":\"https:\/\/esencepetrol.com.tr\/?product=hidrolik-fren-yagi-dot-3#primaryimage\"},\"image\":{\"@id\":\"https:\/\/esencepetrol.com.tr\/?product=hidrolik-fren-yagi-dot-3#primaryimage\"},\"thumbnailUrl\":\"https:\/\/esencepetrol.com.tr\/wp-content\/uploads\/2026\/02\/Hidrolik-Fren-Yagi-Dot-3.webp\",\"datePublished\":\"2026-02-02T21:31:21+00:00\",\"dateModified\":\"2026-02-02T21:31:53+00:00\",\"breadcrumb\":{\"@id\":\"https:\/\/esencepetrol.com.tr\/?product=hidrolik-fren-yagi-dot-3#breadcrumb\"},\"inLanguage\":\"tr\",\"potentialAction\":[{\"@type\":\"ReadAction\",\"target\":[\"https:\/\/esencepetrol.com.tr\/?product=hidrolik-fren-yagi-dot-3\"]}]},{\"@type\":\"ImageObject\",\"inLanguage\":\"tr\",\"@id\":\"https:\/\/esencepetrol.com.tr\/?product=hidrolik-fren-yagi-dot-3#primaryimage\",\"url\":\"https:\/\/esencepetrol.com.tr\/wp-content\/uploads\/2026\/02\/Hidrolik-Fren-Yagi-Dot-3.webp\",\"contentUrl\":\"https:\/\/esencepetrol.com.tr\/wp-content\/uploads\/2026\/02\/Hidrolik-Fren-Yagi-Dot-3.webp\",\"width\":285,\"height\":251},{\"@type\":\"BreadcrumbList\",\"@id\":\"https:\/\/esencepetrol.com.tr\/?product=hidrolik-fren-yagi-dot-3#breadcrumb\",\"itemListElement\":[{\"@type\":\"ListItem\",\"position\":1,\"name\":\"Home\",\"item\":\"https:\/\/esencepetrol.com.tr\/\"},{\"@type\":\"ListItem\",\"position\":2,\"name\":\"Ma\u011faza\",\"item\":\"https:\/\/esencepetrol.com.tr\/?page_id=47\"},{\"@type\":\"ListItem\",\"position\":3,\"name\":\"Hidrolik Fren Ya\u011f\u0131 Dot 3\"}]},{\"@type\":\"WebSite\",\"@id\":\"https:\/\/esencepetrol.com.tr\/#website\",\"url\":\"https:\/\/esencepetrol.com.tr\/\",\"name\":\"Esence Petrol - Petrol Ofisi\",\"description\":\"Denizden Karaya, Tarladan \u015eantiyeye Kesintisiz Enerji\",\"publisher\":{\"@id\":\"https:\/\/esencepetrol.com.tr\/#organization\"},\"potentialAction\":[{\"@type\":\"SearchAction\",\"target\":{\"@type\":\"EntryPoint\",\"urlTemplate\":\"https:\/\/esencepetrol.com.tr\/?s={search_term_string}\"},\"query-input\":{\"@type\":\"PropertyValueSpecification\",\"valueRequired\":true,\"valueName\":\"search_term_string\"}}],\"inLanguage\":\"tr\"},{\"@type\":\"Organization\",\"@id\":\"https:\/\/esencepetrol.com.tr\/#organization\",\"name\":\"Esence Petrol - Petrol Ofisi\",\"url\":\"https:\/\/esencepetrol.com.tr\/\",\"logo\":{\"@type\":\"ImageObject\",\"inLanguage\":\"tr\",\"@id\":\"https:\/\/esencepetrol.com.tr\/#\/schema\/logo\/image\/\",\"url\":\"https:\/\/esencepetrol.com.tr\/wp-content\/uploads\/2026\/01\/esence-favicon.png\",\"contentUrl\":\"https:\/\/esencepetrol.com.tr\/wp-content\/uploads\/2026\/01\/esence-favicon.png\",\"width\":512,\"height\":512,\"caption\":\"Esence Petrol - Petrol Ofisi\"},\"image\":{\"@id\":\"https:\/\/esencepetrol.com.tr\/#\/schema\/logo\/image\/\"},\"sameAs\":[\"https:\/\/www.facebook.com\/onur16uysal\",\"https:\/\/www.instagram.com\/esence__petrol\"]}]}<\/script>\n<!-- \/ Yoast SEO plugin. -->","yoast_head_json":{"title":"Hidrolik Fren Ya\u011f\u0131 Dot 3 - Esence Petrol - Petrol Ofisi","robots":{"index":"index","follow":"follow","max-snippet":"max-snippet:-1","max-image-preview":"max-image-preview:large","max-video-preview":"max-video-preview:-1"},"canonical":"https:\/\/esencepetrol.com.tr\/?product=hidrolik-fren-yagi-dot-3","og_locale":"tr_TR","og_type":"article","og_title":"Hidrolik Fren Ya\u011f\u0131 Dot 3 - Esence Petrol - Petrol Ofisi","og_description":"Petrol Ofisi hidrolik fren ya\u011flar\u0131, sentetik esasl\u0131 olup motorlu ara\u00e7lar\u0131n hidrolik fren tertibat\u0131nda kullan\u0131lmaktad\u0131r.","og_url":"https:\/\/esencepetrol.com.tr\/?product=hidrolik-fren-yagi-dot-3","og_site_name":"Esence Petrol - Petrol Ofisi","article_publisher":"https:\/\/www.facebook.com\/onur16uysal","article_modified_time":"2026-02-02T21:31:53+00:00","og_image":[{"width":285,"height":251,"url":"https:\/\/esencepetrol.com.tr\/wp-content\/uploads\/2026\/02\/Hidrolik-Fren-Yagi-Dot-3.webp","type":"image\/webp"}],"twitter_card":"summary_large_image","schema":{"@context":"https:\/\/schema.org","@graph":[{"@type":"WebPage","@id":"https:\/\/esencepetrol.com.tr\/?product=hidrolik-fren-yagi-dot-3","url":"https:\/\/esencepetrol.com.tr\/?product=hidrolik-fren-yagi-dot-3","name":"Hidrolik Fren Ya\u011f\u0131 Dot 3 - Esence Petrol - Petrol Ofisi","isPartOf":{"@id":"https:\/\/esencepetrol.com.tr\/#website"},"primaryImageOfPage":{"@id":"https:\/\/esencepetrol.com.tr\/?product=hidrolik-fren-yagi-dot-3#primaryimage"},"image":{"@id":"https:\/\/esencepetrol.com.tr\/?product=hidrolik-fren-yagi-dot-3#primaryimage"},"thumbnailUrl":"https:\/\/esencepetrol.com.tr\/wp-content\/uploads\/2026\/02\/Hidrolik-Fren-Yagi-Dot-3.webp","datePublished":"2026-02-02T21:31:21+00:00","dateModified":"2026-02-02T21:31:53+00:00","breadcrumb":{"@id":"https:\/\/esencepetrol.com.tr\/?product=hidrolik-fren-yagi-dot-3#breadcrumb"},"inLanguage":"tr","potentialAction":[{"@type":"ReadAction","target":["https:\/\/esencepetrol.com.tr\/?product=hidrolik-fren-yagi-dot-3"]}]},{"@type":"ImageObject","inLanguage":"tr","@id":"https:\/\/esencepetrol.com.tr\/?product=hidrolik-fren-yagi-dot-3#primaryimage","url":"https:\/\/esencepetrol.com.tr\/wp-content\/uploads\/2026\/02\/Hidrolik-Fren-Yagi-Dot-3.webp","contentUrl":"https:\/\/esencepetrol.com.tr\/wp-content\/uploads\/2026\/02\/Hidrolik-Fren-Yagi-Dot-3.webp","width":285,"height":251},{"@type":"BreadcrumbList","@id":"https:\/\/esencepetrol.com.tr\/?product=hidrolik-fren-yagi-dot-3#breadcrumb","itemListElement":[{"@type":"ListItem","position":1,"name":"Home","item":"https:\/\/esencepetrol.com.tr\/"},{"@type":"ListItem","position":2,"name":"Ma\u011faza","item":"https:\/\/esencepetrol.com.tr\/?page_id=47"},{"@type":"ListItem","position":3,"name":"Hidrolik Fren Ya\u011f\u0131 Dot 3"}]},{"@type":"WebSite","@id":"https:\/\/esencepetrol.com.tr\/#website","url":"https:\/\/esencepetrol.com.tr\/","name":"Esence Petrol - Petrol Ofisi","description":"Denizden Karaya, Tarladan \u015eantiyeye Kesintisiz Enerji","publisher":{"@id":"https:\/\/esencepetrol.com.tr\/#organization"},"potentialAction":[{"@type":"SearchAction","target":{"@type":"EntryPoint","urlTemplate":"https:\/\/esencepetrol.com.tr\/?s={search_term_string}"},"query-input":{"@type":"PropertyValueSpecification","valueRequired":true,"valueName":"search_term_string"}}],"inLanguage":"tr"},{"@type":"Organization","@id":"https:\/\/esencepetrol.com.tr\/#organization","name":"Esence Petrol - Petrol Ofisi","url":"https:\/\/esencepetrol.com.tr\/","logo":{"@type":"ImageObject","inLanguage":"tr","@id":"https:\/\/esencepetrol.com.tr\/#\/schema\/logo\/image\/","url":"https:\/\/esencepetrol.com.tr\/wp-content\/uploads\/2026\/01\/esence-favicon.png","contentUrl":"https:\/\/esencepetrol.com.tr\/wp-content\/uploads\/2026\/01\/esence-favicon.png","width":512,"height":512,"caption":"Esence Petrol - Petrol Ofisi"},"image":{"@id":"https:\/\/esencepetrol.com.tr\/#\/schema\/logo\/image\/"},"sameAs":["https:\/\/www.facebook.com\/onur16uysal","https:\/\/www.instagram.com\/esence__petrol"]}]}},"_links":{"self":[{"href":"https:\/\/esencepetrol.com.tr\/index.php?rest_route=\/wp\/v2\/product\/29609","targetHints":{"allow":["GET"]}}],"collection":[{"href":"https:\/\/esencepetrol.com.tr\/index.php?rest_route=\/wp\/v2\/product"}],"about":[{"href":"https:\/\/esencepetrol.com.tr\/index.php?rest_route=\/wp\/v2\/types\/product"}],"version-history":[{"count":1,"href":"https:\/\/esencepetrol.com.tr\/index.php?rest_route=\/wp\/v2\/product\/29609\/revisions"}],"predecessor-version":[{"id":29611,"href":"https:\/\/esencepetrol.com.tr\/index.php?rest_route=\/wp\/v2\/product\/29609\/revisions\/29611"}],"wp:featuredmedia":[{"embeddable":true,"href":"https:\/\/esencepetrol.com.tr\/index.php?rest_route=\/wp\/v2\/media\/29610"}],"wp:attachment":[{"href":"https:\/\/esencepetrol.com.tr\/index.php?rest_route=%2Fwp%2Fv2%2Fmedia&parent=29609"}],"wp:term":[{"taxonomy":"product_brand","embeddable":true,"href":"https:\/\/esencepetrol.com.tr\/index.php?rest_route=%2Fwp%2Fv2%2Fproduct_brand&post=29609"},{"taxonomy":"product_cat","embeddable":true,"href":"https:\/\/esencepetrol.com.tr\/index.php?rest_route=%2Fwp%2Fv2%2Fproduct_cat&post=29609"},{"taxonomy":"product_tag","embeddable":true,"href":"https:\/\/esencepetrol.com.tr\/index.php?rest_route=%2Fwp%2Fv2%2Fproduct_tag&post=29609"}],"curies":[{"name":"wp","href":"https:\/\/api.w.org\/{rel}","templated":true}]}}