{"id":29615,"date":"2026-02-03T00:33:37","date_gmt":"2026-02-02T21:33:37","guid":{"rendered":"https:\/\/gold-elephant-732754.hostingersite.com\/?post_type=product&#038;p=29615"},"modified":"2026-02-03T00:33:59","modified_gmt":"2026-02-02T21:33:59","slug":"hz-2t","status":"publish","type":"product","link":"https:\/\/esencepetrol.com.tr\/?product=hz-2t","title":{"rendered":"HZ-2T"},"content":{"rendered":"<div class=\"cp_item col-12 col-lg-auto offset-lg-0 col-lg-12 mt-0 pex-0 \">\n<div class=\"cp_item col-12 col-lg-auto offset-lg-0 col-lg-12 mt-0 pex-0 \">\n<div class=\"cp_item col-12 col-lg-auto offset-lg-0 col-lg-12 mt-0 pex-0 \">\n<div class=\"cp_item col-12 col-lg-auto offset-lg-0 col-lg-12 mt-0 pex-0 \">\n<div class=\"cp_item col-12 col-lg-auto offset-lg-0 col-lg-12 mt-0 pex-0 \">\n<div class=\"cp_item col-12 col-lg-auto offset-lg-0 col-lg-12 mt-0 pex-0   \">\n<h2 id=\"kullanildigi-yerler\" class=\"\">Kullan\u0131ld\u0131\u011f\u0131 Yerler<\/h2>\n<\/div>\n<div class=\"cp_item col-12 col-lg-auto offset-lg-0 col-lg-12 mt-0 pex-0   \">\n<div class=\"content justify\">\n<p>50cc\u2019den k\u00fc\u00e7\u00fck, zincirli testere ve \u00e7im bi\u00e7me makinas\u0131 gibi hava so\u011futmal\u0131, iki zamanl\u0131 motorlarda benzine kar\u0131\u015ft\u0131r\u0131larak kullan\u0131l\u0131r. Aksi tavsiye edilmedik\u00e7e \u00f6nerilen kar\u0131\u015f\u0131m oran\u0131 1:20\u2019dir. Uygun kar\u0131\u015f\u0131m oran\u0131 i\u00e7in motor \u00fcreticinize dan\u0131\u015f\u0131n<\/p>\n<\/div>\n<\/div>\n<div class=\"cp_item col-12 col-lg-auto offset-lg-0 col-lg-12 mt-0 pex-0   \">\n<h2 id=\"ozellikleri-ve-faydalari\" class=\"\">\u00d6zellikleri ve Faydalar\u0131<\/h2>\n<\/div>\n<div class=\"cp_item col-12 col-lg-auto offset-lg-0 col-lg-12 mt-0 pex-0   \">\n<div class=\"content justify\">\n<p>\u2022 \u0130\u00e7indeki aktif temizleme maddeleri sayesinde tortu ve \u00e7amur olu\u015fumunu \u00f6nleyerek motoru temiz tutar. \u2022 M\u00fckemmel ya\u011flama \u00f6zelli\u011fi sayesinde pistonlar\u0131 s\u00fcrt\u00fcnme, a\u015f\u0131nma ve paslanmaya kar\u015f\u0131 korur. \u2022 Bak\u0131m maliyetlerini d\u00fc\u015f\u00fcr\u00fcr. \u2022 \u00d6n ate\u015flemeyi kolayla\u015ft\u0131r\u0131r.<\/p>\n<\/div>\n<\/div>\n<\/div>\n<\/div>\n<\/div>\n<\/div>\n<\/div>\n","protected":false},"excerpt":{"rendered":"<p>Hava so\u011futmal\u0131, iki zamanl\u0131 k\u00fc\u00e7\u00fck motorlar i\u00e7in \u00fcretilmi\u015f, y\u00fcksek performans kat\u0131klar\u0131 i\u00e7eren, mineral iki zamanl\u0131 motor ya\u011f\u0131d\u0131r.<\/p>\n","protected":false},"featured_media":29616,"template":"","meta":[],"product_brand":[101],"product_cat":[100],"product_tag":[],"class_list":{"0":"post-29615","1":"product","2":"type-product","3":"status-publish","4":"has-post-thumbnail","6":"product_brand-petrol-ofisi","7":"product_cat-yedek-parca-ve-aksesuarlar","9":"first","10":"instock","11":"shipping-taxable","12":"product-type-simple"},"yoast_head":"<!-- This site is optimized with the Yoast SEO plugin v26.9 - https:\/\/yoast.com\/product\/yoast-seo-wordpress\/ -->\n<title>HZ-2T - Esence Petrol - Petrol Ofisi<\/title>\n<meta name=\"robots\" content=\"index, follow, max-snippet:-1, max-image-preview:large, max-video-preview:-1\" \/>\n<link rel=\"canonical\" href=\"https:\/\/esencepetrol.com.tr\/?product=hz-2t\" \/>\n<meta property=\"og:locale\" content=\"tr_TR\" \/>\n<meta property=\"og:type\" content=\"article\" \/>\n<meta property=\"og:title\" content=\"HZ-2T - Esence Petrol - Petrol Ofisi\" \/>\n<meta property=\"og:description\" content=\"Hava so\u011futmal\u0131, iki zamanl\u0131 k\u00fc\u00e7\u00fck motorlar i\u00e7in \u00fcretilmi\u015f, y\u00fcksek performans kat\u0131klar\u0131 i\u00e7eren, mineral iki zamanl\u0131 motor ya\u011f\u0131d\u0131r.\" \/>\n<meta property=\"og:url\" content=\"https:\/\/esencepetrol.com.tr\/?product=hz-2t\" \/>\n<meta property=\"og:site_name\" content=\"Esence Petrol - Petrol Ofisi\" \/>\n<meta property=\"article:publisher\" content=\"https:\/\/www.facebook.com\/onur16uysal\" \/>\n<meta property=\"article:modified_time\" content=\"2026-02-02T21:33:59+00:00\" \/>\n<meta property=\"og:image\" content=\"https:\/\/esencepetrol.com.tr\/wp-content\/uploads\/2026\/02\/HZ-2T.webp\" \/>\n\t<meta property=\"og:image:width\" content=\"285\" \/>\n\t<meta property=\"og:image:height\" content=\"251\" \/>\n\t<meta property=\"og:image:type\" content=\"image\/webp\" \/>\n<meta name=\"twitter:card\" content=\"summary_large_image\" \/>\n<script type=\"application\/ld+json\" class=\"yoast-schema-graph\">{\"@context\":\"https:\/\/schema.org\",\"@graph\":[{\"@type\":\"WebPage\",\"@id\":\"https:\/\/esencepetrol.com.tr\/?product=hz-2t\",\"url\":\"https:\/\/esencepetrol.com.tr\/?product=hz-2t\",\"name\":\"HZ-2T - Esence Petrol - Petrol Ofisi\",\"isPartOf\":{\"@id\":\"https:\/\/esencepetrol.com.tr\/#website\"},\"primaryImageOfPage\":{\"@id\":\"https:\/\/esencepetrol.com.tr\/?product=hz-2t#primaryimage\"},\"image\":{\"@id\":\"https:\/\/esencepetrol.com.tr\/?product=hz-2t#primaryimage\"},\"thumbnailUrl\":\"https:\/\/esencepetrol.com.tr\/wp-content\/uploads\/2026\/02\/HZ-2T.webp\",\"datePublished\":\"2026-02-02T21:33:37+00:00\",\"dateModified\":\"2026-02-02T21:33:59+00:00\",\"breadcrumb\":{\"@id\":\"https:\/\/esencepetrol.com.tr\/?product=hz-2t#breadcrumb\"},\"inLanguage\":\"tr\",\"potentialAction\":[{\"@type\":\"ReadAction\",\"target\":[\"https:\/\/esencepetrol.com.tr\/?product=hz-2t\"]}]},{\"@type\":\"ImageObject\",\"inLanguage\":\"tr\",\"@id\":\"https:\/\/esencepetrol.com.tr\/?product=hz-2t#primaryimage\",\"url\":\"https:\/\/esencepetrol.com.tr\/wp-content\/uploads\/2026\/02\/HZ-2T.webp\",\"contentUrl\":\"https:\/\/esencepetrol.com.tr\/wp-content\/uploads\/2026\/02\/HZ-2T.webp\",\"width\":285,\"height\":251},{\"@type\":\"BreadcrumbList\",\"@id\":\"https:\/\/esencepetrol.com.tr\/?product=hz-2t#breadcrumb\",\"itemListElement\":[{\"@type\":\"ListItem\",\"position\":1,\"name\":\"Home\",\"item\":\"https:\/\/esencepetrol.com.tr\/\"},{\"@type\":\"ListItem\",\"position\":2,\"name\":\"Ma\u011faza\",\"item\":\"https:\/\/esencepetrol.com.tr\/?page_id=47\"},{\"@type\":\"ListItem\",\"position\":3,\"name\":\"HZ-2T\"}]},{\"@type\":\"WebSite\",\"@id\":\"https:\/\/esencepetrol.com.tr\/#website\",\"url\":\"https:\/\/esencepetrol.com.tr\/\",\"name\":\"Esence Petrol - Petrol Ofisi\",\"description\":\"Denizden Karaya, Tarladan \u015eantiyeye Kesintisiz Enerji\",\"publisher\":{\"@id\":\"https:\/\/esencepetrol.com.tr\/#organization\"},\"potentialAction\":[{\"@type\":\"SearchAction\",\"target\":{\"@type\":\"EntryPoint\",\"urlTemplate\":\"https:\/\/esencepetrol.com.tr\/?s={search_term_string}\"},\"query-input\":{\"@type\":\"PropertyValueSpecification\",\"valueRequired\":true,\"valueName\":\"search_term_string\"}}],\"inLanguage\":\"tr\"},{\"@type\":\"Organization\",\"@id\":\"https:\/\/esencepetrol.com.tr\/#organization\",\"name\":\"Esence Petrol - Petrol Ofisi\",\"url\":\"https:\/\/esencepetrol.com.tr\/\",\"logo\":{\"@type\":\"ImageObject\",\"inLanguage\":\"tr\",\"@id\":\"https:\/\/esencepetrol.com.tr\/#\/schema\/logo\/image\/\",\"url\":\"https:\/\/esencepetrol.com.tr\/wp-content\/uploads\/2026\/01\/esence-favicon.png\",\"contentUrl\":\"https:\/\/esencepetrol.com.tr\/wp-content\/uploads\/2026\/01\/esence-favicon.png\",\"width\":512,\"height\":512,\"caption\":\"Esence Petrol - Petrol Ofisi\"},\"image\":{\"@id\":\"https:\/\/esencepetrol.com.tr\/#\/schema\/logo\/image\/\"},\"sameAs\":[\"https:\/\/www.facebook.com\/onur16uysal\",\"https:\/\/www.instagram.com\/esence__petrol\"]}]}<\/script>\n<!-- \/ Yoast SEO plugin. -->","yoast_head_json":{"title":"HZ-2T - Esence Petrol - Petrol Ofisi","robots":{"index":"index","follow":"follow","max-snippet":"max-snippet:-1","max-image-preview":"max-image-preview:large","max-video-preview":"max-video-preview:-1"},"canonical":"https:\/\/esencepetrol.com.tr\/?product=hz-2t","og_locale":"tr_TR","og_type":"article","og_title":"HZ-2T - Esence Petrol - Petrol Ofisi","og_description":"Hava so\u011futmal\u0131, iki zamanl\u0131 k\u00fc\u00e7\u00fck motorlar i\u00e7in \u00fcretilmi\u015f, y\u00fcksek performans kat\u0131klar\u0131 i\u00e7eren, mineral iki zamanl\u0131 motor ya\u011f\u0131d\u0131r.","og_url":"https:\/\/esencepetrol.com.tr\/?product=hz-2t","og_site_name":"Esence Petrol - Petrol Ofisi","article_publisher":"https:\/\/www.facebook.com\/onur16uysal","article_modified_time":"2026-02-02T21:33:59+00:00","og_image":[{"width":285,"height":251,"url":"https:\/\/esencepetrol.com.tr\/wp-content\/uploads\/2026\/02\/HZ-2T.webp","type":"image\/webp"}],"twitter_card":"summary_large_image","schema":{"@context":"https:\/\/schema.org","@graph":[{"@type":"WebPage","@id":"https:\/\/esencepetrol.com.tr\/?product=hz-2t","url":"https:\/\/esencepetrol.com.tr\/?product=hz-2t","name":"HZ-2T - Esence Petrol - Petrol Ofisi","isPartOf":{"@id":"https:\/\/esencepetrol.com.tr\/#website"},"primaryImageOfPage":{"@id":"https:\/\/esencepetrol.com.tr\/?product=hz-2t#primaryimage"},"image":{"@id":"https:\/\/esencepetrol.com.tr\/?product=hz-2t#primaryimage"},"thumbnailUrl":"https:\/\/esencepetrol.com.tr\/wp-content\/uploads\/2026\/02\/HZ-2T.webp","datePublished":"2026-02-02T21:33:37+00:00","dateModified":"2026-02-02T21:33:59+00:00","breadcrumb":{"@id":"https:\/\/esencepetrol.com.tr\/?product=hz-2t#breadcrumb"},"inLanguage":"tr","potentialAction":[{"@type":"ReadAction","target":["https:\/\/esencepetrol.com.tr\/?product=hz-2t"]}]},{"@type":"ImageObject","inLanguage":"tr","@id":"https:\/\/esencepetrol.com.tr\/?product=hz-2t#primaryimage","url":"https:\/\/esencepetrol.com.tr\/wp-content\/uploads\/2026\/02\/HZ-2T.webp","contentUrl":"https:\/\/esencepetrol.com.tr\/wp-content\/uploads\/2026\/02\/HZ-2T.webp","width":285,"height":251},{"@type":"BreadcrumbList","@id":"https:\/\/esencepetrol.com.tr\/?product=hz-2t#breadcrumb","itemListElement":[{"@type":"ListItem","position":1,"name":"Home","item":"https:\/\/esencepetrol.com.tr\/"},{"@type":"ListItem","position":2,"name":"Ma\u011faza","item":"https:\/\/esencepetrol.com.tr\/?page_id=47"},{"@type":"ListItem","position":3,"name":"HZ-2T"}]},{"@type":"WebSite","@id":"https:\/\/esencepetrol.com.tr\/#website","url":"https:\/\/esencepetrol.com.tr\/","name":"Esence Petrol - Petrol Ofisi","description":"Denizden Karaya, Tarladan \u015eantiyeye Kesintisiz Enerji","publisher":{"@id":"https:\/\/esencepetrol.com.tr\/#organization"},"potentialAction":[{"@type":"SearchAction","target":{"@type":"EntryPoint","urlTemplate":"https:\/\/esencepetrol.com.tr\/?s={search_term_string}"},"query-input":{"@type":"PropertyValueSpecification","valueRequired":true,"valueName":"search_term_string"}}],"inLanguage":"tr"},{"@type":"Organization","@id":"https:\/\/esencepetrol.com.tr\/#organization","name":"Esence Petrol - Petrol Ofisi","url":"https:\/\/esencepetrol.com.tr\/","logo":{"@type":"ImageObject","inLanguage":"tr","@id":"https:\/\/esencepetrol.com.tr\/#\/schema\/logo\/image\/","url":"https:\/\/esencepetrol.com.tr\/wp-content\/uploads\/2026\/01\/esence-favicon.png","contentUrl":"https:\/\/esencepetrol.com.tr\/wp-content\/uploads\/2026\/01\/esence-favicon.png","width":512,"height":512,"caption":"Esence Petrol - Petrol Ofisi"},"image":{"@id":"https:\/\/esencepetrol.com.tr\/#\/schema\/logo\/image\/"},"sameAs":["https:\/\/www.facebook.com\/onur16uysal","https:\/\/www.instagram.com\/esence__petrol"]}]}},"_links":{"self":[{"href":"https:\/\/esencepetrol.com.tr\/index.php?rest_route=\/wp\/v2\/product\/29615","targetHints":{"allow":["GET"]}}],"collection":[{"href":"https:\/\/esencepetrol.com.tr\/index.php?rest_route=\/wp\/v2\/product"}],"about":[{"href":"https:\/\/esencepetrol.com.tr\/index.php?rest_route=\/wp\/v2\/types\/product"}],"version-history":[{"count":1,"href":"https:\/\/esencepetrol.com.tr\/index.php?rest_route=\/wp\/v2\/product\/29615\/revisions"}],"predecessor-version":[{"id":29617,"href":"https:\/\/esencepetrol.com.tr\/index.php?rest_route=\/wp\/v2\/product\/29615\/revisions\/29617"}],"wp:featuredmedia":[{"embeddable":true,"href":"https:\/\/esencepetrol.com.tr\/index.php?rest_route=\/wp\/v2\/media\/29616"}],"wp:attachment":[{"href":"https:\/\/esencepetrol.com.tr\/index.php?rest_route=%2Fwp%2Fv2%2Fmedia&parent=29615"}],"wp:term":[{"taxonomy":"product_brand","embeddable":true,"href":"https:\/\/esencepetrol.com.tr\/index.php?rest_route=%2Fwp%2Fv2%2Fproduct_brand&post=29615"},{"taxonomy":"product_cat","embeddable":true,"href":"https:\/\/esencepetrol.com.tr\/index.php?rest_route=%2Fwp%2Fv2%2Fproduct_cat&post=29615"},{"taxonomy":"product_tag","embeddable":true,"href":"https:\/\/esencepetrol.com.tr\/index.php?rest_route=%2Fwp%2Fv2%2Fproduct_tag&post=29615"}],"curies":[{"name":"wp","href":"https:\/\/api.w.org\/{rel}","templated":true}]}}