{"id":29619,"date":"2026-02-03T00:36:28","date_gmt":"2026-02-02T21:36:28","guid":{"rendered":"https:\/\/gold-elephant-732754.hostingersite.com\/?post_type=product&#038;p=29619"},"modified":"2026-02-03T00:39:26","modified_gmt":"2026-02-02T21:39:26","slug":"start-stop-binek-arac-akuleri","status":"publish","type":"product","link":"https:\/\/esencepetrol.com.tr\/?product=start-stop-binek-arac-akuleri","title":{"rendered":"Start-Stop Binek Ara\u00e7 Ak\u00fcleri"},"content":{"rendered":"<div class=\"cp_item col-12 col-lg-auto offset-lg-0 col-lg-12 mt-0 pex-0 \">\n<div class=\"cp_item col-12 col-lg-auto offset-lg-0 col-lg-12 mt-0 pex-0 \">\n<div class=\"cp_item col-12 col-lg-auto offset-lg-0 col-lg-12 mt-0 pex-0 \">\n<ul>\n<li>Rejeneratif frenleme \u00f6zelli\u011fi i\u00e7eren geli\u015fmi\u015f Start-Stop teknolojisine sahip ara\u00e7lar i\u00e7in \u00f6zel tasar\u0131m<\/li>\n<li>VRLA teknolojisi sayesinde, standart sulu tip ak\u00fclere g\u00f6re 3 kat daha uzun \u00e7evrim \u00f6mr\u00fc ve y\u00fcksek \u015farj alma kapasitesi<\/li>\n<li>Ara\u00e7 \u00fcreticilerinin teknik ve \u00fcst\u00fcn performans beklentilerini kar\u015f\u0131layan geni\u015f \u00fcr\u00fcn gam\u0131<\/li>\n<\/ul>\n<p>VRLA teknolojisine sahip AGM Ak\u00fcler; bir\u00e7ok ara\u00e7 ve farkl\u0131 kullan\u0131m alan\u0131 olmak \u00fczere geni\u015f bir yelpazede tercih edilmektedir. Mutlu AGM Ak\u00fcler, ara\u00e7lardaki motorlar\u0131n \u00e7al\u0131\u015fmas\u0131 ve ekipmanlar i\u00e7in ihtiya\u00e7 duyulan enerjiyi sa\u011flar. Standart ak\u00fclere k\u0131yasla 3 kata kadar daha uzun \u00e7evrim \u00f6mr\u00fcne sahip Mutlu AGM Ak\u00fcler, y\u00fczde 40\u2019a kadar daha y\u00fcksek performans sunar. Ayr\u0131ca y\u00fcksek titre\u015fim dayan\u0131m\u0131 sayesinde; zorlu iklimlerde, de\u011fi\u015fken hava s\u0131cakl\u0131klar\u0131nda ve yo\u011fun \u00e7al\u0131\u015fma \u015fartlar\u0131nda standart ak\u00fclere k\u0131yasla daha \u00fcst\u00fcn performans\u0131 sergiler. Mutlu AGM Ak\u00fcler; d\u00f6k\u00fcm teknolojili \u0131zgaralar\u0131, cam elyaf seperat\u00f6rleri, \u00f6zel bas\u0131n\u00e7 kontrol valfli (VRLA) kapak sistemi ile uzun \u00f6m\u00fcrl\u00fcd\u00fcr.<\/p>\n<p>Ara\u00e7 \u00fcreticilerinin teknik ve \u00fcst\u00fcn performans beklentilerini kar\u015f\u0131layan Mutlu AGM Ak\u00fcler, Start-Stop teknolojisine uygun olarak h\u0131zl\u0131 \u015farj alma \u00f6zelli\u011fine sahiptir. Mutlu AGM Ak\u00fcler, yeni nesil rejeneratif frenleme sistemine sahip Start-Stop \u00f6zellikli binek ara\u00e7lar\u0131n ihtiya\u00e7lar\u0131 g\u00f6z \u00f6n\u00fcnde bulundurularak tasarlanm\u0131\u015ft\u0131r. Bu sistemlerde fren enerjisi geri kazan\u0131lmaktad\u0131r. Yo\u011fun enerji ihtiyac\u0131 olan Start-Stop ve rejeneratif frenleme sistemine sahip minivan ve panelvan ara\u00e7larda da Mutlu AGM Ak\u00fcler, uzun \u00e7evrim \u00f6mr\u00fcyle avantaj sa\u011flar. Benzer \u00f6zelliklere sahip, gerek personel ta\u015f\u0131mac\u0131l\u0131\u011f\u0131 gerek y\u00fcksek i\u00e7 donan\u0131m\u0131yla VIP ta\u015f\u0131mac\u0131l\u0131kta kullan\u0131lan minib\u00fcslerde de Mutlu AGM Ak\u00fcler tercih edilir. Mutlu AGM Ak\u00fcler, \u00f6zg\u00fcr gezginlerin ve kamp tutkunlar\u0131n\u0131n vazge\u00e7ilmezi olan karavan ve motokaravanlarda da enerji ihtiya\u00e7lar\u0131n\u0131 kar\u015f\u0131lar.<br \/>\nSo\u011fuk zincir ta\u015f\u0131mac\u0131l\u0131\u011f\u0131nda, so\u011futucu sistemlerde de Mutlu AGM Ak\u00fcler kullan\u0131labilir. Uzun kullan\u0131m \u00f6m\u00fcrl\u00fc Mutlu AGM Ak\u00fcler, temizlik ekipmanlar\u0131 ve UPS sistemlerinde de kullan\u0131labilir.<\/p>\n<\/div>\n<\/div>\n<\/div>\n","protected":false},"excerpt":{"rendered":"<p>Mutlu Binek Ara\u00e7 Ak\u00fcleri, sahip oldu\u011fu y\u00fcksek teknolojiyle ara\u00e7lar\u0131n enerji ihtiyac\u0131n\u0131 kar\u015f\u0131lar. Farkl\u0131 yol ve iklim ko\u015fullar\u0131nda \u00fcst d\u00fczey performans sunan Mutlu Ak\u00fcler, otomobiller i\u00e7in tam kapal\u0131 ve bak\u0131m gerektirmeyen \u015fekilde tasarlanm\u0131\u015ft\u0131r. Standart \u00f6zellikli ara\u00e7lara uygun Mutlu Binek Ara\u00e7 Ak\u00fcleri her s\u0131n\u0131f arac\u0131n de\u011fi\u015fen performans beklentilerini kar\u015f\u0131lar. Mutlu Start-Stop teknolojili Binek Ara\u00e7 Ak\u00fcleri ise, daha uzun \u00e7evrim \u00f6mr\u00fc ve y\u00fcksek performans\u0131 ile Start-Stop teknolojili ara\u00e7lar\u0131n y\u00fcksek enerji gereksinimlerine cevap verir.<\/p>\n","protected":false},"featured_media":29620,"template":"","meta":[],"product_brand":[102,101],"product_cat":[98],"product_tag":[],"class_list":{"0":"post-29619","1":"product","2":"type-product","3":"status-publish","4":"has-post-thumbnail","6":"product_brand-mutlu","7":"product_brand-petrol-ofisi","8":"product_cat-akuler","10":"first","11":"instock","12":"shipping-taxable","13":"product-type-simple"},"yoast_head":"<!-- This site is optimized with the Yoast SEO plugin v26.9 - https:\/\/yoast.com\/product\/yoast-seo-wordpress\/ -->\n<title>Start-Stop Binek Ara\u00e7 Ak\u00fcleri - Esence Petrol - Petrol Ofisi<\/title>\n<meta name=\"robots\" content=\"index, follow, max-snippet:-1, max-image-preview:large, max-video-preview:-1\" \/>\n<link rel=\"canonical\" href=\"https:\/\/esencepetrol.com.tr\/?product=start-stop-binek-arac-akuleri\" \/>\n<meta property=\"og:locale\" content=\"tr_TR\" \/>\n<meta property=\"og:type\" content=\"article\" \/>\n<meta property=\"og:title\" content=\"Start-Stop Binek Ara\u00e7 Ak\u00fcleri - Esence Petrol - Petrol Ofisi\" \/>\n<meta property=\"og:description\" content=\"Mutlu Binek Ara\u00e7 Ak\u00fcleri, sahip oldu\u011fu y\u00fcksek teknolojiyle ara\u00e7lar\u0131n enerji ihtiyac\u0131n\u0131 kar\u015f\u0131lar. Farkl\u0131 yol ve iklim ko\u015fullar\u0131nda \u00fcst d\u00fczey performans sunan Mutlu Ak\u00fcler, otomobiller i\u00e7in tam kapal\u0131 ve bak\u0131m gerektirmeyen \u015fekilde tasarlanm\u0131\u015ft\u0131r. Standart \u00f6zellikli ara\u00e7lara uygun Mutlu Binek Ara\u00e7 Ak\u00fcleri her s\u0131n\u0131f arac\u0131n de\u011fi\u015fen performans beklentilerini kar\u015f\u0131lar. Mutlu Start-Stop teknolojili Binek Ara\u00e7 Ak\u00fcleri ise, daha uzun \u00e7evrim \u00f6mr\u00fc ve y\u00fcksek performans\u0131 ile Start-Stop teknolojili ara\u00e7lar\u0131n y\u00fcksek enerji gereksinimlerine cevap verir.\" \/>\n<meta property=\"og:url\" content=\"https:\/\/esencepetrol.com.tr\/?product=start-stop-binek-arac-akuleri\" \/>\n<meta property=\"og:site_name\" content=\"Esence Petrol - Petrol Ofisi\" \/>\n<meta property=\"article:publisher\" content=\"https:\/\/www.facebook.com\/onur16uysal\" \/>\n<meta property=\"article:modified_time\" content=\"2026-02-02T21:39:26+00:00\" \/>\n<meta property=\"og:image\" content=\"https:\/\/esencepetrol.com.tr\/wp-content\/uploads\/2026\/02\/mutlu-aku-77883.png\" \/>\n\t<meta property=\"og:image:width\" content=\"960\" \/>\n\t<meta property=\"og:image:height\" content=\"457\" \/>\n\t<meta property=\"og:image:type\" content=\"image\/png\" \/>\n<meta name=\"twitter:card\" content=\"summary_large_image\" \/>\n<meta name=\"twitter:label1\" content=\"Tahmini okuma s\u00fcresi\" \/>\n\t<meta name=\"twitter:data1\" content=\"2 dakika\" \/>\n<script type=\"application\/ld+json\" class=\"yoast-schema-graph\">{\"@context\":\"https:\/\/schema.org\",\"@graph\":[{\"@type\":\"WebPage\",\"@id\":\"https:\/\/esencepetrol.com.tr\/?product=start-stop-binek-arac-akuleri\",\"url\":\"https:\/\/esencepetrol.com.tr\/?product=start-stop-binek-arac-akuleri\",\"name\":\"Start-Stop Binek Ara\u00e7 Ak\u00fcleri - Esence Petrol - Petrol Ofisi\",\"isPartOf\":{\"@id\":\"https:\/\/esencepetrol.com.tr\/#website\"},\"primaryImageOfPage\":{\"@id\":\"https:\/\/esencepetrol.com.tr\/?product=start-stop-binek-arac-akuleri#primaryimage\"},\"image\":{\"@id\":\"https:\/\/esencepetrol.com.tr\/?product=start-stop-binek-arac-akuleri#primaryimage\"},\"thumbnailUrl\":\"https:\/\/esencepetrol.com.tr\/wp-content\/uploads\/2026\/02\/mutlu-aku-77883.png\",\"datePublished\":\"2026-02-02T21:36:28+00:00\",\"dateModified\":\"2026-02-02T21:39:26+00:00\",\"breadcrumb\":{\"@id\":\"https:\/\/esencepetrol.com.tr\/?product=start-stop-binek-arac-akuleri#breadcrumb\"},\"inLanguage\":\"tr\",\"potentialAction\":[{\"@type\":\"ReadAction\",\"target\":[\"https:\/\/esencepetrol.com.tr\/?product=start-stop-binek-arac-akuleri\"]}]},{\"@type\":\"ImageObject\",\"inLanguage\":\"tr\",\"@id\":\"https:\/\/esencepetrol.com.tr\/?product=start-stop-binek-arac-akuleri#primaryimage\",\"url\":\"https:\/\/esencepetrol.com.tr\/wp-content\/uploads\/2026\/02\/mutlu-aku-77883.png\",\"contentUrl\":\"https:\/\/esencepetrol.com.tr\/wp-content\/uploads\/2026\/02\/mutlu-aku-77883.png\",\"width\":960,\"height\":457},{\"@type\":\"BreadcrumbList\",\"@id\":\"https:\/\/esencepetrol.com.tr\/?product=start-stop-binek-arac-akuleri#breadcrumb\",\"itemListElement\":[{\"@type\":\"ListItem\",\"position\":1,\"name\":\"Home\",\"item\":\"https:\/\/esencepetrol.com.tr\/\"},{\"@type\":\"ListItem\",\"position\":2,\"name\":\"Ma\u011faza\",\"item\":\"https:\/\/esencepetrol.com.tr\/?page_id=47\"},{\"@type\":\"ListItem\",\"position\":3,\"name\":\"Start-Stop Binek Ara\u00e7 Ak\u00fcleri\"}]},{\"@type\":\"WebSite\",\"@id\":\"https:\/\/esencepetrol.com.tr\/#website\",\"url\":\"https:\/\/esencepetrol.com.tr\/\",\"name\":\"Esence Petrol - Petrol Ofisi\",\"description\":\"Denizden Karaya, Tarladan \u015eantiyeye Kesintisiz Enerji\",\"publisher\":{\"@id\":\"https:\/\/esencepetrol.com.tr\/#organization\"},\"potentialAction\":[{\"@type\":\"SearchAction\",\"target\":{\"@type\":\"EntryPoint\",\"urlTemplate\":\"https:\/\/esencepetrol.com.tr\/?s={search_term_string}\"},\"query-input\":{\"@type\":\"PropertyValueSpecification\",\"valueRequired\":true,\"valueName\":\"search_term_string\"}}],\"inLanguage\":\"tr\"},{\"@type\":\"Organization\",\"@id\":\"https:\/\/esencepetrol.com.tr\/#organization\",\"name\":\"Esence Petrol - Petrol Ofisi\",\"url\":\"https:\/\/esencepetrol.com.tr\/\",\"logo\":{\"@type\":\"ImageObject\",\"inLanguage\":\"tr\",\"@id\":\"https:\/\/esencepetrol.com.tr\/#\/schema\/logo\/image\/\",\"url\":\"https:\/\/esencepetrol.com.tr\/wp-content\/uploads\/2026\/01\/esence-favicon.png\",\"contentUrl\":\"https:\/\/esencepetrol.com.tr\/wp-content\/uploads\/2026\/01\/esence-favicon.png\",\"width\":512,\"height\":512,\"caption\":\"Esence Petrol - Petrol Ofisi\"},\"image\":{\"@id\":\"https:\/\/esencepetrol.com.tr\/#\/schema\/logo\/image\/\"},\"sameAs\":[\"https:\/\/www.facebook.com\/onur16uysal\",\"https:\/\/www.instagram.com\/esence__petrol\"]}]}<\/script>\n<!-- \/ Yoast SEO plugin. -->","yoast_head_json":{"title":"Start-Stop Binek Ara\u00e7 Ak\u00fcleri - Esence Petrol - Petrol Ofisi","robots":{"index":"index","follow":"follow","max-snippet":"max-snippet:-1","max-image-preview":"max-image-preview:large","max-video-preview":"max-video-preview:-1"},"canonical":"https:\/\/esencepetrol.com.tr\/?product=start-stop-binek-arac-akuleri","og_locale":"tr_TR","og_type":"article","og_title":"Start-Stop Binek Ara\u00e7 Ak\u00fcleri - Esence Petrol - Petrol Ofisi","og_description":"Mutlu Binek Ara\u00e7 Ak\u00fcleri, sahip oldu\u011fu y\u00fcksek teknolojiyle ara\u00e7lar\u0131n enerji ihtiyac\u0131n\u0131 kar\u015f\u0131lar. Farkl\u0131 yol ve iklim ko\u015fullar\u0131nda \u00fcst d\u00fczey performans sunan Mutlu Ak\u00fcler, otomobiller i\u00e7in tam kapal\u0131 ve bak\u0131m gerektirmeyen \u015fekilde tasarlanm\u0131\u015ft\u0131r. Standart \u00f6zellikli ara\u00e7lara uygun Mutlu Binek Ara\u00e7 Ak\u00fcleri her s\u0131n\u0131f arac\u0131n de\u011fi\u015fen performans beklentilerini kar\u015f\u0131lar. Mutlu Start-Stop teknolojili Binek Ara\u00e7 Ak\u00fcleri ise, daha uzun \u00e7evrim \u00f6mr\u00fc ve y\u00fcksek performans\u0131 ile Start-Stop teknolojili ara\u00e7lar\u0131n y\u00fcksek enerji gereksinimlerine cevap verir.","og_url":"https:\/\/esencepetrol.com.tr\/?product=start-stop-binek-arac-akuleri","og_site_name":"Esence Petrol - Petrol Ofisi","article_publisher":"https:\/\/www.facebook.com\/onur16uysal","article_modified_time":"2026-02-02T21:39:26+00:00","og_image":[{"width":960,"height":457,"url":"https:\/\/esencepetrol.com.tr\/wp-content\/uploads\/2026\/02\/mutlu-aku-77883.png","type":"image\/png"}],"twitter_card":"summary_large_image","twitter_misc":{"Tahmini okuma s\u00fcresi":"2 dakika"},"schema":{"@context":"https:\/\/schema.org","@graph":[{"@type":"WebPage","@id":"https:\/\/esencepetrol.com.tr\/?product=start-stop-binek-arac-akuleri","url":"https:\/\/esencepetrol.com.tr\/?product=start-stop-binek-arac-akuleri","name":"Start-Stop Binek Ara\u00e7 Ak\u00fcleri - Esence Petrol - Petrol Ofisi","isPartOf":{"@id":"https:\/\/esencepetrol.com.tr\/#website"},"primaryImageOfPage":{"@id":"https:\/\/esencepetrol.com.tr\/?product=start-stop-binek-arac-akuleri#primaryimage"},"image":{"@id":"https:\/\/esencepetrol.com.tr\/?product=start-stop-binek-arac-akuleri#primaryimage"},"thumbnailUrl":"https:\/\/esencepetrol.com.tr\/wp-content\/uploads\/2026\/02\/mutlu-aku-77883.png","datePublished":"2026-02-02T21:36:28+00:00","dateModified":"2026-02-02T21:39:26+00:00","breadcrumb":{"@id":"https:\/\/esencepetrol.com.tr\/?product=start-stop-binek-arac-akuleri#breadcrumb"},"inLanguage":"tr","potentialAction":[{"@type":"ReadAction","target":["https:\/\/esencepetrol.com.tr\/?product=start-stop-binek-arac-akuleri"]}]},{"@type":"ImageObject","inLanguage":"tr","@id":"https:\/\/esencepetrol.com.tr\/?product=start-stop-binek-arac-akuleri#primaryimage","url":"https:\/\/esencepetrol.com.tr\/wp-content\/uploads\/2026\/02\/mutlu-aku-77883.png","contentUrl":"https:\/\/esencepetrol.com.tr\/wp-content\/uploads\/2026\/02\/mutlu-aku-77883.png","width":960,"height":457},{"@type":"BreadcrumbList","@id":"https:\/\/esencepetrol.com.tr\/?product=start-stop-binek-arac-akuleri#breadcrumb","itemListElement":[{"@type":"ListItem","position":1,"name":"Home","item":"https:\/\/esencepetrol.com.tr\/"},{"@type":"ListItem","position":2,"name":"Ma\u011faza","item":"https:\/\/esencepetrol.com.tr\/?page_id=47"},{"@type":"ListItem","position":3,"name":"Start-Stop Binek Ara\u00e7 Ak\u00fcleri"}]},{"@type":"WebSite","@id":"https:\/\/esencepetrol.com.tr\/#website","url":"https:\/\/esencepetrol.com.tr\/","name":"Esence Petrol - Petrol Ofisi","description":"Denizden Karaya, Tarladan \u015eantiyeye Kesintisiz Enerji","publisher":{"@id":"https:\/\/esencepetrol.com.tr\/#organization"},"potentialAction":[{"@type":"SearchAction","target":{"@type":"EntryPoint","urlTemplate":"https:\/\/esencepetrol.com.tr\/?s={search_term_string}"},"query-input":{"@type":"PropertyValueSpecification","valueRequired":true,"valueName":"search_term_string"}}],"inLanguage":"tr"},{"@type":"Organization","@id":"https:\/\/esencepetrol.com.tr\/#organization","name":"Esence Petrol - Petrol Ofisi","url":"https:\/\/esencepetrol.com.tr\/","logo":{"@type":"ImageObject","inLanguage":"tr","@id":"https:\/\/esencepetrol.com.tr\/#\/schema\/logo\/image\/","url":"https:\/\/esencepetrol.com.tr\/wp-content\/uploads\/2026\/01\/esence-favicon.png","contentUrl":"https:\/\/esencepetrol.com.tr\/wp-content\/uploads\/2026\/01\/esence-favicon.png","width":512,"height":512,"caption":"Esence Petrol - Petrol Ofisi"},"image":{"@id":"https:\/\/esencepetrol.com.tr\/#\/schema\/logo\/image\/"},"sameAs":["https:\/\/www.facebook.com\/onur16uysal","https:\/\/www.instagram.com\/esence__petrol"]}]}},"_links":{"self":[{"href":"https:\/\/esencepetrol.com.tr\/index.php?rest_route=\/wp\/v2\/product\/29619","targetHints":{"allow":["GET"]}}],"collection":[{"href":"https:\/\/esencepetrol.com.tr\/index.php?rest_route=\/wp\/v2\/product"}],"about":[{"href":"https:\/\/esencepetrol.com.tr\/index.php?rest_route=\/wp\/v2\/types\/product"}],"version-history":[{"count":1,"href":"https:\/\/esencepetrol.com.tr\/index.php?rest_route=\/wp\/v2\/product\/29619\/revisions"}],"predecessor-version":[{"id":29621,"href":"https:\/\/esencepetrol.com.tr\/index.php?rest_route=\/wp\/v2\/product\/29619\/revisions\/29621"}],"wp:featuredmedia":[{"embeddable":true,"href":"https:\/\/esencepetrol.com.tr\/index.php?rest_route=\/wp\/v2\/media\/29620"}],"wp:attachment":[{"href":"https:\/\/esencepetrol.com.tr\/index.php?rest_route=%2Fwp%2Fv2%2Fmedia&parent=29619"}],"wp:term":[{"taxonomy":"product_brand","embeddable":true,"href":"https:\/\/esencepetrol.com.tr\/index.php?rest_route=%2Fwp%2Fv2%2Fproduct_brand&post=29619"},{"taxonomy":"product_cat","embeddable":true,"href":"https:\/\/esencepetrol.com.tr\/index.php?rest_route=%2Fwp%2Fv2%2Fproduct_cat&post=29619"},{"taxonomy":"product_tag","embeddable":true,"href":"https:\/\/esencepetrol.com.tr\/index.php?rest_route=%2Fwp%2Fv2%2Fproduct_tag&post=29619"}],"curies":[{"name":"wp","href":"https:\/\/api.w.org\/{rel}","templated":true}]}}