{"id":29622,"date":"2026-02-03T00:39:30","date_gmt":"2026-02-02T21:39:30","guid":{"rendered":"https:\/\/gold-elephant-732754.hostingersite.com\/?post_type=product&#038;p=29622"},"modified":"2026-02-03T00:40:47","modified_gmt":"2026-02-02T21:40:47","slug":"standart-binek-arac-akuleri","status":"publish","type":"product","link":"https:\/\/esencepetrol.com.tr\/?product=standart-binek-arac-akuleri","title":{"rendered":"Standart Binek Ara\u00e7 Ak\u00fcleri"},"content":{"rendered":"<ul>\n<li>Start-Stop teknolojisine sahip veya y\u00fcksek enerji ihtiyac\u0131 olan standart ara\u00e7lar i\u00e7in \u00f6zel tasar\u0131m<\/li>\n<li>EFB teknolojisi sayesinde, standart sulu tip ak\u00fclere g\u00f6re 2 kat daha uzun \u00e7evrim \u00f6mr\u00fc ve y\u00fcksek \u015farj alma kapasitesi<\/li>\n<li>Ara\u00e7 \u00fcreticilerinin teknik ve \u00fcst\u00fcn performans beklentilerini kar\u015f\u0131layan geni\u015f \u00fcr\u00fcn gam\u0131<\/li>\n<\/ul>\n<p>EFB Ak\u00fcler; hem karbon emisyon sal\u0131m\u0131n\u0131 hem de yak\u0131t t\u00fcketimini en aza indirgemeyi hedef alan otomobil ve ticari ara\u00e7larda y\u00fcksek verimlilik sa\u011flayan sulu tip ak\u00fclerdir. Farkl\u0131 iklim ko\u015fullar\u0131 ve s\u0131cakl\u0131k derecelerinde kullan\u0131ma uygun Mutlu EFB Ak\u00fcler, standart ak\u00fclere oranla y\u00fczde 30\u2019a kadar daha y\u00fcksek performans ve iki kata kadar daha uzun \u00e7evrim \u00f6mr\u00fcne sahiptir. Bak\u0131m gerektirmeyen \u00fcr\u00fcn teknolojileri, art\u0131r\u0131lm\u0131\u015f elektrolit rezervleri ve tam kapal\u0131 s\u0131zd\u0131rmaz kapak sistemleriyle hem emniyetli hem de uzun \u00f6m\u00fcrl\u00fc kullan\u0131m sa\u011flar. Tam \u00e7er\u00e7eveli \u0131zgara teknolojisi ile y\u00fcksek k\u0131sa devre dayan\u0131m\u0131na sahip Mutlu EFB Ak\u00fcler, d\u00fc\u015f\u00fck karbon sal\u0131m\u0131n\u0131 destekleyen Start-Stop ara\u00e7lar i\u00e7in yenilik\u00e7i ak\u00fc \u00e7\u00f6z\u00fcmleri bar\u0131nd\u0131r\u0131rlar.<\/p>\n<p>Standart binek ara\u00e7larda uzun \u00e7evrim \u00f6mr\u00fc sunan Mutlu EFB Ak\u00fcler, Start-Stop teknolojisine sahip binek ara\u00e7larda da h\u0131zl\u0131 \u015farj alma \u00f6zellikleriyle avantajl\u0131d\u0131rlar. Y\u00fcksek titre\u015fim dayan\u0131m\u0131 g\u00f6steren yap\u0131lar\u0131yla zorlu arazi ko\u015fullar\u0131ndan kent i\u00e7i kullan\u0131mlara varana kadar farkl\u0131 alanlarda kullan\u0131lan pick up ara\u00e7lar i\u00e7in son derece uygundurlar. Y\u00fck ve kargo ta\u015f\u0131mac\u0131l\u0131\u011f\u0131nda kullan\u0131lan panelvan ve minivanlarda ise standart ak\u00fclere oranla daha y\u00fcksek performans sunarlar. Minib\u00fcslerde uzun kullan\u0131m \u00f6mr\u00fcyle avantaj sa\u011flayan Mutlu EFB Ak\u00fcler, g\u00fcn\u00fcn \u00f6nemli bir saatini yollarda ge\u00e7iren ticari taksilere de \u00fcst\u00fcn mar\u015f basma g\u00fcc\u00fc sa\u011flar. \u00a0Mutlu EFB Ak\u00fcler, bak\u0131m gerektirmeyen teknolojileri ve uzun \u00e7evrim \u00f6m\u00fcrleriyle ara\u00e7lar d\u0131\u015f\u0131nda so\u011futucu ekipman ve sistemlerde de tercih edilirler.<\/p>\n","protected":false},"excerpt":{"rendered":"<p>Mutlu Binek Ara\u00e7 Ak\u00fcleri, sahip oldu\u011fu y\u00fcksek teknolojiyle ara\u00e7lar\u0131n enerji ihtiyac\u0131n\u0131 kar\u015f\u0131lar. Farkl\u0131 yol ve iklim ko\u015fullar\u0131nda \u00fcst d\u00fczey performans sunan Mutlu Ak\u00fcler, otomobiller i\u00e7in tam kapal\u0131 ve bak\u0131m gerektirmeyen \u015fekilde tasarlanm\u0131\u015ft\u0131r. Standart \u00f6zellikli ara\u00e7lara uygun Mutlu Binek Ara\u00e7 Ak\u00fcleri her s\u0131n\u0131f arac\u0131n de\u011fi\u015fen performans beklentilerini kar\u015f\u0131lar. Mutlu Start-Stop teknolojili Binek Ara\u00e7 Ak\u00fcleri ise, daha uzun \u00e7evrim \u00f6mr\u00fc ve y\u00fcksek performans\u0131 ile Start-Stop teknolojili ara\u00e7lar\u0131n y\u00fcksek enerji gereksinimlerine cevap verir.<\/p>\n","protected":false},"featured_media":29623,"template":"","meta":[],"product_brand":[102,101],"product_cat":[98],"product_tag":[],"class_list":{"0":"post-29622","1":"product","2":"type-product","3":"status-publish","4":"has-post-thumbnail","6":"product_brand-mutlu","7":"product_brand-petrol-ofisi","8":"product_cat-akuler","10":"first","11":"instock","12":"shipping-taxable","13":"product-type-simple"},"yoast_head":"<!-- This site is optimized with the Yoast SEO plugin v26.9 - https:\/\/yoast.com\/product\/yoast-seo-wordpress\/ -->\n<title>Standart Binek Ara\u00e7 Ak\u00fcleri - Esence Petrol - Petrol Ofisi<\/title>\n<meta name=\"robots\" content=\"index, follow, max-snippet:-1, max-image-preview:large, max-video-preview:-1\" \/>\n<link rel=\"canonical\" href=\"https:\/\/esencepetrol.com.tr\/?product=standart-binek-arac-akuleri\" \/>\n<meta property=\"og:locale\" content=\"tr_TR\" \/>\n<meta property=\"og:type\" content=\"article\" \/>\n<meta property=\"og:title\" content=\"Standart Binek Ara\u00e7 Ak\u00fcleri - Esence Petrol - Petrol Ofisi\" \/>\n<meta property=\"og:description\" content=\"Mutlu Binek Ara\u00e7 Ak\u00fcleri, sahip oldu\u011fu y\u00fcksek teknolojiyle ara\u00e7lar\u0131n enerji ihtiyac\u0131n\u0131 kar\u015f\u0131lar. Farkl\u0131 yol ve iklim ko\u015fullar\u0131nda \u00fcst d\u00fczey performans sunan Mutlu Ak\u00fcler, otomobiller i\u00e7in tam kapal\u0131 ve bak\u0131m gerektirmeyen \u015fekilde tasarlanm\u0131\u015ft\u0131r. Standart \u00f6zellikli ara\u00e7lara uygun Mutlu Binek Ara\u00e7 Ak\u00fcleri her s\u0131n\u0131f arac\u0131n de\u011fi\u015fen performans beklentilerini kar\u015f\u0131lar. Mutlu Start-Stop teknolojili Binek Ara\u00e7 Ak\u00fcleri ise, daha uzun \u00e7evrim \u00f6mr\u00fc ve y\u00fcksek performans\u0131 ile Start-Stop teknolojili ara\u00e7lar\u0131n y\u00fcksek enerji gereksinimlerine cevap verir.\" \/>\n<meta property=\"og:url\" content=\"https:\/\/esencepetrol.com.tr\/?product=standart-binek-arac-akuleri\" \/>\n<meta property=\"og:site_name\" content=\"Esence Petrol - Petrol Ofisi\" \/>\n<meta property=\"article:publisher\" content=\"https:\/\/www.facebook.com\/onur16uysal\" \/>\n<meta property=\"article:modified_time\" content=\"2026-02-02T21:40:47+00:00\" \/>\n<meta property=\"og:image\" content=\"https:\/\/esencepetrol.com.tr\/wp-content\/uploads\/2026\/02\/satandart-akuler-22782.png\" \/>\n\t<meta property=\"og:image:width\" content=\"995\" \/>\n\t<meta property=\"og:image:height\" content=\"474\" \/>\n\t<meta property=\"og:image:type\" content=\"image\/png\" \/>\n<meta name=\"twitter:card\" content=\"summary_large_image\" \/>\n<meta name=\"twitter:label1\" content=\"Tahmini okuma s\u00fcresi\" \/>\n\t<meta name=\"twitter:data1\" content=\"2 dakika\" \/>\n<script type=\"application\/ld+json\" class=\"yoast-schema-graph\">{\"@context\":\"https:\/\/schema.org\",\"@graph\":[{\"@type\":\"WebPage\",\"@id\":\"https:\/\/esencepetrol.com.tr\/?product=standart-binek-arac-akuleri\",\"url\":\"https:\/\/esencepetrol.com.tr\/?product=standart-binek-arac-akuleri\",\"name\":\"Standart Binek Ara\u00e7 Ak\u00fcleri - Esence Petrol - Petrol Ofisi\",\"isPartOf\":{\"@id\":\"https:\/\/esencepetrol.com.tr\/#website\"},\"primaryImageOfPage\":{\"@id\":\"https:\/\/esencepetrol.com.tr\/?product=standart-binek-arac-akuleri#primaryimage\"},\"image\":{\"@id\":\"https:\/\/esencepetrol.com.tr\/?product=standart-binek-arac-akuleri#primaryimage\"},\"thumbnailUrl\":\"https:\/\/esencepetrol.com.tr\/wp-content\/uploads\/2026\/02\/satandart-akuler-22782.png\",\"datePublished\":\"2026-02-02T21:39:30+00:00\",\"dateModified\":\"2026-02-02T21:40:47+00:00\",\"breadcrumb\":{\"@id\":\"https:\/\/esencepetrol.com.tr\/?product=standart-binek-arac-akuleri#breadcrumb\"},\"inLanguage\":\"tr\",\"potentialAction\":[{\"@type\":\"ReadAction\",\"target\":[\"https:\/\/esencepetrol.com.tr\/?product=standart-binek-arac-akuleri\"]}]},{\"@type\":\"ImageObject\",\"inLanguage\":\"tr\",\"@id\":\"https:\/\/esencepetrol.com.tr\/?product=standart-binek-arac-akuleri#primaryimage\",\"url\":\"https:\/\/esencepetrol.com.tr\/wp-content\/uploads\/2026\/02\/satandart-akuler-22782.png\",\"contentUrl\":\"https:\/\/esencepetrol.com.tr\/wp-content\/uploads\/2026\/02\/satandart-akuler-22782.png\",\"width\":995,\"height\":474},{\"@type\":\"BreadcrumbList\",\"@id\":\"https:\/\/esencepetrol.com.tr\/?product=standart-binek-arac-akuleri#breadcrumb\",\"itemListElement\":[{\"@type\":\"ListItem\",\"position\":1,\"name\":\"Home\",\"item\":\"https:\/\/esencepetrol.com.tr\/\"},{\"@type\":\"ListItem\",\"position\":2,\"name\":\"Ma\u011faza\",\"item\":\"https:\/\/esencepetrol.com.tr\/?page_id=47\"},{\"@type\":\"ListItem\",\"position\":3,\"name\":\"Standart Binek Ara\u00e7 Ak\u00fcleri\"}]},{\"@type\":\"WebSite\",\"@id\":\"https:\/\/esencepetrol.com.tr\/#website\",\"url\":\"https:\/\/esencepetrol.com.tr\/\",\"name\":\"Esence Petrol - Petrol Ofisi\",\"description\":\"Denizden Karaya, Tarladan \u015eantiyeye Kesintisiz Enerji\",\"publisher\":{\"@id\":\"https:\/\/esencepetrol.com.tr\/#organization\"},\"potentialAction\":[{\"@type\":\"SearchAction\",\"target\":{\"@type\":\"EntryPoint\",\"urlTemplate\":\"https:\/\/esencepetrol.com.tr\/?s={search_term_string}\"},\"query-input\":{\"@type\":\"PropertyValueSpecification\",\"valueRequired\":true,\"valueName\":\"search_term_string\"}}],\"inLanguage\":\"tr\"},{\"@type\":\"Organization\",\"@id\":\"https:\/\/esencepetrol.com.tr\/#organization\",\"name\":\"Esence Petrol - Petrol Ofisi\",\"url\":\"https:\/\/esencepetrol.com.tr\/\",\"logo\":{\"@type\":\"ImageObject\",\"inLanguage\":\"tr\",\"@id\":\"https:\/\/esencepetrol.com.tr\/#\/schema\/logo\/image\/\",\"url\":\"https:\/\/esencepetrol.com.tr\/wp-content\/uploads\/2026\/01\/esence-favicon.png\",\"contentUrl\":\"https:\/\/esencepetrol.com.tr\/wp-content\/uploads\/2026\/01\/esence-favicon.png\",\"width\":512,\"height\":512,\"caption\":\"Esence Petrol - Petrol Ofisi\"},\"image\":{\"@id\":\"https:\/\/esencepetrol.com.tr\/#\/schema\/logo\/image\/\"},\"sameAs\":[\"https:\/\/www.facebook.com\/onur16uysal\",\"https:\/\/www.instagram.com\/esence__petrol\"]}]}<\/script>\n<!-- \/ Yoast SEO plugin. -->","yoast_head_json":{"title":"Standart Binek Ara\u00e7 Ak\u00fcleri - Esence Petrol - Petrol Ofisi","robots":{"index":"index","follow":"follow","max-snippet":"max-snippet:-1","max-image-preview":"max-image-preview:large","max-video-preview":"max-video-preview:-1"},"canonical":"https:\/\/esencepetrol.com.tr\/?product=standart-binek-arac-akuleri","og_locale":"tr_TR","og_type":"article","og_title":"Standart Binek Ara\u00e7 Ak\u00fcleri - Esence Petrol - Petrol Ofisi","og_description":"Mutlu Binek Ara\u00e7 Ak\u00fcleri, sahip oldu\u011fu y\u00fcksek teknolojiyle ara\u00e7lar\u0131n enerji ihtiyac\u0131n\u0131 kar\u015f\u0131lar. Farkl\u0131 yol ve iklim ko\u015fullar\u0131nda \u00fcst d\u00fczey performans sunan Mutlu Ak\u00fcler, otomobiller i\u00e7in tam kapal\u0131 ve bak\u0131m gerektirmeyen \u015fekilde tasarlanm\u0131\u015ft\u0131r. Standart \u00f6zellikli ara\u00e7lara uygun Mutlu Binek Ara\u00e7 Ak\u00fcleri her s\u0131n\u0131f arac\u0131n de\u011fi\u015fen performans beklentilerini kar\u015f\u0131lar. Mutlu Start-Stop teknolojili Binek Ara\u00e7 Ak\u00fcleri ise, daha uzun \u00e7evrim \u00f6mr\u00fc ve y\u00fcksek performans\u0131 ile Start-Stop teknolojili ara\u00e7lar\u0131n y\u00fcksek enerji gereksinimlerine cevap verir.","og_url":"https:\/\/esencepetrol.com.tr\/?product=standart-binek-arac-akuleri","og_site_name":"Esence Petrol - Petrol Ofisi","article_publisher":"https:\/\/www.facebook.com\/onur16uysal","article_modified_time":"2026-02-02T21:40:47+00:00","og_image":[{"width":995,"height":474,"url":"https:\/\/esencepetrol.com.tr\/wp-content\/uploads\/2026\/02\/satandart-akuler-22782.png","type":"image\/png"}],"twitter_card":"summary_large_image","twitter_misc":{"Tahmini okuma s\u00fcresi":"2 dakika"},"schema":{"@context":"https:\/\/schema.org","@graph":[{"@type":"WebPage","@id":"https:\/\/esencepetrol.com.tr\/?product=standart-binek-arac-akuleri","url":"https:\/\/esencepetrol.com.tr\/?product=standart-binek-arac-akuleri","name":"Standart Binek Ara\u00e7 Ak\u00fcleri - Esence Petrol - Petrol Ofisi","isPartOf":{"@id":"https:\/\/esencepetrol.com.tr\/#website"},"primaryImageOfPage":{"@id":"https:\/\/esencepetrol.com.tr\/?product=standart-binek-arac-akuleri#primaryimage"},"image":{"@id":"https:\/\/esencepetrol.com.tr\/?product=standart-binek-arac-akuleri#primaryimage"},"thumbnailUrl":"https:\/\/esencepetrol.com.tr\/wp-content\/uploads\/2026\/02\/satandart-akuler-22782.png","datePublished":"2026-02-02T21:39:30+00:00","dateModified":"2026-02-02T21:40:47+00:00","breadcrumb":{"@id":"https:\/\/esencepetrol.com.tr\/?product=standart-binek-arac-akuleri#breadcrumb"},"inLanguage":"tr","potentialAction":[{"@type":"ReadAction","target":["https:\/\/esencepetrol.com.tr\/?product=standart-binek-arac-akuleri"]}]},{"@type":"ImageObject","inLanguage":"tr","@id":"https:\/\/esencepetrol.com.tr\/?product=standart-binek-arac-akuleri#primaryimage","url":"https:\/\/esencepetrol.com.tr\/wp-content\/uploads\/2026\/02\/satandart-akuler-22782.png","contentUrl":"https:\/\/esencepetrol.com.tr\/wp-content\/uploads\/2026\/02\/satandart-akuler-22782.png","width":995,"height":474},{"@type":"BreadcrumbList","@id":"https:\/\/esencepetrol.com.tr\/?product=standart-binek-arac-akuleri#breadcrumb","itemListElement":[{"@type":"ListItem","position":1,"name":"Home","item":"https:\/\/esencepetrol.com.tr\/"},{"@type":"ListItem","position":2,"name":"Ma\u011faza","item":"https:\/\/esencepetrol.com.tr\/?page_id=47"},{"@type":"ListItem","position":3,"name":"Standart Binek Ara\u00e7 Ak\u00fcleri"}]},{"@type":"WebSite","@id":"https:\/\/esencepetrol.com.tr\/#website","url":"https:\/\/esencepetrol.com.tr\/","name":"Esence Petrol - Petrol Ofisi","description":"Denizden Karaya, Tarladan \u015eantiyeye Kesintisiz Enerji","publisher":{"@id":"https:\/\/esencepetrol.com.tr\/#organization"},"potentialAction":[{"@type":"SearchAction","target":{"@type":"EntryPoint","urlTemplate":"https:\/\/esencepetrol.com.tr\/?s={search_term_string}"},"query-input":{"@type":"PropertyValueSpecification","valueRequired":true,"valueName":"search_term_string"}}],"inLanguage":"tr"},{"@type":"Organization","@id":"https:\/\/esencepetrol.com.tr\/#organization","name":"Esence Petrol - Petrol Ofisi","url":"https:\/\/esencepetrol.com.tr\/","logo":{"@type":"ImageObject","inLanguage":"tr","@id":"https:\/\/esencepetrol.com.tr\/#\/schema\/logo\/image\/","url":"https:\/\/esencepetrol.com.tr\/wp-content\/uploads\/2026\/01\/esence-favicon.png","contentUrl":"https:\/\/esencepetrol.com.tr\/wp-content\/uploads\/2026\/01\/esence-favicon.png","width":512,"height":512,"caption":"Esence Petrol - Petrol Ofisi"},"image":{"@id":"https:\/\/esencepetrol.com.tr\/#\/schema\/logo\/image\/"},"sameAs":["https:\/\/www.facebook.com\/onur16uysal","https:\/\/www.instagram.com\/esence__petrol"]}]}},"_links":{"self":[{"href":"https:\/\/esencepetrol.com.tr\/index.php?rest_route=\/wp\/v2\/product\/29622","targetHints":{"allow":["GET"]}}],"collection":[{"href":"https:\/\/esencepetrol.com.tr\/index.php?rest_route=\/wp\/v2\/product"}],"about":[{"href":"https:\/\/esencepetrol.com.tr\/index.php?rest_route=\/wp\/v2\/types\/product"}],"version-history":[{"count":1,"href":"https:\/\/esencepetrol.com.tr\/index.php?rest_route=\/wp\/v2\/product\/29622\/revisions"}],"predecessor-version":[{"id":29624,"href":"https:\/\/esencepetrol.com.tr\/index.php?rest_route=\/wp\/v2\/product\/29622\/revisions\/29624"}],"wp:featuredmedia":[{"embeddable":true,"href":"https:\/\/esencepetrol.com.tr\/index.php?rest_route=\/wp\/v2\/media\/29623"}],"wp:attachment":[{"href":"https:\/\/esencepetrol.com.tr\/index.php?rest_route=%2Fwp%2Fv2%2Fmedia&parent=29622"}],"wp:term":[{"taxonomy":"product_brand","embeddable":true,"href":"https:\/\/esencepetrol.com.tr\/index.php?rest_route=%2Fwp%2Fv2%2Fproduct_brand&post=29622"},{"taxonomy":"product_cat","embeddable":true,"href":"https:\/\/esencepetrol.com.tr\/index.php?rest_route=%2Fwp%2Fv2%2Fproduct_cat&post=29622"},{"taxonomy":"product_tag","embeddable":true,"href":"https:\/\/esencepetrol.com.tr\/index.php?rest_route=%2Fwp%2Fv2%2Fproduct_tag&post=29622"}],"curies":[{"name":"wp","href":"https:\/\/api.w.org\/{rel}","templated":true}]}}