{"id":29625,"date":"2026-02-03T00:41:23","date_gmt":"2026-02-02T21:41:23","guid":{"rendered":"https:\/\/gold-elephant-732754.hostingersite.com\/?post_type=product&#038;p=29625"},"modified":"2026-02-03T00:43:07","modified_gmt":"2026-02-02T21:43:07","slug":"traktor-zirai-arac-akuleri","status":"publish","type":"product","link":"https:\/\/esencepetrol.com.tr\/?product=traktor-zirai-arac-akuleri","title":{"rendered":"Trakt\u00f6r \/ Zirai Ara\u00e7 Ak\u00fcleri"},"content":{"rendered":"<ul>\n<li>Zorlu \u00e7al\u0131\u015fma ve iklim ko\u015fullar\u0131nda kullan\u0131ma uygun, bak\u0131m gerektirmeyen \u00fcr\u00fcn teknolojisi<\/li>\n<li>Labirent tip bu\u015fonlu, g\u00fcvenli kapak yap\u0131s\u0131<\/li>\n<li>Ara\u00e7 \u00fcreticilerinin teknik ve \u00fcst\u00fcn performans beklentilerini kar\u015f\u0131layan geni\u015f \u00fcr\u00fcn gam\u0131<\/li>\n<\/ul>\n<p>Mutlu SFB Seri 1 A\u011f\u0131r Hizmet (HD) Ak\u00fcler; a\u011f\u0131r ticari ara\u00e7lar, kamyonetler, minib\u00fcsler, tar\u0131m ekipmanlar\u0131, in\u015faat ara\u00e7lar\u0131 ve jenerat\u00f6rlerde kullan\u0131ma uygun olan, SLI teknolojisine sahip ak\u00fclerdir. Motorlar\u0131n \u00e7al\u0131\u015fmas\u0131 i\u00e7in gereken mar\u015f g\u00fcc\u00fcn\u00fc kar\u015f\u0131layan SFB Seri 1 HD Ak\u00fcler, motor \u00e7al\u0131\u015fmazken de ara\u00e7 donan\u0131mlar\u0131 ve ekipmanlar\u0131n elektriksel ihtiya\u00e7lar\u0131n\u0131 temin eder. Patentli, kalsiyum (Ca) ala\u015f\u0131ml\u0131 \u0131zgara teknolojisine sahip olan SFB Seri 1 HD Ak\u00fcler, bu sayede bak\u0131m gerektirmeyen yap\u0131dad\u0131r. \u00a0\u00d6zel tasar\u0131m \u0131zgaralar\u0131 ve a\u015f\u0131nmay\u0131 \u00f6nleyici korozyon diren\u00e7leriyle daha fazla dayan\u0131kl\u0131l\u0131k sunarlar. \u00d6zel plak sabitleme sistemi (Hotmelt) sayesinde y\u00fcksek vibrasyon dayan\u0131m\u0131 \u00f6zelli\u011fi g\u00f6sterirken, a\u011f\u0131r hizmet tipi ara\u00e7lar\u0131n ve ekipmanlar\u0131n faaliyet g\u00f6sterdi\u011fi zorlu \u00e7al\u0131\u015fma ve iklim ko\u015fullar\u0131na uyumludur. S\u0131zd\u0131rmaz kapak teknolojisi, merkezi gaz \u00e7\u0131k\u0131\u015f sistemi ve alev tutucu \u00f6zelli\u011fi ile y\u00fcksek g\u00fcvenliklidir. SFB Seri 1 HD Ak\u00fcler; \u00a0minimum de\u015farj \u00f6zelli\u011fi ve uzun \u00e7evrim \u00f6mr\u00fc sayesinde, ara\u00e7lar\u0131n kesintisiz \u00e7al\u0131\u015fmas\u0131na katk\u0131 sa\u011flarlar.<\/p>\n<p>Ara\u00e7 \u00fcreticilerinin teknik ve \u00fcst\u00fcn performans beklentilerini kar\u015f\u0131layan Mutlu SFB Seri 1 HD Ak\u00fcler; a\u011f\u0131r hizmet grubu alt\u0131nda geni\u015f bir yelpazeye y\u00f6nelik \u00e7\u00f6z\u00fcmler sunar. Bu \u00e7\u00f6z\u00fcmlerden biri, da\u011f\u0131t\u0131m ve evden eve nakliyat gibi a\u011f\u0131rl\u0131kl\u0131 olarak kent i\u00e7inde hizmet veren kamyonetler i\u00e7in gereken enerjiyi sa\u011flamakt\u0131r. SFB Seri 1 HD Ak\u00fcler; personel ve okul servisi, \u015fehir i\u00e7i yolcu ta\u015f\u0131mac\u0131l\u0131\u011f\u0131 ve VIP hizmet sunan minib\u00fcslerde de bak\u0131m gerektirmeyen yap\u0131s\u0131yla kullan\u0131ma uygundur. \u00a0A\u011f\u0131r y\u00fcklerle yap\u0131lan uzun yolculuklarda, uzun \u00e7evrim \u00f6mr\u00fc ve minimum de\u015farj \u00f6zelli\u011fiyle kamyon ve t\u0131r kullan\u0131c\u0131lar\u0131n\u0131n da tercih sebebidir. \u00a0\u0130n\u015faat sahalar\u0131, mermer ve maden ocaklar\u0131 gibi alanlarda faaliyet g\u00f6steren i\u015f makinesi ve ekipmanlar\u0131n ihtiyac\u0131 olan enerjiyi sa\u011flar. \u00a0SFB Seri 1 HD Ak\u00fcler, \u00a0tar\u0131m arazilerinde trakt\u00f6r ve \u00e7e\u015fitli zirai ara\u00e7larda kullan\u0131larak y\u00fcksek vibrasyon dayan\u0131m\u0131yla avantaj sa\u011flar. G\u00fcvenlikli yap\u0131s\u0131yla, elektrik kesintilerinde devreye giren jenerat\u00f6rler i\u00e7in de kullan\u0131ma uygundur.<\/p>\n","protected":false},"excerpt":{"rendered":"<p>Bak\u0131m gerektirmeyen, zorlu arazi ve \u00e7al\u0131\u015fma \u015fartlar\u0131na uygun, y\u00fcksek performansl\u0131 \u00fcr\u00fcn teknolojisi<\/p>\n","protected":false},"featured_media":29626,"template":"","meta":[],"product_brand":[102,101],"product_cat":[98],"product_tag":[],"class_list":{"0":"post-29625","1":"product","2":"type-product","3":"status-publish","4":"has-post-thumbnail","6":"product_brand-mutlu","7":"product_brand-petrol-ofisi","8":"product_cat-akuler","10":"first","11":"instock","12":"shipping-taxable","13":"product-type-simple"},"yoast_head":"<!-- This site is optimized with the Yoast SEO plugin v26.9 - https:\/\/yoast.com\/product\/yoast-seo-wordpress\/ -->\n<title>Trakt\u00f6r \/ Zirai Ara\u00e7 Ak\u00fcleri - Esence Petrol - Petrol Ofisi<\/title>\n<meta name=\"robots\" content=\"index, follow, max-snippet:-1, max-image-preview:large, max-video-preview:-1\" \/>\n<link rel=\"canonical\" href=\"https:\/\/esencepetrol.com.tr\/?product=traktor-zirai-arac-akuleri\" \/>\n<meta property=\"og:locale\" content=\"tr_TR\" \/>\n<meta property=\"og:type\" content=\"article\" \/>\n<meta property=\"og:title\" content=\"Trakt\u00f6r \/ Zirai Ara\u00e7 Ak\u00fcleri - Esence Petrol - Petrol Ofisi\" \/>\n<meta property=\"og:description\" content=\"Bak\u0131m gerektirmeyen, zorlu arazi ve \u00e7al\u0131\u015fma \u015fartlar\u0131na uygun, y\u00fcksek performansl\u0131 \u00fcr\u00fcn teknolojisi\" \/>\n<meta property=\"og:url\" content=\"https:\/\/esencepetrol.com.tr\/?product=traktor-zirai-arac-akuleri\" \/>\n<meta property=\"og:site_name\" content=\"Esence Petrol - Petrol Ofisi\" \/>\n<meta property=\"article:publisher\" content=\"https:\/\/www.facebook.com\/onur16uysal\" \/>\n<meta property=\"article:modified_time\" content=\"2026-02-02T21:43:07+00:00\" \/>\n<meta property=\"og:image\" content=\"https:\/\/esencepetrol.com.tr\/wp-content\/uploads\/2026\/02\/traktor-aku-63308.png\" \/>\n\t<meta property=\"og:image:width\" content=\"749\" \/>\n\t<meta property=\"og:image:height\" content=\"357\" \/>\n\t<meta property=\"og:image:type\" content=\"image\/png\" \/>\n<meta name=\"twitter:card\" content=\"summary_large_image\" \/>\n<meta name=\"twitter:label1\" content=\"Tahmini okuma s\u00fcresi\" \/>\n\t<meta name=\"twitter:data1\" content=\"2 dakika\" \/>\n<script type=\"application\/ld+json\" class=\"yoast-schema-graph\">{\"@context\":\"https:\/\/schema.org\",\"@graph\":[{\"@type\":\"WebPage\",\"@id\":\"https:\/\/esencepetrol.com.tr\/?product=traktor-zirai-arac-akuleri\",\"url\":\"https:\/\/esencepetrol.com.tr\/?product=traktor-zirai-arac-akuleri\",\"name\":\"Trakt\u00f6r \/ Zirai Ara\u00e7 Ak\u00fcleri - Esence Petrol - Petrol Ofisi\",\"isPartOf\":{\"@id\":\"https:\/\/esencepetrol.com.tr\/#website\"},\"primaryImageOfPage\":{\"@id\":\"https:\/\/esencepetrol.com.tr\/?product=traktor-zirai-arac-akuleri#primaryimage\"},\"image\":{\"@id\":\"https:\/\/esencepetrol.com.tr\/?product=traktor-zirai-arac-akuleri#primaryimage\"},\"thumbnailUrl\":\"https:\/\/esencepetrol.com.tr\/wp-content\/uploads\/2026\/02\/traktor-aku-63308.png\",\"datePublished\":\"2026-02-02T21:41:23+00:00\",\"dateModified\":\"2026-02-02T21:43:07+00:00\",\"breadcrumb\":{\"@id\":\"https:\/\/esencepetrol.com.tr\/?product=traktor-zirai-arac-akuleri#breadcrumb\"},\"inLanguage\":\"tr\",\"potentialAction\":[{\"@type\":\"ReadAction\",\"target\":[\"https:\/\/esencepetrol.com.tr\/?product=traktor-zirai-arac-akuleri\"]}]},{\"@type\":\"ImageObject\",\"inLanguage\":\"tr\",\"@id\":\"https:\/\/esencepetrol.com.tr\/?product=traktor-zirai-arac-akuleri#primaryimage\",\"url\":\"https:\/\/esencepetrol.com.tr\/wp-content\/uploads\/2026\/02\/traktor-aku-63308.png\",\"contentUrl\":\"https:\/\/esencepetrol.com.tr\/wp-content\/uploads\/2026\/02\/traktor-aku-63308.png\",\"width\":749,\"height\":357},{\"@type\":\"BreadcrumbList\",\"@id\":\"https:\/\/esencepetrol.com.tr\/?product=traktor-zirai-arac-akuleri#breadcrumb\",\"itemListElement\":[{\"@type\":\"ListItem\",\"position\":1,\"name\":\"Home\",\"item\":\"https:\/\/esencepetrol.com.tr\/\"},{\"@type\":\"ListItem\",\"position\":2,\"name\":\"Ma\u011faza\",\"item\":\"https:\/\/esencepetrol.com.tr\/?page_id=47\"},{\"@type\":\"ListItem\",\"position\":3,\"name\":\"Trakt\u00f6r \/ Zirai Ara\u00e7 Ak\u00fcleri\"}]},{\"@type\":\"WebSite\",\"@id\":\"https:\/\/esencepetrol.com.tr\/#website\",\"url\":\"https:\/\/esencepetrol.com.tr\/\",\"name\":\"Esence Petrol - Petrol Ofisi\",\"description\":\"Denizden Karaya, Tarladan \u015eantiyeye Kesintisiz Enerji\",\"publisher\":{\"@id\":\"https:\/\/esencepetrol.com.tr\/#organization\"},\"potentialAction\":[{\"@type\":\"SearchAction\",\"target\":{\"@type\":\"EntryPoint\",\"urlTemplate\":\"https:\/\/esencepetrol.com.tr\/?s={search_term_string}\"},\"query-input\":{\"@type\":\"PropertyValueSpecification\",\"valueRequired\":true,\"valueName\":\"search_term_string\"}}],\"inLanguage\":\"tr\"},{\"@type\":\"Organization\",\"@id\":\"https:\/\/esencepetrol.com.tr\/#organization\",\"name\":\"Esence Petrol - Petrol Ofisi\",\"url\":\"https:\/\/esencepetrol.com.tr\/\",\"logo\":{\"@type\":\"ImageObject\",\"inLanguage\":\"tr\",\"@id\":\"https:\/\/esencepetrol.com.tr\/#\/schema\/logo\/image\/\",\"url\":\"https:\/\/esencepetrol.com.tr\/wp-content\/uploads\/2026\/01\/esence-favicon.png\",\"contentUrl\":\"https:\/\/esencepetrol.com.tr\/wp-content\/uploads\/2026\/01\/esence-favicon.png\",\"width\":512,\"height\":512,\"caption\":\"Esence Petrol - Petrol Ofisi\"},\"image\":{\"@id\":\"https:\/\/esencepetrol.com.tr\/#\/schema\/logo\/image\/\"},\"sameAs\":[\"https:\/\/www.facebook.com\/onur16uysal\",\"https:\/\/www.instagram.com\/esence__petrol\"]}]}<\/script>\n<!-- \/ Yoast SEO plugin. -->","yoast_head_json":{"title":"Trakt\u00f6r \/ Zirai Ara\u00e7 Ak\u00fcleri - Esence Petrol - Petrol Ofisi","robots":{"index":"index","follow":"follow","max-snippet":"max-snippet:-1","max-image-preview":"max-image-preview:large","max-video-preview":"max-video-preview:-1"},"canonical":"https:\/\/esencepetrol.com.tr\/?product=traktor-zirai-arac-akuleri","og_locale":"tr_TR","og_type":"article","og_title":"Trakt\u00f6r \/ Zirai Ara\u00e7 Ak\u00fcleri - Esence Petrol - Petrol Ofisi","og_description":"Bak\u0131m gerektirmeyen, zorlu arazi ve \u00e7al\u0131\u015fma \u015fartlar\u0131na uygun, y\u00fcksek performansl\u0131 \u00fcr\u00fcn teknolojisi","og_url":"https:\/\/esencepetrol.com.tr\/?product=traktor-zirai-arac-akuleri","og_site_name":"Esence Petrol - Petrol Ofisi","article_publisher":"https:\/\/www.facebook.com\/onur16uysal","article_modified_time":"2026-02-02T21:43:07+00:00","og_image":[{"width":749,"height":357,"url":"https:\/\/esencepetrol.com.tr\/wp-content\/uploads\/2026\/02\/traktor-aku-63308.png","type":"image\/png"}],"twitter_card":"summary_large_image","twitter_misc":{"Tahmini okuma s\u00fcresi":"2 dakika"},"schema":{"@context":"https:\/\/schema.org","@graph":[{"@type":"WebPage","@id":"https:\/\/esencepetrol.com.tr\/?product=traktor-zirai-arac-akuleri","url":"https:\/\/esencepetrol.com.tr\/?product=traktor-zirai-arac-akuleri","name":"Trakt\u00f6r \/ Zirai Ara\u00e7 Ak\u00fcleri - Esence Petrol - Petrol Ofisi","isPartOf":{"@id":"https:\/\/esencepetrol.com.tr\/#website"},"primaryImageOfPage":{"@id":"https:\/\/esencepetrol.com.tr\/?product=traktor-zirai-arac-akuleri#primaryimage"},"image":{"@id":"https:\/\/esencepetrol.com.tr\/?product=traktor-zirai-arac-akuleri#primaryimage"},"thumbnailUrl":"https:\/\/esencepetrol.com.tr\/wp-content\/uploads\/2026\/02\/traktor-aku-63308.png","datePublished":"2026-02-02T21:41:23+00:00","dateModified":"2026-02-02T21:43:07+00:00","breadcrumb":{"@id":"https:\/\/esencepetrol.com.tr\/?product=traktor-zirai-arac-akuleri#breadcrumb"},"inLanguage":"tr","potentialAction":[{"@type":"ReadAction","target":["https:\/\/esencepetrol.com.tr\/?product=traktor-zirai-arac-akuleri"]}]},{"@type":"ImageObject","inLanguage":"tr","@id":"https:\/\/esencepetrol.com.tr\/?product=traktor-zirai-arac-akuleri#primaryimage","url":"https:\/\/esencepetrol.com.tr\/wp-content\/uploads\/2026\/02\/traktor-aku-63308.png","contentUrl":"https:\/\/esencepetrol.com.tr\/wp-content\/uploads\/2026\/02\/traktor-aku-63308.png","width":749,"height":357},{"@type":"BreadcrumbList","@id":"https:\/\/esencepetrol.com.tr\/?product=traktor-zirai-arac-akuleri#breadcrumb","itemListElement":[{"@type":"ListItem","position":1,"name":"Home","item":"https:\/\/esencepetrol.com.tr\/"},{"@type":"ListItem","position":2,"name":"Ma\u011faza","item":"https:\/\/esencepetrol.com.tr\/?page_id=47"},{"@type":"ListItem","position":3,"name":"Trakt\u00f6r \/ Zirai Ara\u00e7 Ak\u00fcleri"}]},{"@type":"WebSite","@id":"https:\/\/esencepetrol.com.tr\/#website","url":"https:\/\/esencepetrol.com.tr\/","name":"Esence Petrol - Petrol Ofisi","description":"Denizden Karaya, Tarladan \u015eantiyeye Kesintisiz Enerji","publisher":{"@id":"https:\/\/esencepetrol.com.tr\/#organization"},"potentialAction":[{"@type":"SearchAction","target":{"@type":"EntryPoint","urlTemplate":"https:\/\/esencepetrol.com.tr\/?s={search_term_string}"},"query-input":{"@type":"PropertyValueSpecification","valueRequired":true,"valueName":"search_term_string"}}],"inLanguage":"tr"},{"@type":"Organization","@id":"https:\/\/esencepetrol.com.tr\/#organization","name":"Esence Petrol - Petrol Ofisi","url":"https:\/\/esencepetrol.com.tr\/","logo":{"@type":"ImageObject","inLanguage":"tr","@id":"https:\/\/esencepetrol.com.tr\/#\/schema\/logo\/image\/","url":"https:\/\/esencepetrol.com.tr\/wp-content\/uploads\/2026\/01\/esence-favicon.png","contentUrl":"https:\/\/esencepetrol.com.tr\/wp-content\/uploads\/2026\/01\/esence-favicon.png","width":512,"height":512,"caption":"Esence Petrol - Petrol Ofisi"},"image":{"@id":"https:\/\/esencepetrol.com.tr\/#\/schema\/logo\/image\/"},"sameAs":["https:\/\/www.facebook.com\/onur16uysal","https:\/\/www.instagram.com\/esence__petrol"]}]}},"_links":{"self":[{"href":"https:\/\/esencepetrol.com.tr\/index.php?rest_route=\/wp\/v2\/product\/29625","targetHints":{"allow":["GET"]}}],"collection":[{"href":"https:\/\/esencepetrol.com.tr\/index.php?rest_route=\/wp\/v2\/product"}],"about":[{"href":"https:\/\/esencepetrol.com.tr\/index.php?rest_route=\/wp\/v2\/types\/product"}],"version-history":[{"count":1,"href":"https:\/\/esencepetrol.com.tr\/index.php?rest_route=\/wp\/v2\/product\/29625\/revisions"}],"predecessor-version":[{"id":29627,"href":"https:\/\/esencepetrol.com.tr\/index.php?rest_route=\/wp\/v2\/product\/29625\/revisions\/29627"}],"wp:featuredmedia":[{"embeddable":true,"href":"https:\/\/esencepetrol.com.tr\/index.php?rest_route=\/wp\/v2\/media\/29626"}],"wp:attachment":[{"href":"https:\/\/esencepetrol.com.tr\/index.php?rest_route=%2Fwp%2Fv2%2Fmedia&parent=29625"}],"wp:term":[{"taxonomy":"product_brand","embeddable":true,"href":"https:\/\/esencepetrol.com.tr\/index.php?rest_route=%2Fwp%2Fv2%2Fproduct_brand&post=29625"},{"taxonomy":"product_cat","embeddable":true,"href":"https:\/\/esencepetrol.com.tr\/index.php?rest_route=%2Fwp%2Fv2%2Fproduct_cat&post=29625"},{"taxonomy":"product_tag","embeddable":true,"href":"https:\/\/esencepetrol.com.tr\/index.php?rest_route=%2Fwp%2Fv2%2Fproduct_tag&post=29625"}],"curies":[{"name":"wp","href":"https:\/\/api.w.org\/{rel}","templated":true}]}}